{"id":14905,"date":"2015-03-16T12:46:01","date_gmt":"2015-03-16T12:46:01","guid":{"rendered":"https:\/\/everestlanguageschool.com\/english-course-dublin\/"},"modified":"2018-12-19T14:02:02","modified_gmt":"2018-12-19T14:02:02","slug":"englischkurs-dublin","status":"publish","type":"page","link":"https:\/\/everestlanguageschool.com\/de\/englischkurs-dublin\/","title":{"rendered":"Englischkursbeschreibung"},"content":{"rendered":"<p>[vc_row][vc_column][vc_empty_space height=&#8220;25px&#8220;][\/vc_column][\/vc_row][vc_row][vc_column][vc_column_text]<\/p>\n<h1 style=\"color: #7cb1e5; text-align: center;\"><strong>Dein Englischkurs in Dublin<\/strong><\/h1>\n<p style=\"text-align: center;\"><span style=\"font-weight: 400;\">Englischkurs Dublin: In allen unseren Englischkursen benutzen wir eine kommunikative Methode. Unsere Lehrer haben jahrelange Erfahrung im Unterrichten von Englisch und darin, ihre Sch\u00fcler auf Pr\u00fcfungen (CAE, FCE und IELTS) vorzubereiten. Unsere Englischkurse gliedern sich in zwei Teile. Ein Teil konzentriert sich auf die Pr\u00fcfungsvorbereitung, der andere auf allgemeines Englisch. Wir m\u00f6chten, dass du den besten Englischkurs f\u00fcr dich findest, also kontaktiere uns, um mehr Informationen \u00fcber unsere Englischkurse in Dublin zu erhalten. Wir helfen gern und beantworten alle deine Fragen.<\/span><\/p>\n<p>[\/vc_column_text][vc_separator][\/vc_column][\/vc_row][vc_row][vc_column width=&#8220;1\/4&#8243;][vc_single_image image=&#8220;17903&#8243; img_size=&#8220;medium&#8220; alignment=&#8220;center&#8220; style=&#8220;vc_box_rounded&#8220;][vc_column_text]<b>ALLGEMEINES ENGLISCH 20 Std.<\/b><\/p>\n<ol>\n<li style=\"font-weight: 400;\"><span style=\"font-weight: 400;\">Montag bis Freitag (09:00 bis 13:10 Uhr)<\/span><\/li>\n<li style=\"font-weight: 400;\"><span style=\"font-weight: 400;\">Verbessere alle Fertigkeiten: Grammatik, H\u00f6rverstehen, Lesen, Schreiben und Wortschatz<\/span><\/li>\n<li style=\"font-weight: 400;\"><span style=\"font-weight: 400;\">Lerne n\u00fctzliches Englisch f\u00fcr das echte Leben<\/span><\/li>\n<li style=\"font-weight: 400;\"><span style=\"font-weight: 400;\">Dynamischer und interaktiver Unterricht<\/span><\/li>\n<\/ol>\n<p>[\/vc_column_text][vc_button2 title=&#8220;Ich will diesen Kurs!&#8220; color=&#8220;sky&#8220; link=&#8220;url:https%3A%2F%2Feverestlanguageschool.com%2Fde%2Fbuche-jetzt|||&#8220;][\/vc_column][vc_column width=&#8220;1\/4&#8243;][vc_single_image image=&#8220;17898&#8243; img_size=&#8220;medium&#8220; alignment=&#8220;center&#8220; style=&#8220;vc_box_rounded&#8220;][vc_column_text]<strong>ALLGEMEINES ENGLISCH NACHMITTAG 15 Stdn<\/strong><\/p>\n<ol>\n<li style=\"font-weight: 400;\"><span style=\"font-weight: 400;\">Montag bis Freitag (13:50 bis 17:00 Uhr)<\/span><\/li>\n<li style=\"font-weight: 400;\">Verbessere alle Fertigkeiten: Grammatik, H\u00f6rverstehen, Lesen, Schreiben und Wortschatz<\/li>\n<li style=\"font-weight: 400;\"><span style=\"font-weight: 400;\">Lerne n\u00fctzliches Englisch f\u00fcr das echte Leben<\/span><\/li>\n<li style=\"font-weight: 400;\"><span style=\"font-weight: 400;\">Dynamischer und interaktiver Unterricht<\/span><\/li>\n<\/ol>\n<p>[\/vc_column_text][vc_button2 title=&#8220;Ich will diesen Kurs!&#8220; color=&#8220;sky&#8220; link=&#8220;url:http%3A%2F%2Feverestlanguageschool.com%2Fde%2Fbuche-jetzt|||&#8220;][\/vc_column][vc_column width=&#8220;1\/4&#8243;][vc_single_image image=&#8220;17902&#8243; img_size=&#8220;medium&#8220; alignment=&#8220;center&#8220; style=&#8220;vc_box_rounded&#8220;][vc_column_text]<b>ALLGEMEINES ENGLISCH INTENSIV 26 Std.<\/b><\/p>\n<ol>\n<li style=\"font-weight: 400;\"><span style=\"font-weight: 400;\">Montag bis Freitag (09:00 bis 13:10 Uhr) + Montag und Mittwoch (13:50 bis 17:00 Uhr)<\/span><\/li>\n<li style=\"font-weight: 400;\"><span style=\"font-weight: 400;\">Verbessere alle Fertigkeiten: Grammatik, H\u00f6rverstehen, Lesen, Schreiben und Wortschatz<\/span><\/li>\n<li style=\"font-weight: 400;\"><span style=\"font-weight: 400;\">Ideal, um sich schnell zu verbessern<\/span><\/li>\n<\/ol>\n<p>[\/vc_column_text][vc_button2 title=&#8220;Ich will diesen Kurs!&#8220; color=&#8220;sky&#8220; link=&#8220;url:http%3A%2F%2Feverestlanguageschool.com%2Fde%2Fbuche-jetzt|||&#8220;][\/vc_column][vc_column width=&#8220;1\/4&#8243;][vc_single_image image=&#8220;17901&#8243; img_size=&#8220;medium&#8220; alignment=&#8220;center&#8220; style=&#8220;vc_box_rounded&#8220;][vc_column_text]<b>PR\u00dcFUNGSVORBEREITUNG INTENSIV 26 Std.<\/b><\/p>\n<ol>\n<li style=\"font-weight: 400;\"><span style=\"font-weight: 400;\">Montag bis Freitag (09:00 bis 13:15 Uhr) + 2 Tage (13:50 bis 17:00 Uhr)<\/span><\/li>\n<li style=\"font-weight: 400;\"><span style=\"font-weight: 400;\">IELTS-, CAE-, FCE- oder PET-Vorbereitung<\/span><\/li>\n<li style=\"font-weight: 400;\"><span style=\"font-weight: 400;\">Bereite dich mit 6 Extrastunden Pr\u00fcfungsvorbereitung intensiv auf deine Pr\u00fcfung vor<\/span><\/li>\n<\/ol>\n<p>[\/vc_column_text][vc_button2 title=&#8220;Ich will diesen Kurs!&#8220; color=&#8220;sky&#8220; link=&#8220;url:http%3A%2F%2Feverestlanguageschool.com%2Fde%2Fbuche-jetzt|||&#8220;][\/vc_column][\/vc_row][vc_row][vc_column][vc_empty_space height=&#8220;35px&#8220;][\/vc_column][\/vc_row][vc_row][vc_column width=&#8220;1\/4&#8243;][vc_single_image image=&#8220;17904&#8243; img_size=&#8220;medium&#8220; alignment=&#8220;center&#8220; style=&#8220;vc_box_rounded&#8220;][vc_column_text]<b>CAMBRIDGE PR\u00dcFUNGSVORBEREITUNG NACHMITTAG 6 Std.<\/b><\/p>\n<ol>\n<li style=\"font-weight: 400;\"><span style=\"font-weight: 400;\">Montag\/Mittwoch (13:50 bis 17:00 Uhr)<\/span><\/li>\n<li style=\"font-weight: 400;\">Lerne n\u00fctzliche F\u00e4higkeiten und Strategien, die du f\u00fcr das Lesen, Schreiben, H\u00f6rverstehen und Sprechen in der Cambridge Pr\u00fcfung brauchst<\/li>\n<\/ol>\n<p>[\/vc_column_text][vc_button2 title=&#8220;Ich will diesen Kurs!&#8220; color=&#8220;sky&#8220; link=&#8220;url:http%3A%2F%2Feverestlanguageschool.com%2Fde%2Fbuche-jetzt|||&#8220;][\/vc_column][vc_column width=&#8220;1\/4&#8243;][vc_single_image image=&#8220;17905&#8243; img_size=&#8220;medium&#8220; alignment=&#8220;center&#8220; style=&#8220;vc_box_rounded&#8220;][vc_column_text]<b>IELTS PR\u00dcFUNGSVORBEREITUNG NACHMITTAG 6 Stdn<\/b><\/p>\n<ol>\n<li style=\"font-weight: 400;\"><span style=\"font-weight: 400;\">Dienstag\/Donnerstag (13:50 bis 17:00 Uhr)<\/span><\/li>\n<li style=\"font-weight: 400;\">Lerne n\u00fctzliche Methodenn, die du f\u00fcr das Lesen, Schreiben, H\u00f6rverstehen und Sprechen in der IELTS Pr\u00fcfung brauchst<\/li>\n<\/ol>\n<p>[\/vc_column_text][vc_button2 title=&#8220;Ich will diesen Kurs!&#8220; color=&#8220;sky&#8220; link=&#8220;url:http%3A%2F%2Feverestlanguageschool.com%2Fde%2Fbuche-jetzt|||&#8220;][\/vc_column][vc_column width=&#8220;1\/4&#8243;][vc_single_image image=&#8220;19194&#8243; img_size=&#8220;medium&#8220; alignment=&#8220;center&#8220; style=&#8220;vc_box_rounded&#8220;][vc_column_text]<b>ALLGEMEINES ENGLISCH ABEND 4 Stdn<\/b><\/p>\n<ol>\n<li style=\"font-weight: 400;\"><span style=\"font-weight: 400;\">Dienstag\/Donnerstag (18:30 bis 20:30 Uhr)<\/span><\/li>\n<li style=\"font-weight: 400;\"><span style=\"font-weight: 400;\">Verbessere alle Fertigkeiten: Grammatik, H\u00f6rverstehen, Lesen, Schrieben und Wortschatz<\/span><\/li>\n<li>Lerne n\u00fctzliches Englisch f\u00fcr das echte Leben<\/li>\n<li>Dynamischer und interaktiver Unterricht<\/li>\n<\/ol>\n<p>[\/vc_column_text][vc_button2 title=&#8220;Ich will diesen Kurs!&#8220; color=&#8220;sky&#8220; link=&#8220;url:http%3A%2F%2Feverestlanguageschool.com%2Fde%2Fbuche-jetzt|||&#8220;][\/vc_column][vc_column width=&#8220;1\/4&#8243;][vc_single_image image=&#8220;17899&#8243; img_size=&#8220;medium&#8220; alignment=&#8220;center&#8220; style=&#8220;vc_box_rounded&#8220;][vc_column_text]<b>IELTS PR\u00dcFUNGSVORBEREITUNG ABEND 6 Stdn<\/b><\/p>\n<ol>\n<li style=\"font-weight: 400;\"><span style=\"font-weight: 400;\">Dienstag bis Donnerstag (18:30 bis 20:30 Uhr)<\/span><\/li>\n<li style=\"font-weight: 400;\"><span style=\"font-weight: 400;\">Lerne n\u00fctzliche Methoden, die du f\u00fcr das Lesen, Schreiben, H\u00f6rverstehen und Sprechen in der IELTS Pr\u00fcfung brauchst<\/span><\/li>\n<\/ol>\n<p>[\/vc_column_text][vc_button2 title=&#8220;Ich will diesen Kurs!&#8220; color=&#8220;sky&#8220; link=&#8220;url:http%3A%2F%2Feverestlanguageschool.com%2Fde%2Fbuche-jetzt|||&#8220;][\/vc_column][\/vc_row][vc_row][vc_column][vc_empty_space height=&#8220;42px&#8220;][vc_empty_space height=&#8220;20px&#8220;][\/vc_column][\/vc_row][vc_row css=&#8220;.vc_custom_1426508985708{background-color: #f4f4f4 !important;}&#8220;][vc_column width=&#8220;2\/3&#8243;][vc_empty_space][vc_video link=&#8220;https:\/\/www.youtube.com\/watch?v=GqENI7QtvCY&#8220;][\/vc_column][vc_column width=&#8220;1\/3&#8243;][vc_empty_space][vc_empty_space]\n<div class=\"wpcf7 no-js\" id=\"wpcf7-f94089-o1\" lang=\"de-DE\" dir=\"ltr\" data-wpcf7-id=\"94089\">\n<div class=\"screen-reader-response\"><p role=\"status\" aria-live=\"polite\" aria-atomic=\"true\"><\/p> <ul><\/ul><\/div>\n<form action=\"\/de\/wp-json\/wp\/v2\/pages\/14905#wpcf7-f94089-o1\" method=\"post\" class=\"wpcf7-form init\" aria-label=\"Kontaktformular\" novalidate=\"novalidate\" data-status=\"init\">\n<div style=\"display: none;\">\n<input type=\"hidden\" name=\"_wpcf7\" value=\"94089\" \/>\n<input type=\"hidden\" name=\"_wpcf7_version\" value=\"6.0.4\" \/>\n<input type=\"hidden\" name=\"_wpcf7_locale\" value=\"de_DE\" \/>\n<input type=\"hidden\" name=\"_wpcf7_unit_tag\" value=\"wpcf7-f94089-o1\" \/>\n<input type=\"hidden\" name=\"_wpcf7_container_post\" value=\"0\" \/>\n<input type=\"hidden\" name=\"_wpcf7_posted_data_hash\" value=\"\" \/>\n<input type=\"hidden\" name=\"_wpcf7_recaptcha_response\" value=\"\" \/>\n<\/div>\n<h4>Erfahren Sie mehr \u00fcber Englischkurse in Dublin\n<\/h4>\n<p>Ihr Name (erforderlich)<br \/>\n<span class=\"wpcf7-form-control-wrap\" data-name=\"your-name\"><input size=\"40\" maxlength=\"400\" class=\"wpcf7-form-control wpcf7-text wpcf7-validates-as-required\" aria-required=\"true\" aria-invalid=\"false\" value=\"\" type=\"text\" name=\"your-name\" \/><\/span>\n<\/p>\n<p>Ihre E-Mail (erforderlich)<br \/>\n<span class=\"wpcf7-form-control-wrap\" data-name=\"your-email\"><input size=\"40\" maxlength=\"400\" class=\"wpcf7-form-control wpcf7-email wpcf7-validates-as-required wpcf7-text wpcf7-validates-as-email\" aria-required=\"true\" aria-invalid=\"false\" value=\"\" type=\"email\" name=\"your-email\" \/><\/span>\n<\/p>\n<p><a href=\"https:\/\/docs.google.com\/document\/u\/1\/d\/e\/2PACX-1vQEw6fdI_2soxDW8l-rO2nlrUEXzTrTIO0Y-gKpEyQwpk4F1t8eBzeOac8nd2vCEIw1kwImwlbsSogJ\/pub\">Datenschutzbestimmungen:<\/a><span class=\"wpcf7-form-control-wrap\" data-name=\"checkbox-868\"><span class=\"wpcf7-form-control wpcf7-checkbox wpcf7-validates-as-required\"><span class=\"wpcf7-list-item first last\"><span class=\"wpcf7-list-item-label\">Ich habe die Datenschutzrichtlinien von Everest verstanden und m\u00f6chte Werbematerial von der Schule erhalten.<\/span><input type=\"checkbox\" name=\"checkbox-868[]\" value=\"Ich habe die Datenschutzrichtlinien von Everest verstanden und m\u00f6chte Werbematerial von der Schule erhalten.\" \/><\/span><\/span><\/span>\n<\/p>\n<input class=\"wpcf7-form-control wpcf7-hidden\" value=\"\" type=\"hidden\" name=\"page_source\" \/>\n<input class=\"wpcf7-form-control wpcf7-hidden\" value=\"\" type=\"hidden\" name=\"traffic_source\" \/>\n<p><input class=\"wpcf7-form-control wpcf7-submit has-spinner\" type=\"submit\" value=\"Mehr Informationen erhalten\" \/>\n<\/p><div class=\"wpcf7-response-output\" aria-hidden=\"true\"><\/div>\n<\/form>\n<\/div>\n[\/vc_column][\/vc_row][vc_row css=&#8220;.vc_custom_1426508985708{background-color: #f4f4f4 !important;}&#8220;][vc_column width=&#8220;1\/2&#8243;][vc_empty_space][\/vc_column][vc_column width=&#8220;1\/2&#8243;][vc_empty_space][\/vc_column][\/vc_row][vc_column][vc_column_text]<br \/>\n[\/vc_column_text][\/vc_column]<\/p>\n","protected":false},"excerpt":{"rendered":"<p>[vc_row][vc_column][vc_empty_space height=&#8220;25px&#8220;][\/vc_column][\/vc_row][vc_row][vc_column][vc_column_text] Dein Englischkurs in Dublin Englischkurs Dublin: In allen unseren Englischkursen benutzen wir eine kommunikative Methode. Unsere Lehrer haben jahrelange Erfahrung im Unterrichten von Englisch und darin, ihre Sch\u00fcler auf Pr\u00fcfungen (CAE, FCE und IELTS) vorzubereiten. Unsere Englischkurse gliedern sich in zwei Teile. Ein Teil konzentriert sich auf die Pr\u00fcfungsvorbereitung, der andere auf allgemeines &hellip;<\/p>\n<p class=\"read-more\"> <a class=\"\" href=\"https:\/\/everestlanguageschool.com\/de\/englischkurs-dublin\/\"> <span class=\"screen-reader-text\">Englischkursbeschreibung<\/span> Weiterlesen &raquo;<\/a><\/p>\n","protected":false},"author":1,"featured_media":0,"parent":0,"menu_order":0,"comment_status":"open","ping_status":"open","template":"page-fullwidth.php","meta":{"inline_featured_image":false,"site-sidebar-layout":"default","site-content-layout":"default","ast-global-header-display":"","ast-main-header-display":"","ast-hfb-above-header-display":"","ast-hfb-below-header-display":"","ast-hfb-mobile-header-display":"","site-post-title":"","ast-breadcrumbs-content":"","ast-featured-img":"","footer-sml-layout":"","theme-transparent-header-meta":"","adv-header-id-meta":"","stick-header-meta":"","header-above-stick-meta":"","header-main-stick-meta":"","header-below-stick-meta":"","footnotes":""},"categories":[],"tags":[],"class_list":["post-14905","page","type-page","status-publish","hentry"],"_links":{"self":[{"href":"https:\/\/everestlanguageschool.com\/de\/wp-json\/wp\/v2\/pages\/14905","targetHints":{"allow":["GET"]}}],"collection":[{"href":"https:\/\/everestlanguageschool.com\/de\/wp-json\/wp\/v2\/pages"}],"about":[{"href":"https:\/\/everestlanguageschool.com\/de\/wp-json\/wp\/v2\/types\/page"}],"author":[{"embeddable":true,"href":"https:\/\/everestlanguageschool.com\/de\/wp-json\/wp\/v2\/users\/1"}],"replies":[{"embeddable":true,"href":"https:\/\/everestlanguageschool.com\/de\/wp-json\/wp\/v2\/comments?post=14905"}],"version-history":[{"count":15,"href":"https:\/\/everestlanguageschool.com\/de\/wp-json\/wp\/v2\/pages\/14905\/revisions"}],"predecessor-version":[{"id":23340,"href":"https:\/\/everestlanguageschool.com\/de\/wp-json\/wp\/v2\/pages\/14905\/revisions\/23340"}],"wp:attachment":[{"href":"https:\/\/everestlanguageschool.com\/de\/wp-json\/wp\/v2\/media?parent=14905"}],"wp:term":[{"taxonomy":"category","embeddable":true,"href":"https:\/\/everestlanguageschool.com\/de\/wp-json\/wp\/v2\/categories?post=14905"},{"taxonomy":"post_tag","embeddable":true,"href":"https:\/\/everestlanguageschool.com\/de\/wp-json\/wp\/v2\/tags?post=14905"}],"curies":[{"name":"wp","href":"https:\/\/api.w.org\/{rel}","templated":true}]}}