{"id":14953,"date":"2014-10-28T20:06:58","date_gmt":"2014-10-28T20:06:58","guid":{"rendered":"https:\/\/everestlanguageschool.com\/book-now\/"},"modified":"2017-08-23T11:27:21","modified_gmt":"2017-08-23T11:27:21","slug":"buche-jetzt","status":"publish","type":"page","link":"https:\/\/everestlanguageschool.com\/de\/buche-jetzt\/","title":{"rendered":"Buche jetzt &#8211; Buche einen Kurs"},"content":{"rendered":"<p>[vc_row parallax=&#8220;no&#8220; css=&#8220;.vc_custom_1433786577759{background-position: center !important;background-repeat: no-repeat !important;background-size: cover !important;}&#8220;][vc_column][vc_column_text]<\/p>\n<h1 style=\"text-align: center; color: #7cb1e5;\">buche einen Kurs in 3 Schritten<\/h1>\n<p>[\/vc_column_text][vc_empty_space][\/vc_column][\/vc_row][vc_row parallax=&#8220;no&#8220; css=&#8220;.vc_custom_1433786627962{background-color: #ffffff !important;background-position: center !important;background-repeat: no-repeat !important;background-size: cover !important;}&#8220;][vc_column width=&#8220;1\/3&#8243;][vc_column_text]<\/p>\n<h2 style=\"text-align: center;\">Schritt 1<\/h2>\n<p>[\/vc_column_text][iconbox title=&#8220;Stelle Fragen&#8220; icon=&#8220;fa-question&#8220; style=&#8220;top_icon_circle_large&#8220; icon_color=&#8220;#43b4f9&#8243; text_align=&#8220;center&#8220; url=&#8220;https:\/\/everestlanguageschool.com\/contact-us\/&#8220; target=&#8220;_self&#8220; frame=&#8220;non_framed&#8220;][\/iconbox][vc_column_text]<span style=\"font-weight: 400;\">Geh zu unserem Kontaktformular und stelle uns eine Frage. Wir werden dir schnellstm\u00f6glich eine E-Mail schicken und alle deine Fragen beantworten. Wir k\u00f6nnen dir mehr Informationen \u00fcber unsere Kurse geben und den besten Kurs, das beste Angebot und die beste Unterkunft f\u00fcr dich finden.<\/span>[\/vc_column_text][\/vc_column][vc_column width=&#8220;1\/3&#8243;][vc_column_text]<\/p>\n<h2 style=\"text-align: center;\">Schritt 2<\/h2>\n<p>[\/vc_column_text][iconbox title=&#8220;Buche einen Kurs&#8220; icon=&#8220;fa-file-text-o&#8220; style=&#8220;top_icon_circle_large&#8220; icon_color=&#8220;#43b4f9&#8243; text_align=&#8220;center&#8220; url=&#8220;https:\/\/everestlanguageschool.com\/booking\/&#8220; target=&#8220;_self&#8220; frame=&#8220;non_framed&#8220;][\/iconbox][vc_column_text]<span style=\"font-weight: 400;\">Wenn du einen Kurs (und eine Unterkunft) buchen m\u00f6chtest, f\u00fclle bitte unser Buchungsformular aus. Sobald wir deine Kontaktdaten erhalten haben, werden wir dir eine Preiskalkulation (eine Rechnung) schicken, um deine vorl\u00e4ufige Buchung zu best\u00e4tigen.<\/span><\/p>\n<p><a href=\"https:\/\/everestlanguageschool.com\/book-academic-year\/\">Buche f\u00fcr ein akademisches Jahr<\/a><\/p>\n<p><a href=\"https:\/\/everestlanguageschool.com\/booking\/\" rel=\"\">Buche einen Standard Englischkurs<\/a>[\/vc_column_text][vc_empty_space][\/vc_column][vc_column width=&#8220;1\/3&#8243;][vc_column_text]<\/p>\n<h2 style=\"text-align: center;\">Schritt 3<\/h2>\n<p>[\/vc_column_text][iconbox title=&#8220;Mache eine Zahlung&#8220; icon=&#8220;fa-eur &#8220; style=&#8220;top_icon_circle_large&#8220; icon_color=&#8220;#43b4f9&#8243; text_align=&#8220;center&#8220; url=&#8220;https:\/\/everestlanguageschool.com\/wp-content\/uploads\/2014\/12\/Payment-Methods-1.pdf&#8220; target=&#8220;_blank&#8220; frame=&#8220;non_framed&#8220;][\/iconbox][vc_column_text]<span style=\"font-weight: 400;\">Nachdem du das Buchungsformular ausgef\u00fcllt hast, werden wir dir den Gesamtpreis f\u00fcr deinen Kurs und deine Unterkunft schicken. Wenn du die Preiskalkulation erhalten hast, kannst du eine Zahlung machen, um deinen Platz in der Everest Language School zu best\u00e4tigen.<\/span>[\/vc_column_text][\/vc_column][\/vc_row][vc_row][vc_column][vc_single_image image=&#8220;6284&#8243; img_size=&#8220;1000&#215;200&#8243; alignment=&#8220;center&#8220;][\/vc_column][\/vc_row]<\/p>\n","protected":false},"excerpt":{"rendered":"<p>[vc_row parallax=&#8220;no&#8220; css=&#8220;.vc_custom_1433786577759{background-position: center !important;background-repeat: no-repeat !important;background-size: cover !important;}&#8220;][vc_column][vc_column_text] buche einen Kurs in 3 Schritten [\/vc_column_text][vc_empty_space][\/vc_column][\/vc_row][vc_row parallax=&#8220;no&#8220; css=&#8220;.vc_custom_1433786627962{background-color: #ffffff !important;background-position: center !important;background-repeat: no-repeat !important;background-size: cover !important;}&#8220;][vc_column width=&#8220;1\/3&#8243;][vc_column_text] Schritt 1 [\/vc_column_text][iconbox title=&#8220;Stelle Fragen&#8220; icon=&#8220;fa-question&#8220; style=&#8220;top_icon_circle_large&#8220; icon_color=&#8220;#43b4f9&#8243; text_align=&#8220;center&#8220; url=&#8220;https:\/\/everestlanguageschool.com\/contact-us\/&#8220; target=&#8220;_self&#8220; frame=&#8220;non_framed&#8220;][\/iconbox][vc_column_text]Geh zu unserem Kontaktformular und stelle uns eine Frage. Wir werden dir schnellstm\u00f6glich eine E-Mail schicken und &hellip;<\/p>\n<p class=\"read-more\"> <a class=\"\" href=\"https:\/\/everestlanguageschool.com\/de\/buche-jetzt\/\"> <span class=\"screen-reader-text\">Buche jetzt &#8211; Buche einen Kurs<\/span> Weiterlesen &raquo;<\/a><\/p>\n","protected":false},"author":1,"featured_media":0,"parent":0,"menu_order":0,"comment_status":"open","ping_status":"open","template":"page-nosidebar.php","meta":{"inline_featured_image":false,"site-sidebar-layout":"default","site-content-layout":"default","ast-global-header-display":"","ast-main-header-display":"","ast-hfb-above-header-display":"","ast-hfb-below-header-display":"","ast-hfb-mobile-header-display":"","site-post-title":"","ast-breadcrumbs-content":"","ast-featured-img":"","footer-sml-layout":"","theme-transparent-header-meta":"","adv-header-id-meta":"","stick-header-meta":"","header-above-stick-meta":"","header-main-stick-meta":"","header-below-stick-meta":"","footnotes":""},"categories":[],"tags":[],"class_list":["post-14953","page","type-page","status-publish","hentry"],"_links":{"self":[{"href":"https:\/\/everestlanguageschool.com\/de\/wp-json\/wp\/v2\/pages\/14953","targetHints":{"allow":["GET"]}}],"collection":[{"href":"https:\/\/everestlanguageschool.com\/de\/wp-json\/wp\/v2\/pages"}],"about":[{"href":"https:\/\/everestlanguageschool.com\/de\/wp-json\/wp\/v2\/types\/page"}],"author":[{"embeddable":true,"href":"https:\/\/everestlanguageschool.com\/de\/wp-json\/wp\/v2\/users\/1"}],"replies":[{"embeddable":true,"href":"https:\/\/everestlanguageschool.com\/de\/wp-json\/wp\/v2\/comments?post=14953"}],"version-history":[{"count":2,"href":"https:\/\/everestlanguageschool.com\/de\/wp-json\/wp\/v2\/pages\/14953\/revisions"}],"predecessor-version":[{"id":14955,"href":"https:\/\/everestlanguageschool.com\/de\/wp-json\/wp\/v2\/pages\/14953\/revisions\/14955"}],"wp:attachment":[{"href":"https:\/\/everestlanguageschool.com\/de\/wp-json\/wp\/v2\/media?parent=14953"}],"wp:term":[{"taxonomy":"category","embeddable":true,"href":"https:\/\/everestlanguageschool.com\/de\/wp-json\/wp\/v2\/categories?post=14953"},{"taxonomy":"post_tag","embeddable":true,"href":"https:\/\/everestlanguageschool.com\/de\/wp-json\/wp\/v2\/tags?post=14953"}],"curies":[{"name":"wp","href":"https:\/\/api.w.org\/{rel}","templated":true}]}}