{"id":15030,"date":"2015-01-08T15:22:11","date_gmt":"2015-01-08T15:22:11","guid":{"rendered":"https:\/\/everestlanguageschool.com\/studying-dublin\/"},"modified":"2021-04-19T15:44:26","modified_gmt":"2021-04-19T15:44:26","slug":"lernen-dublin","status":"publish","type":"page","link":"https:\/\/everestlanguageschool.com\/de\/lernen-dublin\/","title":{"rendered":"Lernen in Dublin"},"content":{"rendered":"<p>[vc_row][vc_column][vc_column_text]<\/p>\n<h1 style=\"text-align: center;\"><span style=\"font-weight: 400;\">WARUM IST ENGLISCH LERNEN IN DUBLIN SO GRO\u1e9eARTIG? ALSO&#8230;<\/span><\/h1>\n<p>[\/vc_column_text][\/vc_column][\/vc_row][vc_row][vc_column width=&#8220;1\/3&#8243;][vc_empty_space][vc_single_image image=&#8220;3781&#8243; img_size=&#8220;full&#8220;][vc_column_text]<\/p>\n<h2><a href=\"http:\/\/www.vicecoffeeinc.com\/\" target=\"_blank\" rel=\"nofollow noopener\">Vice Coffee Inc.<\/a><\/h2>\n<p><span style=\"font-weight: 400;\">Vice befindet sich in der Abbey Street in Dublins Innenstadt. Hier gibt es mit den besten Kaffee auf der Nordseite der Stadt. Au\u00dferdem gibt es hier Kuchen und Geb\u00e4ck. <\/span>[\/vc_column_text][\/vc_column][vc_column width=&#8220;1\/3&#8243;][vc_empty_space][vc_single_image image=&#8220;3783&#8243; img_size=&#8220;full&#8220;][vc_column_text]<\/p>\n<h2><a href=\"http:\/\/www.wallandkeogh.wix.com\/wallandkeogh\" target=\"_blank\" rel=\"nofollow noopener\">Wall and Keogh<\/a><\/h2>\n<p><span style=\"font-weight: 400;\">Der Tee von Wall and Keogh gilt als der beste Tee in Dublin. Sie haben einen kleinen Teeladen in der Richmond Street. Hier kann man wunderbar entspannen und seine Hausaufgaben machen.<\/span>[\/vc_column_text][\/vc_column][vc_column width=&#8220;1\/3&#8243;][vc_empty_space][vc_single_image image=&#8220;3785&#8243; img_size=&#8220;full&#8220;][vc_column_text]<\/p>\n<h2><a href=\"http:\/\/www.brotherhubbard.ie\/\" target=\"_blank\" rel=\"nofollow noopener\">Brother Hubbard<\/a><\/h2>\n<p><span style=\"font-weight: 400;\">Bei Brother Hubbard gibt es den besten Kaffee sowie einige der leckersten Speisen und Kuchen, die Dublin zu bieten hat. Du findest sie zwischen all den Sexshops in der Chapel Street.<\/span>[\/vc_column_text][\/vc_column][\/vc_row][vc_row][vc_column][vc_empty_space height=&#8220;50px&#8220;][vc_separator][\/vc_column][\/vc_row][vc_row css=&#8220;.vc_custom_1424115921551{background-color: #e8e8e8 !important;}&#8220;][vc_column width=&#8220;1\/2&#8243;][vc_empty_space height=&#8220;50px&#8220;][vc_single_image image=&#8220;4949&#8243; img_size=&#8220;full&#8220;][vc_column_text]<\/p>\n<h2>The Bernard Shaw<\/h2>\n<p><span style=\"font-weight: 400;\">The Bernard Shaw befindet sich etwas entfernt vom Stadtzentrum, aber der Weg ist es wert! Nirgendwo anders in Dublin kann man in einem umgebauten Bus einen Pint Bier trinken und eine Pizza essen. The Bernard Shaw ist ein guter Ort, um neue Leute kennenzulernen und Englisch zu \u00fcben.<\/span>[\/vc_column_text][vc_empty_space height=&#8220;50px&#8220;][\/vc_column][vc_column width=&#8220;1\/2&#8243;][vc_empty_space height=&#8220;50px&#8220;][vc_single_image image=&#8220;4955&#8243; img_size=&#8220;full&#8220;][vc_column_text]<\/p>\n<h2><a href=\"http:\/\/www.cobblestonepub.ie\/\" target=\"_blank\" rel=\"nofollow noopener\">The Cobblestone<\/a><\/h2>\n<p><span style=\"font-weight: 400;\">Du kannst Irland nicht bereisen, ohne traditionelle irische Musik zu h\u00f6ren. Wenn du richtige irische Musiker h\u00f6ren m\u00f6chtest, musst du The Cobblestone in Smithfield besuchen. Jeden Abend in der Woche spielen einige von Irlands besten Musikern hier kostenlos.<\/span>[\/vc_column_text][vc_empty_space height=&#8220;50px&#8220;][\/vc_column][\/vc_row][vc_row][vc_column][vc_empty_space height=&#8220;50px&#8220;][vc_column_text]<\/p>\n<h1 style=\"text-align: center;\"><span style=\"font-weight: 400;\">Lasse die Stadt f\u00fcr einen Tag hinter dir und entdecke&#8230;<\/span><\/h1>\n<p>[\/vc_column_text][vc_separator][\/vc_column][\/vc_row][vc_row][vc_column width=&#8220;1\/4&#8243;][vc_single_image image=&#8220;4971&#8243; img_size=&#8220;full&#8220;][vc_column_text]<\/p>\n<h2>Howth<\/h2>\n<p><span style=\"font-weight: 400;\">Nur eine kurze Fahrt mit der Stadtbahn (DART) und schon ist man in Howth. Howth ist ein wundersch\u00f6ner Hafen nicht weit von Dublins Stadtzentrum entfernt. Wenn du Howth besuchst, musst du unbedingt die frischen Fish and Chips probieren und einen Spaziergang durch die umliegenden H\u00fcgel machen.<\/span>[\/vc_column_text][\/vc_column][vc_column width=&#8220;1\/4&#8243;][vc_column_text]<\/p>\n<h2>Glendalough<\/h2>\n<p><span style=\"font-weight: 400;\">Hier bei Everest lieben wir offensichtlich die Berge und empfehlen all unseren Sch\u00fclern w\u00e4rmstens die Wicklow Mountains zu erklimmen. In den Wicklow Mountains befindet sich ein magisches Tal namens Glendalough.<\/span>[\/vc_column_text][vc_single_image image=&#8220;4967&#8243; img_size=&#8220;full&#8220;][\/vc_column][vc_column width=&#8220;1\/4&#8243;][vc_single_image image=&#8220;4965&#8243; img_size=&#8220;full&#8220;][vc_column_text]<\/p>\n<h2>Phoenix Park<\/h2>\n<p><span style=\"font-weight: 400;\">In Dublin befindet sich einer der gr\u00f6\u00dften Stadtparks Europas. Im Phoenix Park findet man Fu\u00dfball-, Cricket- und Polo-Felder, Rehherden, kilometerlange Fu\u00df- und Radwege sowie das Zuhause des irischen Pr\u00e4sidenten.<\/span>[\/vc_column_text][\/vc_column][vc_column width=&#8220;1\/4&#8243;][vc_column_text]<\/p>\n<h2>Bray<\/h2>\n<p><span style=\"font-weight: 400;\">Wenn du mit der DART nach S\u00fcden f\u00e4hrst, landest du irgendwann in Bray. Die wundersch\u00f6ne historische Strandpromenade ist gut erhalten und der perfekte Ort f\u00fcr Strandspazierg\u00e4nge an einem sonnigen Tag und Essen und Trinken in einer der fantastischen Bars und Restaurants.<\/span>[\/vc_column_text][vc_single_image image=&#8220;4969&#8243; img_size=&#8220;full&#8220;][\/vc_column][\/vc_row][vc_row][vc_column][vc_empty_space][vc_column_text]<span style=\"font-weight: 400;\">Das Video oben wurde von <\/span><a href=\"https:\/\/www.youtube.com\/user\/visitdublin\/videos\"><span style=\"font-weight: 400;\">visitDublin<\/span><\/a><span style=\"font-weight: 400;\"> produziert. Folge <\/span><a href=\"https:\/\/twitter.com\/search?q=%23LoveDublin&amp;src=typd&amp;lang=en\"><span style=\"font-weight: 400;\">#LoveDublin<\/span><\/a><span style=\"font-weight: 400;\"> auf Twitter. Falls du nach g\u00fcnstigeren Alternativen f\u00fcr Essen suchst, schau dir mal diesen <\/span><span style=\"font-weight: 400;\"><a href=\"http:\/\/studentsguideireland.weebly.com\/cheap-food\">student guide to cheap food in Dublin<\/a> an. <\/span>[\/vc_column_text][\/vc_column][\/vc_row]<\/p>\n","protected":false},"excerpt":{"rendered":"<p>[vc_row][vc_column][vc_column_text] WARUM IST ENGLISCH LERNEN IN DUBLIN SO GRO\u1e9eARTIG? ALSO&#8230; [\/vc_column_text][\/vc_column][\/vc_row][vc_row][vc_column width=&#8220;1\/3&#8243;][vc_empty_space][vc_single_image image=&#8220;3781&#8243; img_size=&#8220;full&#8220;][vc_column_text] Vice Coffee Inc. Vice befindet sich in der Abbey Street in Dublins Innenstadt. Hier gibt es mit den besten Kaffee auf der Nordseite der Stadt. Au\u00dferdem gibt es hier Kuchen und Geb\u00e4ck. [\/vc_column_text][\/vc_column][vc_column width=&#8220;1\/3&#8243;][vc_empty_space][vc_single_image image=&#8220;3783&#8243; img_size=&#8220;full&#8220;][vc_column_text] Wall and Keogh Der Tee &hellip;<\/p>\n<p class=\"read-more\"> <a class=\"\" href=\"https:\/\/everestlanguageschool.com\/de\/lernen-dublin\/\"> <span class=\"screen-reader-text\">Lernen in Dublin<\/span> Weiterlesen &raquo;<\/a><\/p>\n","protected":false},"author":1,"featured_media":0,"parent":0,"menu_order":0,"comment_status":"open","ping_status":"open","template":"page-fullwidth.php","meta":{"inline_featured_image":false,"site-sidebar-layout":"default","site-content-layout":"default","ast-global-header-display":"","ast-main-header-display":"","ast-hfb-above-header-display":"","ast-hfb-below-header-display":"","ast-hfb-mobile-header-display":"","site-post-title":"","ast-breadcrumbs-content":"","ast-featured-img":"","footer-sml-layout":"","theme-transparent-header-meta":"","adv-header-id-meta":"","stick-header-meta":"","header-above-stick-meta":"","header-main-stick-meta":"","header-below-stick-meta":"","footnotes":""},"categories":[],"tags":[],"class_list":["post-15030","page","type-page","status-publish","hentry"],"_links":{"self":[{"href":"https:\/\/everestlanguageschool.com\/de\/wp-json\/wp\/v2\/pages\/15030","targetHints":{"allow":["GET"]}}],"collection":[{"href":"https:\/\/everestlanguageschool.com\/de\/wp-json\/wp\/v2\/pages"}],"about":[{"href":"https:\/\/everestlanguageschool.com\/de\/wp-json\/wp\/v2\/types\/page"}],"author":[{"embeddable":true,"href":"https:\/\/everestlanguageschool.com\/de\/wp-json\/wp\/v2\/users\/1"}],"replies":[{"embeddable":true,"href":"https:\/\/everestlanguageschool.com\/de\/wp-json\/wp\/v2\/comments?post=15030"}],"version-history":[{"count":7,"href":"https:\/\/everestlanguageschool.com\/de\/wp-json\/wp\/v2\/pages\/15030\/revisions"}],"predecessor-version":[{"id":80112,"href":"https:\/\/everestlanguageschool.com\/de\/wp-json\/wp\/v2\/pages\/15030\/revisions\/80112"}],"wp:attachment":[{"href":"https:\/\/everestlanguageschool.com\/de\/wp-json\/wp\/v2\/media?parent=15030"}],"wp:term":[{"taxonomy":"category","embeddable":true,"href":"https:\/\/everestlanguageschool.com\/de\/wp-json\/wp\/v2\/categories?post=15030"},{"taxonomy":"post_tag","embeddable":true,"href":"https:\/\/everestlanguageschool.com\/de\/wp-json\/wp\/v2\/tags?post=15030"}],"curies":[{"name":"wp","href":"https:\/\/api.w.org\/{rel}","templated":true}]}}