{"id":91205,"date":"2019-03-22T12:19:41","date_gmt":"2019-03-22T12:19:41","guid":{"rendered":"https:\/\/everestlanguageschool.com\/podcast-zum-englisch-lernen\/"},"modified":"2025-03-24T16:46:39","modified_gmt":"2025-03-24T16:46:39","slug":"podcast-zum-englisch-lernen","status":"publish","type":"page","link":"https:\/\/everestlanguageschool.com\/de\/podcast-zum-englisch-lernen\/","title":{"rendered":"Podcast zum Englisch lernen"},"content":{"rendered":"\t\t<div data-elementor-type=\"wp-page\" data-elementor-id=\"91205\" class=\"elementor elementor-91205 elementor-25395\" data-elementor-post-type=\"page\">\n\t\t\t\t\t\t<section class=\"elementor-section elementor-top-section elementor-element elementor-element-6f6f160 elementor-section-height-min-height elementor-section-content-middle elementor-section-boxed elementor-section-height-default elementor-section-items-middle\" data-id=\"6f6f160\" data-element_type=\"section\" data-e-type=\"section\" data-settings=\"{&quot;background_background&quot;:&quot;classic&quot;,&quot;background_motion_fx_motion_fx_scrolling&quot;:&quot;yes&quot;,&quot;background_motion_fx_translateY_effect&quot;:&quot;yes&quot;,&quot;background_motion_fx_translateY_speed&quot;:{&quot;unit&quot;:&quot;px&quot;,&quot;size&quot;:2,&quot;sizes&quot;:[]},&quot;motion_fx_motion_fx_scrolling&quot;:&quot;yes&quot;,&quot;background_motion_fx_translateY_affectedRange&quot;:{&quot;unit&quot;:&quot;%&quot;,&quot;size&quot;:&quot;&quot;,&quot;sizes&quot;:{&quot;start&quot;:0,&quot;end&quot;:100}},&quot;background_motion_fx_devices&quot;:[&quot;desktop&quot;,&quot;tablet&quot;,&quot;mobile&quot;],&quot;motion_fx_devices&quot;:[&quot;desktop&quot;,&quot;tablet&quot;,&quot;mobile&quot;]}\">\n\t\t\t\t\t\t\t<div class=\"elementor-background-overlay\"><\/div>\n\t\t\t\t\t\t\t<div class=\"elementor-container elementor-column-gap-default\">\n\t\t\t\t\t<div class=\"elementor-column elementor-col-100 elementor-top-column elementor-element elementor-element-859c516\" data-id=\"859c516\" data-element_type=\"column\" data-e-type=\"column\" data-settings=\"{&quot;background_background&quot;:&quot;classic&quot;}\">\n\t\t\t<div class=\"elementor-widget-wrap elementor-element-populated\">\n\t\t\t\t\t\t<section class=\"elementor-section elementor-inner-section elementor-element elementor-element-65c76f1 elementor-section-full_width elementor-section-height-default elementor-section-height-default\" data-id=\"65c76f1\" data-element_type=\"section\" data-e-type=\"section\">\n\t\t\t\t\t\t<div class=\"elementor-container elementor-column-gap-default\">\n\t\t\t\t\t<div class=\"elementor-column elementor-col-50 elementor-inner-column elementor-element elementor-element-b9782ab\" data-id=\"b9782ab\" data-element_type=\"column\" data-e-type=\"column\">\n\t\t\t<div class=\"elementor-widget-wrap elementor-element-populated\">\n\t\t\t\t\t\t<div class=\"elementor-element elementor-element-c8ebe02 elementor-widget elementor-widget-heading\" data-id=\"c8ebe02\" data-element_type=\"widget\" data-e-type=\"widget\" data-widget_type=\"heading.default\">\n\t\t\t\t<div class=\"elementor-widget-container\">\n\t\t\t\t\t<h2 class=\"elementor-heading-title elementor-size-large\">Podcast - Englisch lernen mit Everest<\/h2>\t\t\t\t<\/div>\n\t\t\t\t<\/div>\n\t\t\t\t<div class=\"elementor-element elementor-element-e16cf92 elementor-widget elementor-widget-text-editor\" data-id=\"e16cf92\" data-element_type=\"widget\" data-e-type=\"widget\" data-widget_type=\"text-editor.default\">\n\t\t\t\t<div class=\"elementor-widget-container\">\n\t\t\t\t\t\t\t\t\tEnglisch lernen mit Everest ist ein englischer Sprachpodcast der Everest Language School in Dublin, Irland. Jede Folge enth\u00e4lt Interviews mit englischen Sprechern in echtem, allt\u00e4glichem Englisch. Wir unterhalten uns \u00fcber alles: Kunst und Kultur, Musik und Fernsehen, Wissenschaft, Wirtschaft, Reisen, Sport und alles dazwischen. Nach dem Interview werden wir das Gesagte analysieren und diskutieren: die Grammatik, das Vokabular, die Aussprache und vieles mehr. Au\u00dferdem gibt es Tipps und Strategien f\u00fcr die IELTS-Pr\u00fcfung und die Cambridge-Pr\u00fcfungen. Kommen Sie also zu uns und verbessern Sie Ihr Englisch mit der Everest Language School!     \t\t\t\t\t\t\t\t<\/div>\n\t\t\t\t<\/div>\n\t\t\t\t<div class=\"elementor-element elementor-element-e613c61 elementor-align-center elementor-widget elementor-widget-button\" data-id=\"e613c61\" data-element_type=\"widget\" data-e-type=\"widget\" data-widget_type=\"button.default\">\n\t\t\t\t<div class=\"elementor-widget-container\">\n\t\t\t\t\t\t\t\t\t<div class=\"elementor-button-wrapper\">\n\t\t\t\t\t<a class=\"elementor-button elementor-button-link elementor-size-xl\" href=\"https:\/\/open.spotify.com\/show\/1D34jKMMemdu0BQhXuerM9?si=DfZ4hRtGStyjPSpvzMICkA&#038;dl_branch=1\">\n\t\t\t\t\t\t<span class=\"elementor-button-content-wrapper\">\n\t\t\t\t\t\t<span class=\"elementor-button-icon\">\n\t\t\t\t<svg aria-hidden=\"true\" class=\"e-font-icon-svg e-fab-spotify\" viewBox=\"0 0 496 512\" xmlns=\"http:\/\/www.w3.org\/2000\/svg\"><path d=\"M248 8C111.1 8 0 119.1 0 256s111.1 248 248 248 248-111.1 248-248S384.9 8 248 8zm100.7 364.9c-4.2 0-6.8-1.3-10.7-3.6-62.4-37.6-135-39.2-206.7-24.5-3.9 1-9 2.6-11.9 2.6-9.7 0-15.8-7.7-15.8-15.8 0-10.3 6.1-15.2 13.6-16.8 81.9-18.1 165.6-16.5 237 26.2 6.1 3.9 9.7 7.4 9.7 16.5s-7.1 15.4-15.2 15.4zm26.9-65.6c-5.2 0-8.7-2.3-12.3-4.2-62.5-37-155.7-51.9-238.6-29.4-4.8 1.3-7.4 2.6-11.9 2.6-10.7 0-19.4-8.7-19.4-19.4s5.2-17.8 15.5-20.7c27.8-7.8 56.2-13.6 97.8-13.6 64.9 0 127.6 16.1 177 45.5 8.1 4.8 11.3 11 11.3 19.7-.1 10.8-8.5 19.5-19.4 19.5zm31-76.2c-5.2 0-8.4-1.3-12.9-3.9-71.2-42.5-198.5-52.7-280.9-29.7-3.6 1-8.1 2.6-12.9 2.6-13.2 0-23.3-10.3-23.3-23.6 0-13.6 8.4-21.3 17.4-23.9 35.2-10.3 74.6-15.2 117.5-15.2 73 0 149.5 15.2 205.4 47.8 7.8 4.5 12.9 10.7 12.9 22.6 0 13.6-11 23.3-23.2 23.3z\"><\/path><\/svg>\t\t\t<\/span>\n\t\t\t\t\t\t\t\t\t<span class=\"elementor-button-text\">Auf Spotify anh\u00f6ren<\/span>\n\t\t\t\t\t<\/span>\n\t\t\t\t\t<\/a>\n\t\t\t\t<\/div>\n\t\t\t\t\t\t\t\t<\/div>\n\t\t\t\t<\/div>\n\t\t\t\t\t<\/div>\n\t\t<\/div>\n\t\t\t\t<div class=\"elementor-column elementor-col-50 elementor-inner-column elementor-element elementor-element-495a6ec\" data-id=\"495a6ec\" data-element_type=\"column\" data-e-type=\"column\">\n\t\t\t<div class=\"elementor-widget-wrap elementor-element-populated\">\n\t\t\t\t\t\t<div class=\"elementor-element elementor-element-a7125c1 elementor-widget elementor-widget-image\" data-id=\"a7125c1\" data-element_type=\"widget\" data-e-type=\"widget\" data-widget_type=\"image.default\">\n\t\t\t\t<div class=\"elementor-widget-container\">\n\t\t\t\t\t\t\t\t\t\t\t\t\t\t\t<img fetchpriority=\"high\" decoding=\"async\" width=\"768\" height=\"576\" src=\"https:\/\/everestlanguageschool.com\/wp-content\/uploads\/2019\/01\/morning-English-Classes-1-768x576.jpg\" class=\"attachment-medium_large size-medium_large wp-image-90447\" alt=\"\" srcset=\"https:\/\/everestlanguageschool.com\/wp-content\/uploads\/2019\/01\/morning-English-Classes-1-768x576.jpg 768w, https:\/\/everestlanguageschool.com\/wp-content\/uploads\/2019\/01\/morning-English-Classes-1-300x225.jpg 300w, https:\/\/everestlanguageschool.com\/wp-content\/uploads\/2019\/01\/morning-English-Classes-1.jpg 960w\" sizes=\"(max-width: 768px) 100vw, 768px\" \/>\t\t\t\t\t\t\t\t\t\t\t\t\t\t\t<\/div>\n\t\t\t\t<\/div>\n\t\t\t\t\t<\/div>\n\t\t<\/div>\n\t\t\t\t\t<\/div>\n\t\t<\/section>\n\t\t\t\t\t<\/div>\n\t\t<\/div>\n\t\t\t\t\t<\/div>\n\t\t<\/section>\n\t\t\t\t<section class=\"elementor-section elementor-top-section elementor-element elementor-element-d11b8ee elementor-section-boxed elementor-section-height-default elementor-section-height-default\" data-id=\"d11b8ee\" data-element_type=\"section\" data-e-type=\"section\">\n\t\t\t\t\t\t<div class=\"elementor-container elementor-column-gap-default\">\n\t\t\t\t\t<div class=\"elementor-column elementor-col-100 elementor-top-column elementor-element elementor-element-ec3bffe\" data-id=\"ec3bffe\" data-element_type=\"column\" data-e-type=\"column\">\n\t\t\t<div class=\"elementor-widget-wrap elementor-element-populated\">\n\t\t\t\t\t\t<div class=\"elementor-element elementor-element-87e52bf elementor-widget elementor-widget-heading\" data-id=\"87e52bf\" data-element_type=\"widget\" data-e-type=\"widget\" data-widget_type=\"heading.default\">\n\t\t\t\t<div class=\"elementor-widget-container\">\n\t\t\t\t\t<h2 class=\"elementor-heading-title elementor-size-default\">Fr\u00fchere Episoden unseres Podcasts<\/h2>\t\t\t\t<\/div>\n\t\t\t\t<\/div>\n\t\t\t\t\t<\/div>\n\t\t<\/div>\n\t\t\t\t\t<\/div>\n\t\t<\/section>\n\t\t\t\t<\/div>\n\t\t","protected":false},"excerpt":{"rendered":"<p>Podcast &#8211; Englisch lernen mit Everest Englisch lernen mit Everest ist ein englischer Sprachpodcast der Everest Language School in Dublin, Irland. Jede Folge enth\u00e4lt Interviews mit englischen Sprechern in echtem, allt\u00e4glichem Englisch. Wir unterhalten uns \u00fcber alles: Kunst und Kultur, Musik und Fernsehen, Wissenschaft, Wirtschaft, Reisen, Sport und alles dazwischen. Nach dem Interview werden wir &hellip;<\/p>\n<p class=\"read-more\"> <a class=\"\" href=\"https:\/\/everestlanguageschool.com\/de\/podcast-zum-englisch-lernen\/\"> <span class=\"screen-reader-text\">Podcast zum Englisch lernen<\/span> Weiterlesen &raquo;<\/a><\/p>\n","protected":false},"author":1,"featured_media":0,"parent":0,"menu_order":0,"comment_status":"closed","ping_status":"closed","template":"","meta":{"inline_featured_image":false,"site-sidebar-layout":"no-sidebar","site-content-layout":"page-builder","ast-global-header-display":"","ast-main-header-display":"","ast-hfb-above-header-display":"","ast-hfb-below-header-display":"","ast-hfb-mobile-header-display":"","site-post-title":"disabled","ast-breadcrumbs-content":"","ast-featured-img":"disabled","footer-sml-layout":"","theme-transparent-header-meta":"","adv-header-id-meta":"","stick-header-meta":"","header-above-stick-meta":"","header-main-stick-meta":"","header-below-stick-meta":"","footnotes":""},"categories":[],"tags":[],"class_list":["post-91205","page","type-page","status-publish","hentry"],"_links":{"self":[{"href":"https:\/\/everestlanguageschool.com\/de\/wp-json\/wp\/v2\/pages\/91205","targetHints":{"allow":["GET"]}}],"collection":[{"href":"https:\/\/everestlanguageschool.com\/de\/wp-json\/wp\/v2\/pages"}],"about":[{"href":"https:\/\/everestlanguageschool.com\/de\/wp-json\/wp\/v2\/types\/page"}],"author":[{"embeddable":true,"href":"https:\/\/everestlanguageschool.com\/de\/wp-json\/wp\/v2\/users\/1"}],"replies":[{"embeddable":true,"href":"https:\/\/everestlanguageschool.com\/de\/wp-json\/wp\/v2\/comments?post=91205"}],"version-history":[{"count":1,"href":"https:\/\/everestlanguageschool.com\/de\/wp-json\/wp\/v2\/pages\/91205\/revisions"}],"predecessor-version":[{"id":91207,"href":"https:\/\/everestlanguageschool.com\/de\/wp-json\/wp\/v2\/pages\/91205\/revisions\/91207"}],"wp:attachment":[{"href":"https:\/\/everestlanguageschool.com\/de\/wp-json\/wp\/v2\/media?parent=91205"}],"wp:term":[{"taxonomy":"category","embeddable":true,"href":"https:\/\/everestlanguageschool.com\/de\/wp-json\/wp\/v2\/categories?post=91205"},{"taxonomy":"post_tag","embeddable":true,"href":"https:\/\/everestlanguageschool.com\/de\/wp-json\/wp\/v2\/tags?post=91205"}],"curies":[{"name":"wp","href":"https:\/\/api.w.org\/{rel}","templated":true}]}}