{"id":91208,"date":"2017-09-21T14:49:04","date_gmt":"2017-09-21T14:49:04","guid":{"rendered":"https:\/\/everestlanguageschool.com\/englischkurs-in-dublin-nachmittagskurs\/"},"modified":"2017-09-21T14:49:04","modified_gmt":"2017-09-21T14:49:04","slug":"englischkurs-in-dublin-nachmittagskurs","status":"publish","type":"page","link":"https:\/\/everestlanguageschool.com\/de\/englischkurs-in-dublin-nachmittagskurs\/","title":{"rendered":"Englischkurs in Dublin &#8211; Nachmittagskurs"},"content":{"rendered":"<p>[vc_row parallax=&#8220;yes&#8220; use_container=&#8220;false&#8220; css=&#8220;.vc_custom_1452159674214{margin-bottom: 40px !important;background-image: url(https:\/\/everestlanguageschool.com\/wp-content\/uploads\/2015\/12\/book_class71.jpg?id=8532) !important;background-position: center;background-repeat: no-repeat !important;background-size: cover !important;}&#8220; el_class=&#8220;lpcontainer&#8220;][vc_column el_class=&#8220;course_intro_img&#8220;][vc_column_text]<\/p>\n<div class=\"lp_intro\">\n<h2>Ihr Englischkurs in Dublin<\/h2>\n<p>Kontaktieren Sie uns heute<\/p>\n<\/div>\n<p>[\/vc_column_text][\/vc_column][\/vc_row][vc_row css=&#8220;.vc_custom_1452026017501{background-color: #e0f1ff !important;background-position: center;background-repeat: no-repeat !important;background-size: cover !important;}&#8220;][vc_column width=&#8220;1\/2&#8243; css=&#8220;.vc_custom_1451928346825{padding-top: 5px !important;padding-right: 5px !important;padding-bottom: 5px !important;padding-left: 5px !important;background-position: center !important;background-repeat: no-repeat !important;background-size: cover !important;}&#8220;][vc_video link=&#8220;https:\/\/youtu.be\/S1MGc4FgAIw&#8220;][vc_single_image image=&#8220;8474&#8243; img_size=&#8220;full&#8220; alignment=&#8220;center&#8220; onclick=&#8220;custom_link&#8220; link=&#8220;https:\/\/www.facebook.com\/EverestLanguageSchool\/reviews&#8220;][\/vc_column][vc_column width=&#8220;1\/2&#8243;][vc_column_text]<\/p>\n<h3 style=\"text-align: center;\">Englischkurse in Dublin:<\/h3>\n<h3 style=\"text-align: center;\">Informationen und Preise erhalten<\/h3>\n<p>[\/vc_column_text][vc_raw_html]<\/p>\n<p>JTNDYSUyMG5hbWUlM0QlMjJFbmdsaXNoX2NvdXJzZSUyMiUzRSUzQyUyRmElM0U=<\/p>\n<p>[\/vc_raw_html][vc_empty_space]<p class=\"wpcf7-contact-form-not-found\"><strong>Fehler:<\/strong> Kontaktformular wurde nicht gefunden.<\/p>[\/vc_column][\/vc_row][vc_row css=&#8220;.vc_custom_1452026773447{background-color: #f4f4f4 !important;}&#8220;][vc_column][vc_empty_space][vc_column_text]<\/p>\n<h2 style=\"text-align: center;\">Einige weitere Informationen \u00fcber unsere Englischkurse<\/h2>\n<p>[\/vc_column_text][vc_empty_space][vc_tabs el_class=&#8220;lp&#8220;][vc_tab icon=&#8220;fa-smile-o&#8220; title=&#8220;Angebote&#8220; tab_id=&#8220;1451422226510-2-7&#8243;][vc_single_image image=&#8220;15697&#8243; img_size=&#8220;full&#8220; alignment=&#8220;center&#8220;][vc_column_text]<\/p>\n<h2 style=\"text-align: center;\">SONDERANGEBOT<\/h2>\n<p style=\"text-align: center;\">Buchen Sie JETZT Ihren Englischkurs in Dublin f\u00fcr 2017 und erhalten Sie einen Rabatt von 10%. Wir schenken Ihnen au\u00dferdem eine Reise in eine andere Stadt in Irland, wenn Sie einen Vollzeitkurs f\u00fcr 3 oder mehr Wochen buchen. <\/p>\n<p style=\"text-align: center;\">Preis f\u00fcr 3 Wochen:<\/p>\n<p style=\"text-align: center;\"><del datetime=\"2015-05-18T14:11:28+00:00\">\u20ac315 <\/del>\u20ac285<\/p>\n<p>[\/vc_column_text][vc_btn title=&#8220;MEHR INFORMATIONEN ERHALTEN&#8220; style=&#8220;3d&#8220; color=&#8220;sky&#8220; size=&#8220;lg&#8220; align=&#8220;center&#8220; button_block=&#8220;true&#8220; link=&#8220;url:%23English_course||&#8220;][vc_empty_space][vc_column_text]<\/p>\n<h2 style=\"text-align: center;\">SONDERANGEBOT<\/h2>\n<p style=\"text-align: center;\">Buchen Sie JETZT Ihren Englischkurs in Dublin f\u00fcr 2017 und erhalten Sie einen Rabatt von 10%. Wir schenken Ihnen au\u00dferdem eine Reise in eine andere Stadt in Irland, wenn Sie einen Vollzeitkurs f\u00fcr 3 oder mehr Wochen buchen. <\/p>\n<p style=\"text-align: center;\">Preis f\u00fcr 4 Wochen:<\/p>\n<p style=\"text-align: center;\">Preis f\u00fcr 4 Wochen und kostenlose Besichtigung:<\/p>\n<p style=\"text-align: center;\">\u20ac<del datetime=\"2015-05-18T13:58:36+00:00\">400 \u20ac<\/del> 360<\/p>\n<p>[\/vc_column_text][vc_btn title=&#8220;MEHR INFORMATIONEN ERHALTEN&#8220; style=&#8220;3d&#8220; color=&#8220;sky&#8220; size=&#8220;lg&#8220; align=&#8220;center&#8220; button_block=&#8220;true&#8220; link=&#8220;url:%23English_course||&#8220; el_class=&#8220;button2&#8243;][\/vc_tab][vc_tab icon=&#8220;fa-graduation-cap&#8220; title=&#8220;Kurse&#8220; tab_id=&#8220;065a6d44-8cf7-2&#8243;][vc_column_text]<\/p>\n<h2 style=\"text-align: center;\">Kursbeschreibung<\/h2>\n<p style=\"text-align: center;\">Unser allgemeiner Englischkurs am Nachmittag vermittelt Ihnen das Englisch, das Sie zum Arbeiten, Studieren und Reisen auf Englisch ben\u00f6tigen. Alle unsere Kurse sind sehr interaktiv und kommunikationsorientiert. <\/p>\n<h3 style=\"text-align: center;\">15-Stunden-Kurs am Nachmittag<\/h3>\n<p style=\"text-align: center;\"><strong>13:45 Uhr &#8211; 17 Uhr:<\/strong><\/p>\n<p style=\"text-align: center;\">Grammatik-Input (Zeitformen, Konditionale, Artikel, Modalverben, etc.)<\/p>\n<p style=\"text-align: center;\">Wortschatz-Input (Vokabeln f\u00fcr Arbeit, Studium, Leben, Reisen, etc.)<\/p>\n<p style=\"text-align: center;\">Lesef\u00e4higkeiten (\u00dcberfliegen, Scannen, etc.)<\/p>\n<p style=\"text-align: center;\">Sprechen und flie\u00dfendes Sprechen (Sprechen mit Korrektur und Feedback durch Ihren Lehrer)<\/p>\n<p style=\"text-align: center;\">Aussprache (verbessern Sie Ihre englische Aussprache und Sprachgewandtheit)<\/p>\n<p style=\"text-align: center;\">Schreiben (Lernen Sie Schreibstile f\u00fcr Pr\u00fcfungen und den allgemeinen Gebrauch)<\/p>\n<p>[\/vc_column_text][\/vc_tab][vc_tab icon=&#8220;fa-eur&#8220; title=&#8220;Preise&#8220; tab_id=&#8220;2eca775b-37f9-2&#8243;][vc_raw_html]JTVCZWFzeS1wcmljaW5nLXRhYmxlJTIwaWQlM0QlMjIxNjcxMCUyMiU1RA==[\/vc_raw_html][\/vc_tab][vc_tab icon=&#8220;fa-envelope-o&#8220; title=&#8220;Kontaktieren Sie uns&#8220; tab_id=&#8220;1451422227961-3-8&#8243;][vc_column_text]<\/p>\n<h2 style=\"text-align: center;\">Kontaktieren Sie uns heute<\/h2>\n<p>[\/vc_column_text]<p class=\"wpcf7-contact-form-not-found\"><strong>Fehler:<\/strong> Kontaktformular wurde nicht gefunden.<\/p>[\/vc_tab][\/vc_tabs][vc_separator][\/vc_column][\/vc_row]<\/p>\n","protected":false},"excerpt":{"rendered":"<p>[vc_row parallax=&#8220;yes&#8220; use_container=&#8220;false&#8220; css=&#8220;.vc_custom_1452159674214{margin-bottom: 40px !important;background-image: url(https:\/\/everestlanguageschool.com\/wp-content\/uploads\/2015\/12\/book_class71.jpg?id=8532) !important;background-position: center;background-repeat: no-repeat !important;background-size: cover !important;}&#8220; el_class=&#8220;lpcontainer&#8220;][vc_column el_class=&#8220;course_intro_img&#8220;][vc_column_text] Ihr Englischkurs in Dublin Kontaktieren Sie uns heute [\/vc_column_text][\/vc_column][\/vc_row][vc_row css=&#8220;.vc_custom_1452026017501{background-color: #e0f1ff !important;background-position: center;background-repeat: no-repeat !important;background-size: cover !important;}&#8220;][vc_column width=&#8220;1\/2&#8243; css=&#8220;.vc_custom_1451928346825{padding-top: 5px !important;padding-right: 5px !important;padding-bottom: 5px !important;padding-left: 5px !important;background-position: center !important;background-repeat: no-repeat !important;background-size: cover !important;}&#8220;][vc_video link=&#8220;https:\/\/youtu.be\/S1MGc4FgAIw&#8220;][vc_single_image image=&#8220;8474&#8243; img_size=&#8220;full&#8220; alignment=&#8220;center&#8220; onclick=&#8220;custom_link&#8220; link=&#8220;https:\/\/www.facebook.com\/EverestLanguageSchool\/reviews&#8220;][\/vc_column][vc_column width=&#8220;1\/2&#8243;][vc_column_text] &hellip;<\/p>\n<p class=\"read-more\"> <a class=\"\" href=\"https:\/\/everestlanguageschool.com\/de\/englischkurs-in-dublin-nachmittagskurs\/\"> <span class=\"screen-reader-text\">Englischkurs in Dublin &#8211; Nachmittagskurs<\/span> Weiterlesen &raquo;<\/a><\/p>\n","protected":false},"author":1,"featured_media":90324,"parent":0,"menu_order":0,"comment_status":"closed","ping_status":"closed","template":"page-fullwidth.php","meta":{"inline_featured_image":false,"site-sidebar-layout":"default","site-content-layout":"default","ast-global-header-display":"","ast-main-header-display":"","ast-hfb-above-header-display":"","ast-hfb-below-header-display":"","ast-hfb-mobile-header-display":"","site-post-title":"","ast-breadcrumbs-content":"","ast-featured-img":"","footer-sml-layout":"","theme-transparent-header-meta":"","adv-header-id-meta":"","stick-header-meta":"","header-above-stick-meta":"","header-main-stick-meta":"","header-below-stick-meta":"","footnotes":""},"categories":[],"tags":[],"class_list":["post-91208","page","type-page","status-publish","has-post-thumbnail","hentry"],"_links":{"self":[{"href":"https:\/\/everestlanguageschool.com\/de\/wp-json\/wp\/v2\/pages\/91208","targetHints":{"allow":["GET"]}}],"collection":[{"href":"https:\/\/everestlanguageschool.com\/de\/wp-json\/wp\/v2\/pages"}],"about":[{"href":"https:\/\/everestlanguageschool.com\/de\/wp-json\/wp\/v2\/types\/page"}],"author":[{"embeddable":true,"href":"https:\/\/everestlanguageschool.com\/de\/wp-json\/wp\/v2\/users\/1"}],"replies":[{"embeddable":true,"href":"https:\/\/everestlanguageschool.com\/de\/wp-json\/wp\/v2\/comments?post=91208"}],"version-history":[{"count":0,"href":"https:\/\/everestlanguageschool.com\/de\/wp-json\/wp\/v2\/pages\/91208\/revisions"}],"wp:featuredmedia":[{"embeddable":true,"href":"https:\/\/everestlanguageschool.com\/de\/wp-json\/wp\/v2\/media\/90324"}],"wp:attachment":[{"href":"https:\/\/everestlanguageschool.com\/de\/wp-json\/wp\/v2\/media?parent=91208"}],"wp:term":[{"taxonomy":"category","embeddable":true,"href":"https:\/\/everestlanguageschool.com\/de\/wp-json\/wp\/v2\/categories?post=91208"},{"taxonomy":"post_tag","embeddable":true,"href":"https:\/\/everestlanguageschool.com\/de\/wp-json\/wp\/v2\/tags?post=91208"}],"curies":[{"name":"wp","href":"https:\/\/api.w.org\/{rel}","templated":true}]}}