{"id":91247,"date":"2017-04-03T09:35:29","date_gmt":"2017-04-03T09:35:29","guid":{"rendered":"https:\/\/everestlanguageschool.com\/ielts-test-dublin\/"},"modified":"2017-04-03T09:35:29","modified_gmt":"2017-04-03T09:35:29","slug":"ielts-test-dublin","status":"publish","type":"page","link":"https:\/\/everestlanguageschool.com\/de\/ielts-test-dublin\/","title":{"rendered":"IELTS Test Dublin"},"content":{"rendered":"<p><img fetchpriority=\"high\" decoding=\"async\" class=\"alignnone size-full wp-image-87418\" src=\"https:\/\/everestlanguageschool.com\/wp-content\/uploads\/2023\/06\/Cream-And-Brown-Simple-How-To-Study-For-An-Exam-YouTube-Thumbnail-.png\" alt=\"Buchen Sie Ihre IELTS-Pr\u00fcfung in Dublin\" width=\"1280\" height=\"720\" srcset=\"https:\/\/everestlanguageschool.com\/wp-content\/uploads\/2023\/06\/Cream-And-Brown-Simple-How-To-Study-For-An-Exam-YouTube-Thumbnail-.png 1280w, https:\/\/everestlanguageschool.com\/wp-content\/uploads\/2023\/06\/Cream-And-Brown-Simple-How-To-Study-For-An-Exam-YouTube-Thumbnail--300x169.png 300w, https:\/\/everestlanguageschool.com\/wp-content\/uploads\/2023\/06\/Cream-And-Brown-Simple-How-To-Study-For-An-Exam-YouTube-Thumbnail--1024x576.png 1024w, https:\/\/everestlanguageschool.com\/wp-content\/uploads\/2023\/06\/Cream-And-Brown-Simple-How-To-Study-For-An-Exam-YouTube-Thumbnail--768x432.png 768w\" sizes=\"(max-width: 1280px) 100vw, 1280px\" \/><\/p>\n<h1 style=\"text-align: left;\">Buchen Sie Ihren IELTS-Test in 4 einfachen Schritten<\/h1>\n<h2 style=\"text-align: left;\">Reservieren Sie Ihren IELTS-Test in Dublin<\/h2>\n<h3>Schritt 1: Besuchen Sie einen <a href=\"https:\/\/everestlanguageschool.com\/ielts-dublin\/\">IELTS-Vorbereitungskurs<\/a>.<\/h3>\n<p>Selbst englische Muttersprachler empfinden die Pr\u00fcfung als schwierig. Die Teilnahme an einem IELTS-Vorbereitungskurs ist daher unerl\u00e4sslich, um bei der Pr\u00fcfung ein gutes Ergebnis zu erzielen. Bei Everest bieten wir <a href=\"https:\/\/everestlanguageschool.com\/ielts-dublin\/\">IELTS-Vorbereitungskurse<\/a> am Morgen, am Nachmittag und am Abend an. <\/p>\n<h3>Schritt 2: Finden Sie einen Testtermin.<\/h3>\n<p>Finden Sie einen freien<a href=\"https:\/\/takeielts.britishcouncil.org\/ireland?gclid=CjwKCAjwyqWkBhBMEiwAp2yUFtgKcnwcE0MWRWDOmAJme0fLZu58yh-Iomp1Nvy8eA-G4szhHKKjwxoCU3wQAvD_BwE\"> IELTS-Pr\u00fcfungstermin<\/a> in Dublin. F\u00fcllen Sie das Online-Anmeldeformular f\u00fcr die Pr\u00fcfung aus. (Hinweis: Sie ben\u00f6tigen einen Scan eines g\u00fcltigen Reisepasses oder Personalausweises aus einem Land der Europ\u00e4ischen Union. Diesen ben\u00f6tigen Sie f\u00fcr die Anmeldung und am Tag der Pr\u00fcfung).  <\/p>\n<h3>Schritt 3: Bezahlen Sie f\u00fcr Ihren IELTS-Test<\/h3>\n<p>Normalerweise k\u00f6nnen Sie Ihre Pr\u00fcfung online oder pers\u00f6nlich im Testzentrum bezahlen, wenn Sie die Pr\u00fcfung buchen. Wenn Sie mit einem Studienvisum in Everest studieren, ist Ihre IELTS-Geb\u00fchr wahrscheinlich in Ihrer Kursbuchung enthalten. Sprechen Sie also bitte mit uns an der Rezeption, damit wir die Zahlung in Ihrem Namen vornehmen k\u00f6nnen.  <\/p>\n<h3>Schritt 4: Details zum IELTS-Test abrufen<\/h3>\n<p>Daraufhin erhalten Sie eine Best\u00e4tigungs-E-Mail. Es kann bis zu einer Woche dauern, bis Ihre Bewerbung bearbeitet wird. Ungef\u00e4hr eine Woche vor dem Testtermin erhalten Sie eine zweite E-Mail mit den Testzeiten und anderen Informationen. Dies alles wird per E-Mail verschickt.   <\/p>\n","protected":false},"excerpt":{"rendered":"<p>Buchen Sie Ihren IELTS-Test in 4 einfachen Schritten Reservieren Sie Ihren IELTS-Test in Dublin Schritt 1: Besuchen Sie einen IELTS-Vorbereitungskurs. Selbst englische Muttersprachler empfinden die Pr\u00fcfung als schwierig. Die Teilnahme an einem IELTS-Vorbereitungskurs ist daher unerl\u00e4sslich, um bei der Pr\u00fcfung ein gutes Ergebnis zu erzielen. Bei Everest bieten wir IELTS-Vorbereitungskurse am Morgen, am Nachmittag und &hellip;<\/p>\n<p class=\"read-more\"> <a class=\"\" href=\"https:\/\/everestlanguageschool.com\/de\/ielts-test-dublin\/\"> <span class=\"screen-reader-text\">IELTS Test Dublin<\/span> Weiterlesen &raquo;<\/a><\/p>\n","protected":false},"author":1,"featured_media":0,"parent":0,"menu_order":0,"comment_status":"closed","ping_status":"closed","template":"","meta":{"inline_featured_image":false,"site-sidebar-layout":"default","site-content-layout":"default","ast-global-header-display":"","ast-main-header-display":"","ast-hfb-above-header-display":"","ast-hfb-below-header-display":"","ast-hfb-mobile-header-display":"","site-post-title":"disabled","ast-breadcrumbs-content":"","ast-featured-img":"","footer-sml-layout":"","theme-transparent-header-meta":"","adv-header-id-meta":"","stick-header-meta":"","header-above-stick-meta":"","header-main-stick-meta":"","header-below-stick-meta":"","footnotes":""},"categories":[],"tags":[],"class_list":["post-91247","page","type-page","status-publish","hentry"],"_links":{"self":[{"href":"https:\/\/everestlanguageschool.com\/de\/wp-json\/wp\/v2\/pages\/91247","targetHints":{"allow":["GET"]}}],"collection":[{"href":"https:\/\/everestlanguageschool.com\/de\/wp-json\/wp\/v2\/pages"}],"about":[{"href":"https:\/\/everestlanguageschool.com\/de\/wp-json\/wp\/v2\/types\/page"}],"author":[{"embeddable":true,"href":"https:\/\/everestlanguageschool.com\/de\/wp-json\/wp\/v2\/users\/1"}],"replies":[{"embeddable":true,"href":"https:\/\/everestlanguageschool.com\/de\/wp-json\/wp\/v2\/comments?post=91247"}],"version-history":[{"count":0,"href":"https:\/\/everestlanguageschool.com\/de\/wp-json\/wp\/v2\/pages\/91247\/revisions"}],"wp:attachment":[{"href":"https:\/\/everestlanguageschool.com\/de\/wp-json\/wp\/v2\/media?parent=91247"}],"wp:term":[{"taxonomy":"category","embeddable":true,"href":"https:\/\/everestlanguageschool.com\/de\/wp-json\/wp\/v2\/categories?post=91247"},{"taxonomy":"post_tag","embeddable":true,"href":"https:\/\/everestlanguageschool.com\/de\/wp-json\/wp\/v2\/tags?post=91247"}],"curies":[{"name":"wp","href":"https:\/\/api.w.org\/{rel}","templated":true}]}}