{"id":92268,"date":"2025-08-11T15:45:00","date_gmt":"2025-08-11T15:45:00","guid":{"rendered":"https:\/\/everestlanguageschool.com\/verfuegbarkeit-fuer-englisch-sprachkurs-in-dublin-pruefen\/"},"modified":"2025-09-17T12:05:00","modified_gmt":"2025-09-17T12:05:00","slug":"verfuegbarkeit-fuer-englisch-sprachkurs-in-dublin-pruefen","status":"publish","type":"page","link":"https:\/\/everestlanguageschool.com\/de\/verfuegbarkeit-fuer-englisch-sprachkurs-in-dublin-pruefen\/","title":{"rendered":"Verf\u00fcgbarkeit f\u00fcr Englisch Sprachkurs in Dublin pr\u00fcfen"},"content":{"rendered":"\t\t<div data-elementor-type=\"wp-page\" data-elementor-id=\"92268\" class=\"elementor elementor-92268 elementor-9345\" data-elementor-post-type=\"page\">\n\t\t\t\t\t\t<section class=\"elementor-section elementor-top-section elementor-element elementor-element-7b6fbd0 elementor-section-height-min-height elementor-section-items-stretch elementor-section-full_width elementor-section-height-default\" data-id=\"7b6fbd0\" data-element_type=\"section\" data-e-type=\"section\" data-settings=\"{&quot;background_background&quot;:&quot;gradient&quot;}\">\n\t\t\t\t\t\t<div class=\"elementor-container elementor-column-gap-default\">\n\t\t\t\t\t<div class=\"elementor-column elementor-col-33 elementor-top-column elementor-element elementor-element-42ae735a\" data-id=\"42ae735a\" data-element_type=\"column\" data-e-type=\"column\" data-settings=\"{&quot;background_background&quot;:&quot;classic&quot;}\">\n\t\t\t<div class=\"elementor-widget-wrap elementor-element-populated\">\n\t\t\t\t\t\t<div class=\"elementor-element elementor-element-16a4c152 elementor-align-start elementor-widget__width-auto elementor-absolute elementor-hidden-phone elementor-icon-list--layout-traditional elementor-list-item-link-full_width elementor-widget elementor-widget-icon-list\" data-id=\"16a4c152\" data-element_type=\"widget\" data-e-type=\"widget\" data-settings=\"{&quot;_position&quot;:&quot;absolute&quot;}\" data-widget_type=\"icon-list.default\">\n\t\t\t\t<div class=\"elementor-widget-container\">\n\t\t\t\t\t\t\t<ul class=\"elementor-icon-list-items\">\n\t\t\t\t\t\t\t<li class=\"elementor-icon-list-item\">\n\t\t\t\t\t\t\t\t\t\t\t<a href=\"https:\/\/ie.linkedin.com\/school\/everest-language-school\/\">\n\n\t\t\t\t\t\t\t\t\t\t\t\t<span class=\"elementor-icon-list-icon\">\n\t\t\t\t\t\t\t<svg aria-hidden=\"true\" class=\"e-font-icon-svg e-fab-linkedin-in\" viewBox=\"0 0 448 512\" xmlns=\"http:\/\/www.w3.org\/2000\/svg\"><path d=\"M100.28 448H7.4V148.9h92.88zM53.79 108.1C24.09 108.1 0 83.5 0 53.8a53.79 53.79 0 0 1 107.58 0c0 29.7-24.1 54.3-53.79 54.3zM447.9 448h-92.68V302.4c0-34.7-.7-79.2-48.29-79.2-48.29 0-55.69 37.7-55.69 76.7V448h-92.78V148.9h89.08v40.8h1.3c12.4-23.5 42.69-48.3 87.88-48.3 94 0 111.28 61.9 111.28 142.3V448z\"><\/path><\/svg>\t\t\t\t\t\t<\/span>\n\t\t\t\t\t\t\t\t\t\t<span class=\"elementor-icon-list-text\"><\/span>\n\t\t\t\t\t\t\t\t\t\t\t<\/a>\n\t\t\t\t\t\t\t\t\t<\/li>\n\t\t\t\t\t\t\t\t<li class=\"elementor-icon-list-item\">\n\t\t\t\t\t\t\t\t\t\t\t<a href=\"https:\/\/www.instagram.com\/everestlanguageschool\/\">\n\n\t\t\t\t\t\t\t\t\t\t\t\t<span class=\"elementor-icon-list-icon\">\n\t\t\t\t\t\t\t<svg aria-hidden=\"true\" class=\"e-font-icon-svg e-fab-instagram\" viewBox=\"0 0 448 512\" xmlns=\"http:\/\/www.w3.org\/2000\/svg\"><path d=\"M224.1 141c-63.6 0-114.9 51.3-114.9 114.9s51.3 114.9 114.9 114.9S339 319.5 339 255.9 287.7 141 224.1 141zm0 189.6c-41.1 0-74.7-33.5-74.7-74.7s33.5-74.7 74.7-74.7 74.7 33.5 74.7 74.7-33.6 74.7-74.7 74.7zm146.4-194.3c0 14.9-12 26.8-26.8 26.8-14.9 0-26.8-12-26.8-26.8s12-26.8 26.8-26.8 26.8 12 26.8 26.8zm76.1 27.2c-1.7-35.9-9.9-67.7-36.2-93.9-26.2-26.2-58-34.4-93.9-36.2-37-2.1-147.9-2.1-184.9 0-35.8 1.7-67.6 9.9-93.9 36.1s-34.4 58-36.2 93.9c-2.1 37-2.1 147.9 0 184.9 1.7 35.9 9.9 67.7 36.2 93.9s58 34.4 93.9 36.2c37 2.1 147.9 2.1 184.9 0 35.9-1.7 67.7-9.9 93.9-36.2 26.2-26.2 34.4-58 36.2-93.9 2.1-37 2.1-147.8 0-184.8zM398.8 388c-7.8 19.6-22.9 34.7-42.6 42.6-29.5 11.7-99.5 9-132.1 9s-102.7 2.6-132.1-9c-19.6-7.8-34.7-22.9-42.6-42.6-11.7-29.5-9-99.5-9-132.1s-2.6-102.7 9-132.1c7.8-19.6 22.9-34.7 42.6-42.6 29.5-11.7 99.5-9 132.1-9s102.7-2.6 132.1 9c19.6 7.8 34.7 22.9 42.6 42.6 11.7 29.5 9 99.5 9 132.1s2.7 102.7-9 132.1z\"><\/path><\/svg>\t\t\t\t\t\t<\/span>\n\t\t\t\t\t\t\t\t\t\t<span class=\"elementor-icon-list-text\"><\/span>\n\t\t\t\t\t\t\t\t\t\t\t<\/a>\n\t\t\t\t\t\t\t\t\t<\/li>\n\t\t\t\t\t\t<\/ul>\n\t\t\t\t\t\t<\/div>\n\t\t\t\t<\/div>\n\t\t\t\t\t<\/div>\n\t\t<\/div>\n\t\t\t\t<div class=\"elementor-column elementor-col-33 elementor-top-column elementor-element elementor-element-3c720fa0\" data-id=\"3c720fa0\" data-element_type=\"column\" data-e-type=\"column\" data-settings=\"{&quot;background_background&quot;:&quot;classic&quot;}\">\n\t\t\t<div class=\"elementor-widget-wrap elementor-element-populated\">\n\t\t\t\t\t\t<div class=\"elementor-element elementor-element-683c5fec elementor-widget elementor-widget-spacer\" data-id=\"683c5fec\" data-element_type=\"widget\" data-e-type=\"widget\" data-widget_type=\"spacer.default\">\n\t\t\t\t<div class=\"elementor-widget-container\">\n\t\t\t\t\t\t\t<div class=\"elementor-spacer\">\n\t\t\t<div class=\"elementor-spacer-inner\"><\/div>\n\t\t<\/div>\n\t\t\t\t\t\t<\/div>\n\t\t\t\t<\/div>\n\t\t\t\t<div class=\"elementor-element elementor-element-1cac54c5 elementor-widget elementor-widget-heading\" data-id=\"1cac54c5\" data-element_type=\"widget\" data-e-type=\"widget\" data-widget_type=\"heading.default\">\n\t\t\t\t<div class=\"elementor-widget-container\">\n\t\t\t\t\t<h3 class=\"elementor-heading-title elementor-size-default\">Kommen Sie zu uns ins Herz von Dublin<\/h3>\t\t\t\t<\/div>\n\t\t\t\t<\/div>\n\t\t\t\t<div class=\"elementor-element elementor-element-3d0b618a elementor-widget elementor-widget-heading\" data-id=\"3d0b618a\" data-element_type=\"widget\" data-e-type=\"widget\" data-widget_type=\"heading.default\">\n\t\t\t\t<div class=\"elementor-widget-container\">\n\t\t\t\t\t<h1 class=\"elementor-heading-title elementor-size-default\">Verf\u00fcgbarkeit und Preis pr\u00fcfen<\/h1>\t\t\t\t<\/div>\n\t\t\t\t<\/div>\n\t\t\t\t<div class=\"elementor-element elementor-element-b0e7e61 elementor-widget elementor-widget-shortcode\" data-id=\"b0e7e61\" data-element_type=\"widget\" data-e-type=\"widget\" data-widget_type=\"shortcode.default\">\n\t\t\t\t<div class=\"elementor-widget-container\">\n\t\t\t\t\t\t\t<div class=\"elementor-shortcode\">\n<div class=\"wpcf7 no-js\" id=\"wpcf7-f92090-o1\" lang=\"en-US\" dir=\"ltr\" data-wpcf7-id=\"92090\">\n<div class=\"screen-reader-response\"><p role=\"status\" aria-live=\"polite\" aria-atomic=\"true\"><\/p> <ul><\/ul><\/div>\n<form action=\"\/de\/wp-json\/wp\/v2\/pages\/92268#wpcf7-f92090-o1\" method=\"post\" class=\"wpcf7-form init\" aria-label=\"Contact form\" novalidate=\"novalidate\" data-status=\"init\">\n<div style=\"display: none;\">\n<input type=\"hidden\" name=\"_wpcf7\" value=\"92090\" \/>\n<input type=\"hidden\" name=\"_wpcf7_version\" value=\"6.0.4\" \/>\n<input type=\"hidden\" name=\"_wpcf7_locale\" value=\"en_US\" \/>\n<input type=\"hidden\" name=\"_wpcf7_unit_tag\" value=\"wpcf7-f92090-o1\" \/>\n<input type=\"hidden\" name=\"_wpcf7_container_post\" value=\"0\" \/>\n<input type=\"hidden\" name=\"_wpcf7_posted_data_hash\" value=\"\" \/>\n<input type=\"hidden\" name=\"_wpcf7_recaptcha_response\" value=\"\" \/>\n<\/div>\n<div class=\"availability-checker-form bg-gray-50 p-6 md:p-8 rounded-lg shadow-md\">\n\t<p class=\"text-gray-600 mb-6\">Let's find the perfect spot for you. Just a few details to get started and we will find a place for you\n\t<\/p>\n\n<!-- Course Selection Field -->\n\t<p><label for=\"course-select\" class=\"font-semibold text-gray-700\">What course are you interested in?<\/label><br \/>\n<span class=\"wpcf7-form-control-wrap\" data-name=\"your-course\"><select class=\"wpcf7-form-control wpcf7-select wpcf7-validates-as-required w-full p-3 border border-gray-300 rounded-md mt-1 mb-4\" id=\"course-select\" aria-required=\"true\" aria-invalid=\"false\" name=\"your-course\"><option value=\"General English (20 hours\/week)\">General English (20 hours\/week)<\/option><option value=\"Intensive English (26 hours\/week)\">Intensive English (26 hours\/week)<\/option><option value=\"General English Afternoon (15 hours\/week)\">General English Afternoon (15 hours\/week)<\/option><option value=\"IELTS Exam Preparation\">IELTS Exam Preparation<\/option><option value=\"Cambridge Exam Preparation\">Cambridge Exam Preparation<\/option><option value=\"General English Evening (4 hours\/week)\">General English Evening (4 hours\/week)<\/option><\/select><\/span>\n\t<\/p>\n\n<!-- Start Date Field -->\n\t<p><label for=\"start-date\" class=\"font-semibold text-gray-700\">When would you like to start?<\/label><br \/>\n<span class=\"wpcf7-form-control-wrap\" data-name=\"start-date\"><input class=\"wpcf7-form-control wpcf7-date wpcf7-validates-as-required wpcf7-validates-as-date w-full p-3 border border-gray-300 rounded-md mt-1 mb-4\" id=\"start-date\" aria-required=\"true\" aria-invalid=\"false\" value=\"\" type=\"date\" name=\"start-date\" \/><\/span>\n\t<\/p>\n\n<!-- Duration Field -->\n\t<p><label for=\"duration-select\" class=\"font-semibold text-gray-700\">How long would you like to study?<\/label><br \/>\n<span class=\"wpcf7-form-control-wrap\" data-name=\"your-duration\"><select class=\"wpcf7-form-control wpcf7-select wpcf7-validates-as-required w-full p-3 border border-gray-300 rounded-md mt-1 mb-4\" id=\"duration-select\" aria-required=\"true\" aria-invalid=\"false\" name=\"your-duration\"><option value=\"2 Weeks\">2 Weeks<\/option><option value=\"4 Weeks\">4 Weeks<\/option><option value=\"8 Weeks\">8 Weeks<\/option><option value=\"12+ Weeks\">12+ Weeks<\/option><option value=\"25 Weeks\">25 Weeks<\/option><\/select><\/span>\n\t<\/p>\n\n<!-- Name Field -->\n\t<p><label for=\"your-name\" class=\"font-semibold text-gray-700\">Your Full Name<\/label><br \/>\n<span class=\"wpcf7-form-control-wrap\" data-name=\"your-name\"><input size=\"40\" maxlength=\"400\" class=\"wpcf7-form-control wpcf7-text wpcf7-validates-as-required w-full p-3 border border-gray-300 rounded-md mt-1 mb-4\" id=\"your-name\" aria-required=\"true\" aria-invalid=\"false\" placeholder=\"e.g., Jane Doe\" value=\"\" type=\"text\" name=\"your-name\" \/><\/span>\n\t<\/p>\n\n<!-- Email Field -->\n\t<p><label for=\"your-email\" class=\"font-semibold text-gray-700\">Your Email Address<\/label><br \/>\n<span class=\"wpcf7-form-control-wrap\" data-name=\"your-email\"><input size=\"40\" maxlength=\"400\" class=\"wpcf7-form-control wpcf7-email wpcf7-validates-as-required wpcf7-text wpcf7-validates-as-email w-full p-3 border border-gray-300 rounded-md mt-1 mb-6\" id=\"your-email\" aria-required=\"true\" aria-invalid=\"false\" placeholder=\"you@example.com\" value=\"\" type=\"email\" name=\"your-email\" \/><\/span>\n\t<\/p>\n\n<!-- Nationality Field (Dropdown) -->\n\t<p><label for=\"your-nationality\" class=\"font-semibold text-gray-700\">Your Nationality<\/label><br \/>\n<span class=\"wpcf7-form-control-wrap\" data-name=\"your-nationality\"><select class=\"wpcf7-form-control wpcf7-select wpcf7-validates-as-required w-full p-3 border border-gray-300 rounded-md mt-1 mb-6\" id=\"your-nationality\" aria-required=\"true\" aria-invalid=\"false\" name=\"your-nationality\"><option value=\"---\">---<\/option><option value=\"Afghan\">Afghan<\/option><option value=\"Albanian\">Albanian<\/option><option value=\"Algerian\">Algerian<\/option><option value=\"American\">American<\/option><option value=\"Andorran\">Andorran<\/option><option value=\"Angolan\">Angolan<\/option><option value=\"Argentinian\">Argentinian<\/option><option value=\"Armenian\">Armenian<\/option><option value=\"Australian\">Australian<\/option><option value=\"Austrian\">Austrian<\/option><option value=\"Azerbaijani\">Azerbaijani<\/option><option value=\"Bahamian\">Bahamian<\/option><option value=\"Bangladeshi\">Bangladeshi<\/option><option value=\"Barbadian\">Barbadian<\/option><option value=\"Belarusian\">Belarusian<\/option><option value=\"Belgian\">Belgian<\/option><option value=\"Beninese\">Beninese<\/option><option value=\"Bhutanese\">Bhutanese<\/option><option value=\"Bolivian\">Bolivian<\/option><option value=\"Bosnian\">Bosnian<\/option><option value=\"Brazilian\">Brazilian<\/option><option value=\"British\">British<\/option><option value=\"Bruneian\">Bruneian<\/option><option value=\"Bulgarian\">Bulgarian<\/option><option value=\"Burkinabe\">Burkinabe<\/option><option value=\"Burundian\">Burundian<\/option><option value=\"Cambodian\">Cambodian<\/option><option value=\"Cameroonian\">Cameroonian<\/option><option value=\"Canadian\">Canadian<\/option><option value=\"Cape Verdean\">Cape Verdean<\/option><option value=\"Central African\">Central African<\/option><option value=\"Chadian\">Chadian<\/option><option value=\"Chilean\">Chilean<\/option><option value=\"Chinese\">Chinese<\/option><option value=\"Colombian\">Colombian<\/option><option value=\"Comoran\">Comoran<\/option><option value=\"Congolese\">Congolese<\/option><option value=\"Costa Rican\">Costa Rican<\/option><option value=\"Croatian\">Croatian<\/option><option value=\"Cuban\">Cuban<\/option><option value=\"Cypriot\">Cypriot<\/option><option value=\"Czech\">Czech<\/option><option value=\"Danish\">Danish<\/option><option value=\"Djiboutian\">Djiboutian<\/option><option value=\"Dominican\">Dominican<\/option><option value=\"Dutch\">Dutch<\/option><option value=\"East Timorese\">East Timorese<\/option><option value=\"Ecuadorean\">Ecuadorean<\/option><option value=\"Egyptian\">Egyptian<\/option><option value=\"Emirati\">Emirati<\/option><option value=\"Equatorial Guinean\">Equatorial Guinean<\/option><option value=\"Eritrean\">Eritrean<\/option><option value=\"Estonian\">Estonian<\/option><option value=\"Ethiopian\">Ethiopian<\/option><option value=\"Fijian\">Fijian<\/option><option value=\"Filipino\">Filipino<\/option><option value=\"Finnish\">Finnish<\/option><option value=\"French\">French<\/option><option value=\"Gabonese\">Gabonese<\/option><option value=\"Gambian\">Gambian<\/option><option value=\"Georgian\">Georgian<\/option><option value=\"German\">German<\/option><option value=\"Ghanaian\">Ghanaian<\/option><option value=\"Greek\">Greek<\/option><option value=\"Grenadian\">Grenadian<\/option><option value=\"Guatemalan\">Guatemalan<\/option><option value=\"Guinean\">Guinean<\/option><option value=\"Guyanese\">Guyanese<\/option><option value=\"Haitian\">Haitian<\/option><option value=\"Honduran\">Honduran<\/option><option value=\"Hungarian\">Hungarian<\/option><option value=\"Icelander\">Icelander<\/option><option value=\"Indian\">Indian<\/option><option value=\"Indonesian\">Indonesian<\/option><option value=\"Iranian\">Iranian<\/option><option value=\"Iraqi\">Iraqi<\/option><option value=\"Irish\">Irish<\/option><option value=\"Israeli\">Israeli<\/option><option value=\"Italian\">Italian<\/option><option value=\"Ivorian\">Ivorian<\/option><option value=\"Jamaican\">Jamaican<\/option><option value=\"Japanese\">Japanese<\/option><option value=\"Jordanian\">Jordanian<\/option><option value=\"Kazakhstani\">Kazakhstani<\/option><option value=\"Kenyan\">Kenyan<\/option><option value=\"Kuwaiti\">Kuwaiti<\/option><option value=\"Kyrgyz\">Kyrgyz<\/option><option value=\"Laotian\">Laotian<\/option><option value=\"Latvian\">Latvian<\/option><option value=\"Lebanese\">Lebanese<\/option><option value=\"Liberian\">Liberian<\/option><option value=\"Libyan\">Libyan<\/option><option value=\"Liechtensteiner\">Liechtensteiner<\/option><option value=\"Lithuanian\">Lithuanian<\/option><option value=\"Luxembourger\">Luxembourger<\/option><option value=\"Macedonian\">Macedonian<\/option><option value=\"Malagasy\">Malagasy<\/option><option value=\"Malawian\">Malawian<\/option><option value=\"Malaysian\">Malaysian<\/option><option value=\"Maldivan\">Maldivan<\/option><option value=\"Malian\">Malian<\/option><option value=\"Maltese\">Maltese<\/option><option value=\"Marshallese\">Marshallese<\/option><option value=\"Mauritanian\">Mauritanian<\/option><option value=\"Mauritian\">Mauritian<\/option><option value=\"Mexican\">Mexican<\/option><option value=\"Micronesian\">Micronesian<\/option><option value=\"Moldovan\">Moldovan<\/option><option value=\"Monacan\">Monacan<\/option><option value=\"Mongolian\">Mongolian<\/option><option value=\"Montenegrin\">Montenegrin<\/option><option value=\"Moroccan\">Moroccan<\/option><option value=\"Mosotho\">Mosotho<\/option><option value=\"Motswana\">Motswana<\/option><option value=\"Mozambican\">Mozambican<\/option><option value=\"Namibian\">Namibian<\/option><option value=\"Nauruan\">Nauruan<\/option><option value=\"Nepalese\">Nepalese<\/option><option value=\"New Zealander\">New Zealander<\/option><option value=\"Nicaraguan\">Nicaraguan<\/option><option value=\"Nigerian\">Nigerian<\/option><option value=\"Nigerien\">Nigerien<\/option><option value=\"North Korean\">North Korean<\/option><option value=\"Norwegian\">Norwegian<\/option><option value=\"Omani\">Omani<\/option><option value=\"Pakistani\">Pakistani<\/option><option value=\"Palauan\">Palauan<\/option><option value=\"Panamanian\">Panamanian<\/option><option value=\"Papua New Guinean\">Papua New Guinean<\/option><option value=\"Paraguayan\">Paraguayan<\/option><option value=\"Peruvian\">Peruvian<\/option><option value=\"Polish\">Polish<\/option><option value=\"Portuguese\">Portuguese<\/option><option value=\"Qatari\">Qatari<\/option><option value=\"Romanian\">Romanian<\/option><option value=\"Russian\">Russian<\/option><option value=\"Rwandan\">Rwandan<\/option><option value=\"Saint Lucian\">Saint Lucian<\/option><option value=\"Salvadoran\">Salvadoran<\/option><option value=\"Samoan\">Samoan<\/option><option value=\"San Marinese\">San Marinese<\/option><option value=\"Sao Tomean\">Sao Tomean<\/option><option value=\"Saudi\">Saudi<\/option><option value=\"Senegalese\">Senegalese<\/option><option value=\"Serbian\">Serbian<\/option><option value=\"Seychellois\">Seychellois<\/option><option value=\"Sierra Leonean\">Sierra Leonean<\/option><option value=\"Singaporean\">Singaporean<\/option><option value=\"Slovakian\">Slovakian<\/option><option value=\"Slovenian\">Slovenian<\/option><option value=\"Solomon Islander\">Solomon Islander<\/option><option value=\"Somali\">Somali<\/option><option value=\"South African\">South African<\/option><option value=\"South Korean\">South Korean<\/option><option value=\"Spanish\">Spanish<\/option><option value=\"Sri Lankan\">Sri Lankan<\/option><option value=\"Sudanese\">Sudanese<\/option><option value=\"Surinamer\">Surinamer<\/option><option value=\"Swazi\">Swazi<\/option><option value=\"Swedish\">Swedish<\/option><option value=\"Swiss\">Swiss<\/option><option value=\"Syrian\">Syrian<\/option><option value=\"Taiwanese\">Taiwanese<\/option><option value=\"Tajik\">Tajik<\/option><option value=\"Tanzanian\">Tanzanian<\/option><option value=\"Thai\">Thai<\/option><option value=\"Togolese\">Togolese<\/option><option value=\"Tongan\">Tongan<\/option><option value=\"Trinidadian or Tobagonian\">Trinidadian or Tobagonian<\/option><option value=\"Tunisian\">Tunisian<\/option><option value=\"Turkish\">Turkish<\/option><option value=\"Tuvaluan\">Tuvaluan<\/option><option value=\"Ugandan\">Ugandan<\/option><option value=\"Ukrainian\">Ukrainian<\/option><option value=\"Uruguayan\">Uruguayan<\/option><option value=\"Uzbekistani\">Uzbekistani<\/option><option value=\"Venezuelan\">Venezuelan<\/option><option value=\"Vietnamese\">Vietnamese<\/option><option value=\"Welsh\">Welsh<\/option><option value=\"Yemenite\">Yemenite<\/option><option value=\"Zambian\">Zambian<\/option><option value=\"Zimbabwean\">Zimbabwean<\/option><\/select><\/span><br \/>\n\t<input class=\"wpcf7-form-control wpcf7-hidden\" value=\"\" type=\"hidden\" name=\"page_source\" \/><br \/>\n\t<input class=\"wpcf7-form-control wpcf7-hidden\" value=\"\" type=\"hidden\" name=\"traffic_source\" \/><br \/>\n<!-- Submit Button --><br \/>\n<input class=\"wpcf7-form-control wpcf7-submit has-spinner w-full bg-blue-600 text-white font-bold py-3 px-4 rounded-md hoverbg-blue-700 transition-colors\" type=\"submit\" value=\"Check Availability!\" \/>\n\t<\/p>\n<\/div><div class=\"wpcf7-response-output\" aria-hidden=\"true\"><\/div>\n<\/form>\n<\/div>\n<\/div>\n\t\t\t\t\t\t<\/div>\n\t\t\t\t<\/div>\n\t\t\t\t<div class=\"elementor-element elementor-element-4bc7eed8 elementor-widget elementor-widget-spacer\" data-id=\"4bc7eed8\" data-element_type=\"widget\" data-e-type=\"widget\" data-widget_type=\"spacer.default\">\n\t\t\t\t<div class=\"elementor-widget-container\">\n\t\t\t\t\t\t\t<div class=\"elementor-spacer\">\n\t\t\t<div class=\"elementor-spacer-inner\"><\/div>\n\t\t<\/div>\n\t\t\t\t\t\t<\/div>\n\t\t\t\t<\/div>\n\t\t\t\t\t<\/div>\n\t\t<\/div>\n\t\t\t\t<div class=\"elementor-column elementor-col-33 elementor-top-column elementor-element elementor-element-4bbf0f9f\" data-id=\"4bbf0f9f\" data-element_type=\"column\" data-e-type=\"column\" data-settings=\"{&quot;background_background&quot;:&quot;classic&quot;,&quot;background_motion_fx_motion_fx_scrolling&quot;:&quot;yes&quot;,&quot;background_motion_fx_translateY_effect&quot;:&quot;yes&quot;,&quot;background_motion_fx_translateY_direction&quot;:&quot;negative&quot;,&quot;background_motion_fx_translateY_speed&quot;:{&quot;unit&quot;:&quot;px&quot;,&quot;size&quot;:&quot;2&quot;,&quot;sizes&quot;:[]},&quot;background_motion_fx_translateY_affectedRange&quot;:{&quot;unit&quot;:&quot;%&quot;,&quot;size&quot;:&quot;&quot;,&quot;sizes&quot;:{&quot;start&quot;:0,&quot;end&quot;:100}},&quot;background_motion_fx_devices&quot;:[&quot;desktop&quot;,&quot;tablet&quot;,&quot;mobile&quot;]}\">\n\t\t\t<div class=\"elementor-widget-wrap elementor-element-populated\">\n\t\t\t\t\t\t<div class=\"elementor-element elementor-element-7249fd67 elementor-widget elementor-widget-spacer\" data-id=\"7249fd67\" data-element_type=\"widget\" data-e-type=\"widget\" data-widget_type=\"spacer.default\">\n\t\t\t\t<div class=\"elementor-widget-container\">\n\t\t\t\t\t\t\t<div class=\"elementor-spacer\">\n\t\t\t<div class=\"elementor-spacer-inner\"><\/div>\n\t\t<\/div>\n\t\t\t\t\t\t<\/div>\n\t\t\t\t<\/div>\n\t\t\t\t\t<\/div>\n\t\t<\/div>\n\t\t\t\t\t<\/div>\n\t\t<\/section>\n\t\t\t\t<section class=\"elementor-section elementor-top-section elementor-element elementor-element-31287185 elementor-section-boxed elementor-section-height-default elementor-section-height-default\" data-id=\"31287185\" data-element_type=\"section\" data-e-type=\"section\">\n\t\t\t\t\t\t<div class=\"elementor-container elementor-column-gap-default\">\n\t\t\t\t\t<div class=\"elementor-column elementor-col-100 elementor-top-column elementor-element elementor-element-75254ded\" data-id=\"75254ded\" data-element_type=\"column\" data-e-type=\"column\">\n\t\t\t<div class=\"elementor-widget-wrap elementor-element-populated\">\n\t\t\t\t\t\t<div class=\"elementor-element elementor-element-38db2797 elementor-widget elementor-widget-image\" data-id=\"38db2797\" data-element_type=\"widget\" data-e-type=\"widget\" data-settings=\"{&quot;motion_fx_motion_fx_scrolling&quot;:&quot;yes&quot;,&quot;motion_fx_opacity_effect&quot;:&quot;yes&quot;,&quot;motion_fx_opacity_level&quot;:{&quot;unit&quot;:&quot;px&quot;,&quot;size&quot;:5,&quot;sizes&quot;:[]},&quot;motion_fx_opacity_range&quot;:{&quot;unit&quot;:&quot;%&quot;,&quot;size&quot;:&quot;&quot;,&quot;sizes&quot;:{&quot;start&quot;:35,&quot;end&quot;:55}},&quot;motion_fx_opacity_direction&quot;:&quot;out-in&quot;,&quot;motion_fx_devices&quot;:[&quot;desktop&quot;,&quot;tablet&quot;,&quot;mobile&quot;]}\" data-widget_type=\"image.default\">\n\t\t\t\t<div class=\"elementor-widget-container\">\n\t\t\t\t\t\t\t\t\t\t\t\t\t\t\t<img fetchpriority=\"high\" decoding=\"async\" width=\"900\" height=\"400\" src=\"https:\/\/everestlanguageschool.com\/wp-content\/uploads\/2025\/06\/Untitled-900-x-400-px.png\" class=\"attachment-large size-large wp-image-91884\" alt=\"Dublin School accreditations\" srcset=\"https:\/\/everestlanguageschool.com\/wp-content\/uploads\/2025\/06\/Untitled-900-x-400-px.png 900w, https:\/\/everestlanguageschool.com\/wp-content\/uploads\/2025\/06\/Untitled-900-x-400-px-300x133.png 300w, https:\/\/everestlanguageschool.com\/wp-content\/uploads\/2025\/06\/Untitled-900-x-400-px-768x341.png 768w\" sizes=\"(max-width: 900px) 100vw, 900px\" \/>\t\t\t\t\t\t\t\t\t\t\t\t\t\t\t<\/div>\n\t\t\t\t<\/div>\n\t\t\t\t\t<\/div>\n\t\t<\/div>\n\t\t\t\t\t<\/div>\n\t\t<\/section>\n\t\t\t\t<section class=\"elementor-section elementor-top-section elementor-element elementor-element-23029914 elementor-section-boxed elementor-section-height-default elementor-section-height-default\" data-id=\"23029914\" data-element_type=\"section\" data-e-type=\"section\">\n\t\t\t\t\t\t<div class=\"elementor-container elementor-column-gap-default\">\n\t\t\t\t\t<div class=\"elementor-column elementor-col-100 elementor-top-column elementor-element elementor-element-352682c8\" data-id=\"352682c8\" data-element_type=\"column\" data-e-type=\"column\">\n\t\t\t<div class=\"elementor-widget-wrap\">\n\t\t\t\t\t\t\t<\/div>\n\t\t<\/div>\n\t\t\t\t\t<\/div>\n\t\t<\/section>\n\t\t\t\t<\/div>\n\t\t","protected":false},"excerpt":{"rendered":"<p>Kommen Sie zu uns ins Herz von Dublin Verf\u00fcgbarkeit und Preis pr\u00fcfen<\/p>\n","protected":false},"author":1,"featured_media":0,"parent":0,"menu_order":0,"comment_status":"closed","ping_status":"closed","template":"elementor_header_footer","meta":{"inline_featured_image":false,"site-sidebar-layout":"default","site-content-layout":"default","ast-global-header-display":"","ast-main-header-display":"","ast-hfb-above-header-display":"","ast-hfb-below-header-display":"","ast-hfb-mobile-header-display":"","site-post-title":"","ast-breadcrumbs-content":"","ast-featured-img":"","footer-sml-layout":"","theme-transparent-header-meta":"","adv-header-id-meta":"","stick-header-meta":"","header-above-stick-meta":"","header-main-stick-meta":"","header-below-stick-meta":"","footnotes":""},"class_list":["post-92268","page","type-page","status-publish","hentry"],"_links":{"self":[{"href":"https:\/\/everestlanguageschool.com\/de\/wp-json\/wp\/v2\/pages\/92268","targetHints":{"allow":["GET"]}}],"collection":[{"href":"https:\/\/everestlanguageschool.com\/de\/wp-json\/wp\/v2\/pages"}],"about":[{"href":"https:\/\/everestlanguageschool.com\/de\/wp-json\/wp\/v2\/types\/page"}],"author":[{"embeddable":true,"href":"https:\/\/everestlanguageschool.com\/de\/wp-json\/wp\/v2\/users\/1"}],"replies":[{"embeddable":true,"href":"https:\/\/everestlanguageschool.com\/de\/wp-json\/wp\/v2\/comments?post=92268"}],"version-history":[{"count":6,"href":"https:\/\/everestlanguageschool.com\/de\/wp-json\/wp\/v2\/pages\/92268\/revisions"}],"predecessor-version":[{"id":92279,"href":"https:\/\/everestlanguageschool.com\/de\/wp-json\/wp\/v2\/pages\/92268\/revisions\/92279"}],"wp:attachment":[{"href":"https:\/\/everestlanguageschool.com\/de\/wp-json\/wp\/v2\/media?parent=92268"}],"curies":[{"name":"wp","href":"https:\/\/api.w.org\/{rel}","templated":true}]}}