{"id":92583,"date":"2016-08-18T17:36:08","date_gmt":"2016-08-18T17:36:08","guid":{"rendered":"https:\/\/everestlanguageschool.com\/studienvisum-in-irland-faqs\/"},"modified":"2025-09-17T12:14:24","modified_gmt":"2025-09-17T12:14:24","slug":"studienvisum-in-irland-faqs","status":"publish","type":"page","link":"https:\/\/everestlanguageschool.com\/de\/studienvisum-in-irland-faqs\/","title":{"rendered":"Studienvisum in Irland &#8211; FAQs"},"content":{"rendered":"\t\t<div data-elementor-type=\"wp-page\" data-elementor-id=\"92583\" class=\"elementor elementor-92583 elementor-10110\" data-elementor-post-type=\"page\">\n\t\t\t\t\t\t<section class=\"elementor-section elementor-top-section elementor-element elementor-element-1c7d44a4 elementor-section-boxed elementor-section-height-default elementor-section-height-default\" data-id=\"1c7d44a4\" data-element_type=\"section\" data-e-type=\"section\">\n\t\t\t\t\t\t<div class=\"elementor-container elementor-column-gap-default\">\n\t\t\t\t\t<div class=\"elementor-column elementor-col-100 elementor-top-column elementor-element elementor-element-525cdf75\" data-id=\"525cdf75\" data-element_type=\"column\" data-e-type=\"column\">\n\t\t\t<div class=\"elementor-widget-wrap elementor-element-populated\">\n\t\t\t\t\t\t<div class=\"elementor-element elementor-element-f18aa1a elementor-widget elementor-widget-heading\" data-id=\"f18aa1a\" data-element_type=\"widget\" data-e-type=\"widget\" data-widget_type=\"heading.default\">\n\t\t\t\t<div class=\"elementor-widget-container\">\n\t\t\t\t\t<h2 class=\"elementor-heading-title elementor-size-default\">Study Visa FAQ - H\u00e4ufig gestellte Fragen zu Ihrem Stamp 2 Visum<\/h2>\t\t\t\t<\/div>\n\t\t\t\t<\/div>\n\t\t\t\t<div class=\"elementor-element elementor-element-f89037b elementor-widget elementor-widget-text-editor\" data-id=\"f89037b\" data-element_type=\"widget\" data-e-type=\"widget\" data-widget_type=\"text-editor.default\">\n\t\t\t\t<div class=\"elementor-widget-container\">\n\t\t\t\t\t\t\t\t\t\n<div class=\"schema-faq wp-block-yoast-faq-block\"><div class=\"schema-faq-section\" id=\"faq-question-1630581491104\"><strong class=\"schema-faq-question\">Was ist das irische Arbeitsstudienvisum Stamp 2?<\/strong> <p class=\"schema-faq-answer\">Das Studienvisum erm\u00f6glicht es Ihnen, <strong>6 Monate lang einen Sprachkurs in Irland zu belegen und insgesamt 8 Monate im Land zu bleiben<\/strong>. Dies ist eine gro\u00dfartige Gelegenheit, sowohl Ihr Englisch zu verbessern als auch Irland und die erstaunliche irische Kultur kennenzulernen.<br>Sie k\u00f6nnen bei uns in Everest 25 Wochen lang Englisch lernen (akademischer Kurs) und dann den Rest Ihrer Zeit nutzen, um Irland zu entdecken!<br>Aufgrund neuer Einwanderungsbestimmungen <g id=\"gid_1\">m\u00fcssen Sie<\/g> am Ende Ihres Kurses <g id=\"gid_1\">auch eine offizielle Pr\u00fcfung ablegen<\/g>. Bei Everest empfehlen wir Ihnen, die IELTS-Pr\u00fcfung zu buchen, da es sich um ein international anerkanntes Zertifikat handelt, das derzeit von den meisten Universit\u00e4ten verlangt wird. Wir sorgen daf\u00fcr, dass Sie die beste Note bekommen!   <br>W\u00e4hrend Ihres Aufenthalts in Irland k\u00f6nnen Sie auch Urlaub machen und im Land arbeiten. Die irische Einwanderungsbeh\u00f6rde hat diesbez\u00fcglich sehr klare Regeln. Vergewissern Sie sich also bitte, dass Sie die Regeln f\u00fcr das Arbeiten in Irland und das Beantragen von Urlaub w\u00e4hrend Ihres Kurses verstehen. Mehr dar\u00fcber k\u00f6nnen Sie unter den unten aufgef\u00fchrten Links nachlesen  <\/p> <\/div> <div class=\"schema-faq-section\" id=\"faq-question-1630581626602\"><strong class=\"schema-faq-question\">WO FANGE ICH AN? WIE BEKOMME ICH EIN STUDIENVISUM? <\/strong> <p class=\"schema-faq-answer\">F\u00fcr die Beantragung eines Studienvisums in Irland gelten f\u00fcr die einzelnen L\u00e4nder unterschiedliche Regeln. Bitte z\u00f6gern Sie nicht, uns zu kontaktieren, um weitere Informationen \u00fcber diesen Prozess zu erhalten. Wir verstehen, dass dies ein schwieriger Prozess sein kann und wir sind hier, um Ihnen dabei zu helfen.<br>N\u00fctzliche Links, die Sie bei der Vorbereitung Ihres n\u00e4chsten Abenteuers in Irland beachten sollten:  <br><strong><a href=\"http:\/\/www.icosirl.ie\/eng\/student_information.html\">Irischer Rat f\u00fcr internationale Studenten<\/a><\/strong> &#8211; Dort gibt es viele Informationen und Ratschl\u00e4ge f\u00fcr internationale Studenten und man hilft Ihnen gerne bei allen Fragen weiter, die Sie haben k\u00f6nnten.<br><br><strong>Irish Naturalisation and Immigration Service<\/strong> &#8211; Alle Regeln \u00fcber die verschiedenen Arten von Visa und die Anforderungen, die f\u00fcr alle von ihnen gelten.<\/p> <\/div> <div class=\"schema-faq-section\" id=\"faq-question-1630581703596\"><strong class=\"schema-faq-question\"><strong><em>Kann ich w\u00e4hrend meines Studiums in Irland arbeiten?<\/em><\/strong><br><\/strong> <p class=\"schema-faq-answer\">Studenten, die einen Vollzeitkurs besuchen und im Besitz eines GNIB-Ausweises sind, sind berechtigt, eine Gelegenheitsarbeit anzunehmen, sofern der Studiengang <a href=\"https:\/\/www.internationalstudents.ie\/\">auf der Liste der visumspflichtigen Kurse der Regierung aufgef\u00fchrt<\/a> ist. Gelegenheitsarbeit ist definiert als eine Teilzeitbesch\u00e4ftigung von bis zu 20 Stunden pro Woche, mit Ausnahme von zwei standardisierten Zeitr\u00e4umen, in denen eine Vollzeitbesch\u00e4ftigung (d.h. bis zu 40 Stunden pro Woche) zul\u00e4ssig ist. Diese Zeitr\u00e4ume sind der 15. Dezember bis zum 15. Januar und der 1. Mai bis zum 31. August, was den traditionellen Sommer- und Winterferien der Hochschulen entspricht. Diese Daten sind f\u00fcr alle Nicht-EWR-Studenten festgelegt, unabh\u00e4ngig vom tats\u00e4chlichen Lehrkalender der Hochschule f\u00fcr ihren Kurs. Die Colleges k\u00f6nnen keine Urlaubsbriefe mehr ausstellen, die einen Studenten au\u00dferhalb dieser Zeiten als f\u00fcr eine Vollzeitbesch\u00e4ftigung verf\u00fcgbar ausweisen.<br>Das Recht auf Arbeit erlischt automatisch mit dem Ablauf der Einwanderungserlaubnis eines Studenten, mit Ausnahme einer Verl\u00e4ngerung von bis zu 12 Monaten, die f\u00fcr Absolventen der dritten Stufe m\u00f6glich ist.    <br><\/p> <\/div> <div class=\"schema-faq-section\" id=\"faq-question-1630581759516\"><strong class=\"schema-faq-question\"><strong><em>Brauche ich eine Krankenversicherung?<\/em><\/strong><br><\/strong> <p class=\"schema-faq-answer\">Die irische Einwanderungsbeh\u00f6rde verlangt, dass alle Studenten, die nicht aus dem EWR stammen, zumindest eine Basisversicherung f\u00fcr medizinische Notf\u00e4lle abschlie\u00dfen, z.B. f\u00fcr den Fall eines Unfalls, der einen Krankenhausaufenthalt erfordert. Der Nachweis der Versicherung wird bei der Anmeldung bei der Einwanderungsbeh\u00f6rde verlangt. F\u00fcr Kurzzeitstudenten kann unter Umst\u00e4nden eine Reiseversicherung ausreichen  <br><\/p> <\/div> <div class=\"schema-faq-section\" id=\"faq-question-1630581780462\"><strong class=\"schema-faq-question\"><strong><em>Welche Art von Unterrichtspl\u00e4nen, Stundenpl\u00e4nen und Einrichtungen kann ich f\u00fcr einen 25-w\u00f6chigen Kurs erwarten?<\/em><\/strong><br><\/strong> <p class=\"schema-faq-answer\">Alle 25-w\u00f6chigen Englischkurse f\u00fcr Nicht-EWR-Studenten m\u00fcssen an mindestens 4 Tagen pro Woche von Montag bis Freitag zwischen 9 Uhr und 17 Uhr stattfinden. Der Unterricht muss mindestens 15 Stunden (ohne Pausen) dauern, d.h. mindestens 15 x 60 Minuten.<br>Nicht-EWR-Studenten m\u00fcssen zu Beginn des Kurses einen Stundenplan erhalten, in dem die Unterrichtszeiten, Tage und Ferienzeiten aufgef\u00fchrt sind. Alle 25 Unterrichtswochen m\u00fcssen innerhalb eines Zeitraums von 7 Monaten absolviert werden. Ein Student muss seinen Stundenplan vorlegen, wenn er sich f\u00fcr eine GNIB-Karte anmeldet. Die Schule kann den Stundenplan eines Sch\u00fclers nicht \u00e4ndern und ein Sch\u00fcler kann nicht die Klasse oder die Unterrichtszeiten wechseln.<br>Die Schulen m\u00fcssen eine Sch\u00fclerbibliothek \/ ein Ressourcenzentrum bereitstellen, das f\u00fcr die maximale Anzahl von Sch\u00fclern geeignet ist.    <\/p> <\/div> <div class=\"schema-faq-section\" id=\"faq-question-1630581814288\"><strong class=\"schema-faq-question\"><strong><em>Kann ich w\u00e4hrend des Kurses Urlaub machen?<\/em><\/strong><\/strong> <p class=\"schema-faq-answer\">Die Einwanderungsbestimmungen besagen, dass keine Ferien oder Pausen erlaubt sind, die nicht Teil des Stundenplans eines Studenten sind, au\u00dfer bei nachgewiesener Krankheit oder einem Trauerfall in der Familie. Vor dem Beginn des Unterrichts kann kein Urlaub gew\u00e4hrt werden. Es gibt bestimmte Zeitr\u00e4ume, in denen Nicht-EWR-Studenten im Winter und im Sommer Vollzeit <g id=\"gid_0\">arbeiten<\/g> k\u00f6nnen. Die Schulen sind nicht verpflichtet, die Ferien auf diese Daten abzustimmen.   <\/p> <\/div> <div class=\"schema-faq-section\" id=\"faq-question-1630581845244\"><strong class=\"schema-faq-question\"><strong><em>Muss ich im Rahmen meines Kurses eine Pr\u00fcfung ablegen?<\/em><\/strong><br><\/strong> <p class=\"schema-faq-answer\">Gem\u00e4\u00df den Bestimmungen, die am 20. Januar 2016 in Kraft getreten sind, m\u00fcssen alle Kurse f\u00fcr Nicht-EWR-Staatsangeh\u00f6rige mit einem Studentenvisum mit einer Pr\u00fcfung abgeschlossen werden, die den Einwanderungsanforderungen entspricht. Nicht-EWR-Studenten m\u00fcssen sich zu Beginn des Kurses zur Pr\u00fcfung verpflichten. Alle eingeschriebenen Studenten m\u00fcssen bei Kursbeginn bei der Vergabestelle registriert sein.<br>Die Regeln listen verschiedene Pr\u00fcfungsanbieter auf, die akzeptiert werden &#8211; darunter TIE, ETAPP, Cambridge, IELTS, Pearson, Integrated Skills in English. Eine genaue Liste der Pr\u00fcfungen und Mindestpunktzahlen finden Sie auf den Seiten 6-7 der neuen Bestimmungen.   <br><\/p> <\/div> <div class=\"schema-faq-section\" id=\"faq-question-1630581876426\"><strong class=\"schema-faq-question\"><strong><em>Wie lauten die Anwesenheitsregeln f\u00fcr englischsprachige Studenten?<\/em><\/strong><br><\/strong> <p class=\"schema-faq-answer\">Die Einwanderungsbeh\u00f6rde (INIS) erwartet, dass Studenten eine Anwesenheit von mindestens 85% vorweisen k\u00f6nnen, wenn sie eine Verl\u00e4ngerung ihrer Einwanderungsgenehmigung beantragen. Nur die Einwanderungsbeh\u00f6rde kann entscheiden, ob ein Student mit einer niedrigeren Anwesenheitsquote eine Verl\u00e4ngerung beantragen kann. <br><\/p> <\/div> <\/div>\n\t\t\t\t\t\t\t\t<\/div>\n\t\t\t\t<\/div>\n\t\t\t\t\t<\/div>\n\t\t<\/div>\n\t\t\t\t\t<\/div>\n\t\t<\/section>\n\t\t\t\t<section class=\"elementor-section elementor-top-section elementor-element elementor-element-8def289 elementor-section-height-min-height elementor-reverse-mobile elementor-reverse-tablet elementor-section-boxed elementor-section-height-default elementor-section-items-middle\" data-id=\"8def289\" data-element_type=\"section\" data-e-type=\"section\" data-settings=\"{&quot;background_background&quot;:&quot;classic&quot;}\">\n\t\t\t\t\t\t\t<div class=\"elementor-background-overlay\"><\/div>\n\t\t\t\t\t\t\t<div class=\"elementor-container elementor-column-gap-default\">\n\t\t\t\t\t<div class=\"elementor-column elementor-col-100 elementor-top-column elementor-element elementor-element-5b54da1\" data-id=\"5b54da1\" data-element_type=\"column\" data-e-type=\"column\">\n\t\t\t<div class=\"elementor-widget-wrap elementor-element-populated\">\n\t\t\t\t\t\t<div class=\"elementor-element elementor-element-084d53b elementor-widget elementor-widget-heading\" data-id=\"084d53b\" data-element_type=\"widget\" data-e-type=\"widget\" data-widget_type=\"heading.default\">\n\t\t\t\t<div class=\"elementor-widget-container\">\n\t\t\t\t\t<h2 class=\"elementor-heading-title elementor-size-default\">Wenn Sie weitere Fragen haben, wenden Sie sich bitte an uns<\/h2>\t\t\t\t<\/div>\n\t\t\t\t<\/div>\n\t\t\t\t<div class=\"elementor-element elementor-element-2efe70f elementor-widget elementor-widget-shortcode\" data-id=\"2efe70f\" data-element_type=\"widget\" data-e-type=\"widget\" data-widget_type=\"shortcode.default\">\n\t\t\t\t<div class=\"elementor-widget-container\">\n\t\t\t\t\t\t\t<div class=\"elementor-shortcode\">\n<div class=\"wpcf7 no-js\" id=\"wpcf7-f94012-o1\" lang=\"de-DE\" dir=\"ltr\" data-wpcf7-id=\"94012\">\n<div class=\"screen-reader-response\"><p role=\"status\" aria-live=\"polite\" aria-atomic=\"true\"><\/p> <ul><\/ul><\/div>\n<form action=\"\/de\/wp-json\/wp\/v2\/pages\/92583#wpcf7-f94012-o1\" method=\"post\" class=\"wpcf7-form init\" aria-label=\"Kontaktformular\" novalidate=\"novalidate\" data-status=\"init\">\n<div style=\"display: none;\">\n<input type=\"hidden\" name=\"_wpcf7\" value=\"94012\" \/>\n<input type=\"hidden\" name=\"_wpcf7_version\" value=\"6.0.4\" \/>\n<input type=\"hidden\" name=\"_wpcf7_locale\" value=\"de_DE\" \/>\n<input type=\"hidden\" name=\"_wpcf7_unit_tag\" value=\"wpcf7-f94012-o1\" \/>\n<input type=\"hidden\" name=\"_wpcf7_container_post\" value=\"0\" \/>\n<input type=\"hidden\" name=\"_wpcf7_posted_data_hash\" value=\"\" \/>\n<input type=\"hidden\" name=\"_wpcf7_recaptcha_response\" value=\"\" \/>\n<\/div>\n<p>Ihr Name (erforderlich)<br \/>\n<span class=\"wpcf7-form-control-wrap\" data-name=\"your-name\"><input size=\"40\" maxlength=\"400\" class=\"wpcf7-form-control wpcf7-text wpcf7-validates-as-required\" aria-required=\"true\" aria-invalid=\"false\" value=\"\" type=\"text\" name=\"your-name\" \/><\/span>\n<\/p>\n<p>Ihre E-Mail (erforderlich)<br \/>\n<span class=\"wpcf7-form-control-wrap\" data-name=\"your-email\"><input size=\"40\" maxlength=\"400\" class=\"wpcf7-form-control wpcf7-email wpcf7-validates-as-required wpcf7-text wpcf7-validates-as-email\" aria-required=\"true\" aria-invalid=\"false\" value=\"\" type=\"email\" name=\"your-email\" \/><\/span>\n<\/p>\n<p>Ihre Nachricht<br \/>\n<span class=\"wpcf7-form-control-wrap\" data-name=\"your-message\"><textarea cols=\"40\" rows=\"10\" maxlength=\"2000\" class=\"wpcf7-form-control wpcf7-textarea\" aria-invalid=\"false\" name=\"your-message\"><\/textarea><\/span>\n<\/p>\n<p><input type=\"hidden\" name=\"_wpcf7_captcha_challenge_captcha-372\" value=\"1267370745\" \/><img decoding=\"async\" class=\"wpcf7-form-control wpcf7-captchac wpcf7-captcha-captcha-372 lazyload\" width=\"72\" height=\"24\" alt=\"captcha\" data-src=\"https:\/\/everestlanguageschool.com\/wp-content\/uploads\/wpcf7_captcha\/1267370745.png\" src=\"data:image\/gif;base64,R0lGODlhAQABAAAAACH5BAEKAAEALAAAAAABAAEAAAICTAEAOw==\" style=\"--smush-placeholder-width: 72px; --smush-placeholder-aspect-ratio: 72\/24;\" \/><span class=\"wpcf7-form-control-wrap\" data-name=\"captcha-372\"><input size=\"40\" class=\"wpcf7-form-control wpcf7-captchar\" autocomplete=\"off\" aria-invalid=\"false\" value=\"\" type=\"text\" name=\"captcha-372\" \/><\/span>\n<\/p>\n<p><a href=\"\/\/docs.google.com\/document\/u\/1\/d\/e\/2PACX-1vQEw6fdI_2soxDW8l-rO2nlrUEXzTrTIO0Y-gKpEyQwpk4F1t8eBzeOac8nd2vCEIw1kwImwlbsSogJ\/pub\">Datenschutzbestimmungen:<\/a><span class=\"wpcf7-form-control-wrap\" data-name=\"checkbox-868\"><span class=\"wpcf7-form-control wpcf7-checkbox wpcf7-validates-as-required\"><span class=\"wpcf7-list-item first last\"><span class=\"wpcf7-list-item-label\">Ich habe die Datenschutzrichtlinien von Everest verstanden und m\u00f6chte Werbematerial von der Schule erhalten.<\/span><input type=\"checkbox\" name=\"checkbox-868[]\" value=\"Ich habe die Datenschutzrichtlinien von Everest verstanden und m\u00f6chte Werbematerial von der Schule erhalten.\" \/><\/span><\/span><\/span>\n<\/p>\n<input class=\"wpcf7-form-control wpcf7-hidden\" value=\"\" type=\"hidden\" name=\"page_source\" \/>\n<input class=\"wpcf7-form-control wpcf7-hidden\" value=\"\" type=\"hidden\" name=\"traffic_source\" \/>\n<p><input class=\"wpcf7-form-control wpcf7-submit has-spinner\" type=\"submit\" value=\"Senden\" \/>\n<\/p><div class=\"wpcf7-response-output\" aria-hidden=\"true\"><\/div>\n<\/form>\n<\/div>\n<\/div>\n\t\t\t\t\t\t<\/div>\n\t\t\t\t<\/div>\n\t\t\t\t\t<\/div>\n\t\t<\/div>\n\t\t\t\t\t<\/div>\n\t\t<\/section>\n\t\t\t\t<\/div>\n\t\t","protected":false},"excerpt":{"rendered":"<p>Study Visa FAQ &#8211; H\u00e4ufig gestellte Fragen zu Ihrem Stamp 2 Visum Was ist das irische Arbeitsstudienvisum Stamp 2? Das Studienvisum erm\u00f6glicht es Ihnen, 6 Monate lang einen Sprachkurs in Irland zu belegen und insgesamt 8 Monate im Land zu bleiben. Dies ist eine gro\u00dfartige Gelegenheit, sowohl Ihr Englisch zu verbessern als auch Irland und &hellip;<\/p>\n<p class=\"read-more\"> <a class=\"\" href=\"https:\/\/everestlanguageschool.com\/de\/studienvisum-in-irland-faqs\/\"> <span class=\"screen-reader-text\">Studienvisum in Irland &#8211; FAQs<\/span> Weiterlesen &raquo;<\/a><\/p>\n","protected":false},"author":1,"featured_media":0,"parent":0,"menu_order":0,"comment_status":"closed","ping_status":"closed","template":"","meta":{"inline_featured_image":false,"site-sidebar-layout":"default","site-content-layout":"default","ast-global-header-display":"","ast-main-header-display":"","ast-hfb-above-header-display":"","ast-hfb-below-header-display":"","ast-hfb-mobile-header-display":"","site-post-title":"","ast-breadcrumbs-content":"","ast-featured-img":"","footer-sml-layout":"","theme-transparent-header-meta":"default","adv-header-id-meta":"","stick-header-meta":"","header-above-stick-meta":"","header-main-stick-meta":"","header-below-stick-meta":"","footnotes":""},"categories":[],"tags":[],"class_list":["post-92583","page","type-page","status-publish","hentry"],"_links":{"self":[{"href":"https:\/\/everestlanguageschool.com\/de\/wp-json\/wp\/v2\/pages\/92583","targetHints":{"allow":["GET"]}}],"collection":[{"href":"https:\/\/everestlanguageschool.com\/de\/wp-json\/wp\/v2\/pages"}],"about":[{"href":"https:\/\/everestlanguageschool.com\/de\/wp-json\/wp\/v2\/types\/page"}],"author":[{"embeddable":true,"href":"https:\/\/everestlanguageschool.com\/de\/wp-json\/wp\/v2\/users\/1"}],"replies":[{"embeddable":true,"href":"https:\/\/everestlanguageschool.com\/de\/wp-json\/wp\/v2\/comments?post=92583"}],"version-history":[{"count":3,"href":"https:\/\/everestlanguageschool.com\/de\/wp-json\/wp\/v2\/pages\/92583\/revisions"}],"predecessor-version":[{"id":92590,"href":"https:\/\/everestlanguageschool.com\/de\/wp-json\/wp\/v2\/pages\/92583\/revisions\/92590"}],"wp:attachment":[{"href":"https:\/\/everestlanguageschool.com\/de\/wp-json\/wp\/v2\/media?parent=92583"}],"wp:term":[{"taxonomy":"category","embeddable":true,"href":"https:\/\/everestlanguageschool.com\/de\/wp-json\/wp\/v2\/categories?post=92583"},{"taxonomy":"post_tag","embeddable":true,"href":"https:\/\/everestlanguageschool.com\/de\/wp-json\/wp\/v2\/tags?post=92583"}],"curies":[{"name":"wp","href":"https:\/\/api.w.org\/{rel}","templated":true}]}}