{"id":10036,"date":"2015-03-16T12:46:01","date_gmt":"2015-03-16T12:46:01","guid":{"rendered":"https:\/\/everestlanguageschool.com\/english-course-dublin-2\/"},"modified":"2018-12-19T14:29:04","modified_gmt":"2018-12-19T14:29:04","slug":"curso-de-ingles-en-dublin","status":"publish","type":"page","link":"https:\/\/everestlanguageschool.com\/es\/curso-de-ingles-en-dublin\/","title":{"rendered":"CURSO DE INGL\u00c9S EN DUBL\u00cdN"},"content":{"rendered":"<p>[vc_row][vc_column][vc_empty_space height=\u00bb25px\u00bb][\/vc_column][\/vc_row][vc_row][vc_column][vc_column_text]<\/p>\n<h1 style=\"color: #7cb1e5; text-align: center;\"><strong>TU CURSO DE INGL\u00c9S EN DUBL\u00cdN<br \/>\n<\/strong><\/h1>\n<p style=\"text-align: center;\">Cursos de Ingl\u00e9s en Dubl\u00edn: En Everest utilizamos el m\u00e9todo comunicativo en todos nuestros cursos. Todos nuestros profesores tienen a\u00f1os de experiencia ense\u00f1ando ingl\u00e9s y preparando a estudiantes para ex\u00e1menes oficiales (FCE, CAE e IELTS). Nuestros cursos est\u00e1n divididos en dos grupos: ingl\u00e9s general y otros enfocados a la preparaci\u00f3n de examen. En Everest queremos que encuentres el curso que mejor se adapta a tus necesidades, por favor no dudes en solicitar m\u00e1s informaci\u00f3n, estamos aqu\u00ed para ayudar y contestar cualquier pregunta que tengas.<\/p>\n<p>[\/vc_column_text][vc_separator][\/vc_column][\/vc_row][vc_row][vc_column width=\u00bb1\/4&#8243;][vc_single_image image=\u00bb17903&#8243; img_size=\u00bbmedium\u00bb alignment=\u00bbcenter\u00bb style=\u00bbvc_box_rounded\u00bb][vc_column_text]<strong>INGL\u00c9S GENERAL 20 Horas<\/strong><\/p>\n<ol>\n<li style=\"font-weight: 400;\"><span style=\"font-weight: 400;\">Lunes a Viernes (9:00 a 13:10)<\/span><\/li>\n<li style=\"font-weight: 400;\"><span style=\"font-weight: 400;\">Practica gram\u00e1tica, vocabulario, audici\u00f3n, lectura, comunicaci\u00f3n verbal y escrita. <\/span><\/li>\n<li style=\"font-weight: 400;\"><span style=\"font-weight: 400;\">Aprende ingl\u00e9s aplicable a situaciones reales. <\/span><\/li>\n<li style=\"font-weight: 400;\"><span style=\"font-weight: 400;\">Clases din\u00e1micas e interactivas<\/span><\/li>\n<\/ol>\n<p>[\/vc_column_text][vc_button2 title=\u00bbMe gustar\u00eda este curso\u00bb color=\u00bbsky\u00bb link=\u00bburl:http%3A%2F%2Feverestlanguageschool.com%2Fbook-now%2F||\u00bb][\/vc_column][vc_column width=\u00bb1\/4&#8243;][vc_single_image image=\u00bb17898&#8243; img_size=\u00bbmedium\u00bb alignment=\u00bbcenter\u00bb style=\u00bbvc_box_rounded\u00bb][vc_column_text]<strong>AFTERNOON GENERAL ENGLISH 15 Hours<\/strong><\/p>\n<ol>\n<li>Monday to Friday (1.50pm to 5pm)<\/li>\n<li>Improve all skills: grammar, listening, reading, writing and vocabulary<\/li>\n<li>Learn useful English for real life situations<\/li>\n<li>Dynamic and interactive classes<\/li>\n<\/ol>\n<p>[\/vc_column_text][vc_button2 title=\u00bbMe gustar\u00eda este curso\u00bb color=\u00bbsky\u00bb link=\u00bburl:http%3A%2F%2Feverestlanguageschool.com%2Fbook-now%2F||\u00bb][\/vc_column][vc_column width=\u00bb1\/4&#8243;][vc_single_image image=\u00bb17902&#8243; img_size=\u00bbmedium\u00bb alignment=\u00bbcenter\u00bb style=\u00bbvc_box_rounded\u00bb][vc_column_text]<strong>INGL\u00c9S GENERAL INTENSIVO 26 Horas<br \/>\n<\/strong><\/p>\n<ol>\n<li style=\"font-weight: 400;\"><span style=\"font-weight: 400;\">Lunes a Viernes (9:00 a 13:10) + Lunes a Mi\u00e9rcoles (13:50 a 17:00)<\/span><\/li>\n<li style=\"font-weight: 400;\"><span style=\"font-weight: 400;\">Practica gram\u00e1tica, vocabulario, audici\u00f3n, lectura, comunicaci\u00f3n verbal y escrita. <\/span><\/li>\n<li style=\"font-weight: 400;\"><span style=\"font-weight: 400;\">Perfecto para cortas estancias<\/span><\/li>\n<\/ol>\n<p>[\/vc_column_text][vc_empty_space height=\u00bb20px\u00bb][vc_button2 title=\u00bbMe gustar\u00eda este curso\u00bb color=\u00bbsky\u00bb link=\u00bburl:http%3A%2F%2Feverestlanguageschool.com%2Fbook-now%2F||\u00bb][\/vc_column][vc_column width=\u00bb1\/4&#8243;][vc_single_image image=\u00bb17901&#8243; img_size=\u00bbmedium\u00bb alignment=\u00bbcenter\u00bb style=\u00bbvc_box_rounded\u00bb][vc_column_text]<strong>PREP.\u00a0EXAMEN INTENSIVO 26 Horas<br \/>\n<\/strong><\/p>\n<ol>\n<li style=\"font-weight: 400;\"><span style=\"font-weight: 400;\">Lunes a Viernes (9:00 a 13:10) + 2 dias (13:50 a 17:00)<\/span><\/li>\n<li style=\"font-weight: 400;\"><span style=\"font-weight: 400;\">Preparaci\u00f3n para IELTS, CAE, FCE o PET <\/span><\/li>\n<li style=\"font-weight: 400;\"><span style=\"font-weight: 400;\">Seis horas extra completamente enfocadas en el examen.<\/span><\/li>\n<\/ol>\n<p>[\/vc_column_text][vc_empty_space height=\u00bb20px\u00bb][vc_button2 title=\u00bbMe gustar\u00eda este curso\u00bb color=\u00bbsky\u00bb link=\u00bburl:http%3A%2F%2Feverestlanguageschool.com%2Fbook-now%2F||\u00bb][\/vc_column][\/vc_row][vc_row][vc_column][vc_empty_space height=\u00bb35px\u00bb][\/vc_column][\/vc_row][vc_row][vc_column width=\u00bb1\/4&#8243;][vc_single_image image=\u00bb17904&#8243; img_size=\u00bbmedium\u00bb alignment=\u00bbcenter\u00bb style=\u00bbvc_box_rounded\u00bb][vc_column_text]<b>AFTERNOON CAMBRIDGE<\/b><b>\u00a06 Hours<\/b><\/p>\n<ol>\n<li>Monday &amp; Wednesday (1.50pm to 5pm)<\/li>\n<li>Learn useful skills and strategies needed for the Cambridge writing, reading, listening and speaking<\/li>\n<\/ol>\n<p>[\/vc_column_text][vc_empty_space height=\u00bb40px\u00bb][vc_button2 title=\u00bbMe gustar\u00eda este curso\u00bb color=\u00bbsky\u00bb link=\u00bburl:http%3A%2F%2Feverestlanguageschool.com%2Fbook-now%2F||\u00bb][\/vc_column][vc_column width=\u00bb1\/4&#8243;][vc_single_image image=\u00bb17905&#8243; img_size=\u00bbmedium\u00bb alignment=\u00bbcenter\u00bb style=\u00bbvc_box_rounded\u00bb][vc_column_text]<strong>AFTERNOON IELTS 6 Hours<\/strong><\/p>\n<ol>\n<li>Tuesday &amp; Thursday (1.50pm to 5pm)<\/li>\n<li>Learn\u00a0about the techniques you will need for the IELTS writing, reading, listening and speaking<\/li>\n<\/ol>\n<p>[\/vc_column_text][vc_empty_space height=\u00bb40px\u00bb][vc_button2 title=\u00bbMe gustar\u00eda este curso\u00bb color=\u00bbsky\u00bb link=\u00bburl:http%3A%2F%2Feverestlanguageschool.com%2Fbook-now%2F||\u00bb][\/vc_column][vc_column width=\u00bb1\/4&#8243;][vc_single_image image=\u00bb19194&#8243; img_size=\u00bbmedium\u00bb alignment=\u00bbcenter\u00bb style=\u00bbvc_box_rounded\u00bb][vc_column_text]<strong>EVENING GENERAL ENGLISH 4 Hours<\/strong><\/p>\n<ol>\n<li>Tuesdays &amp; Thursdays (6.30pm to 8.30pm)<\/li>\n<li>Improve all skills: grammar, listening, reading, writing and vocabulary<\/li>\n<li>Learn useful English for real life situations<\/li>\n<li>Dynamic and interactive classes<\/li>\n<\/ol>\n<p>[\/vc_column_text][vc_empty_space height=\u00bb20px\u00bb][vc_button2 title=\u00bbMe gustar\u00eda este curso\u00bb color=\u00bbsky\u00bb link=\u00bburl:http%3A%2F%2Feverestlanguageschool.com%2Fbook-now%2F||\u00bb][\/vc_column][vc_column width=\u00bb1\/4&#8243;][vc_single_image image=\u00bb17899&#8243; img_size=\u00bbmedium\u00bb alignment=\u00bbcenter\u00bb style=\u00bbvc_box_rounded\u00bb][vc_column_text]<strong>EVENING IELTS 6 hours<\/strong><\/p>\n<ol>\n<li>Tuesday to Thursday (6.30pm to 8.30pm)<\/li>\n<li>Learn\u00a0about the techniques you will need for the IELTS writing, reading, listening and speaking<\/li>\n<\/ol>\n<p>[\/vc_column_text][vc_empty_space height=\u00bb20px\u00bb][vc_button2 title=\u00bbMe gustar\u00eda este curso\u00bb color=\u00bbsky\u00bb link=\u00bburl:http%3A%2F%2Feverestlanguageschool.com%2Fbook-now%2F||\u00bb][\/vc_column][\/vc_row][vc_row][vc_column][vc_empty_space height=\u00bb42px\u00bb][vc_empty_space height=\u00bb20px\u00bb][\/vc_column][\/vc_row][vc_row css=\u00bb.vc_custom_1426508985708{background-color: #f4f4f4 !important;}\u00bb][vc_column width=\u00bb2\/3&#8243;][vc_empty_space][vc_video link=\u00bbhttps:\/\/www.youtube.com\/watch?v=GqENI7QtvCY\u00bb][\/vc_column][vc_column width=\u00bb1\/3&#8243;][vc_empty_space][vc_empty_space]\n<div class=\"wpcf7 no-js\" id=\"wpcf7-f10046-o1\" lang=\"es-ES\" dir=\"ltr\" data-wpcf7-id=\"10046\">\n<div class=\"screen-reader-response\"><p role=\"status\" aria-live=\"polite\" aria-atomic=\"true\"><\/p> <ul><\/ul><\/div>\n<form action=\"\/es\/wp-json\/wp\/v2\/pages\/10036#wpcf7-f10046-o1\" method=\"post\" class=\"wpcf7-form init\" aria-label=\"Formulario de contacto\" novalidate=\"novalidate\" data-status=\"init\">\n<div style=\"display: none;\">\n<input type=\"hidden\" name=\"_wpcf7\" value=\"10046\" \/>\n<input type=\"hidden\" name=\"_wpcf7_version\" value=\"6.0.4\" \/>\n<input type=\"hidden\" name=\"_wpcf7_locale\" value=\"es_ES\" \/>\n<input type=\"hidden\" name=\"_wpcf7_unit_tag\" value=\"wpcf7-f10046-o1\" \/>\n<input type=\"hidden\" name=\"_wpcf7_container_post\" value=\"0\" \/>\n<input type=\"hidden\" name=\"_wpcf7_posted_data_hash\" value=\"\" \/>\n<input type=\"hidden\" name=\"_wpcf7_recaptcha_response\" value=\"\" \/>\n<\/div>\n<h4>M\u00c1S INFORMACI\u00d3N SOBRE NUESTROS CURSOS DE INGL\u00c9S\n<\/h4>\n<p>Nombre (necesario)\n<\/p>\n<p><span class=\"wpcf7-form-control-wrap\" data-name=\"your-name\"><input size=\"40\" maxlength=\"400\" class=\"wpcf7-form-control wpcf7-text wpcf7-validates-as-required\" aria-required=\"true\" aria-invalid=\"false\" value=\"\" type=\"text\" name=\"your-name\" \/><\/span>\n<\/p>\n<p>Email (necesario)\n<\/p>\n<p><span class=\"wpcf7-form-control-wrap\" data-name=\"your-email\"><input size=\"40\" maxlength=\"400\" class=\"wpcf7-form-control wpcf7-email wpcf7-validates-as-required wpcf7-text wpcf7-validates-as-email\" aria-required=\"true\" aria-invalid=\"false\" value=\"\" type=\"email\" name=\"your-email\" \/><\/span>\n<\/p>\n<p><input class=\"wpcf7-form-control wpcf7-submit has-spinner\" type=\"submit\" value=\"Recibe m\u00e1s informaci\u00f3n\" \/>\n<\/p><div class=\"wpcf7-response-output\" aria-hidden=\"true\"><\/div>\n<\/form>\n<\/div>\n[\/vc_column][\/vc_row][vc_row css=\u00bb.vc_custom_1426508985708{background-color: #f4f4f4 !important;}\u00bb][vc_column width=\u00bb1\/2&#8243;][vc_empty_space][\/vc_column][vc_column width=\u00bb1\/2&#8243;][vc_empty_space][\/vc_column][\/vc_row][vc_column][vc_column_text]<br \/>\n[\/vc_column_text][\/vc_column]<\/p>\n","protected":false},"excerpt":{"rendered":"<p>[vc_row][vc_column][vc_empty_space height=\u00bb25px\u00bb][\/vc_column][\/vc_row][vc_row][vc_column][vc_column_text] TU CURSO DE INGL\u00c9S EN DUBL\u00cdN Cursos de Ingl\u00e9s en Dubl\u00edn: En Everest utilizamos el m\u00e9todo comunicativo en todos nuestros cursos. Todos nuestros profesores tienen a\u00f1os de experiencia ense\u00f1ando ingl\u00e9s y preparando a estudiantes para ex\u00e1menes oficiales (FCE, CAE e IELTS). Nuestros cursos est\u00e1n divididos en dos grupos: ingl\u00e9s general y otros enfocados &hellip;<\/p>\n<p class=\"read-more\"> <a class=\"\" href=\"https:\/\/everestlanguageschool.com\/es\/curso-de-ingles-en-dublin\/\"> <span class=\"screen-reader-text\">CURSO DE INGL\u00c9S EN DUBL\u00cdN<\/span> Leer m\u00e1s &raquo;<\/a><\/p>\n","protected":false},"author":1,"featured_media":0,"parent":0,"menu_order":0,"comment_status":"open","ping_status":"open","template":"page-fullwidth.php","meta":{"inline_featured_image":false,"site-sidebar-layout":"default","site-content-layout":"default","ast-global-header-display":"","ast-main-header-display":"","ast-hfb-above-header-display":"","ast-hfb-below-header-display":"","ast-hfb-mobile-header-display":"","site-post-title":"","ast-breadcrumbs-content":"","ast-featured-img":"","footer-sml-layout":"","theme-transparent-header-meta":"","adv-header-id-meta":"","stick-header-meta":"","header-above-stick-meta":"","header-main-stick-meta":"","header-below-stick-meta":"","footnotes":""},"categories":[],"tags":[],"class_list":["post-10036","page","type-page","status-publish","hentry"],"_links":{"self":[{"href":"https:\/\/everestlanguageschool.com\/es\/wp-json\/wp\/v2\/pages\/10036","targetHints":{"allow":["GET"]}}],"collection":[{"href":"https:\/\/everestlanguageschool.com\/es\/wp-json\/wp\/v2\/pages"}],"about":[{"href":"https:\/\/everestlanguageschool.com\/es\/wp-json\/wp\/v2\/types\/page"}],"author":[{"embeddable":true,"href":"https:\/\/everestlanguageschool.com\/es\/wp-json\/wp\/v2\/users\/1"}],"replies":[{"embeddable":true,"href":"https:\/\/everestlanguageschool.com\/es\/wp-json\/wp\/v2\/comments?post=10036"}],"version-history":[{"count":5,"href":"https:\/\/everestlanguageschool.com\/es\/wp-json\/wp\/v2\/pages\/10036\/revisions"}],"predecessor-version":[{"id":23346,"href":"https:\/\/everestlanguageschool.com\/es\/wp-json\/wp\/v2\/pages\/10036\/revisions\/23346"}],"wp:attachment":[{"href":"https:\/\/everestlanguageschool.com\/es\/wp-json\/wp\/v2\/media?parent=10036"}],"wp:term":[{"taxonomy":"category","embeddable":true,"href":"https:\/\/everestlanguageschool.com\/es\/wp-json\/wp\/v2\/categories?post=10036"},{"taxonomy":"post_tag","embeddable":true,"href":"https:\/\/everestlanguageschool.com\/es\/wp-json\/wp\/v2\/tags?post=10036"}],"curies":[{"name":"wp","href":"https:\/\/api.w.org\/{rel}","templated":true}]}}