{"id":83257,"date":"2015-06-08T17:29:57","date_gmt":"2015-06-08T17:29:57","guid":{"rendered":"https:\/\/everestlanguageschool.com\/booking\/"},"modified":"2025-09-24T13:13:44","modified_gmt":"2025-09-24T13:13:44","slug":"reservar","status":"publish","type":"page","link":"https:\/\/everestlanguageschool.com\/es\/reservar\/","title":{"rendered":"Reserva"},"content":{"rendered":"\t\t<div data-elementor-type=\"wp-page\" data-elementor-id=\"83257\" class=\"elementor elementor-83257 elementor-6358\" data-elementor-post-type=\"page\">\n\t\t\t\t\t\t<section class=\"elementor-section elementor-top-section elementor-element elementor-element-5dbf2c1 elementor-section-height-min-height elementor-section-content-middle elementor-section-boxed elementor-section-height-default elementor-section-items-middle\" data-id=\"5dbf2c1\" data-element_type=\"section\" data-e-type=\"section\" data-settings=\"{&quot;background_background&quot;:&quot;classic&quot;,&quot;background_motion_fx_motion_fx_scrolling&quot;:&quot;yes&quot;,&quot;background_motion_fx_translateY_effect&quot;:&quot;yes&quot;,&quot;background_motion_fx_translateY_speed&quot;:{&quot;unit&quot;:&quot;px&quot;,&quot;size&quot;:2,&quot;sizes&quot;:[]},&quot;motion_fx_motion_fx_scrolling&quot;:&quot;yes&quot;,&quot;background_motion_fx_translateY_affectedRange&quot;:{&quot;unit&quot;:&quot;%&quot;,&quot;size&quot;:&quot;&quot;,&quot;sizes&quot;:{&quot;start&quot;:0,&quot;end&quot;:100}},&quot;background_motion_fx_devices&quot;:[&quot;desktop&quot;,&quot;tablet&quot;,&quot;mobile&quot;],&quot;motion_fx_devices&quot;:[&quot;desktop&quot;,&quot;tablet&quot;,&quot;mobile&quot;]}\">\n\t\t\t\t\t\t\t<div class=\"elementor-background-overlay\"><\/div>\n\t\t\t\t\t\t\t<div class=\"elementor-container elementor-column-gap-default\">\n\t\t\t\t\t<div class=\"elementor-column elementor-col-100 elementor-top-column elementor-element elementor-element-50c7dd2\" data-id=\"50c7dd2\" data-element_type=\"column\" data-e-type=\"column\" data-settings=\"{&quot;background_background&quot;:&quot;classic&quot;}\">\n\t\t\t<div class=\"elementor-widget-wrap elementor-element-populated\">\n\t\t\t\t\t\t<section class=\"elementor-section elementor-inner-section elementor-element elementor-element-8fd1c70 elementor-section-full_width elementor-section-height-default elementor-section-height-default\" data-id=\"8fd1c70\" data-element_type=\"section\" data-e-type=\"section\">\n\t\t\t\t\t\t<div class=\"elementor-container elementor-column-gap-default\">\n\t\t\t\t\t<div class=\"elementor-column elementor-col-66 elementor-inner-column elementor-element elementor-element-48ab992\" data-id=\"48ab992\" data-element_type=\"column\" data-e-type=\"column\">\n\t\t\t<div class=\"elementor-widget-wrap elementor-element-populated\">\n\t\t\t\t\t\t<div class=\"elementor-element elementor-element-2a6333d elementor-widget elementor-widget-heading\" data-id=\"2a6333d\" data-element_type=\"widget\" data-e-type=\"widget\" data-widget_type=\"heading.default\">\n\t\t\t\t<div class=\"elementor-widget-container\">\n\t\t\t\t\t<h2 class=\"elementor-heading-title elementor-size-large\">\u00bfQU\u00c9 CURSO TE GUSTAR\u00cdA HACER?<\/h2>\t\t\t\t<\/div>\n\t\t\t\t<\/div>\n\t\t\t\t<div class=\"elementor-element elementor-element-9efdb9f elementor-widget elementor-widget-text-editor\" data-id=\"9efdb9f\" data-element_type=\"widget\" data-e-type=\"widget\" data-widget_type=\"text-editor.default\">\n\t\t\t\t<div class=\"elementor-widget-container\">\n\t\t\t\t\t\t\t\t\t<p style=\"text-align: left;\">ESTAMOS DESEANDO DARTE LA BIENVENIDA A NUESTRA ESCUELA DE INGL\u00c9S DE DUBL\u00cdN<\/p>\t\t\t\t\t\t\t\t<\/div>\n\t\t\t\t<\/div>\n\t\t\t\t\t<\/div>\n\t\t<\/div>\n\t\t\t\t<div class=\"elementor-column elementor-col-33 elementor-inner-column elementor-element elementor-element-f6ce625\" data-id=\"f6ce625\" data-element_type=\"column\" data-e-type=\"column\">\n\t\t\t<div class=\"elementor-widget-wrap elementor-element-populated\">\n\t\t\t\t\t\t<div class=\"elementor-element elementor-element-cb2c8af elementor-widget elementor-widget-image\" data-id=\"cb2c8af\" data-element_type=\"widget\" data-e-type=\"widget\" data-widget_type=\"image.default\">\n\t\t\t\t<div class=\"elementor-widget-container\">\n\t\t\t\t\t\t\t\t\t\t\t\t\t\t\t<img fetchpriority=\"high\" decoding=\"async\" width=\"671\" height=\"373\" src=\"https:\/\/everestlanguageschool.com\/wp-content\/uploads\/2020\/04\/Classes_from__5_per_hour__4_-removebg-preview.png\" class=\"attachment-full size-full wp-image-75211\" alt=\"\" srcset=\"https:\/\/everestlanguageschool.com\/wp-content\/uploads\/2020\/04\/Classes_from__5_per_hour__4_-removebg-preview.png 671w, https:\/\/everestlanguageschool.com\/wp-content\/uploads\/2020\/04\/Classes_from__5_per_hour__4_-removebg-preview-300x167.png 300w\" sizes=\"(max-width: 671px) 100vw, 671px\" \/>\t\t\t\t\t\t\t\t\t\t\t\t\t\t\t<\/div>\n\t\t\t\t<\/div>\n\t\t\t\t\t<\/div>\n\t\t<\/div>\n\t\t\t\t\t<\/div>\n\t\t<\/section>\n\t\t\t\t\t<\/div>\n\t\t<\/div>\n\t\t\t\t\t<\/div>\n\t\t<\/section>\n\t\t\t\t<section class=\"elementor-section elementor-top-section elementor-element elementor-element-57efcd1 elementor-section-boxed elementor-section-height-default elementor-section-height-default\" data-id=\"57efcd1\" data-element_type=\"section\" data-e-type=\"section\" data-settings=\"{&quot;background_background&quot;:&quot;classic&quot;}\">\n\t\t\t\t\t\t<div class=\"elementor-container elementor-column-gap-default\">\n\t\t\t\t\t<div class=\"elementor-column elementor-col-100 elementor-top-column elementor-element elementor-element-8a9c71b\" data-id=\"8a9c71b\" data-element_type=\"column\" data-e-type=\"column\">\n\t\t\t<div class=\"elementor-widget-wrap elementor-element-populated\">\n\t\t\t\t\t\t<div class=\"elementor-element elementor-element-16ee5d9 elementor-widget elementor-widget-shortcode\" data-id=\"16ee5d9\" data-element_type=\"widget\" data-e-type=\"widget\" data-widget_type=\"shortcode.default\">\n\t\t\t\t<div class=\"elementor-widget-container\">\n\t\t\t\t\t\t\t<div class=\"elementor-shortcode\">\n<div class=\"wpcf7 no-js\" id=\"wpcf7-f94210-o1\" lang=\"es-ES\" dir=\"ltr\" data-wpcf7-id=\"94210\">\n<div class=\"screen-reader-response\"><p role=\"status\" aria-live=\"polite\" aria-atomic=\"true\"><\/p> <ul><\/ul><\/div>\n<form action=\"\/es\/wp-json\/wp\/v2\/pages\/83257#wpcf7-f94210-o1\" method=\"post\" class=\"wpcf7-form init\" aria-label=\"Formulario de contacto\" novalidate=\"novalidate\" data-status=\"init\">\n<div style=\"display: none;\">\n<input type=\"hidden\" name=\"_wpcf7\" value=\"94210\" \/>\n<input type=\"hidden\" name=\"_wpcf7_version\" value=\"6.0.4\" \/>\n<input type=\"hidden\" name=\"_wpcf7_locale\" value=\"es_ES\" \/>\n<input type=\"hidden\" name=\"_wpcf7_unit_tag\" value=\"wpcf7-f94210-o1\" \/>\n<input type=\"hidden\" name=\"_wpcf7_container_post\" value=\"0\" \/>\n<input type=\"hidden\" name=\"_wpcf7_posted_data_hash\" value=\"\" \/>\n<input type=\"hidden\" name=\"_wpcf7_recaptcha_response\" value=\"\" \/>\n<\/div>\n<div class=\"form-content\">\n\t<h3>Tu curso\n\t<\/h3>\n\t<p>Fecha de inicio (obligatoria)\n\t<\/p>\n\t<p><span class=\"wpcf7-form-control-wrap\" data-name=\"date-597\"><input class=\"wpcf7-form-control wpcf7-date wpcf7-validates-as-required wpcf7-validates-as-date\" min=\"2026-04-20\" aria-required=\"true\" aria-invalid=\"false\" placeholder=\"Fecha\" value=\"\" type=\"date\" name=\"date-597\" \/><\/span>\n\t<\/p>\n\t<p>Fecha de finalizaci\u00f3n (obligatoria)\n\t<\/p>\n\t<p><span class=\"wpcf7-form-control-wrap\" data-name=\"date-883\"><input class=\"wpcf7-form-control wpcf7-date wpcf7-validates-as-required wpcf7-validates-as-date\" aria-required=\"true\" aria-invalid=\"false\" value=\"\" type=\"date\" name=\"date-883\" \/><\/span>\n\t<\/p>\n\t<p class=\"w-full\">\u00bfQu\u00e9 curso quieres hacer? (obligatorio)\n\t<\/p>\n\t<p><span class=\"wpcf7-form-control-wrap\" data-name=\"menu-504\"><select class=\"wpcf7-form-control wpcf7-select wpcf7-validates-as-required\" aria-required=\"true\" aria-invalid=\"false\" name=\"menu-504\"><option value=\"\">&#8212;Por favor, elige una opci\u00f3n&#8212;<\/option><option value=\"Ingl\u00e9s general (20 h)\">Ingl\u00e9s general (20 h)<\/option><option value=\"Ingl\u00e9s general por la tarde (15 h)\">Ingl\u00e9s general por la tarde (15 h)<\/option><option value=\"Ingl\u00e9s General Intensivo (26 h)\">Ingl\u00e9s General Intensivo (26 h)<\/option><option value=\"Preparaci\u00f3n intensiva para Cambridge (26 h)\">Preparaci\u00f3n intensiva para Cambridge (26 h)<\/option><option value=\"IELTS intensivo (26 horas)\">IELTS intensivo (26 horas)<\/option><option value=\"Tarde a tiempo parcial (4 h)\">Tarde a tiempo parcial (4 h)<\/option><option value=\"Preparaci\u00f3n IELTS por la tarde (4 h)\">Preparaci\u00f3n IELTS por la tarde (4 h)<\/option><option value=\"Ingl\u00e9s General Matinal 20hrs (A\u00f1o Acad\u00e9mico)\">Ingl\u00e9s General Matinal 20hrs (A\u00f1o Acad\u00e9mico)<\/option><option value=\"Ingl\u00e9s General Tarde 15hrs (A\u00f1o Acad\u00e9mico)\">Ingl\u00e9s General Tarde 15hrs (A\u00f1o Acad\u00e9mico)<\/option><option value=\"Ingl\u00e9s General Matinal 20hrs (Renovaci\u00f3n A\u00f1o Acad\u00e9mico)\">Ingl\u00e9s General Matinal 20hrs (Renovaci\u00f3n A\u00f1o Acad\u00e9mico)<\/option><option value=\"Ingl\u00e9s General Tarde 15hrs (Renovaci\u00f3n A\u00f1o Acad\u00e9mico)\">Ingl\u00e9s General Tarde 15hrs (Renovaci\u00f3n A\u00f1o Acad\u00e9mico)<\/option><option value=\"Erasmus\">Erasmus<\/option><option value=\"IELTS Tarde (6 h)\">IELTS Tarde (6 h)<\/option><option value=\"Ingl\u00e9s General Tarde (6 h)\">Ingl\u00e9s General Tarde (6 h)<\/option><option value=\"Cambridge Tarde (6 h)\">Cambridge Tarde (6 h)<\/option><option value=\"Individual (1 a 1)\">Individual (1 a 1)<\/option><\/select><\/span>\n\t<\/p>\n\t<h3>Tu alojamiento\n\t<\/h3>\n\t<p>\u00bfNecesitas alojamiento?\n\t<\/p>\n\t<p><span class=\"wpcf7-form-control-wrap\" data-name=\"menu-688\"><select class=\"wpcf7-form-control wpcf7-select\" aria-invalid=\"false\" name=\"menu-688\"><option value=\"No\">No<\/option><option value=\"S\u00ed\">S\u00ed<\/option><\/select><\/span>\n\t<\/p>\n\t<p>Alojamiento\n\t<\/p>\n\t<p><span class=\"wpcf7-form-control-wrap\" data-name=\"accommodation\"><select class=\"wpcf7-form-control wpcf7-select\" aria-invalid=\"false\" name=\"accommodation\"><option value=\"Ninguno\">Ninguno<\/option><option value=\"Residencia Premium (habitaci\u00f3n individual con ba\u00f1o)\">Residencia Premium (habitaci\u00f3n individual con ba\u00f1o)<\/option><option value=\"Familia de acogida (habitaci\u00f3n doble)\">Familia de acogida (habitaci\u00f3n doble)<\/option><option value=\"Familia de acogida (habitaci\u00f3n individual)\">Familia de acogida (habitaci\u00f3n individual)<\/option><option value=\"Apartamento compartido (habitaci\u00f3n doble)\">Apartamento compartido (habitaci\u00f3n doble)<\/option><\/select><\/span>\n\t<\/p>\n\t<p>Fecha de inicio del alojamiento\n\t<\/p>\n\t<p><span class=\"wpcf7-form-control-wrap\" data-name=\"accomStart\"><input class=\"wpcf7-form-control wpcf7-date wpcf7-validates-as-date\" min=\"2021-04-20\" aria-invalid=\"false\" placeholder=\"dd\/mm\/aaaa\" value=\"\" type=\"date\" name=\"accomStart\" \/><\/span>\n\t<\/p>\n\t<p>Fecha de finalizaci\u00f3n del alojamiento\n\t<\/p>\n\t<p><span class=\"wpcf7-form-control-wrap\" data-name=\"accomend\"><input class=\"wpcf7-form-control wpcf7-date wpcf7-validates-as-date\" min=\"2021-04-20\" aria-invalid=\"false\" placeholder=\"dd\/mm\/aaaa\" value=\"\" type=\"date\" name=\"accomend\" \/><\/span>\n\t<\/p>\n\t<h3>Datos personales\n\t<\/h3>\n\t<p>Nombre (obligatorio)\n\t<\/p>\n\t<p><span class=\"wpcf7-form-control-wrap\" data-name=\"your-name\"><input size=\"40\" maxlength=\"400\" class=\"wpcf7-form-control wpcf7-text wpcf7-validates-as-required\" aria-required=\"true\" aria-invalid=\"false\" value=\"\" type=\"text\" name=\"your-name\" \/><\/span>\n\t<\/p>\n\t<p>Apellidos (obligatorio)\n\t<\/p>\n\t<p><span class=\"wpcf7-form-control-wrap\" data-name=\"your-name-2\"><input size=\"40\" maxlength=\"400\" class=\"wpcf7-form-control wpcf7-text wpcf7-validates-as-required\" aria-required=\"true\" aria-invalid=\"false\" value=\"\" type=\"text\" name=\"your-name-2\" \/><\/span>\n\t<\/p>\n\t<p>Sexo\n\t<\/p>\n\t<p><span class=\"wpcf7-form-control-wrap\" data-name=\"text-877\"><input size=\"40\" maxlength=\"400\" class=\"wpcf7-form-control wpcf7-text\" aria-invalid=\"false\" placeholder=\"Masculino\/Femenino\/Prefiero no decirlo\" value=\"\" type=\"text\" name=\"text-877\" \/><\/span>\n\t<\/p>\n\t<p>Nacionalidad (obligatorio)\n\t<\/p>\n\t<p><span class=\"wpcf7-form-control-wrap\" data-name=\"text-669\"><input size=\"40\" maxlength=\"400\" class=\"wpcf7-form-control wpcf7-text wpcf7-validates-as-required\" aria-required=\"true\" aria-invalid=\"false\" value=\"\" type=\"text\" name=\"text-669\" \/><\/span>\n\t<\/p>\n\t<p>Fecha de nacimiento (obligatoria)\n\t<\/p>\n\t<p><span class=\"wpcf7-form-control-wrap\" data-name=\"date-332\"><input class=\"wpcf7-form-control wpcf7-date wpcf7-validates-as-date\" aria-invalid=\"false\" value=\"\" type=\"date\" name=\"date-332\" \/><\/span>\n\t<\/p>\n\t<p>Correo electr\u00f3nico (obligatorio)\n\t<\/p>\n\t<p><span class=\"wpcf7-form-control-wrap\" data-name=\"your-email\"><input size=\"40\" maxlength=\"400\" class=\"wpcf7-form-control wpcf7-email wpcf7-validates-as-required wpcf7-text wpcf7-validates-as-email\" aria-required=\"true\" aria-invalid=\"false\" value=\"\" type=\"email\" name=\"your-email\" \/><\/span>\n\t<\/p>\n\t<p>N\u00famero de tel\u00e9fono (obligatorio)\n\t<\/p>\n\t<p><span class=\"wpcf7-form-control-wrap\" data-name=\"tel-150\"><input size=\"40\" maxlength=\"400\" class=\"wpcf7-form-control wpcf7-tel wpcf7-validates-as-required wpcf7-text wpcf7-validates-as-tel\" aria-required=\"true\" aria-invalid=\"false\" value=\"\" type=\"tel\" name=\"tel-150\" \/><\/span>\n\t<\/p>\n\t<p>Domicilio (obligatorio)\n\t<\/p>\n\t<p><span class=\"wpcf7-form-control-wrap\" data-name=\"textarea-995\"><textarea cols=\"40\" rows=\"10\" maxlength=\"2000\" class=\"wpcf7-form-control wpcf7-textarea wpcf7-validates-as-required\" aria-required=\"true\" aria-invalid=\"false\" placeholder=\"Calle, Pueblo, Ciudad, Pa\u00eds\" name=\"textarea-995\"><\/textarea><\/span>\n\t<\/p>\n\t<p>Tel\u00e9fono de contacto en caso de emergencia (obligatorio)\n\t<\/p>\n\t<p><span class=\"wpcf7-form-control-wrap\" data-name=\"tel-151\"><input size=\"40\" maxlength=\"400\" class=\"wpcf7-form-control wpcf7-tel wpcf7-validates-as-required wpcf7-text wpcf7-validates-as-tel\" aria-required=\"true\" aria-invalid=\"false\" value=\"\" type=\"tel\" name=\"tel-151\" \/><\/span>\n\t<\/p>\n\t<p>Nombre del contacto de emergencia (obligatorio)\n\t<\/p>\n\t<p><span class=\"wpcf7-form-control-wrap\" data-name=\"address\"><input size=\"40\" maxlength=\"400\" class=\"wpcf7-form-control wpcf7-text wpcf7-validates-as-required\" aria-required=\"true\" aria-invalid=\"false\" value=\"\" type=\"text\" name=\"address\" \/><\/span>\n\t<\/p>\n\t<p>\u00bfTienes alguna alergia o enfermedad?\n\t<\/p>\n\t<p><span class=\"wpcf7-form-control-wrap\" data-name=\"text-26\"><input size=\"40\" maxlength=\"400\" class=\"wpcf7-form-control wpcf7-text\" aria-invalid=\"false\" value=\"\" type=\"text\" name=\"text-26\" \/><\/span>\n\t<\/p>\n\t<p>\u00bfEst\u00e1s bien en una casa con mascota?\n\t<\/p>\n\t<p><span class=\"wpcf7-form-control-wrap\" data-name=\"menu-627\"><select class=\"wpcf7-form-control wpcf7-select\" aria-invalid=\"false\" name=\"menu-627\"><option value=\"S\u00ed\">S\u00ed<\/option><option value=\"No\">No<\/option><\/select><\/span>\n\t<\/p>\n\t<p>Necesidades alimentarias o diet\u00e9ticas\n\t<\/p>\n\t<p><span class=\"wpcf7-form-control-wrap\" data-name=\"text-27\"><input size=\"40\" maxlength=\"400\" class=\"wpcf7-form-control wpcf7-text\" aria-invalid=\"false\" value=\"\" type=\"text\" name=\"text-27\" \/><\/span>\n\t<\/p>\n\t<p>\u00bfTienes alguna pregunta?\n\t<\/p>\n\t<p><span class=\"wpcf7-form-control-wrap\" data-name=\"textarea-996\"><textarea cols=\"40\" rows=\"10\" maxlength=\"2000\" class=\"wpcf7-form-control wpcf7-textarea\" aria-invalid=\"false\" name=\"textarea-996\"><\/textarea><\/span>\n\t<\/p>\n\t<p>Por favor, adjunta un escaneo de tu pasaporte (p\u00e1gina con foto) - Solo es necesario para cursos con visado de estudios\n\t<\/p>\n\t<p><span class=\"wpcf7-form-control-wrap\" data-name=\"passport\"><input size=\"40\" class=\"wpcf7-form-control wpcf7-drag-n-drop-file d-none\" aria-invalid=\"false\" type=\"file\" multiple=\"multiple\" data-name=\"passport\" data-type=\"jpg|gif|jpeg|tiff|png\" data-limit=\"26214400\" data-id=\"94210\" data-version=\"free version 1.3.8.7\" accept=\".jpg, .gif, .jpeg, .tiff, .png\" \/><\/span>\n\t<\/p>\n\t<h3>T\u00e9rminos y condiciones\n\t<\/h3>\n\t<p>\u00bfAceptas los <a href=\"https:\/\/www.everestlanguageschool.com\/terms-conditions\/\" target=\"_blank\">t\u00e9rminos y condiciones<\/a>?\n\t<\/p>\n\t<p><span class=\"wpcf7-form-control-wrap\" data-name=\"checkbox-455\"><span class=\"wpcf7-form-control wpcf7-checkbox wpcf7-validates-as-required wpcf7-exclusive-checkbox\"><span class=\"wpcf7-list-item first\"><input type=\"checkbox\" name=\"checkbox-455\" value=\"S\u00ed\" \/><span class=\"wpcf7-list-item-label\">S\u00ed<\/span><\/span><span class=\"wpcf7-list-item last\"><input type=\"checkbox\" name=\"checkbox-455\" value=\"No\" \/><span class=\"wpcf7-list-item-label\">No<\/span><\/span><\/span><\/span>\n\t<\/p>\n\t<p><span class=\"wpcf7-form-control-wrap\" data-name=\"checkbox-868\"><span class=\"wpcf7-form-control wpcf7-checkbox wpcf7-validates-as-required\"><span class=\"wpcf7-list-item first last\"><input type=\"checkbox\" name=\"checkbox-868[]\" value=\"He comprendido la Pol\u00edtica de privacidad de Everest y deseo recibir material promocional de la escuela\" \/><span class=\"wpcf7-list-item-label\">He comprendido la Pol\u00edtica de privacidad de Everest y deseo recibir material promocional de la escuela<\/span><\/span><\/span><\/span><br \/>\n<a href=\"\/\/docs.google.com\/document\/u\/1\/d\/e\/2PACX-1vQEw6fdI_2soxDW8l-rO2nlrUEXzTrTIO0Y-gKpEyQwpk4F1t8eBzeOac8nd2vCEIw1kwImwlbsSogJ\/pub\" target=\"_blank\">Pol\u00edtica de privacidad<\/a>\n\t<\/p>\n<input class=\"wpcf7-form-control wpcf7-hidden\" value=\"\" type=\"hidden\" name=\"page_source\" \/>\n<input class=\"wpcf7-form-control wpcf7-hidden\" value=\"\" type=\"hidden\" name=\"traffic_source\" \/>\n\t<p><input class=\"wpcf7-form-control wpcf7-submit has-spinner\" type=\"submit\" value=\"Env\u00eda\" \/>\n\t<\/p>\n<\/div><div class=\"wpcf7-response-output\" aria-hidden=\"true\"><\/div>\n<\/form>\n<\/div>\n<\/div>\n\t\t\t\t\t\t<\/div>\n\t\t\t\t<\/div>\n\t\t\t\t\t<\/div>\n\t\t<\/div>\n\t\t\t\t\t<\/div>\n\t\t<\/section>\n\t\t\t\t<\/div>\n\t\t","protected":false},"excerpt":{"rendered":"<p>\u00bfQU\u00c9 CURSO TE GUSTAR\u00cdA HACER? ESTAMOS DESEANDO DARTE LA BIENVENIDA A NUESTRA ESCUELA DE INGL\u00c9S DE DUBL\u00cdN<\/p>\n","protected":false},"author":1,"featured_media":0,"parent":0,"menu_order":0,"comment_status":"closed","ping_status":"open","template":"elementor_header_footer","meta":{"inline_featured_image":false,"site-sidebar-layout":"default","site-content-layout":"default","ast-global-header-display":"","ast-main-header-display":"","ast-hfb-above-header-display":"","ast-hfb-below-header-display":"","ast-hfb-mobile-header-display":"","site-post-title":"","ast-breadcrumbs-content":"","ast-featured-img":"","footer-sml-layout":"","theme-transparent-header-meta":"default","adv-header-id-meta":"","stick-header-meta":"","header-above-stick-meta":"","header-main-stick-meta":"","header-below-stick-meta":"","footnotes":""},"categories":[],"tags":[],"class_list":["post-83257","page","type-page","status-publish","hentry"],"_links":{"self":[{"href":"https:\/\/everestlanguageschool.com\/es\/wp-json\/wp\/v2\/pages\/83257","targetHints":{"allow":["GET"]}}],"collection":[{"href":"https:\/\/everestlanguageschool.com\/es\/wp-json\/wp\/v2\/pages"}],"about":[{"href":"https:\/\/everestlanguageschool.com\/es\/wp-json\/wp\/v2\/types\/page"}],"author":[{"embeddable":true,"href":"https:\/\/everestlanguageschool.com\/es\/wp-json\/wp\/v2\/users\/1"}],"replies":[{"embeddable":true,"href":"https:\/\/everestlanguageschool.com\/es\/wp-json\/wp\/v2\/comments?post=83257"}],"version-history":[{"count":10,"href":"https:\/\/everestlanguageschool.com\/es\/wp-json\/wp\/v2\/pages\/83257\/revisions"}],"predecessor-version":[{"id":91352,"href":"https:\/\/everestlanguageschool.com\/es\/wp-json\/wp\/v2\/pages\/83257\/revisions\/91352"}],"wp:attachment":[{"href":"https:\/\/everestlanguageschool.com\/es\/wp-json\/wp\/v2\/media?parent=83257"}],"wp:term":[{"taxonomy":"category","embeddable":true,"href":"https:\/\/everestlanguageschool.com\/es\/wp-json\/wp\/v2\/categories?post=83257"},{"taxonomy":"post_tag","embeddable":true,"href":"https:\/\/everestlanguageschool.com\/es\/wp-json\/wp\/v2\/tags?post=83257"}],"curies":[{"name":"wp","href":"https:\/\/api.w.org\/{rel}","templated":true}]}}