{"id":91246,"date":"2017-04-03T09:35:29","date_gmt":"2017-04-03T09:35:29","guid":{"rendered":"https:\/\/everestlanguageschool.com\/examen-ielts-dublin\/"},"modified":"2017-04-03T09:35:29","modified_gmt":"2017-04-03T09:35:29","slug":"examen-ielts-dublin","status":"publish","type":"page","link":"https:\/\/everestlanguageschool.com\/es\/examen-ielts-dublin\/","title":{"rendered":"Examen IELTS Dubl\u00edn"},"content":{"rendered":"<p><img fetchpriority=\"high\" decoding=\"async\" class=\"alignnone size-full wp-image-87418\" src=\"https:\/\/everestlanguageschool.com\/wp-content\/uploads\/2023\/06\/Cream-And-Brown-Simple-How-To-Study-For-An-Exam-YouTube-Thumbnail-.png\" alt=\"Reserva tu examen IELTS en Dubl\u00edn\" width=\"1280\" height=\"720\" srcset=\"https:\/\/everestlanguageschool.com\/wp-content\/uploads\/2023\/06\/Cream-And-Brown-Simple-How-To-Study-For-An-Exam-YouTube-Thumbnail-.png 1280w, https:\/\/everestlanguageschool.com\/wp-content\/uploads\/2023\/06\/Cream-And-Brown-Simple-How-To-Study-For-An-Exam-YouTube-Thumbnail--300x169.png 300w, https:\/\/everestlanguageschool.com\/wp-content\/uploads\/2023\/06\/Cream-And-Brown-Simple-How-To-Study-For-An-Exam-YouTube-Thumbnail--1024x576.png 1024w, https:\/\/everestlanguageschool.com\/wp-content\/uploads\/2023\/06\/Cream-And-Brown-Simple-How-To-Study-For-An-Exam-YouTube-Thumbnail--768x432.png 768w\" sizes=\"(max-width: 1280px) 100vw, 1280px\" \/><\/p>\n<h1 style=\"text-align: left;\">Reserva tu examen IELTS en 4 sencillos pasos<\/h1>\n<h2 style=\"text-align: left;\">Reserva tu examen IELTS en Dubl\u00edn<\/h2>\n<h3>Paso 1: Haz un <a href=\"https:\/\/everestlanguageschool.com\/ielts-dublin\/\">curso de preparaci\u00f3n para el IELTS<\/a>.<\/h3>\n<p>Incluso los hablantes nativos de ingl\u00e9s encuentran dif\u00edcil el examen, por lo que realizar un curso de preparaci\u00f3n para el IELTS es esencial para obtener una buena puntuaci\u00f3n en el examen. En Everest, tenemos <a href=\"https:\/\/everestlanguageschool.com\/ielts-dublin\/\">cursos de preparaci\u00f3n para el IELTS<\/a> por la ma\u00f1ana, por la tarde y por la noche. <\/p>\n<h3>Paso 2: Busca una fecha de Prueba.<\/h3>\n<p>Encuentra una<a href=\"https:\/\/takeielts.britishcouncil.org\/ireland?gclid=CjwKCAjwyqWkBhBMEiwAp2yUFtgKcnwcE0MWRWDOmAJme0fLZu58yh-Iomp1Nvy8eA-G4szhHKKjwxoCU3wQAvD_BwE\"> fecha disponible para el examen IELTS<\/a> en Dubl\u00edn. Rellena el formulario de inscripci\u00f3n online para el examen. (Nota: Necesitar\u00e1s un esc\u00e1ner de un pasaporte o documento nacional de identidad v\u00e1lido de un pa\u00eds de la Uni\u00f3n Europea. Lo necesitar\u00e1s para la inscripci\u00f3n y el d\u00eda del examen).  <\/p>\n<h3>Paso 3: Paga tu examen IELTS<\/h3>\n<p>Normalmente puedes pagar el examen en l\u00ednea o en persona en el centro examinador cuando hagas la reserva. Si est\u00e1s estudiando en el Everest con un visado de estudios, es probable que la tasa del IELTS est\u00e9 incluida en la reserva de tu curso. Habla con nosotros en recepci\u00f3n y nos encargaremos de hacer el pago en tu nombre.  <\/p>\n<h3>Paso 4: Obt\u00e9n los detalles del examen IELTS<\/h3>\n<p>Despu\u00e9s recibir\u00e1s un correo electr\u00f3nico de confirmaci\u00f3n. Esto puede tardar hasta una semana en procesar tu solicitud. Aproximadamente una semana antes de la fecha del examen, enviar\u00e1n un segundo correo electr\u00f3nico con los horarios del examen y otra informaci\u00f3n. Todo esto se enviar\u00e1 por correo electr\u00f3nico.   <\/p>\n","protected":false},"excerpt":{"rendered":"<p>Reserva tu examen IELTS en 4 sencillos pasos Reserva tu examen IELTS en Dubl\u00edn Paso 1: Haz un curso de preparaci\u00f3n para el IELTS. Incluso los hablantes nativos de ingl\u00e9s encuentran dif\u00edcil el examen, por lo que realizar un curso de preparaci\u00f3n para el IELTS es esencial para obtener una buena puntuaci\u00f3n en el examen. &hellip;<\/p>\n<p class=\"read-more\"> <a class=\"\" href=\"https:\/\/everestlanguageschool.com\/es\/examen-ielts-dublin\/\"> <span class=\"screen-reader-text\">Examen IELTS Dubl\u00edn<\/span> Leer m\u00e1s &raquo;<\/a><\/p>\n","protected":false},"author":1,"featured_media":0,"parent":0,"menu_order":0,"comment_status":"closed","ping_status":"closed","template":"","meta":{"inline_featured_image":false,"site-sidebar-layout":"default","site-content-layout":"default","ast-global-header-display":"","ast-main-header-display":"","ast-hfb-above-header-display":"","ast-hfb-below-header-display":"","ast-hfb-mobile-header-display":"","site-post-title":"disabled","ast-breadcrumbs-content":"","ast-featured-img":"","footer-sml-layout":"","theme-transparent-header-meta":"","adv-header-id-meta":"","stick-header-meta":"","header-above-stick-meta":"","header-main-stick-meta":"","header-below-stick-meta":"","footnotes":""},"categories":[],"tags":[],"class_list":["post-91246","page","type-page","status-publish","hentry"],"_links":{"self":[{"href":"https:\/\/everestlanguageschool.com\/es\/wp-json\/wp\/v2\/pages\/91246","targetHints":{"allow":["GET"]}}],"collection":[{"href":"https:\/\/everestlanguageschool.com\/es\/wp-json\/wp\/v2\/pages"}],"about":[{"href":"https:\/\/everestlanguageschool.com\/es\/wp-json\/wp\/v2\/types\/page"}],"author":[{"embeddable":true,"href":"https:\/\/everestlanguageschool.com\/es\/wp-json\/wp\/v2\/users\/1"}],"replies":[{"embeddable":true,"href":"https:\/\/everestlanguageschool.com\/es\/wp-json\/wp\/v2\/comments?post=91246"}],"version-history":[{"count":0,"href":"https:\/\/everestlanguageschool.com\/es\/wp-json\/wp\/v2\/pages\/91246\/revisions"}],"wp:attachment":[{"href":"https:\/\/everestlanguageschool.com\/es\/wp-json\/wp\/v2\/media?parent=91246"}],"wp:term":[{"taxonomy":"category","embeddable":true,"href":"https:\/\/everestlanguageschool.com\/es\/wp-json\/wp\/v2\/categories?post=91246"},{"taxonomy":"post_tag","embeddable":true,"href":"https:\/\/everestlanguageschool.com\/es\/wp-json\/wp\/v2\/tags?post=91246"}],"curies":[{"name":"wp","href":"https:\/\/api.w.org\/{rel}","templated":true}]}}