{"id":91342,"date":"2015-06-06T11:48:14","date_gmt":"2015-06-06T11:48:14","guid":{"rendered":"https:\/\/everestlanguageschool.com\/ensena-ingles-en-dublin\/"},"modified":"2015-06-06T11:48:14","modified_gmt":"2015-06-06T11:48:14","slug":"ensena-ingles-en-dublin","status":"publish","type":"page","link":"https:\/\/everestlanguageschool.com\/es\/ensena-ingles-en-dublin\/","title":{"rendered":"Ense\u00f1a ingl\u00e9s en Dubl\u00edn"},"content":{"rendered":"<h1>Ense\u00f1a ingl\u00e9s en Dubl\u00edn<\/h1>\n<p><img decoding=\"async\" class=\"alignnone size-full wp-image-80888 lazyload\" data-src=\"https:\/\/everestlanguageschool.com\/wp-content\/uploads\/2019\/07\/Teacher-explaining-grammar-Conor-2.png\" alt=\"\" width=\"100%\" data-srcset=\"https:\/\/everestlanguageschool.com\/wp-content\/uploads\/2019\/07\/Teacher-explaining-grammar-Conor-2.png 1000w, https:\/\/everestlanguageschool.com\/wp-content\/uploads\/2019\/07\/Teacher-explaining-grammar-Conor-2-300x169.png 300w, https:\/\/everestlanguageschool.com\/wp-content\/uploads\/2019\/07\/Teacher-explaining-grammar-Conor-2-768x432.png 768w\" data-sizes=\"(max-width: 1000px) 100vw, 1000px\" src=\"data:image\/gif;base64,R0lGODlhAQABAAAAACH5BAEKAAEALAAAAAABAAEAAAICTAEAOw==\" style=\"--smush-placeholder-width: 1000px; --smush-placeholder-aspect-ratio: 1000\/563;\" \/><\/p>\n<p>En Everest siempre buscamos grandes profesores. Si quieres trabajar con nosotros, env\u00edanos un correo electr\u00f3nico (a info@everestlanguageschool.com). <\/p>\n<p>Trabajo de profesor de ingl\u00e9s<\/p>\n<p>***Por favor, no te presentes si no tienes un <a href=\"http:\/\/www.cambridgeenglish.org\/teaching-english\/teaching-qualifications\/celta\/\">CELTA<\/a> o CELT o una titulaci\u00f3n similar reconocida <a href=\"https:\/\/www.qqi.ie\/Articles\/Pages\/English-Language-Education.aspx\">por ACELS<\/a> y un t\u00edtulo de tercer nivel***<\/p>\n<p>Actualmente buscamos un profesor entusiasta para trabajar con grupos peque\u00f1os en nuestra nueva escuela. La Escuela de Idiomas Everest es (probablemente) la \u00fanica escuela propiedad de profesores de Dubl\u00edn. Por este motivo, s\u00f3lo nos interesa conocer a profesores que sientan verdadero amor e inter\u00e9s por la ense\u00f1anza. Actualmente estamos contratando para puestos de tarde, noche y ma\u00f1ana.   <\/p>\n<p>Habilidades necesarias:<\/p>\n<ul>\n<li>Conocimientos y experiencia impartiendo clases de IELTS, FCE y CAE<\/li>\n<li>Capacidad para crear lecciones atractivas<\/li>\n<li>M\u00ednimo 2 a\u00f1os de experiencia docente<\/li>\n<li>Capacidad para dirigir una clase con distintas capacidades y estilos de aprendizaje<\/li>\n<\/ul>\n<p>Experiencia necesaria:<\/p>\n<ul>\n<li>Ense\u00f1anza de EFL en Irlanda: 2 a\u00f1os<\/li>\n<\/ul>\n","protected":false},"excerpt":{"rendered":"<p>Ense\u00f1a ingl\u00e9s en Dubl\u00edn En Everest siempre buscamos grandes profesores. Si quieres trabajar con nosotros, env\u00edanos un correo electr\u00f3nico (a info@everestlanguageschool.com). Trabajo de profesor de ingl\u00e9s ***Por favor, no te presentes si no tienes un CELTA o CELT o una titulaci\u00f3n similar reconocida por ACELS y un t\u00edtulo de tercer nivel*** Actualmente buscamos un profesor &hellip;<\/p>\n<p class=\"read-more\"> <a class=\"\" href=\"https:\/\/everestlanguageschool.com\/es\/ensena-ingles-en-dublin\/\"> <span class=\"screen-reader-text\">Ense\u00f1a ingl\u00e9s en Dubl\u00edn<\/span> Leer m\u00e1s &raquo;<\/a><\/p>\n","protected":false},"author":1,"featured_media":0,"parent":0,"menu_order":0,"comment_status":"open","ping_status":"open","template":"","meta":{"inline_featured_image":false,"site-sidebar-layout":"default","site-content-layout":"default","ast-global-header-display":"","ast-main-header-display":"","ast-hfb-above-header-display":"","ast-hfb-below-header-display":"","ast-hfb-mobile-header-display":"","site-post-title":"","ast-breadcrumbs-content":"","ast-featured-img":"","footer-sml-layout":"","theme-transparent-header-meta":"","adv-header-id-meta":"","stick-header-meta":"","header-above-stick-meta":"","header-main-stick-meta":"","header-below-stick-meta":"","footnotes":""},"categories":[],"tags":[],"class_list":["post-91342","page","type-page","status-publish","hentry"],"_links":{"self":[{"href":"https:\/\/everestlanguageschool.com\/es\/wp-json\/wp\/v2\/pages\/91342","targetHints":{"allow":["GET"]}}],"collection":[{"href":"https:\/\/everestlanguageschool.com\/es\/wp-json\/wp\/v2\/pages"}],"about":[{"href":"https:\/\/everestlanguageschool.com\/es\/wp-json\/wp\/v2\/types\/page"}],"author":[{"embeddable":true,"href":"https:\/\/everestlanguageschool.com\/es\/wp-json\/wp\/v2\/users\/1"}],"replies":[{"embeddable":true,"href":"https:\/\/everestlanguageschool.com\/es\/wp-json\/wp\/v2\/comments?post=91342"}],"version-history":[{"count":0,"href":"https:\/\/everestlanguageschool.com\/es\/wp-json\/wp\/v2\/pages\/91342\/revisions"}],"wp:attachment":[{"href":"https:\/\/everestlanguageschool.com\/es\/wp-json\/wp\/v2\/media?parent=91342"}],"wp:term":[{"taxonomy":"category","embeddable":true,"href":"https:\/\/everestlanguageschool.com\/es\/wp-json\/wp\/v2\/categories?post=91342"},{"taxonomy":"post_tag","embeddable":true,"href":"https:\/\/everestlanguageschool.com\/es\/wp-json\/wp\/v2\/tags?post=91342"}],"curies":[{"name":"wp","href":"https:\/\/api.w.org\/{rel}","templated":true}]}}