{"id":92548,"date":"2017-09-21T14:49:04","date_gmt":"2017-09-21T14:49:04","guid":{"rendered":"https:\/\/everestlanguageschool.com\/curso-de-ingles-en-dublin-curso-de-tarde\/"},"modified":"2017-09-21T14:49:04","modified_gmt":"2017-09-21T14:49:04","slug":"curso-de-ingles-en-dublin-curso-de-tarde","status":"publish","type":"page","link":"https:\/\/everestlanguageschool.com\/es\/curso-de-ingles-en-dublin-curso-de-tarde\/","title":{"rendered":"Curso de Ingl\u00e9s en Dubl\u00edn &#8211; Curso de Tarde"},"content":{"rendered":"<p>[vc_row parallax=\u00bbyes\u00bb use_container=\u00bbfalse\u00bb css=\u00bb.vc_custom_1452159674214{margin-bottom: 40px !important;background-image: url(https:\/\/everestlanguageschool.com\/wp-content\/uploads\/2015\/12\/book_class71.jpg?id=8532) !important;background-position: center;background-repeat: no-repeat !important;background-size: cover !important;}\u00bb el_class=\u00bblpcontainer\u00bb][vc_column el_class=\u00bbcourse_intro_img\u00bb][vc_column_text]<\/p>\n<div class=\"lp_intro\">\n<h2>Tu curso de ingl\u00e9s en Dubl\u00edn<\/h2>\n<p>Contacta con nosotros<\/p>\n<\/div>\n<p>[\/vc_column_text][\/vc_column][\/vc_row][vc_row css=\u00bb.vc_custom_1452026017501{background-color: #e0f1ff !important;background-position: center;background-repeat: no-repeat !important;background-size: cover !important;}\u00bb][vc_column width=\u00bb1\/2&#8243; css=\u00bb.vc_custom_1451928346825{padding-top: 5px !important;padding-right: 5px !important;padding-bottom: 5px !important;padding-left: 5px !important;background-position: center !important;background-repeat: no-repeat !important;background-size: cover !important;}\u00bb][vc_video link=\u00bbhttps:\/\/youtu.be\/S1MGc4FgAIw\u00bb][vc_single_image image=\u00bb8474&#8243; img_size=\u00bbfull\u00bb alignment=\u00bbcenter\u00bb onclick=\u00bbcustom_link\u00bb link=\u00bbhttps:\/\/www.facebook.com\/EverestLanguageSchool\/reviews\u00bb][\/vc_column][vc_column width=\u00bb1\/2&#8243;][vc_column_text]<\/p>\n<h3 style=\"text-align: center;\">Cursos de Ingl\u00e9s en Dubl\u00edn:<\/h3>\n<h3 style=\"text-align: center;\">Informaci\u00f3n y precios<\/h3>\n<p>[\/vc_column_text][vc_raw_html]<\/p>\n<p>JTNDYSUyMG5hbWUlM0QlMjJFbmdsaXNoX2NvdXJzZSUyMiUzRSUzQyUyRmElM0U=<\/p>\n<p>[\/vc_raw_html][vc_empty_space]<p class=\"wpcf7-contact-form-not-found\"><strong>Error:<\/strong> Formulario de contacto no encontrado.<\/p>[\/vc_column][\/vc_row][vc_row css=\u00bb.vc_custom_1452026773447{background-color: #f4f4f4 !important;}\u00bb][vc_column][vc_empty_space][vc_column_text]<\/p>\n<h2 style=\"text-align: center;\">M\u00e1s informaci\u00f3n sobre nuestros cursos de ingl\u00e9s<\/h2>\n<p>[\/vc_column_text][vc_empty_space][vc_tabs el_class=\u00bblp\u00bb][vc_tab icon=\u00bbfa-smile-o\u00bb title=\u00bbOfertas\u00bb tab_id=\u00bb1451422226510-2-7&#8243;][vc_single_image image=\u00bb15697&#8243; img_size=\u00bbfull\u00bb alignment=\u00bbcenter\u00bb][vc_column_text]<\/p>\n<h2 style=\"text-align: center;\">PROMOCI\u00d3N ESPECIAL<\/h2>\n<p style=\"text-align: center;\">Reserva AHORA tu curso de ingl\u00e9s en Dubl\u00edn para 2017 y recibe un 10% de descuento. Tambi\u00e9n regalamos un viaje a otra ciudad de Irlanda si reservas un curso a tiempo completo de 3 o m\u00e1s semanas. <\/p>\n<p style=\"text-align: center;\">Precio por 3 semanas:<\/p>\n<p style=\"text-align: center;\">\u20ac<del datetime=\"2015-05-18T14:11:28+00:00\">315 <\/del>\u20ac285<\/p>\n<p>[\/vc_column_text][vc_btn title=\u00bbM\u00c1S INFORMACI\u00d3N\u00bb style=\u00bb3d\u00bb color=\u00bbsky\u00bb size=\u00bblg\u00bb align=\u00bbcenter\u00bb button_block=\u00bbtrue\u00bb link=\u00bburl:%23English_course||\u00bb][vc_empty_space][vc_column_text]<\/p>\n<h2 style=\"text-align: center;\">PROMOCI\u00d3N ESPECIAL<\/h2>\n<p style=\"text-align: center;\">Reserva AHORA tu curso de ingl\u00e9s en Dubl\u00edn para 2017 y recibe un 10% de descuento. Tambi\u00e9n regalamos un viaje a otra ciudad de Irlanda si reservas un curso a tiempo completo de 3 o m\u00e1s semanas. <\/p>\n<p style=\"text-align: center;\">Precio por 4 semanas:<\/p>\n<p style=\"text-align: center;\">Precio para 4 semanas y visita gratuita:<\/p>\n<p style=\"text-align: center;\">\u20ac<del datetime=\"2015-05-18T13:58:36+00:00\">400 \u20ac<\/del> 360<\/p>\n<p>[\/vc_column_text][vc_btn title=\u00bbM\u00c1S INFORMACI\u00d3N\u00bb style=\u00bb3d\u00bb color=\u00bbsky\u00bb size=\u00bblg\u00bb align=\u00bbcenter\u00bb button_block=\u00bbtrue\u00bb link=\u00bburl:%23English_course||\u00bb el_class=\u00bbbutton2&#8243;][\/vc_tab][vc_tab icon=\u00bbfa-graduation-cap\u00bb title=\u00bbCursos\u00bb tab_id=\u00bb065a6d44-8cf7-2&#8243;][vc_column_text]<\/p>\n<h2 style=\"text-align: center;\">Descripci\u00f3n del curso<\/h2>\n<p style=\"text-align: center;\">Nuestro curso de Ingl\u00e9s General de tarde te proporciona el ingl\u00e9s que necesitas para trabajar, estudiar y viajar en ingl\u00e9s. Todas nuestras clases son muy interactivas y se basan en la comunicaci\u00f3n. <\/p>\n<h3 style=\"text-align: center;\">Curso de tarde de 15 horas<\/h3>\n<p style=\"text-align: center;\"><strong>13:45 &#8211; 17:00 h:<\/strong><\/p>\n<p style=\"text-align: center;\">Aportes gramaticales (tiempos verbales, condicionales, art\u00edculos, verbos modales, etc.)<\/p>\n<p style=\"text-align: center;\">Aportaci\u00f3n de vocabulario (vocabulario para el trabajo, el estudio, la vida, los viajes, etc.)<\/p>\n<p style=\"text-align: center;\">Habilidades de lectura (hojear, escanear, etc.)<\/p>\n<p style=\"text-align: center;\">Expresi\u00f3n oral y fluidez (hablar con correcci\u00f3n y retroalimentaci\u00f3n de tu profesor)<\/p>\n<p style=\"text-align: center;\">Pronunciaci\u00f3n (mejora tu pronunciaci\u00f3n y fluidez en ingl\u00e9s)<\/p>\n<p style=\"text-align: center;\">Escritura (Aprende estilos de escritura para ex\u00e1menes y uso general)<\/p>\n<p>[\/vc_column_text][\/vc_tab][vc_tab icon=\u00bbfa-eur\u00bb title=\u00bbPrecios\u00bb tab_id=\u00bb2eca775b-37f9-2&#8243;][vc_raw_html]JTVCZWFzeS1wcmljaW5nLXRhYmxlJTIwaWQlM0QlMjIxNjcxMCUyMiU1RA==[\/vc_raw_html][\/vc_tab][vc_tab icon=\u00bbfa-envelope-o\u00bb title=\u00bbContacta con nosotros\u00bb tab_id=\u00bb1451422227961-3-8&#8243;][vc_column_text]<\/p>\n<h2 style=\"text-align: center;\">Contacta con nosotros<\/h2>\n<p>[\/vc_column_text]<p class=\"wpcf7-contact-form-not-found\"><strong>Error:<\/strong> Formulario de contacto no encontrado.<\/p>[\/vc_tab][\/vc_tabs][vc_separator][\/vc_column][\/vc_row]<\/p>\n","protected":false},"excerpt":{"rendered":"<p>[vc_row parallax=\u00bbyes\u00bb use_container=\u00bbfalse\u00bb css=\u00bb.vc_custom_1452159674214{margin-bottom: 40px !important;background-image: url(https:\/\/everestlanguageschool.com\/wp-content\/uploads\/2015\/12\/book_class71.jpg?id=8532) !important;background-position: center;background-repeat: no-repeat !important;background-size: cover !important;}\u00bb el_class=\u00bblpcontainer\u00bb][vc_column el_class=\u00bbcourse_intro_img\u00bb][vc_column_text] Tu curso de ingl\u00e9s en Dubl\u00edn Contacta con nosotros [\/vc_column_text][\/vc_column][\/vc_row][vc_row css=\u00bb.vc_custom_1452026017501{background-color: #e0f1ff !important;background-position: center;background-repeat: no-repeat !important;background-size: cover !important;}\u00bb][vc_column width=\u00bb1\/2&#8243; css=\u00bb.vc_custom_1451928346825{padding-top: 5px !important;padding-right: 5px !important;padding-bottom: 5px !important;padding-left: 5px !important;background-position: center !important;background-repeat: no-repeat !important;background-size: cover !important;}\u00bb][vc_video link=\u00bbhttps:\/\/youtu.be\/S1MGc4FgAIw\u00bb][vc_single_image image=\u00bb8474&#8243; img_size=\u00bbfull\u00bb alignment=\u00bbcenter\u00bb onclick=\u00bbcustom_link\u00bb link=\u00bbhttps:\/\/www.facebook.com\/EverestLanguageSchool\/reviews\u00bb][\/vc_column][vc_column &hellip;<\/p>\n<p class=\"read-more\"> <a class=\"\" href=\"https:\/\/everestlanguageschool.com\/es\/curso-de-ingles-en-dublin-curso-de-tarde\/\"> <span class=\"screen-reader-text\">Curso de Ingl\u00e9s en Dubl\u00edn &#8211; Curso de Tarde<\/span> Leer m\u00e1s &raquo;<\/a><\/p>\n","protected":false},"author":1,"featured_media":85598,"parent":0,"menu_order":0,"comment_status":"closed","ping_status":"closed","template":"page-fullwidth.php","meta":{"inline_featured_image":false,"site-sidebar-layout":"default","site-content-layout":"default","ast-global-header-display":"","ast-main-header-display":"","ast-hfb-above-header-display":"","ast-hfb-below-header-display":"","ast-hfb-mobile-header-display":"","site-post-title":"","ast-breadcrumbs-content":"","ast-featured-img":"","footer-sml-layout":"","theme-transparent-header-meta":"","adv-header-id-meta":"","stick-header-meta":"","header-above-stick-meta":"","header-main-stick-meta":"","header-below-stick-meta":"","footnotes":""},"categories":[],"tags":[],"class_list":["post-92548","page","type-page","status-publish","has-post-thumbnail","hentry"],"_links":{"self":[{"href":"https:\/\/everestlanguageschool.com\/es\/wp-json\/wp\/v2\/pages\/92548","targetHints":{"allow":["GET"]}}],"collection":[{"href":"https:\/\/everestlanguageschool.com\/es\/wp-json\/wp\/v2\/pages"}],"about":[{"href":"https:\/\/everestlanguageschool.com\/es\/wp-json\/wp\/v2\/types\/page"}],"author":[{"embeddable":true,"href":"https:\/\/everestlanguageschool.com\/es\/wp-json\/wp\/v2\/users\/1"}],"replies":[{"embeddable":true,"href":"https:\/\/everestlanguageschool.com\/es\/wp-json\/wp\/v2\/comments?post=92548"}],"version-history":[{"count":0,"href":"https:\/\/everestlanguageschool.com\/es\/wp-json\/wp\/v2\/pages\/92548\/revisions"}],"wp:featuredmedia":[{"embeddable":true,"href":"https:\/\/everestlanguageschool.com\/es\/wp-json\/wp\/v2\/media\/85598"}],"wp:attachment":[{"href":"https:\/\/everestlanguageschool.com\/es\/wp-json\/wp\/v2\/media?parent=92548"}],"wp:term":[{"taxonomy":"category","embeddable":true,"href":"https:\/\/everestlanguageschool.com\/es\/wp-json\/wp\/v2\/categories?post=92548"},{"taxonomy":"post_tag","embeddable":true,"href":"https:\/\/everestlanguageschool.com\/es\/wp-json\/wp\/v2\/tags?post=92548"}],"curies":[{"name":"wp","href":"https:\/\/api.w.org\/{rel}","templated":true}]}}