{"id":92577,"date":"2016-08-18T17:36:08","date_gmt":"2016-08-18T17:36:08","guid":{"rendered":"https:\/\/everestlanguageschool.com\/visado-de-estudios-en-irlanda-preguntas-frecuentes\/"},"modified":"2025-09-17T12:14:20","modified_gmt":"2025-09-17T12:14:20","slug":"visado-de-estudios-en-irlanda-preguntas-frecuentes","status":"publish","type":"page","link":"https:\/\/everestlanguageschool.com\/es\/visado-de-estudios-en-irlanda-preguntas-frecuentes\/","title":{"rendered":"Visado de estudios en Irlanda &#8211; Preguntas frecuentes"},"content":{"rendered":"\t\t<div data-elementor-type=\"wp-page\" data-elementor-id=\"92577\" class=\"elementor elementor-92577 elementor-10110\" data-elementor-post-type=\"page\">\n\t\t\t\t\t\t<section class=\"elementor-section elementor-top-section elementor-element elementor-element-1c7d44a4 elementor-section-boxed elementor-section-height-default elementor-section-height-default\" data-id=\"1c7d44a4\" data-element_type=\"section\" data-e-type=\"section\">\n\t\t\t\t\t\t<div class=\"elementor-container elementor-column-gap-default\">\n\t\t\t\t\t<div class=\"elementor-column elementor-col-100 elementor-top-column elementor-element elementor-element-525cdf75\" data-id=\"525cdf75\" data-element_type=\"column\" data-e-type=\"column\">\n\t\t\t<div class=\"elementor-widget-wrap elementor-element-populated\">\n\t\t\t\t\t\t<div class=\"elementor-element elementor-element-f18aa1a elementor-widget elementor-widget-heading\" data-id=\"f18aa1a\" data-element_type=\"widget\" data-e-type=\"widget\" data-widget_type=\"heading.default\">\n\t\t\t\t<div class=\"elementor-widget-container\">\n\t\t\t\t\t<h2 class=\"elementor-heading-title elementor-size-default\">Preguntas frecuentes sobre el visado de estudios - Preguntas frecuentes sobre tu visado Stamp 2<\/h2>\t\t\t\t<\/div>\n\t\t\t\t<\/div>\n\t\t\t\t<div class=\"elementor-element elementor-element-f89037b elementor-widget elementor-widget-text-editor\" data-id=\"f89037b\" data-element_type=\"widget\" data-e-type=\"widget\" data-widget_type=\"text-editor.default\">\n\t\t\t\t<div class=\"elementor-widget-container\">\n\t\t\t\t\t\t\t\t\t\n<div class=\"schema-faq wp-block-yoast-faq-block\"><div class=\"schema-faq-section\" id=\"faq-question-1630581491104\"><strong class=\"schema-faq-question\">\u00bfQu\u00e9 es el visado irland\u00e9s de trabajo-estudio sello 2?<\/strong> <p class=\"schema-faq-answer\">El Visado de Estudios te permite <strong>estudiar un curso de idiomas durante 6 meses en Irlanda y permanecer en el pa\u00eds un total de 8 meses<\/strong>. Es una gran oportunidad tanto para mejorar tu ingl\u00e9s como para conocer Irlanda y la incre\u00edble cultura irlandesa.<br>\u00a1Puedes estudiar ingl\u00e9s con nosotros en Everest durante 25 semanas (curso acad\u00e9mico) y luego utilizar el resto de tu tiempo para descubrir Irlanda!<br>Debido a la nueva normativa de inmigraci\u00f3n, <g id=\"gid_1\">tambi\u00e9n tendr\u00e1s que hacer un examen oficial<\/g> al final de tu curso. En Everest recomendamos reservar el examen IELTS, ya que es un certificado reconocido internacionalmente y actualmente es el que piden la mayor\u00eda de las Universidades. \u00a1Nos aseguraremos de que obtengas la mejor nota!   <br>Durante tu estancia en Irlanda tambi\u00e9n podr\u00e1s irte de vacaciones y trabajar en el pa\u00eds. El Departamento de Inmigraci\u00f3n irland\u00e9s tiene normas muy claras al respecto, as\u00ed que aseg\u00farate de que entiendes las normas sobre trabajar en Irlanda y solicitar vacaciones durante tu curso. Puedes leer m\u00e1s sobre esto en los enlaces que hemos incluido a continuaci\u00f3n  <\/p> <\/div> <div class=\"schema-faq-section\" id=\"faq-question-1630581626602\"><strong class=\"schema-faq-question\">\u00bfPOR D\u00d3NDE EMPIEZO? \u00bfC\u00d3MO CONSIGO UN VISADO DE ESTUDIOS? <\/strong> <p class=\"schema-faq-answer\">Para solicitar el visado de estudios en Irlanda, se aplican normas diferentes seg\u00fan el pa\u00eds. No dudes en ponerte en contacto con nosotros para recibir m\u00e1s informaci\u00f3n sobre este proceso. Entendemos que puede ser un proceso dif\u00edcil y estamos aqu\u00ed para ayudarte en el camino.<br>Enlaces \u00fatiles que puedes consultar mientras preparas tu pr\u00f3xima aventura en Irlanda:  <br><strong><a href=\"http:\/\/www.icosirl.ie\/eng\/student_information.html\">Consejo Irland\u00e9s para Estudiantes Internacionales<\/a><\/strong> &#8211; Tienen mucha informaci\u00f3n y consejos para los estudiantes internacionales y estar\u00e1n encantados de ayudarte con cualquier duda que puedas tener.<br><br><strong>Servicio Irland\u00e9s de Naturalizaci\u00f3n e Inmigraci\u00f3n<\/strong> &#8211; Todas las normas sobre los distintos tipos de visado y los requisitos que se aplican a todos ellos.<\/p> <\/div> <div class=\"schema-faq-section\" id=\"faq-question-1630581703596\"><strong class=\"schema-faq-question\"><strong><em>\u00bfPuedo trabajar mientras estudio en Irlanda?<\/em><\/strong><br><\/strong> <p class=\"schema-faq-answer\">Los estudiantes que cursen estudios a tiempo completo y est\u00e9n en posesi\u00f3n de una tarjeta GNIB tienen derecho a desempe\u00f1ar un empleo ocasional siempre que el curso de estudios est\u00e9 <a href=\"https:\/\/www.internationalstudents.ie\/\">incluido en la lista del gobierno de cursos con derecho a visado<\/a>. El empleo ocasional se define como un trabajo a tiempo parcial de hasta 20 horas semanales, excepto en dos periodos normalizados en los que se permite trabajar a tiempo completo (es decir, hasta 40 horas semanales). Los periodos son del 15 de diciembre al 15 de enero y del 1 de mayo al 31 de agosto \u00fanicamente, que corresponden a las vacaciones universitarias tradicionales de verano e invierno. Estas fechas son fijas para todos los estudiantes no pertenecientes al EEE, independientemente del calendario docente real de la universidad para su curso. Las universidades ya no pueden expedir cartas de vacaciones que acrediten que un estudiante est\u00e1 disponible para trabajar a tiempo completo fuera de estas fechas.<br>El derecho a trabajar caduca autom\u00e1ticamente al expirar el permiso de inmigraci\u00f3n del estudiante, salvo una pr\u00f3rroga de hasta 12 meses que puede concederse a los titulados de tercer nivel.    <br><\/p> <\/div> <div class=\"schema-faq-section\" id=\"faq-question-1630581759516\"><strong class=\"schema-faq-question\"><strong><em>\u00bfNecesito un seguro m\u00e9dico?<\/em><\/strong><br><\/strong> <p class=\"schema-faq-answer\">El servicio de inmigraci\u00f3n irland\u00e9s exige que todos los estudiantes no pertenecientes al EEE tengan al menos una p\u00f3liza b\u00e1sica que cubra los gastos m\u00e9dicos de urgencia, por ejemplo, cobertura en caso de accidente que requiera hospitalizaci\u00f3n. Se exige una prueba del seguro en el momento de la inscripci\u00f3n ante las autoridades de inmigraci\u00f3n. Para los estudiantes de corta duraci\u00f3n, el seguro de viaje puede ser suficiente en algunas circunstancias  <br><\/p> <\/div> <div class=\"schema-faq-section\" id=\"faq-question-1630581780462\"><strong class=\"schema-faq-question\"><strong><em>\u00bfQu\u00e9 tipo de programas de clase, horarios e instalaciones puedo esperar para un curso de 25 semanas?<\/em><\/strong><br><\/strong> <p class=\"schema-faq-answer\">Todos los cursos de ingl\u00e9s de 25 semanas impartidos a estudiantes no pertenecientes al EEE deben impartirse entre las 9.00 y las 17.00, al menos 4 d\u00edas a la semana, de lunes a viernes. Las clases deben tener una duraci\u00f3n m\u00ednima de 15 horas, excluidos los descansos, es decir, debe haber al menos 15 x 60 minutos de tiempo lectivo.<br>Los estudiantes no pertenecientes al EEE deben recibir un horario en el que se establezcan las horas lectivas, los d\u00edas y los periodos vacacionales al inicio del curso. Las 25 semanas de clases deben completarse en un periodo de 7 meses. El estudiante debe presentar su horario al matricularse para obtener la tarjeta GNIB. La escuela no puede cambiar el horario de un estudiante y un estudiante no puede cambiar de clase ni de horario.<br>Las escuelas deben proporcionar una biblioteca \/ centro de recursos para estudiantes adecuada para el n\u00famero m\u00e1ximo de estudiantes.    <\/p> <\/div> <div class=\"schema-faq-section\" id=\"faq-question-1630581814288\"><strong class=\"schema-faq-question\"><strong><em>\u00bfPuedo organizar las vacaciones durante el curso?<\/em><\/strong><\/strong> <p class=\"schema-faq-answer\">Las normas de inmigraci\u00f3n dicen que no se permitir\u00e1n vacaciones o descansos que no formen parte del horario del estudiante, salvo en caso de enfermedad documentada o duelo familiar. No se puede conceder ning\u00fan periodo de vacaciones antes de que empiecen las clases. Hay periodos definidos en los que los estudiantes no pertenecientes al EEE pueden <g id=\"gid_0\">trabajar<\/g> a tiempo completo en invierno y verano. Las escuelas no est\u00e1n obligadas a hacer coincidir las vacaciones con estas fechas.   <\/p> <\/div> <div class=\"schema-faq-section\" id=\"faq-question-1630581845244\"><strong class=\"schema-faq-question\"><strong><em>\u00bfTengo que hacer un examen como parte de mi curso?<\/em><\/strong><br><\/strong> <p class=\"schema-faq-answer\">Seg\u00fan la normativa que entr\u00f3 en vigor el 20 de enero de 2016, todos los cursos para nacionales de pa\u00edses no pertenecientes al EEE titulares de visados de estudiante deben concluir con un examen que cumpla los requisitos de inmigraci\u00f3n. Los estudiantes no pertenecientes al EEE deber\u00e1n comprometerse a realizar el examen cuando comiencen el curso. Todos los estudiantes matriculados deben estar inscritos en el organismo adjudicador cuando empiecen el curso.<br>Las normas enumeran varios proveedores de ex\u00e1menes diferentes que son aceptables, como TIE, ETAPP, Cambridge, IELTS, Pearson, Integrated Skills in English. En las p\u00e1ginas 6-7 de la nueva normativa figura una lista espec\u00edfica de ex\u00e1menes y puntuaciones m\u00ednimas.   <br><\/p> <\/div> <div class=\"schema-faq-section\" id=\"faq-question-1630581876426\"><strong class=\"schema-faq-question\"><strong><em>\u00bfCu\u00e1les son las normas de asistencia para los alumnos de lengua inglesa?<\/em><\/strong><br><\/strong> <p class=\"schema-faq-answer\">El servicio de inmigraci\u00f3n (INIS) espera que los estudiantes puedan demostrar una asistencia m\u00ednima del 85% si solicitan renovar su permiso de inmigraci\u00f3n. S\u00f3lo el servicio de inmigraci\u00f3n puede tomar una decisi\u00f3n sobre si se permitir\u00e1 a un estudiante renovar con una cifra de asistencia inferior. <br><\/p> <\/div> <\/div>\n\t\t\t\t\t\t\t\t<\/div>\n\t\t\t\t<\/div>\n\t\t\t\t\t<\/div>\n\t\t<\/div>\n\t\t\t\t\t<\/div>\n\t\t<\/section>\n\t\t\t\t<section class=\"elementor-section elementor-top-section elementor-element elementor-element-8def289 elementor-section-height-min-height elementor-reverse-mobile elementor-reverse-tablet elementor-section-boxed elementor-section-height-default elementor-section-items-middle\" data-id=\"8def289\" data-element_type=\"section\" data-e-type=\"section\" data-settings=\"{&quot;background_background&quot;:&quot;classic&quot;}\">\n\t\t\t\t\t\t\t<div class=\"elementor-background-overlay\"><\/div>\n\t\t\t\t\t\t\t<div class=\"elementor-container elementor-column-gap-default\">\n\t\t\t\t\t<div class=\"elementor-column elementor-col-100 elementor-top-column elementor-element elementor-element-5b54da1\" data-id=\"5b54da1\" data-element_type=\"column\" data-e-type=\"column\">\n\t\t\t<div class=\"elementor-widget-wrap elementor-element-populated\">\n\t\t\t\t\t\t<div class=\"elementor-element elementor-element-084d53b elementor-widget elementor-widget-heading\" data-id=\"084d53b\" data-element_type=\"widget\" data-e-type=\"widget\" data-widget_type=\"heading.default\">\n\t\t\t\t<div class=\"elementor-widget-container\">\n\t\t\t\t\t<h2 class=\"elementor-heading-title elementor-size-default\">Si tienes alguna otra pregunta, ponte en contacto con nosotros<\/h2>\t\t\t\t<\/div>\n\t\t\t\t<\/div>\n\t\t\t\t<div class=\"elementor-element elementor-element-2efe70f elementor-widget elementor-widget-shortcode\" data-id=\"2efe70f\" data-element_type=\"widget\" data-e-type=\"widget\" data-widget_type=\"shortcode.default\">\n\t\t\t\t<div class=\"elementor-widget-container\">\n\t\t\t\t\t\t\t<div class=\"elementor-shortcode\">\n<div class=\"wpcf7 no-js\" id=\"wpcf7-f94010-o1\" lang=\"es-ES\" dir=\"ltr\" data-wpcf7-id=\"94010\">\n<div class=\"screen-reader-response\"><p role=\"status\" aria-live=\"polite\" aria-atomic=\"true\"><\/p> <ul><\/ul><\/div>\n<form action=\"\/es\/wp-json\/wp\/v2\/pages\/92577#wpcf7-f94010-o1\" method=\"post\" class=\"wpcf7-form init\" aria-label=\"Formulario de contacto\" novalidate=\"novalidate\" data-status=\"init\">\n<div style=\"display: none;\">\n<input type=\"hidden\" name=\"_wpcf7\" value=\"94010\" \/>\n<input type=\"hidden\" name=\"_wpcf7_version\" value=\"6.0.4\" \/>\n<input type=\"hidden\" name=\"_wpcf7_locale\" value=\"es_ES\" \/>\n<input type=\"hidden\" name=\"_wpcf7_unit_tag\" value=\"wpcf7-f94010-o1\" \/>\n<input type=\"hidden\" name=\"_wpcf7_container_post\" value=\"0\" \/>\n<input type=\"hidden\" name=\"_wpcf7_posted_data_hash\" value=\"\" \/>\n<input type=\"hidden\" name=\"_wpcf7_recaptcha_response\" value=\"\" \/>\n<\/div>\n<p>Tu nombre (obligatorio)<br \/>\n<span class=\"wpcf7-form-control-wrap\" data-name=\"your-name\"><input size=\"40\" maxlength=\"400\" class=\"wpcf7-form-control wpcf7-text wpcf7-validates-as-required\" aria-required=\"true\" aria-invalid=\"false\" value=\"\" type=\"text\" name=\"your-name\" \/><\/span>\n<\/p>\n<p>Tu correo electr\u00f3nico (obligatorio)<br \/>\n<span class=\"wpcf7-form-control-wrap\" data-name=\"your-email\"><input size=\"40\" maxlength=\"400\" class=\"wpcf7-form-control wpcf7-email wpcf7-validates-as-required wpcf7-text wpcf7-validates-as-email\" aria-required=\"true\" aria-invalid=\"false\" value=\"\" type=\"email\" name=\"your-email\" \/><\/span>\n<\/p>\n<p>Tu mensaje<br \/>\n<span class=\"wpcf7-form-control-wrap\" data-name=\"your-message\"><textarea cols=\"40\" rows=\"10\" maxlength=\"2000\" class=\"wpcf7-form-control wpcf7-textarea\" aria-invalid=\"false\" name=\"your-message\"><\/textarea><\/span>\n<\/p>\n<p><input type=\"hidden\" name=\"_wpcf7_captcha_challenge_captcha-372\" value=\"1024525592\" \/><img decoding=\"async\" class=\"wpcf7-form-control wpcf7-captchac wpcf7-captcha-captcha-372 lazyload\" width=\"72\" height=\"24\" alt=\"captcha\" data-src=\"https:\/\/everestlanguageschool.com\/wp-content\/uploads\/wpcf7_captcha\/1024525592.png\" src=\"data:image\/gif;base64,R0lGODlhAQABAAAAACH5BAEKAAEALAAAAAABAAEAAAICTAEAOw==\" style=\"--smush-placeholder-width: 72px; --smush-placeholder-aspect-ratio: 72\/24;\" \/><span class=\"wpcf7-form-control-wrap\" data-name=\"captcha-372\"><input size=\"40\" class=\"wpcf7-form-control wpcf7-captchar\" autocomplete=\"off\" aria-invalid=\"false\" value=\"\" type=\"text\" name=\"captcha-372\" \/><\/span>\n<\/p>\n<p><a href=\"\/\/docs.google.com\/document\/u\/1\/d\/e\/2PACX-1vQEw6fdI_2soxDW8l-rO2nlrUEXzTrTIO0Y-gKpEyQwpk4F1t8eBzeOac8nd2vCEIw1kwImwlbsSogJ\/pub\">Pol\u00edtica de privacidad:<\/a><span class=\"wpcf7-form-control-wrap\" data-name=\"checkbox-868\"><span class=\"wpcf7-form-control wpcf7-checkbox wpcf7-validates-as-required\"><span class=\"wpcf7-list-item first last\"><span class=\"wpcf7-list-item-label\">He comprendido la Pol\u00edtica de privacidad de Everest y deseo recibir material promocional de la escuela<\/span><input type=\"checkbox\" name=\"checkbox-868[]\" value=\"He comprendido la Pol\u00edtica de privacidad de Everest y deseo recibir material promocional de la escuela\" \/><\/span><\/span><\/span>\n<\/p>\n<input class=\"wpcf7-form-control wpcf7-hidden\" value=\"\" type=\"hidden\" name=\"page_source\" \/>\n<input class=\"wpcf7-form-control wpcf7-hidden\" value=\"\" type=\"hidden\" name=\"traffic_source\" \/>\n<p><input class=\"wpcf7-form-control wpcf7-submit has-spinner\" type=\"submit\" value=\"Env\u00eda\" \/>\n<\/p><div class=\"wpcf7-response-output\" aria-hidden=\"true\"><\/div>\n<\/form>\n<\/div>\n<\/div>\n\t\t\t\t\t\t<\/div>\n\t\t\t\t<\/div>\n\t\t\t\t\t<\/div>\n\t\t<\/div>\n\t\t\t\t\t<\/div>\n\t\t<\/section>\n\t\t\t\t<\/div>\n\t\t","protected":false},"excerpt":{"rendered":"<p>Preguntas frecuentes sobre el visado de estudios &#8211; Preguntas frecuentes sobre tu visado Stamp 2 \u00bfQu\u00e9 es el visado irland\u00e9s de trabajo-estudio sello 2? El Visado de Estudios te permite estudiar un curso de idiomas durante 6 meses en Irlanda y permanecer en el pa\u00eds un total de 8 meses. Es una gran oportunidad tanto &hellip;<\/p>\n<p class=\"read-more\"> <a class=\"\" href=\"https:\/\/everestlanguageschool.com\/es\/visado-de-estudios-en-irlanda-preguntas-frecuentes\/\"> <span class=\"screen-reader-text\">Visado de estudios en Irlanda &#8211; Preguntas frecuentes<\/span> Leer m\u00e1s &raquo;<\/a><\/p>\n","protected":false},"author":1,"featured_media":0,"parent":0,"menu_order":0,"comment_status":"closed","ping_status":"closed","template":"","meta":{"inline_featured_image":false,"site-sidebar-layout":"default","site-content-layout":"default","ast-global-header-display":"","ast-main-header-display":"","ast-hfb-above-header-display":"","ast-hfb-below-header-display":"","ast-hfb-mobile-header-display":"","site-post-title":"","ast-breadcrumbs-content":"","ast-featured-img":"","footer-sml-layout":"","theme-transparent-header-meta":"default","adv-header-id-meta":"","stick-header-meta":"","header-above-stick-meta":"","header-main-stick-meta":"","header-below-stick-meta":"","footnotes":""},"categories":[],"tags":[],"class_list":["post-92577","page","type-page","status-publish","hentry"],"_links":{"self":[{"href":"https:\/\/everestlanguageschool.com\/es\/wp-json\/wp\/v2\/pages\/92577","targetHints":{"allow":["GET"]}}],"collection":[{"href":"https:\/\/everestlanguageschool.com\/es\/wp-json\/wp\/v2\/pages"}],"about":[{"href":"https:\/\/everestlanguageschool.com\/es\/wp-json\/wp\/v2\/types\/page"}],"author":[{"embeddable":true,"href":"https:\/\/everestlanguageschool.com\/es\/wp-json\/wp\/v2\/users\/1"}],"replies":[{"embeddable":true,"href":"https:\/\/everestlanguageschool.com\/es\/wp-json\/wp\/v2\/comments?post=92577"}],"version-history":[{"count":5,"href":"https:\/\/everestlanguageschool.com\/es\/wp-json\/wp\/v2\/pages\/92577\/revisions"}],"predecessor-version":[{"id":92588,"href":"https:\/\/everestlanguageschool.com\/es\/wp-json\/wp\/v2\/pages\/92577\/revisions\/92588"}],"wp:attachment":[{"href":"https:\/\/everestlanguageschool.com\/es\/wp-json\/wp\/v2\/media?parent=92577"}],"wp:term":[{"taxonomy":"category","embeddable":true,"href":"https:\/\/everestlanguageschool.com\/es\/wp-json\/wp\/v2\/categories?post=92577"},{"taxonomy":"post_tag","embeddable":true,"href":"https:\/\/everestlanguageschool.com\/es\/wp-json\/wp\/v2\/tags?post=92577"}],"curies":[{"name":"wp","href":"https:\/\/api.w.org\/{rel}","templated":true}]}}