{"id":91236,"date":"2016-05-17T16:55:08","date_gmt":"2016-05-17T16:55:08","guid":{"rendered":"https:\/\/everestlanguageschool.com\/plus-que-des-mots-defi-de-collecte-de-fonds-en-arabe\/"},"modified":"2016-05-17T16:55:08","modified_gmt":"2016-05-17T16:55:08","slug":"plus-que-des-mots-defi-de-collecte-de-fonds-en-arabe","status":"publish","type":"page","link":"https:\/\/everestlanguageschool.com\/fr\/plus-que-des-mots-defi-de-collecte-de-fonds-en-arabe\/","title":{"rendered":"Plus que des mots &#8211; D\u00e9fi de collecte de fonds en arabe"},"content":{"rendered":"<p>[vc_row parallax=\u00a0\u00bbno\u00a0\u00bb use_container=\u00a0\u00bb\u00a0\u00bb poster=\u00a0\u00bb\u00a0\u00bb mp4=\u00a0\u00bb\u00a0\u00bb m4v=\u00a0\u00bb\u00a0\u00bb webm=\u00a0\u00bb\u00a0\u00bb ogv=\u00a0\u00bb\u00a0\u00bb overlay=\u00a0\u00bb\u00a0\u00bb row_section_id=\u00a0\u00bb\u00a0\u00bb][vc_column][vc_empty_space][vc_separator][vc_column_text]<\/p>\n<h1 style=\"text-align: center;\">Plus que des mots<\/h1>\n<h2 style=\"text-align: center;\">Soutenez les projets d&rsquo;\u00e9ducation pour les r\u00e9fugi\u00e9s syriens<\/h2>\n<p>[\/vc_column_text][vc_separator][vc_btn title=\u00a0\u00bbSoutenez ce projet\u00a0\u00bb color=\u00a0\u00bbsky\u00a0\u00bb size=\u00a0\u00bblg\u00a0\u00bb align=\u00a0\u00bbcenter\u00a0\u00bb button_block=\u00a0\u00bbtrue\u00a0\u00bb link=\u00a0\u00bburl:https%3A%2F%2Fwww.gofundme.com%2Fmorethanwordssyria||\u00a0\u00bb][\/vc_column][\/vc_row][vc_row parallax=\u00a0\u00bbno\u00a0\u00bb use_container=\u00a0\u00bb\u00a0\u00bb poster=\u00a0\u00bb\u00a0\u00bb mp4=\u00a0\u00bb\u00a0\u00bb m4v=\u00a0\u00bb\u00a0\u00bb webm=\u00a0\u00bb\u00a0\u00bb ogv=\u00a0\u00bb\u00a0\u00bb overlay=\u00a0\u00bb\u00a0\u00bb row_section_id=\u00a0\u00bb\u00a0\u00bb][vc_column][vc_empty_space][vc_single_image image=\u00a0\u00bb9263&Prime; img_size=\u00a0\u00bbfull\u00a0\u00bb alignment=\u00a0\u00bbcenter\u00a0\u00bb][vc_empty_space][\/vc_column][\/vc_row][vc_row parallax=\u00a0\u00bbno\u00a0\u00bb use_container=\u00a0\u00bb\u00a0\u00bb poster=\u00a0\u00bb\u00a0\u00bb mp4=\u00a0\u00bb\u00a0\u00bb m4v=\u00a0\u00bb\u00a0\u00bb webm=\u00a0\u00bb\u00a0\u00bb ogv=\u00a0\u00bb\u00a0\u00bb overlay=\u00a0\u00bb\u00a0\u00bb row_section_id=\u00a0\u00bb\u00a0\u00bb][vc_column width=\u00a0\u00bb1\/4&Prime;][vc_empty_space][\/vc_column][vc_column width=\u00a0\u00bb1\/2&Prime;][vc_column_text]<\/p>\n<h3 style=\"text-align: center;\">Les enseignants d&rsquo;Everest apprennent l&rsquo;arabe pour participer \u00e0 des projets d&rsquo;\u00e9ducation pour les Syriens.<\/h3>\n<p style=\"text-align: center;\">Pour aider les personnes touch\u00e9es par la violence en Syrie, les enseignants de l&rsquo;<a href=\"https:\/\/everestlanguageschool.com\/fr\/\" target=\"_blank\" rel=\"noopener\">\u00e9cole de langues Everest<\/a> ont mis au d\u00e9fi les professeurs de langues de toute l&rsquo;Irlande d&rsquo;apprendre autant d&rsquo;arabe que possible et de collecter en m\u00eame temps des fonds pour des projets d&rsquo;aide humanitaire en Syrie !<\/p>\n<p style=\"text-align: center;\">En collaboration avec Human Appeal, les \u00e9coles participantes collecteront des fonds pour aider les personnes touch\u00e9es par les cinq ann\u00e9es de violence en Syrie. En parrainant ce projet, vous aiderez <a href=\"http:\/\/www.humanappeal.ie\/\" target=\"_blank\" rel=\"noopener\">Human Appeal<\/a> \u00e0 d\u00e9velopper un projet \u00e9ducatif au profit de la communaut\u00e9 syrienne. <\/p>\n<p style=\"text-align: center;\">Human Appeal et Everest Language School sollicitent votre soutien. En parrainant les participants \u00e0 ce projet, vous pouvez aider directement ceux qui souffrent des effets du conflit. <\/p>\n<p>[\/vc_column_text][\/vc_column][vc_column width=\u00a0\u00bb1\/4&Prime;][vc_column_text]<br \/>\n[\/vc_column_text][\/vc_column][\/vc_row][vc_row parallax=\u00a0\u00bbno\u00a0\u00bb use_container=\u00a0\u00bb\u00a0\u00bb poster=\u00a0\u00bb\u00a0\u00bb mp4=\u00a0\u00bb\u00a0\u00bb m4v=\u00a0\u00bb\u00a0\u00bb webm=\u00a0\u00bb\u00a0\u00bb ogv=\u00a0\u00bb\u00a0\u00bb overlay=\u00a0\u00bb\u00a0\u00bb row_section_id=\u00a0\u00bb\u00a0\u00bb][vc_column][vc_empty_space][vc_separator][\/vc_column][\/vc_row][vc_row parallax=\u00a0\u00bbno\u00a0\u00bb use_container=\u00a0\u00bb\u00a0\u00bb poster=\u00a0\u00bb\u00a0\u00bb mp4=\u00a0\u00bb\u00a0\u00bb m4v=\u00a0\u00bb\u00a0\u00bb webm=\u00a0\u00bb\u00a0\u00bb ogv=\u00a0\u00bb\u00a0\u00bb overlay=\u00a0\u00bb\u00a0\u00bb row_section_id=\u00a0\u00bb\u00a0\u00bb][vc_column width=\u00a0\u00bb1\/2&Prime;][vc_column_text]<\/p>\n<h2 style=\"text-align: center;\">Vous pouvez nous aider d\u00e8s maintenant<\/h2>\n<p style=\"text-align: center;\">Comme la plupart des gens, nous voulions contribuer \u00e0 la crise en Syrie et aider les personnes les plus touch\u00e9es par le conflit. Nous pensions courir des marathons, faire des sacs ou sortir dans la rue pour collecter des fonds, mais nous avons d\u00e9cid\u00e9 de faire quelque chose d&rsquo;un peu diff\u00e9rent. \u00ab\u00a0More than Words\u00a0\u00bb est un marathon d&rsquo;apprentissage des langues. 5 enseignants de l&rsquo;\u00e9cole de langues Everest se lancent le d\u00e9fi d&rsquo;apprendre autant d&rsquo;arabe que possible d&rsquo;ici au mois de juillet. Nous vous demandons de sponsoriser notre effort, tout l&rsquo;argent que nous r\u00e9colterons soutiendra les projets \u00e9ducatifs de <a href=\"http:\/\/humanappeal.ie\/\">Human Appeal en Syrie.<\/a>    <\/p>\n<p>[\/vc_column_text][vc_btn title=\u00a0\u00bbSoutenez ce projet\u00a0\u00bb color=\u00a0\u00bbsky\u00a0\u00bb size=\u00a0\u00bblg\u00a0\u00bb align=\u00a0\u00bbcenter\u00a0\u00bb link=\u00a0\u00bburl:https%3A%2F%2Fwww.gofundme.com%2FmorethanwordsSyria||\u00a0\u00bb][vc_empty_space][\/vc_column][vc_column width=\u00a0\u00bb1\/2&Prime;][vc_column_text]<\/p>\n<h2 style=\"text-align: center;\">Regardez-nous apprendre l&rsquo;arabe<\/h2>\n<p style=\"text-align: center;\">Nous ajouterons des mises \u00e0 jour hebdomadaires \u00e0 notre blog pour vous informer des progr\u00e8s r\u00e9alis\u00e9s. Nous vous informerons de l&rsquo;\u00e9volution de la collecte de fonds et nous inclurons peut-\u00eatre m\u00eame quelques vid\u00e9os pour montrer nos progr\u00e8s en arabe.<br \/>\nDans Everest, les enseignants jouent le r\u00f4le de leurs \u00e9l\u00e8ves et s&rsquo;assoient en classe pour apprendre une nouvelle langue. Nous avons choisi d&rsquo;apprendre l&rsquo;arabe parce que c&rsquo;\u00e9tait une langue qu&rsquo;aucun d&rsquo;entre nous ne connaissait et que nous pensions que c&rsquo;\u00e9tait une fa\u00e7on de nous introduire dans une nouvelle culture. Pour en savoir plus sur nos aventures linguistiques, consultez notre blog.   <\/p>\n<p>[\/vc_column_text][vc_btn title=\u00a0\u00bbSuivez notre blog\u00a0\u00bb color=\u00a0\u00bbsky\u00a0\u00bb size=\u00a0\u00bblg\u00a0\u00bb align=\u00a0\u00bbcenter\u00a0\u00bb link=\u00a0\u00bburl:https%3A%2F%2Feverestlanguageschool.com%2Fcategory%2Fmore-than-words%2F||\u00a0\u00bb][\/vc_column][\/vc_row][vc_row parallax=\u00a0\u00bbno\u00a0\u00bb use_container=\u00a0\u00bb\u00a0\u00bb poster=\u00a0\u00bb\u00a0\u00bb mp4=\u00a0\u00bb\u00a0\u00bb m4v=\u00a0\u00bb\u00a0\u00bb webm=\u00a0\u00bb\u00a0\u00bb ogv=\u00a0\u00bb\u00a0\u00bb overlay=\u00a0\u00bb\u00a0\u00bb row_section_id=\u00a0\u00bb\u00a0\u00bb][vc_column][vc_separator][\/vc_column][\/vc_row]<\/p>\n","protected":false},"excerpt":{"rendered":"<p>[vc_row parallax=\u00a0\u00bbno\u00a0\u00bb use_container=\u00a0\u00bb\u00a0\u00bb poster=\u00a0\u00bb\u00a0\u00bb mp4=\u00a0\u00bb\u00a0\u00bb m4v=\u00a0\u00bb\u00a0\u00bb webm=\u00a0\u00bb\u00a0\u00bb ogv=\u00a0\u00bb\u00a0\u00bb overlay=\u00a0\u00bb\u00a0\u00bb row_section_id=\u00a0\u00bb\u00a0\u00bb][vc_column][vc_empty_space][vc_separator][vc_column_text] Plus que des mots Soutenez les projets d&rsquo;\u00e9ducation pour les r\u00e9fugi\u00e9s syriens [\/vc_column_text][vc_separator][vc_btn title=\u00a0\u00bbSoutenez ce projet\u00a0\u00bb color=\u00a0\u00bbsky\u00a0\u00bb size=\u00a0\u00bblg\u00a0\u00bb align=\u00a0\u00bbcenter\u00a0\u00bb button_block=\u00a0\u00bbtrue\u00a0\u00bb link=\u00a0\u00bburl:https%3A%2F%2Fwww.gofundme.com%2Fmorethanwordssyria||\u00a0\u00bb][\/vc_column][\/vc_row][vc_row parallax=\u00a0\u00bbno\u00a0\u00bb use_container=\u00a0\u00bb\u00a0\u00bb poster=\u00a0\u00bb\u00a0\u00bb mp4=\u00a0\u00bb\u00a0\u00bb m4v=\u00a0\u00bb\u00a0\u00bb webm=\u00a0\u00bb\u00a0\u00bb ogv=\u00a0\u00bb\u00a0\u00bb overlay=\u00a0\u00bb\u00a0\u00bb row_section_id=\u00a0\u00bb\u00a0\u00bb][vc_column][vc_empty_space][vc_single_image image=\u00a0\u00bb9263&Prime; img_size=\u00a0\u00bbfull\u00a0\u00bb alignment=\u00a0\u00bbcenter\u00a0\u00bb][vc_empty_space][\/vc_column][\/vc_row][vc_row parallax=\u00a0\u00bbno\u00a0\u00bb use_container=\u00a0\u00bb\u00a0\u00bb poster=\u00a0\u00bb\u00a0\u00bb mp4=\u00a0\u00bb\u00a0\u00bb m4v=\u00a0\u00bb\u00a0\u00bb webm=\u00a0\u00bb\u00a0\u00bb ogv=\u00a0\u00bb\u00a0\u00bb overlay=\u00a0\u00bb\u00a0\u00bb row_section_id=\u00a0\u00bb\u00a0\u00bb][vc_column width=\u00a0\u00bb1\/4&Prime;][vc_empty_space][\/vc_column][vc_column width=\u00a0\u00bb1\/2&Prime;][vc_column_text] Les &hellip;<\/p>\n<p class=\"read-more\"> <a class=\"\" href=\"https:\/\/everestlanguageschool.com\/fr\/plus-que-des-mots-defi-de-collecte-de-fonds-en-arabe\/\"> <span class=\"screen-reader-text\">Plus que des mots &#8211; D\u00e9fi de collecte de fonds en arabe<\/span> Lire la suite\u00a0\u00bb<\/a><\/p>\n","protected":false},"author":1,"featured_media":85044,"parent":0,"menu_order":0,"comment_status":"closed","ping_status":"closed","template":"page-fullwidth.php","meta":{"inline_featured_image":false,"site-sidebar-layout":"default","site-content-layout":"default","ast-global-header-display":"","ast-main-header-display":"","ast-hfb-above-header-display":"","ast-hfb-below-header-display":"","ast-hfb-mobile-header-display":"","site-post-title":"","ast-breadcrumbs-content":"","ast-featured-img":"","footer-sml-layout":"","theme-transparent-header-meta":"","adv-header-id-meta":"","stick-header-meta":"","header-above-stick-meta":"","header-main-stick-meta":"","header-below-stick-meta":"","footnotes":""},"categories":[],"tags":[],"class_list":["post-91236","page","type-page","status-publish","has-post-thumbnail","hentry"],"_links":{"self":[{"href":"https:\/\/everestlanguageschool.com\/fr\/wp-json\/wp\/v2\/pages\/91236","targetHints":{"allow":["GET"]}}],"collection":[{"href":"https:\/\/everestlanguageschool.com\/fr\/wp-json\/wp\/v2\/pages"}],"about":[{"href":"https:\/\/everestlanguageschool.com\/fr\/wp-json\/wp\/v2\/types\/page"}],"author":[{"embeddable":true,"href":"https:\/\/everestlanguageschool.com\/fr\/wp-json\/wp\/v2\/users\/1"}],"replies":[{"embeddable":true,"href":"https:\/\/everestlanguageschool.com\/fr\/wp-json\/wp\/v2\/comments?post=91236"}],"version-history":[{"count":0,"href":"https:\/\/everestlanguageschool.com\/fr\/wp-json\/wp\/v2\/pages\/91236\/revisions"}],"wp:featuredmedia":[{"embeddable":true,"href":"https:\/\/everestlanguageschool.com\/fr\/wp-json\/wp\/v2\/media\/85044"}],"wp:attachment":[{"href":"https:\/\/everestlanguageschool.com\/fr\/wp-json\/wp\/v2\/media?parent=91236"}],"wp:term":[{"taxonomy":"category","embeddable":true,"href":"https:\/\/everestlanguageschool.com\/fr\/wp-json\/wp\/v2\/categories?post=91236"},{"taxonomy":"post_tag","embeddable":true,"href":"https:\/\/everestlanguageschool.com\/fr\/wp-json\/wp\/v2\/tags?post=91236"}],"curies":[{"name":"wp","href":"https:\/\/api.w.org\/{rel}","templated":true}]}}