{"id":91245,"date":"2017-04-03T09:35:29","date_gmt":"2017-04-03T09:35:29","guid":{"rendered":"https:\/\/everestlanguageschool.com\/test-ielts-dublin\/"},"modified":"2017-04-03T09:35:29","modified_gmt":"2017-04-03T09:35:29","slug":"test-ielts-dublin","status":"publish","type":"page","link":"https:\/\/everestlanguageschool.com\/fr\/test-ielts-dublin\/","title":{"rendered":"Test IELTS Dublin"},"content":{"rendered":"<p><img fetchpriority=\"high\" decoding=\"async\" class=\"alignnone size-full wp-image-87418\" src=\"https:\/\/everestlanguageschool.com\/wp-content\/uploads\/2023\/06\/Cream-And-Brown-Simple-How-To-Study-For-An-Exam-YouTube-Thumbnail-.png\" alt=\"R\u00e9servez votre examen IELTS \u00e0 Dublin\" width=\"1280\" height=\"720\" srcset=\"https:\/\/everestlanguageschool.com\/wp-content\/uploads\/2023\/06\/Cream-And-Brown-Simple-How-To-Study-For-An-Exam-YouTube-Thumbnail-.png 1280w, https:\/\/everestlanguageschool.com\/wp-content\/uploads\/2023\/06\/Cream-And-Brown-Simple-How-To-Study-For-An-Exam-YouTube-Thumbnail--300x169.png 300w, https:\/\/everestlanguageschool.com\/wp-content\/uploads\/2023\/06\/Cream-And-Brown-Simple-How-To-Study-For-An-Exam-YouTube-Thumbnail--1024x576.png 1024w, https:\/\/everestlanguageschool.com\/wp-content\/uploads\/2023\/06\/Cream-And-Brown-Simple-How-To-Study-For-An-Exam-YouTube-Thumbnail--768x432.png 768w\" sizes=\"(max-width: 1280px) 100vw, 1280px\" \/><\/p>\n<h1 style=\"text-align: left;\">R\u00e9servez votre test IELTS en 4 \u00e9tapes simples<\/h1>\n<h2 style=\"text-align: left;\">R\u00e9servez votre test IELTS \u00e0 Dublin<\/h2>\n<h3>\u00c9tape 1 : Suivez un <a href=\"https:\/\/everestlanguageschool.com\/ielts-dublin\/\">cours de pr\u00e9paration \u00e0 l&rsquo;IELTS<\/a>.<\/h3>\n<p>M\u00eame les personnes dont l&rsquo;anglais est la langue maternelle trouvent l&rsquo;examen difficile. Suivre un cours de pr\u00e9paration \u00e0 l&rsquo;IELTS est essentiel pour obtenir un bon score \u00e0 l&rsquo;examen. A Everest, nous proposons des <a href=\"https:\/\/everestlanguageschool.com\/ielts-dublin\/\">cours de pr\u00e9paration \u00e0 l&rsquo;IELTS<\/a> le matin, l&rsquo;apr\u00e8s-midi et le soir. <\/p>\n<h3>\u00c9tape 2 : Trouvez une date de test.<\/h3>\n<p>Trouvez une<a href=\"https:\/\/takeielts.britishcouncil.org\/ireland?gclid=CjwKCAjwyqWkBhBMEiwAp2yUFtgKcnwcE0MWRWDOmAJme0fLZu58yh-Iomp1Nvy8eA-G4szhHKKjwxoCU3wQAvD_BwE\"> date d&rsquo;examen IELTS<\/a> disponible \u00e0 Dublin. Remplissez le formulaire d&rsquo;inscription en ligne \u00e0 l&rsquo;examen. (Remarque : vous aurez besoin d&rsquo;un scan d&rsquo;un passeport ou d&rsquo;une carte d&rsquo;identit\u00e9 nationale en cours de validit\u00e9 d&rsquo;un pays de l&rsquo;Union europ\u00e9enne. Vous en aurez besoin pour l&rsquo;inscription et le jour de l&rsquo;examen).  <\/p>\n<h3>\u00c9tape 3 : Payer votre test IELTS<\/h3>\n<p>Vous pouvez normalement payer votre examen en ligne ou en personne au centre d&rsquo;examen au moment de la r\u00e9servation. Si vous \u00e9tudiez \u00e0 Everest avec un visa d&rsquo;\u00e9tudes, les frais de l&rsquo;IELTS seront probablement inclus dans votre r\u00e9servation de cours. N&rsquo;h\u00e9sitez pas \u00e0 nous contacter \u00e0 la r\u00e9ception pour que nous puissions effectuer le paiement en votre nom.  <\/p>\n<h3>\u00c9tape 4 : Obtenir les d\u00e9tails du test IELTS<\/h3>\n<p>Vous recevrez ensuite un courriel de confirmation. Le traitement de votre demande peut prendre jusqu&rsquo;\u00e0 une semaine. Environ une semaine avant la date du test, un deuxi\u00e8me courriel vous sera envoy\u00e9 avec les horaires du test et d&rsquo;autres informations. Ces informations vous seront envoy\u00e9es par courrier \u00e9lectronique.   <\/p>\n","protected":false},"excerpt":{"rendered":"<p>R\u00e9servez votre test IELTS en 4 \u00e9tapes simples R\u00e9servez votre test IELTS \u00e0 Dublin \u00c9tape 1 : Suivez un cours de pr\u00e9paration \u00e0 l&rsquo;IELTS. M\u00eame les personnes dont l&rsquo;anglais est la langue maternelle trouvent l&rsquo;examen difficile. Suivre un cours de pr\u00e9paration \u00e0 l&rsquo;IELTS est essentiel pour obtenir un bon score \u00e0 l&rsquo;examen. A Everest, nous &hellip;<\/p>\n<p class=\"read-more\"> <a class=\"\" href=\"https:\/\/everestlanguageschool.com\/fr\/test-ielts-dublin\/\"> <span class=\"screen-reader-text\">Test IELTS Dublin<\/span> Lire la suite\u00a0\u00bb<\/a><\/p>\n","protected":false},"author":1,"featured_media":0,"parent":0,"menu_order":0,"comment_status":"closed","ping_status":"closed","template":"","meta":{"inline_featured_image":false,"site-sidebar-layout":"default","site-content-layout":"default","ast-global-header-display":"","ast-main-header-display":"","ast-hfb-above-header-display":"","ast-hfb-below-header-display":"","ast-hfb-mobile-header-display":"","site-post-title":"disabled","ast-breadcrumbs-content":"","ast-featured-img":"","footer-sml-layout":"","theme-transparent-header-meta":"","adv-header-id-meta":"","stick-header-meta":"","header-above-stick-meta":"","header-main-stick-meta":"","header-below-stick-meta":"","footnotes":""},"categories":[],"tags":[],"class_list":["post-91245","page","type-page","status-publish","hentry"],"_links":{"self":[{"href":"https:\/\/everestlanguageschool.com\/fr\/wp-json\/wp\/v2\/pages\/91245","targetHints":{"allow":["GET"]}}],"collection":[{"href":"https:\/\/everestlanguageschool.com\/fr\/wp-json\/wp\/v2\/pages"}],"about":[{"href":"https:\/\/everestlanguageschool.com\/fr\/wp-json\/wp\/v2\/types\/page"}],"author":[{"embeddable":true,"href":"https:\/\/everestlanguageschool.com\/fr\/wp-json\/wp\/v2\/users\/1"}],"replies":[{"embeddable":true,"href":"https:\/\/everestlanguageschool.com\/fr\/wp-json\/wp\/v2\/comments?post=91245"}],"version-history":[{"count":0,"href":"https:\/\/everestlanguageschool.com\/fr\/wp-json\/wp\/v2\/pages\/91245\/revisions"}],"wp:attachment":[{"href":"https:\/\/everestlanguageschool.com\/fr\/wp-json\/wp\/v2\/media?parent=91245"}],"wp:term":[{"taxonomy":"category","embeddable":true,"href":"https:\/\/everestlanguageschool.com\/fr\/wp-json\/wp\/v2\/categories?post=91245"},{"taxonomy":"post_tag","embeddable":true,"href":"https:\/\/everestlanguageschool.com\/fr\/wp-json\/wp\/v2\/tags?post=91245"}],"curies":[{"name":"wp","href":"https:\/\/api.w.org\/{rel}","templated":true}]}}