{"id":91341,"date":"2015-06-06T11:48:14","date_gmt":"2015-06-06T11:48:14","guid":{"rendered":"https:\/\/everestlanguageschool.com\/enseigner-langlais-a-dublin\/"},"modified":"2015-06-06T11:48:14","modified_gmt":"2015-06-06T11:48:14","slug":"enseigner-langlais-a-dublin","status":"publish","type":"page","link":"https:\/\/everestlanguageschool.com\/fr\/enseigner-langlais-a-dublin\/","title":{"rendered":"Enseigner l&rsquo;anglais \u00e0 Dublin"},"content":{"rendered":"<h1>Enseigner l&rsquo;anglais \u00e0 Dublin<\/h1>\n<p><img decoding=\"async\" class=\"alignnone size-full wp-image-80888 lazyload\" data-src=\"https:\/\/everestlanguageschool.com\/wp-content\/uploads\/2019\/07\/Teacher-explaining-grammar-Conor-2.png\" alt=\"\" width=\"100%\" data-srcset=\"https:\/\/everestlanguageschool.com\/wp-content\/uploads\/2019\/07\/Teacher-explaining-grammar-Conor-2.png 1000w, https:\/\/everestlanguageschool.com\/wp-content\/uploads\/2019\/07\/Teacher-explaining-grammar-Conor-2-300x169.png 300w, https:\/\/everestlanguageschool.com\/wp-content\/uploads\/2019\/07\/Teacher-explaining-grammar-Conor-2-768x432.png 768w\" data-sizes=\"(max-width: 1000px) 100vw, 1000px\" src=\"data:image\/gif;base64,R0lGODlhAQABAAAAACH5BAEKAAEALAAAAAABAAEAAAICTAEAOw==\" style=\"--smush-placeholder-width: 1000px; --smush-placeholder-aspect-ratio: 1000\/563;\" \/><\/p>\n<p>Nous sommes toujours \u00e0 la recherche d&rsquo;enseignants de qualit\u00e9 \u00e0 Everest. Si vous souhaitez travailler pour nous, envoyez-nous un e-mail (\u00e0 info@everestlanguageschool.com). <\/p>\n<p>Emploi de professeur d&rsquo;anglais<\/p>\n<p>***Ne postulez pas si vous n&rsquo;\u00eates pas titulaire d&rsquo;un <a href=\"http:\/\/www.cambridgeenglish.org\/teaching-english\/teaching-qualifications\/celta\/\">CELTA<\/a> ou d&rsquo;un CELT ou d&rsquo;une qualification similaire reconnue par <a href=\"https:\/\/www.qqi.ie\/Articles\/Pages\/English-Language-Education.aspx\">l&rsquo;ACELS<\/a> et d&rsquo;un dipl\u00f4me de troisi\u00e8me cycle***.<\/p>\n<p>Nous recherchons actuellement un professeur enthousiaste pour travailler avec de petits groupes dans notre nouvelle \u00e9cole. Everest Language School est (probablement) la seule \u00e9cole de Dublin appartenant \u00e0 un enseignant. C&rsquo;est la raison pour laquelle nous n&rsquo;attendons que des professeurs qui aiment et s&rsquo;int\u00e9ressent vraiment \u00e0 l&rsquo;enseignement. Nous recrutons actuellement pour des postes l&rsquo;apr\u00e8s-midi, le soir et le matin.   <\/p>\n<p>Comp\u00e9tences requises :<\/p>\n<ul>\n<li>Connaissance et exp\u00e9rience de l&rsquo;enseignement de l&rsquo;IELTS, du FCE et du CAE<\/li>\n<li>Capacit\u00e9 \u00e0 cr\u00e9er des cours attrayants<\/li>\n<li>Minimum de 2 ans d&rsquo;exp\u00e9rience dans l&rsquo;enseignement<\/li>\n<li>Capacit\u00e9 \u00e0 g\u00e9rer une classe dont les capacit\u00e9s et les styles d&rsquo;apprentissage varient.<\/li>\n<\/ul>\n<p>Exp\u00e9rience requise :<\/p>\n<ul>\n<li>Enseignement de l&rsquo;anglais langue \u00e9trang\u00e8re en Irlande : 2 ans<\/li>\n<\/ul>\n","protected":false},"excerpt":{"rendered":"<p>Enseigner l&rsquo;anglais \u00e0 Dublin Nous sommes toujours \u00e0 la recherche d&rsquo;enseignants de qualit\u00e9 \u00e0 Everest. Si vous souhaitez travailler pour nous, envoyez-nous un e-mail (\u00e0 info@everestlanguageschool.com). Emploi de professeur d&rsquo;anglais ***Ne postulez pas si vous n&rsquo;\u00eates pas titulaire d&rsquo;un CELTA ou d&rsquo;un CELT ou d&rsquo;une qualification similaire reconnue par l&rsquo;ACELS et d&rsquo;un dipl\u00f4me de troisi\u00e8me &hellip;<\/p>\n<p class=\"read-more\"> <a class=\"\" href=\"https:\/\/everestlanguageschool.com\/fr\/enseigner-langlais-a-dublin\/\"> <span class=\"screen-reader-text\">Enseigner l&rsquo;anglais \u00e0 Dublin<\/span> Lire la suite\u00a0\u00bb<\/a><\/p>\n","protected":false},"author":1,"featured_media":0,"parent":0,"menu_order":0,"comment_status":"open","ping_status":"open","template":"","meta":{"inline_featured_image":false,"site-sidebar-layout":"default","site-content-layout":"default","ast-global-header-display":"","ast-main-header-display":"","ast-hfb-above-header-display":"","ast-hfb-below-header-display":"","ast-hfb-mobile-header-display":"","site-post-title":"","ast-breadcrumbs-content":"","ast-featured-img":"","footer-sml-layout":"","theme-transparent-header-meta":"","adv-header-id-meta":"","stick-header-meta":"","header-above-stick-meta":"","header-main-stick-meta":"","header-below-stick-meta":"","footnotes":""},"categories":[],"tags":[],"class_list":["post-91341","page","type-page","status-publish","hentry"],"_links":{"self":[{"href":"https:\/\/everestlanguageschool.com\/fr\/wp-json\/wp\/v2\/pages\/91341","targetHints":{"allow":["GET"]}}],"collection":[{"href":"https:\/\/everestlanguageschool.com\/fr\/wp-json\/wp\/v2\/pages"}],"about":[{"href":"https:\/\/everestlanguageschool.com\/fr\/wp-json\/wp\/v2\/types\/page"}],"author":[{"embeddable":true,"href":"https:\/\/everestlanguageschool.com\/fr\/wp-json\/wp\/v2\/users\/1"}],"replies":[{"embeddable":true,"href":"https:\/\/everestlanguageschool.com\/fr\/wp-json\/wp\/v2\/comments?post=91341"}],"version-history":[{"count":0,"href":"https:\/\/everestlanguageschool.com\/fr\/wp-json\/wp\/v2\/pages\/91341\/revisions"}],"wp:attachment":[{"href":"https:\/\/everestlanguageschool.com\/fr\/wp-json\/wp\/v2\/media?parent=91341"}],"wp:term":[{"taxonomy":"category","embeddable":true,"href":"https:\/\/everestlanguageschool.com\/fr\/wp-json\/wp\/v2\/categories?post=91341"},{"taxonomy":"post_tag","embeddable":true,"href":"https:\/\/everestlanguageschool.com\/fr\/wp-json\/wp\/v2\/tags?post=91341"}],"curies":[{"name":"wp","href":"https:\/\/api.w.org\/{rel}","templated":true}]}}