{"id":92547,"date":"2017-09-21T14:49:04","date_gmt":"2017-09-21T14:49:04","guid":{"rendered":"https:\/\/everestlanguageschool.com\/cours-danglais-a-dublin-cours-de-lapres-midi\/"},"modified":"2017-09-21T14:49:04","modified_gmt":"2017-09-21T14:49:04","slug":"cours-danglais-a-dublin-cours-de-lapres-midi","status":"publish","type":"page","link":"https:\/\/everestlanguageschool.com\/fr\/cours-danglais-a-dublin-cours-de-lapres-midi\/","title":{"rendered":"Cours d&rsquo;anglais \u00e0 Dublin &#8211; Cours de l&rsquo;apr\u00e8s-midi"},"content":{"rendered":"<p>[vc_row parallax=\u00a0\u00bbyes\u00a0\u00bb use_container=\u00a0\u00bbfalse\u00a0\u00bb css=\u00a0\u00bb.vc_custom_1452159674214{margin-bottom: 40px !important;background-image: url(https:\/\/everestlanguageschool.com\/wp-content\/uploads\/2015\/12\/book_class71.jpg?id=8532) !important;background-position: center;background-repeat: no-repeat !important;background-size: cover !important;}\u00a0\u00bb el_class=\u00a0\u00bblpcontainer\u00a0\u00bb][vc_column el_class=\u00a0\u00bbcourse_intro_img\u00a0\u00bb][vc_column_text]<\/p>\n<div class=\"lp_intro\">\n<h2>Votre cours d&rsquo;anglais \u00e0 Dublin<\/h2>\n<p>Contactez nous aujourd&rsquo;hui<\/p>\n<\/div>\n<p>[\/vc_column_text][\/vc_column][\/vc_row][vc_row css=\u00a0\u00bb.vc_custom_1452026017501{background-color: #e0f1ff !important;background-position: center;background-repeat: no-repeat !important;background-size: cover !important;}\u00a0\u00bb][vc_column width=\u00a0\u00bb1\/2&Prime; css=\u00a0\u00bb.vc_custom_1451928346825{padding-top: 5px !important;padding-right: 5px !important;padding-bottom: 5px !important;padding-left: 5px !important;background-position: center !important;background-repeat: no-repeat !important;background-size: cover !important;}\u00a0\u00bb][vc_video link=\u00a0\u00bbhttps:\/\/youtu.be\/S1MGc4FgAIw\u00a0\u00bb][vc_single_image image=\u00a0\u00bb8474&Prime; img_size=\u00a0\u00bbfull\u00a0\u00bb alignment=\u00a0\u00bbcenter\u00a0\u00bb onclick=\u00a0\u00bbcustom_link\u00a0\u00bb link=\u00a0\u00bbhttps:\/\/www.facebook.com\/EverestLanguageSchool\/reviews\u00a0\u00bb][\/vc_column][vc_column width=\u00a0\u00bb1\/2&Prime;][vc_column_text]<\/p>\n<h3 style=\"text-align: center;\">Cours d&rsquo;anglais \u00e0 Dublin :<\/h3>\n<h3 style=\"text-align: center;\">Obtenir des informations et des prix<\/h3>\n<p>[\/vc_column_text][vc_raw_html]<\/p>\n<p>JTNDYSUyMG5hbWUlM0QlMjJFbdsaXNoX2NvdXJzZSUyMiUzRSUzQyUyRmElM0U=<\/p>\n<p>[\/vc_raw_html][vc_empty_space]<p class=\"wpcf7-contact-form-not-found\"><strong>Erreur\u00a0:<\/strong> Formulaire de contact non trouv\u00e9\u00a0!<\/p>[\/vc_column][\/vc_row][vc_row css=\u00a0\u00bb.vc_custom_1452026773447{background-color: #f4f4f4 !important;}\u00a0\u00bb][vc_column][vc_empty_space][vc_column_text]<\/p>\n<h2 style=\"text-align: center;\">Quelques informations suppl\u00e9mentaires sur nos cours d&rsquo;anglais<\/h2>\n<p>[\/vc_column_text][vc_empty_space][vc_tabs el_class=\u00a0\u00bblp\u00a0\u00bb][vc_tab icon=\u00a0\u00bbfa-smile-o\u00a0\u00bb title=\u00a0\u00bbOffres\u00a0\u00bb tab_id=\u00a0\u00bb1451422226510-2-7&Prime;][vc_single_image image=\u00a0\u00bb15697&Prime; img_size=\u00a0\u00bbfull\u00a0\u00bb alignment=\u00a0\u00bbcenter\u00a0\u00bb][vc_column_text]<\/p>\n<h2 style=\"text-align: center;\">PROMOTION SP\u00c9CIALE<\/h2>\n<p style=\"text-align: center;\">R\u00e9servez votre cours d&rsquo;anglais \u00e0 Dublin pour 2017 MAINTENANT et b\u00e9n\u00e9ficiez d&rsquo;une r\u00e9duction de 10%. Nous offrons \u00e9galement un voyage gratuit dans une autre ville d&rsquo;Irlande si vous r\u00e9servez un cours \u00e0 temps plein de 3 semaines ou plus. <\/p>\n<p style=\"text-align: center;\">Prix pour 3 semaines :<\/p>\n<p style=\"text-align: center;\">\u20ac<del datetime=\"2015-05-18T14:11:28+00:00\">315 \u20ac <\/del>285<\/p>\n<p>[\/vc_column_text][vc_btn title=\u00a0\u00bbOBTENIR PLUS D&rsquo;INFORMATIONS\u00a0\u00bb style=\u00a0\u00bb3d\u00a0\u00bb color=\u00a0\u00bbsky\u00a0\u00bb size=\u00a0\u00bblg\u00a0\u00bb align=\u00a0\u00bbcenter\u00a0\u00bb button_block=\u00a0\u00bbtrue\u00a0\u00bb link=\u00a0\u00bburl:%23English_course||\u00a0\u00bb][vc_empty_space][vc_column_text]<\/p>\n<h2 style=\"text-align: center;\">PROMOTION SP\u00c9CIALE<\/h2>\n<p style=\"text-align: center;\">R\u00e9servez votre cours d&rsquo;anglais \u00e0 Dublin pour 2017 MAINTENANT et b\u00e9n\u00e9ficiez d&rsquo;une r\u00e9duction de 10%. Nous offrons \u00e9galement un voyage gratuit dans une autre ville d&rsquo;Irlande si vous r\u00e9servez un cours \u00e0 temps plein de 3 semaines ou plus. <\/p>\n<p style=\"text-align: center;\">Prix pour 4 semaines :<\/p>\n<p style=\"text-align: center;\">Prix pour 4 semaines et visite gratuite :<\/p>\n<p style=\"text-align: center;\">\u20ac<del datetime=\"2015-05-18T13:58:36+00:00\">400 \u20ac<\/del> 360<\/p>\n<p>[\/vc_column_text][vc_btn title=\u00a0\u00bbOBTENIR PLUS D&rsquo;INFORMATIONS\u00a0\u00bb style=\u00a0\u00bb3d\u00a0\u00bb color=\u00a0\u00bbsky\u00a0\u00bb size=\u00a0\u00bblg\u00a0\u00bb align=\u00a0\u00bbcenter\u00a0\u00bb button_block=\u00a0\u00bbtrue\u00a0\u00bb link=\u00a0\u00bburl:%23English_course||\u00a0\u00bb el_class=\u00a0\u00bbbutton2&Prime;][\/vc_tab][vc_tab icon=\u00a0\u00bbfa-graduation-cap\u00a0\u00bb title=\u00a0\u00bbCours\u00a0\u00bb tab_id=\u00a0\u00bb065a6d44-8cf7-2&Prime;][vc_column_text]<\/p>\n<h2 style=\"text-align: center;\">Description du cours<\/h2>\n<p style=\"text-align: center;\">Notre cours d&rsquo;anglais g\u00e9n\u00e9ral de l&rsquo;apr\u00e8s-midi vous permet d&rsquo;acqu\u00e9rir l&rsquo;anglais dont vous avez besoin pour travailler, \u00e9tudier et voyager en anglais. Tous nos cours sont tr\u00e8s interactifs et bas\u00e9s sur la communication. <\/p>\n<h3 style=\"text-align: center;\">Cours de l&rsquo;apr\u00e8s-midi de 15 heures<\/h3>\n<p style=\"text-align: center;\"><strong>13 h 45 &#8211; 17 h :<\/strong><\/p>\n<p style=\"text-align: center;\">Grammaire (temps des verbes, conditionnels, articles, verbes de modalit\u00e9, etc.)<\/p>\n<p style=\"text-align: center;\">Apport de vocabulaire (vocabulaire du travail, des \u00e9tudes, de la vie, des voyages, etc.)<\/p>\n<p style=\"text-align: center;\">Comp\u00e9tences en lecture (\u00e9cr\u00e9mage, balayage, etc.)<\/p>\n<p style=\"text-align: center;\">Expression orale et fluidit\u00e9 (parler en \u00e9tant corrig\u00e9 et en recevant un feedback de votre professeur)<\/p>\n<p style=\"text-align: center;\">Prononciation (am\u00e9liorez votre prononciation et votre aisance en anglais)<\/p>\n<p style=\"text-align: center;\">R\u00e9daction (apprendre les styles de r\u00e9daction pour les examens et l&rsquo;usage g\u00e9n\u00e9ral)<\/p>\n<p>[\/vc_column_text][\/vc_tab][vc_tab icon=\u00a0\u00bbfa-eur\u00a0\u00bb title=\u00a0\u00bbPrix\u00a0\u00bb tab_id=\u00a0\u00bb2eca775b-37f9-2&Prime;][vc_raw_html]JTVCZWFzeS1wcmljaW5nLXRhYmxlJTIwaWlQM0QlMjIxNjcxMCUyMiU1RA==[\/vc_raw_html][\/vc_tab][vc_tab icon=\u00a0\u00bbfa-envelope-o\u00a0\u00bb title=\u00a0\u00bbContactez nous\u00a0\u00bb tab_id=\u00a0\u00bb1451422227961-3-8&Prime;][vc_column_text]<\/p>\n<h2 style=\"text-align: center;\">Contactez-nous d\u00e8s aujourd&rsquo;hui<\/h2>\n<p>[\/vc_column_text]<p class=\"wpcf7-contact-form-not-found\"><strong>Erreur\u00a0:<\/strong> Formulaire de contact non trouv\u00e9\u00a0!<\/p>[\/vc_tab][\/vc_tabs][vc_separator][\/vc_column][\/vc_row]<\/p>\n","protected":false},"excerpt":{"rendered":"<p>[vc_row parallax=\u00a0\u00bbyes\u00a0\u00bb use_container=\u00a0\u00bbfalse\u00a0\u00bb css=\u00a0\u00bb.vc_custom_1452159674214{margin-bottom: 40px !important;background-image: url(https:\/\/everestlanguageschool.com\/wp-content\/uploads\/2015\/12\/book_class71.jpg?id=8532) !important;background-position: center;background-repeat: no-repeat !important;background-size: cover !important;}\u00a0\u00bb el_class=\u00a0\u00bblpcontainer\u00a0\u00bb][vc_column el_class=\u00a0\u00bbcourse_intro_img\u00a0\u00bb][vc_column_text] Votre cours d&rsquo;anglais \u00e0 Dublin Contactez nous aujourd&rsquo;hui [\/vc_column_text][\/vc_column][\/vc_row][vc_row css=\u00a0\u00bb.vc_custom_1452026017501{background-color: #e0f1ff !important;background-position: center;background-repeat: no-repeat !important;background-size: cover !important;}\u00a0\u00bb][vc_column width=\u00a0\u00bb1\/2&Prime; css=\u00a0\u00bb.vc_custom_1451928346825{padding-top: 5px !important;padding-right: 5px !important;padding-bottom: 5px !important;padding-left: 5px !important;background-position: center !important;background-repeat: no-repeat !important;background-size: cover !important;}\u00a0\u00bb][vc_video link=\u00a0\u00bbhttps:\/\/youtu.be\/S1MGc4FgAIw\u00a0\u00bb][vc_single_image image=\u00a0\u00bb8474&Prime; img_size=\u00a0\u00bbfull\u00a0\u00bb alignment=\u00a0\u00bbcenter\u00a0\u00bb onclick=\u00a0\u00bbcustom_link\u00a0\u00bb link=\u00a0\u00bbhttps:\/\/www.facebook.com\/EverestLanguageSchool\/reviews\u00a0\u00bb][\/vc_column][vc_column width=\u00a0\u00bb1\/2&Prime;][vc_column_text] &hellip;<\/p>\n<p class=\"read-more\"> <a class=\"\" href=\"https:\/\/everestlanguageschool.com\/fr\/cours-danglais-a-dublin-cours-de-lapres-midi\/\"> <span class=\"screen-reader-text\">Cours d&rsquo;anglais \u00e0 Dublin &#8211; Cours de l&rsquo;apr\u00e8s-midi<\/span> Lire la suite\u00a0\u00bb<\/a><\/p>\n","protected":false},"author":1,"featured_media":85596,"parent":0,"menu_order":0,"comment_status":"closed","ping_status":"closed","template":"page-fullwidth.php","meta":{"inline_featured_image":false,"site-sidebar-layout":"default","site-content-layout":"default","ast-global-header-display":"","ast-main-header-display":"","ast-hfb-above-header-display":"","ast-hfb-below-header-display":"","ast-hfb-mobile-header-display":"","site-post-title":"","ast-breadcrumbs-content":"","ast-featured-img":"","footer-sml-layout":"","theme-transparent-header-meta":"","adv-header-id-meta":"","stick-header-meta":"","header-above-stick-meta":"","header-main-stick-meta":"","header-below-stick-meta":"","footnotes":""},"categories":[],"tags":[],"class_list":["post-92547","page","type-page","status-publish","has-post-thumbnail","hentry"],"_links":{"self":[{"href":"https:\/\/everestlanguageschool.com\/fr\/wp-json\/wp\/v2\/pages\/92547","targetHints":{"allow":["GET"]}}],"collection":[{"href":"https:\/\/everestlanguageschool.com\/fr\/wp-json\/wp\/v2\/pages"}],"about":[{"href":"https:\/\/everestlanguageschool.com\/fr\/wp-json\/wp\/v2\/types\/page"}],"author":[{"embeddable":true,"href":"https:\/\/everestlanguageschool.com\/fr\/wp-json\/wp\/v2\/users\/1"}],"replies":[{"embeddable":true,"href":"https:\/\/everestlanguageschool.com\/fr\/wp-json\/wp\/v2\/comments?post=92547"}],"version-history":[{"count":0,"href":"https:\/\/everestlanguageschool.com\/fr\/wp-json\/wp\/v2\/pages\/92547\/revisions"}],"wp:featuredmedia":[{"embeddable":true,"href":"https:\/\/everestlanguageschool.com\/fr\/wp-json\/wp\/v2\/media\/85596"}],"wp:attachment":[{"href":"https:\/\/everestlanguageschool.com\/fr\/wp-json\/wp\/v2\/media?parent=92547"}],"wp:term":[{"taxonomy":"category","embeddable":true,"href":"https:\/\/everestlanguageschool.com\/fr\/wp-json\/wp\/v2\/categories?post=92547"},{"taxonomy":"post_tag","embeddable":true,"href":"https:\/\/everestlanguageschool.com\/fr\/wp-json\/wp\/v2\/tags?post=92547"}],"curies":[{"name":"wp","href":"https:\/\/api.w.org\/{rel}","templated":true}]}}