{"id":93656,"date":"2020-03-14T19:26:16","date_gmt":"2020-03-14T19:26:16","guid":{"rendered":"https:\/\/everestlanguageschool.com\/cours-danglais-video-en-ligne\/"},"modified":"2025-09-17T14:43:31","modified_gmt":"2025-09-17T14:43:31","slug":"cours-danglais-video-en-ligne","status":"publish","type":"page","link":"https:\/\/everestlanguageschool.com\/fr\/cours-danglais-video-en-ligne\/","title":{"rendered":"Cours d&rsquo;anglais vid\u00e9o en ligne"},"content":{"rendered":"<p>[vc_row][vc_column][vc_empty_space][vc_column_text]<\/p>\n<h1 style=\"text-align: center;\"><span style=\"color: #7bb0e4;\">Live Online English Course<\/span><\/h1>\n<p>[\/vc_column_text][\/vc_column][\/vc_row][vc_row css=\u00a0\u00bb.vc_custom_1563976995561{background-color: #f2f2f2 !important;}\u00a0\u00bb][vc_column width=\u00a0\u00bb1\/3&Prime; css=\u00a0\u00bb.vc_custom_1589874487961{border-right-width: 5px !important;border-bottom-width: 5px !important;border-left-width: 5px !important;background-color: #7cb1e5 !important;border-left-color: #ffffff !important;border-right-color: #ffffff !important;border-bottom-color: #ffffff !important;}\u00a0\u00bb][vc_column_text]<\/p>\n<h3 style=\"text-align: center;\"><span style=\"color: white;\">Start Learning Online<\/span><\/h3>\n<p>[\/vc_column_text][vc_video link=\u00a0\u00bbhttps:\/\/www.youtube.com\/watch?v=bWkdaMCCaFs&amp;feature=youtu.be\u00a0\u00bb][\/vc_column][vc_column width=\u00a0\u00bb2\/3&Prime; css=\u00a0\u00bb.vc_custom_1589874502631{margin-left: 10px !important;}\u00a0\u00bb][vc_empty_space][vc_column_text]<\/p>\n<h3>Online English Course with Live Teacher<\/h3>\n<p>[\/vc_column_text]\n<div class=\"wpcf7 no-js\" id=\"wpcf7-f94088-o1\" lang=\"fr-FR\" dir=\"ltr\" data-wpcf7-id=\"94088\">\n<div class=\"screen-reader-response\"><p role=\"status\" aria-live=\"polite\" aria-atomic=\"true\"><\/p> <ul><\/ul><\/div>\n<form action=\"\/fr\/wp-json\/wp\/v2\/pages\/93656#wpcf7-f94088-o1\" method=\"post\" class=\"wpcf7-form init\" aria-label=\"Formulaire de contact\" novalidate=\"novalidate\" data-status=\"init\">\n<div style=\"display: none;\">\n<input type=\"hidden\" name=\"_wpcf7\" value=\"94088\" \/>\n<input type=\"hidden\" name=\"_wpcf7_version\" value=\"6.0.4\" \/>\n<input type=\"hidden\" name=\"_wpcf7_locale\" value=\"fr_FR\" \/>\n<input type=\"hidden\" name=\"_wpcf7_unit_tag\" value=\"wpcf7-f94088-o1\" \/>\n<input type=\"hidden\" name=\"_wpcf7_container_post\" value=\"0\" \/>\n<input type=\"hidden\" name=\"_wpcf7_posted_data_hash\" value=\"\" \/>\n<input type=\"hidden\" name=\"_wpcf7_recaptcha_response\" value=\"\" \/>\n<\/div>\n<h4>En savoir plus sur les cours d'anglais \u00e0 Dublin\n<\/h4>\n<p>Votre nom (obligatoire)<br \/>\n<span class=\"wpcf7-form-control-wrap\" data-name=\"your-name\"><input size=\"40\" maxlength=\"400\" class=\"wpcf7-form-control wpcf7-text wpcf7-validates-as-required\" aria-required=\"true\" aria-invalid=\"false\" value=\"\" type=\"text\" name=\"your-name\" \/><\/span>\n<\/p>\n<p>Votre adresse e-mail (obligatoire)<br \/>\n<span class=\"wpcf7-form-control-wrap\" data-name=\"your-email\"><input size=\"40\" maxlength=\"400\" class=\"wpcf7-form-control wpcf7-email wpcf7-validates-as-required wpcf7-text wpcf7-validates-as-email\" aria-required=\"true\" aria-invalid=\"false\" value=\"\" type=\"email\" name=\"your-email\" \/><\/span>\n<\/p>\n<p><a href=\"https:\/\/docs.google.com\/document\/u\/1\/d\/e\/2PACX-1vQEw6fdI_2soxDW8l-rO2nlrUEXzTrTIO0Y-gKpEyQwpk4F1t8eBzeOac8nd2vCEIw1kwImwlbsSogJ\/pub\">Politique de confidentialit\u00e9 :<\/a><span class=\"wpcf7-form-control-wrap\" data-name=\"checkbox-868\"><span class=\"wpcf7-form-control wpcf7-checkbox wpcf7-validates-as-required\"><span class=\"wpcf7-list-item first last\"><span class=\"wpcf7-list-item-label\">J&#039;ai compris la politique de confidentialit\u00e9 d&#039;Everest et je souhaite recevoir du mat\u00e9riel promotionnel de l&#039;\u00e9cole.<\/span><input type=\"checkbox\" name=\"checkbox-868[]\" value=\"J&#039;ai compris la politique de confidentialit\u00e9 d&#039;Everest et je souhaite recevoir du mat\u00e9riel promotionnel de l&#039;\u00e9cole.\" \/><\/span><\/span><\/span>\n<\/p>\n<input class=\"wpcf7-form-control wpcf7-hidden\" value=\"\" type=\"hidden\" name=\"page_source\" \/>\n<input class=\"wpcf7-form-control wpcf7-hidden\" value=\"\" type=\"hidden\" name=\"traffic_source\" \/>\n<p><input class=\"wpcf7-form-control wpcf7-submit has-spinner\" type=\"submit\" value=\"Obtenir plus d&#039;informations\" \/>\n<\/p><div class=\"wpcf7-response-output\" aria-hidden=\"true\"><\/div>\n<\/form>\n<\/div>\n[\/vc_column][\/vc_row][vc_row][vc_column][vc_column_text]<\/p>\n<p>[\/vc_column_text][\/vc_column][\/vc_row][vc_row][vc_column][vc_column_text]<\/p>\n<h1 style=\"color: #7cb1e5; text-align: center;\">Online English Course via Video Conferencing<\/h1>\n<h2 style=\"color: #7cb1e5; text-align: center;\">We are offering all of our courses online<\/h2>\n<p>[\/vc_column_text][vc_empty_space][\/vc_column][\/vc_row][vc_row el_class=\u00a0\u00bbitemscope itemtype=\u00ab\u00a0http:\/\/schema.org\/LocalBusiness\u00ab\u00a0\u00ab\u00a0][vc_column width=\u00a0\u00bb1\/4&Prime;][vc_empty_space][iconbox title=\u00a0\u00bbGeneral English Course\u00a0\u00bb icon=\u00a0\u00bbfa fa-graduation-cap\u00a0\u00bb style=\u00a0\u00bbtop_icon_circle_large\u00a0\u00bb icon_color=\u00a0\u00bb#ffffff\u00a0\u00bb icon_bg_color=\u00a0\u00bb#7bb0e4&Prime; icon_bor_color=\u00a0\u00bb#7bb0e4&Prime; text_align=\u00a0\u00bbcenter\u00a0\u00bb url=\u00a0\u00bbhttps:\/\/everestlanguageschool.com\/courses-and-fees\/\u00a0\u00bb target=\u00a0\u00bb_self\u00a0\u00bb frame=\u00a0\u00bbnon_framed\u00a0\u00bb]General English<\/p>\n<p>Improve your level of English<\/p>\n<p>&#8212;<\/p>\n<p>General English course in Dublin. Dynamic classes focused on speaking[\/iconbox][vc_empty_space][\/vc_column][vc_column width=\u00a0\u00bb1\/4&Prime;][vc_empty_space][iconbox title=\u00a0\u00bbIELTS Preparation\u00a0\u00bb icon=\u00a0\u00bbfa fa-info\u00a0\u00bb style=\u00a0\u00bbtop_icon_circle_large\u00a0\u00bb icon_color=\u00a0\u00bb#ffffff\u00a0\u00bb icon_bg_color=\u00a0\u00bb#f48484&Prime; icon_bor_color=\u00a0\u00bb#f48484&Prime; text_align=\u00a0\u00bbcenter\u00a0\u00bb url=\u00a0\u00bbhttps:\/\/everestlanguageschool.com\/ielts-dublin\/\u00a0\u00bb target=\u00a0\u00bb_self\u00a0\u00bb frame=\u00a0\u00bbnon_framed\u00a0\u00bb]<\/p>\n<div>\n<p>Prepare for IELTS<\/p>\n<p>with our expert teachers<\/p>\n<p>&#8212;<\/p>\n<p>Get the best possible band score in your IELTS exam with Everest. Learn essential exam skills<\/p>\n<\/div>\n<p>[\/iconbox][vc_empty_space][\/vc_column][vc_column width=\u00a0\u00bb1\/4&Prime;][vc_empty_space][iconbox title=\u00a0\u00bbCambridge Preparation\u00a0\u00bb icon=\u00a0\u00bbfa fa-certificate\u00a0\u00bb style=\u00a0\u00bbtop_icon_circle_large\u00a0\u00bb icon_color=\u00a0\u00bb#ffffff\u00a0\u00bb icon_bg_color=\u00a0\u00bb#f4a33f\u00a0\u00bb icon_bor_color=\u00a0\u00bb#f4a33f\u00a0\u00bb text_align=\u00a0\u00bbcenter\u00a0\u00bb url=\u00a0\u00bbhttps:\/\/everestlanguageschool.com\/cambridge-first-advanced-fce-cae\/\u00a0\u00bb target=\u00a0\u00bb_self\u00a0\u00bb frame=\u00a0\u00bbnon_framed\u00a0\u00bb]We offer courses to prepare for Cambridge exams<\/p>\n<p>&#8212;<\/p>\n<p>We can help you get the best mark in the Cambridge First and Advanced English exams[\/iconbox][vc_empty_space][\/vc_column][vc_column width=\u00a0\u00bb1\/4&Prime;][vc_empty_space][iconbox title=\u00a0\u00bbBusiness English\u00a0\u00bb icon=\u00a0\u00bbfa fa-briefcase\u00a0\u00bb style=\u00a0\u00bbtop_icon_circle_large\u00a0\u00bb icon_color=\u00a0\u00bb#ffffff\u00a0\u00bb icon_bg_color=\u00a0\u00bb#0a0506&Prime; icon_bor_color=\u00a0\u00bb#000000&Prime; text_align=\u00a0\u00bbcenter\u00a0\u00bb url=\u00a0\u00bbhttps:\/\/everestlanguageschool.com\/business-english-in-dublin\/\u00a0\u00bb target=\u00a0\u00bb_self\u00a0\u00bb frame=\u00a0\u00bbnon_framed\u00a0\u00bb]Finding a job, writing your CV, preparing for interviews<\/p>\n<p>&#8212;<\/p>\n<p>Our Business English course will give you the English you need to work in English[\/iconbox][vc_empty_space][\/vc_column][\/vc_row][vc_row][vc_column][vc_single_image image=\u00a0\u00bb75489&Prime; img_size=\u00a0\u00bbfull\u00a0\u00bb alignment=\u00a0\u00bbcenter\u00a0\u00bb][vc_raw_html]JTNDYSUyMGlkJTNEJTIydHJpYWwlMjIlM0UlM0MlMkZhJTNF[\/vc_raw_html][\/vc_column][\/vc_row][vc_row css=\u00a0\u00bb.vc_custom_1588077503199{background-color: #f47e6f !important;}\u00a0\u00bb][vc_column width=\u00a0\u00bb2\/3&Prime;][vc_empty_space height=\u00a0\u00bb20px\u00a0\u00bb][vc_column_text]<\/p>\n<h3 style=\"text-align: left;\"><span style=\"color: #ffffff;\">Trial Class: Try our Online English Course<\/span><\/h3>\n<h4 style=\"text-align: left;\"><span style=\"color: #ffffff;\">Book 1 week trial course and <strong>start improving your English next week!<\/strong><\/span><\/h4>\n<p>[\/vc_column_text]\n<div class=\"wpcf7 no-js\" id=\"wpcf7-f94088-o2\" lang=\"fr-FR\" dir=\"ltr\" data-wpcf7-id=\"94088\">\n<div class=\"screen-reader-response\"><p role=\"status\" aria-live=\"polite\" aria-atomic=\"true\"><\/p> <ul><\/ul><\/div>\n<form action=\"\/fr\/wp-json\/wp\/v2\/pages\/93656#wpcf7-f94088-o2\" method=\"post\" class=\"wpcf7-form init\" aria-label=\"Formulaire de contact\" novalidate=\"novalidate\" data-status=\"init\">\n<div style=\"display: none;\">\n<input type=\"hidden\" name=\"_wpcf7\" value=\"94088\" \/>\n<input type=\"hidden\" name=\"_wpcf7_version\" value=\"6.0.4\" \/>\n<input type=\"hidden\" name=\"_wpcf7_locale\" value=\"fr_FR\" \/>\n<input type=\"hidden\" name=\"_wpcf7_unit_tag\" value=\"wpcf7-f94088-o2\" \/>\n<input type=\"hidden\" name=\"_wpcf7_container_post\" value=\"0\" \/>\n<input type=\"hidden\" name=\"_wpcf7_posted_data_hash\" value=\"\" \/>\n<input type=\"hidden\" name=\"_wpcf7_recaptcha_response\" value=\"\" \/>\n<\/div>\n<h4>En savoir plus sur les cours d'anglais \u00e0 Dublin\n<\/h4>\n<p>Votre nom (obligatoire)<br \/>\n<span class=\"wpcf7-form-control-wrap\" data-name=\"your-name\"><input size=\"40\" maxlength=\"400\" class=\"wpcf7-form-control wpcf7-text wpcf7-validates-as-required\" aria-required=\"true\" aria-invalid=\"false\" value=\"\" type=\"text\" name=\"your-name\" \/><\/span>\n<\/p>\n<p>Votre adresse e-mail (obligatoire)<br \/>\n<span class=\"wpcf7-form-control-wrap\" data-name=\"your-email\"><input size=\"40\" maxlength=\"400\" class=\"wpcf7-form-control wpcf7-email wpcf7-validates-as-required wpcf7-text wpcf7-validates-as-email\" aria-required=\"true\" aria-invalid=\"false\" value=\"\" type=\"email\" name=\"your-email\" \/><\/span>\n<\/p>\n<p><a href=\"https:\/\/docs.google.com\/document\/u\/1\/d\/e\/2PACX-1vQEw6fdI_2soxDW8l-rO2nlrUEXzTrTIO0Y-gKpEyQwpk4F1t8eBzeOac8nd2vCEIw1kwImwlbsSogJ\/pub\">Politique de confidentialit\u00e9 :<\/a><span class=\"wpcf7-form-control-wrap\" data-name=\"checkbox-868\"><span class=\"wpcf7-form-control wpcf7-checkbox wpcf7-validates-as-required\"><span class=\"wpcf7-list-item first last\"><span class=\"wpcf7-list-item-label\">J&#039;ai compris la politique de confidentialit\u00e9 d&#039;Everest et je souhaite recevoir du mat\u00e9riel promotionnel de l&#039;\u00e9cole.<\/span><input type=\"checkbox\" name=\"checkbox-868[]\" value=\"J&#039;ai compris la politique de confidentialit\u00e9 d&#039;Everest et je souhaite recevoir du mat\u00e9riel promotionnel de l&#039;\u00e9cole.\" \/><\/span><\/span><\/span>\n<\/p>\n<input class=\"wpcf7-form-control wpcf7-hidden\" value=\"\" type=\"hidden\" name=\"page_source\" \/>\n<input class=\"wpcf7-form-control wpcf7-hidden\" value=\"\" type=\"hidden\" name=\"traffic_source\" \/>\n<p><input class=\"wpcf7-form-control wpcf7-submit has-spinner\" type=\"submit\" value=\"Obtenir plus d&#039;informations\" \/>\n<\/p><div class=\"wpcf7-response-output\" aria-hidden=\"true\"><\/div>\n<\/form>\n<\/div>\n[\/vc_column][vc_column width=\u00a0\u00bb1\/3&Prime; css=\u00a0\u00bb.vc_custom_1588079401863{border-right-width: 5px !important;border-bottom-width: 5px !important;border-left-width: 5px !important;background-color: #7cb1e5 !important;border-left-color: #ffffff !important;border-right-color: #ffffff !important;border-bottom-color: #ffffff !important;}\u00a0\u00bb][vc_empty_space height=\u00a0\u00bb20px\u00a0\u00bb][vc_column_text]<\/p>\n<h4 style=\"text-align: center;\"><span style=\"color: #ffffff;\"><strong>5 Star Google Reviews<\/strong><\/span><\/h4>\n<p>[\/vc_column_text][vc_images_carousel images=\u00a0\u00bb22762,22761,22760,22759,22758&Prime; img_size=\u00a0\u00bbfull\u00a0\u00bb onclick=\u00a0\u00bblink_no\u00a0\u00bb speed=\u00a0\u00bb2000&Prime; autoplay=\u00a0\u00bbyes\u00a0\u00bb hide_pagination_control=\u00a0\u00bbyes\u00a0\u00bb hide_prev_next_buttons=\u00a0\u00bbyes\u00a0\u00bb css_animation=\u00a0\u00bbnone\u00a0\u00bb][\/vc_column][\/vc_row][vc_row css=\u00a0\u00bb.vc_custom_1486466658359{background-color: #f2f2f2 !important;}\u00a0\u00bb][vc_column width=\u00a0\u00bb2\/3&Prime;][vc_empty_space][vc_column_text]<\/p>\n<h2>Reasons to do Online English Course<\/h2>\n<h3>Now is the time to start your online English course<\/h3>\n<p>[\/vc_column_text][iconlist iconsets=\u00a0\u00bbfa-check|Meet Other Students from Around the World<br \/>\nfa-check|Accredited, Experienced Teachers<br \/>\nfa-check|Live Interactive Speaking Classes<br \/>\nfa-check|Great alternative to travelling abroad<br \/>\nfa-check|Flexible, study from any country in the world<br \/>\nfa-check|Classes available at all levels<br \/>\nfa-check|Start Classes on any Monday<br \/>\nfa-check|Structured Classes at the same time every day<br \/>\nfa-check|All materials provided online\u00a0\u00bb][\/vc_column][vc_column width=\u00a0\u00bb1\/3&Prime;][vc_empty_space][vc_single_image image=\u00a0\u00bb77486&Prime; img_size=\u00a0\u00bbfull\u00a0\u00bb][vc_column_text]<\/p>\n<h4>Get Info about Online English<\/h4>\n<p>[\/vc_column_text]\n<div class=\"wpcf7 no-js\" id=\"wpcf7-f94088-o3\" lang=\"fr-FR\" dir=\"ltr\" data-wpcf7-id=\"94088\">\n<div class=\"screen-reader-response\"><p role=\"status\" aria-live=\"polite\" aria-atomic=\"true\"><\/p> <ul><\/ul><\/div>\n<form action=\"\/fr\/wp-json\/wp\/v2\/pages\/93656#wpcf7-f94088-o3\" method=\"post\" class=\"wpcf7-form init\" aria-label=\"Formulaire de contact\" novalidate=\"novalidate\" data-status=\"init\">\n<div style=\"display: none;\">\n<input type=\"hidden\" name=\"_wpcf7\" value=\"94088\" \/>\n<input type=\"hidden\" name=\"_wpcf7_version\" value=\"6.0.4\" \/>\n<input type=\"hidden\" name=\"_wpcf7_locale\" value=\"fr_FR\" \/>\n<input type=\"hidden\" name=\"_wpcf7_unit_tag\" value=\"wpcf7-f94088-o3\" \/>\n<input type=\"hidden\" name=\"_wpcf7_container_post\" value=\"0\" \/>\n<input type=\"hidden\" name=\"_wpcf7_posted_data_hash\" value=\"\" \/>\n<input type=\"hidden\" name=\"_wpcf7_recaptcha_response\" value=\"\" \/>\n<\/div>\n<h4>En savoir plus sur les cours d'anglais \u00e0 Dublin\n<\/h4>\n<p>Votre nom (obligatoire)<br \/>\n<span class=\"wpcf7-form-control-wrap\" data-name=\"your-name\"><input size=\"40\" maxlength=\"400\" class=\"wpcf7-form-control wpcf7-text wpcf7-validates-as-required\" aria-required=\"true\" aria-invalid=\"false\" value=\"\" type=\"text\" name=\"your-name\" \/><\/span>\n<\/p>\n<p>Votre adresse e-mail (obligatoire)<br \/>\n<span class=\"wpcf7-form-control-wrap\" data-name=\"your-email\"><input size=\"40\" maxlength=\"400\" class=\"wpcf7-form-control wpcf7-email wpcf7-validates-as-required wpcf7-text wpcf7-validates-as-email\" aria-required=\"true\" aria-invalid=\"false\" value=\"\" type=\"email\" name=\"your-email\" \/><\/span>\n<\/p>\n<p><a href=\"https:\/\/docs.google.com\/document\/u\/1\/d\/e\/2PACX-1vQEw6fdI_2soxDW8l-rO2nlrUEXzTrTIO0Y-gKpEyQwpk4F1t8eBzeOac8nd2vCEIw1kwImwlbsSogJ\/pub\">Politique de confidentialit\u00e9 :<\/a><span class=\"wpcf7-form-control-wrap\" data-name=\"checkbox-868\"><span class=\"wpcf7-form-control wpcf7-checkbox wpcf7-validates-as-required\"><span class=\"wpcf7-list-item first last\"><span class=\"wpcf7-list-item-label\">J&#039;ai compris la politique de confidentialit\u00e9 d&#039;Everest et je souhaite recevoir du mat\u00e9riel promotionnel de l&#039;\u00e9cole.<\/span><input type=\"checkbox\" name=\"checkbox-868[]\" value=\"J&#039;ai compris la politique de confidentialit\u00e9 d&#039;Everest et je souhaite recevoir du mat\u00e9riel promotionnel de l&#039;\u00e9cole.\" \/><\/span><\/span><\/span>\n<\/p>\n<input class=\"wpcf7-form-control wpcf7-hidden\" value=\"\" type=\"hidden\" name=\"page_source\" \/>\n<input class=\"wpcf7-form-control wpcf7-hidden\" value=\"\" type=\"hidden\" name=\"traffic_source\" \/>\n<p><input class=\"wpcf7-form-control wpcf7-submit has-spinner\" type=\"submit\" value=\"Obtenir plus d&#039;informations\" \/>\n<\/p><div class=\"wpcf7-response-output\" aria-hidden=\"true\"><\/div>\n<\/form>\n<\/div>\n[\/vc_column][\/vc_row][vc_row][vc_column][vc_raw_html]JTNDYSUyMGlkJTNEJTIyZW5nbGlzaCUyMHNjaG9vbCUyMHZpZGVvJTIyJTNFJTNDJTJGYSUzRQ==[\/vc_raw_html][vc_column_text]<\/p>\n<h1 style=\"color: #7cb1e5; text-align: center;\">Videos from our Dublin English School<\/h1>\n<h2 style=\"color: #7cb1e5; text-align: center;\">What is it like to study English in Everest?<\/h2>\n<p>[\/vc_column_text][vc_empty_space][\/vc_column][\/vc_row][vc_row][vc_column width=\u00a0\u00bb1\/3&Prime;][vc_video link=\u00a0\u00bbhttps:\/\/youtu.be\/bWkdaMCCaFs\u00a0\u00bb][vc_single_image image=\u00a0\u00bb22758&Prime; img_size=\u00a0\u00bbfull\u00a0\u00bb][\/vc_column][vc_column width=\u00a0\u00bb2\/3&Prime;][vc_video link=\u00a0\u00bbhttps:\/\/www.youtube.com\/watch?v=uD7AbAB45Gk&amp;feature=youtu.be\u00a0\u00bb][\/vc_column][\/vc_row][vc_row][vc_column][vc_empty_space][\/vc_column][\/vc_row][vc_row css=\u00a0\u00bb.vc_custom_1563977045654{background-color: #f2f2f2 !important;}\u00a0\u00bb][vc_column][vc_column_text]<\/p>\n<h1 style=\"color: #7cb1e5; text-align: center;\">Student Reviews: English School Dublin<\/h1>\n<h2 style=\"color: #7cb1e5; text-align: center;\">5 * reviews of English courses in our academy in Dublin, Ireland<\/h2>\n<p>[\/vc_column_text][vc_empty_space][\/vc_column][\/vc_row][vc_row][vc_column width=\u00a0\u00bb1\/2&Prime;][vc_column_text]<\/p>\n<p style=\"text-align: center;\"><a href=\"https:\/\/www.google.ie\/search?q=everest+language+schoo&amp;oq=everest+&amp;aqs=chrome.0.69i59j69i60l4j69i61.2534j0j7&amp;sourceid=chrome&amp;ie=UTF-8#lrd=0x48670e84c647dd4d:0xb336e8f3048c2b17,1,\"><strong>ANTJE HUSCHKE<\/strong><\/a><\/p>\n<p><a href=\"https:\/\/www.google.ie\/search?q=everest+language+schoo&amp;oq=everest+&amp;aqs=chrome.0.69i59j69i60l4j69i61.2534j0j7&amp;sourceid=chrome&amp;ie=UTF-8#lrd=0x48670e84c647dd4d:0xb336e8f3048c2b17,1,\"><img decoding=\"async\" class=\"aligncenter wp-image-5633 size-full lazyload\" data-src=\"https:\/\/everestlanguageschool.com\/wp-content\/uploads\/2014\/11\/Screen-Shot-2015-04-07-at-15.54.39.png\" alt=\"English School Dublin\" width=\"188\" height=\"77\" src=\"data:image\/gif;base64,R0lGODlhAQABAAAAACH5BAEKAAEALAAAAAABAAEAAAICTAEAOw==\" style=\"--smush-placeholder-width: 188px; --smush-placeholder-aspect-ratio: 188\/77;\" \/><\/a><\/p>\n<p>Review of Everest English School Dublin: \u00ab\u00a0I can say that I was one of the first Everest students! \ud83d\ude09 I\u2019m happy about this experience because I saw how did individual learning work in a small group. And I saw the progress of improving my language skills.<br \/>\nThe teachers are open-minded and interested in their students (What are the students doing? What are the plans for the future?).\u00a0\u00bb<a href=\"https:\/\/www.google.com\/search?q=everestlanguageschool&amp;rlz=1C5CHFA_enIE874IE874&amp;oq=everestlanguageschool&amp;aqs=chrome..69i57j69i59l3j69i60l4.4533j0j1&amp;sourceid=chrome&amp;ie=UTF-8#lrd=0x48670e84c647dd4d:0xb336e8f3048c2b17,1,,,\"> Read more<\/a>[\/vc_column_text][\/vc_column][vc_column width=\u00a0\u00bb1\/2&Prime;][vc_column_text]<\/p>\n<p style=\"text-align: center;\"><strong><a href=\"https:\/\/www.google.ie\/search?q=everest+language+schoo&amp;oq=everest+&amp;aqs=chrome.0.69i59j69i60l4j69i61.2534j0j7&amp;sourceid=chrome&amp;ie=UTF-8#lrd=0x48670e84c647dd4d:0xb336e8f3048c2b17,1,\">FRAMBER TORRES<\/a><\/strong><\/p>\n<p style=\"text-align: center;\"><a href=\"https:\/\/www.google.ie\/search?q=everest+language+schoo&amp;oq=everest+&amp;aqs=chrome.0.69i59j69i60l4j69i61.2534j0j7&amp;sourceid=chrome&amp;ie=UTF-8#lrd=0x48670e84c647dd4d:0xb336e8f3048c2b17,1,\"><img decoding=\"async\" class=\"aligncenter wp-image-5633 size-full lazyload\" data-src=\"https:\/\/everestlanguageschool.com\/wp-content\/uploads\/2014\/11\/Screen-Shot-2015-04-07-at-15.54.39.png\" alt=\"English School Dublin\" width=\"188\" height=\"77\" src=\"data:image\/gif;base64,R0lGODlhAQABAAAAACH5BAEKAAEALAAAAAABAAEAAAICTAEAOw==\" style=\"--smush-placeholder-width: 188px; --smush-placeholder-aspect-ratio: 188\/77;\" \/><\/a><\/p>\n<p>Review of Everest English School Dublin: \u00ab\u00a0Everest Language School is an amazing place to learn and improve a new language; facilities and teachers make you feel at home, confident and welcome. if you are looking for a new and different experience, that is the right place to get it, because in only 2 weeks I can say that my english has been improving rapidly and I have been meeting new international friends.\u00a0\u00bb<a href=\"https:\/\/www.google.com\/search?q=everestlanguageschool&amp;rlz=1C5CHFA_enIE874IE874&amp;oq=everestlanguageschool&amp;aqs=chrome..69i57j69i59l3j69i60l4.4533j0j1&amp;sourceid=chrome&amp;ie=UTF-8#lrd=0x48670e84c647dd4d:0xb336e8f3048c2b17,1,,,\"> Read more<\/a>[\/vc_column_text][\/vc_column][\/vc_row]<\/p>\n","protected":false},"excerpt":{"rendered":"<p>[vc_row][vc_column][vc_empty_space][vc_column_text] Live Online English Course [\/vc_column_text][\/vc_column][\/vc_row][vc_row css=\u00a0\u00bb.vc_custom_1563976995561{background-color: #f2f2f2 !important;}\u00a0\u00bb][vc_column width=\u00a0\u00bb1\/3&Prime; css=\u00a0\u00bb.vc_custom_1589874487961{border-right-width: 5px !important;border-bottom-width: 5px !important;border-left-width: 5px !important;background-color: #7cb1e5 !important;border-left-color: #ffffff !important;border-right-color: #ffffff !important;border-bottom-color: #ffffff !important;}\u00a0\u00bb][vc_column_text] Start Learning Online [\/vc_column_text][vc_video link=\u00a0\u00bbhttps:\/\/www.youtube.com\/watch?v=bWkdaMCCaFs&amp;feature=youtu.be\u00a0\u00bb][\/vc_column][vc_column width=\u00a0\u00bb2\/3&Prime; css=\u00a0\u00bb.vc_custom_1589874502631{margin-left: 10px !important;}\u00a0\u00bb][vc_empty_space][vc_column_text] Online English Course with Live Teacher [\/vc_column_text][\/vc_column][\/vc_row][vc_row][vc_column][vc_column_text] [\/vc_column_text][\/vc_column][\/vc_row][vc_row][vc_column][vc_column_text] Online English Course via Video Conferencing We are offering all of our courses &hellip;<\/p>\n<p class=\"read-more\"> <a class=\"\" href=\"https:\/\/everestlanguageschool.com\/fr\/cours-danglais-video-en-ligne\/\"> <span class=\"screen-reader-text\">Cours d&rsquo;anglais vid\u00e9o en ligne<\/span> Lire la suite\u00a0\u00bb<\/a><\/p>\n","protected":false},"author":1,"featured_media":0,"parent":0,"menu_order":0,"comment_status":"open","ping_status":"closed","template":"","meta":{"inline_featured_image":false,"site-sidebar-layout":"default","site-content-layout":"default","ast-global-header-display":"","ast-main-header-display":"","ast-hfb-above-header-display":"","ast-hfb-below-header-display":"","ast-hfb-mobile-header-display":"","site-post-title":"","ast-breadcrumbs-content":"","ast-featured-img":"","footer-sml-layout":"","theme-transparent-header-meta":"","adv-header-id-meta":"","stick-header-meta":"","header-above-stick-meta":"","header-main-stick-meta":"","header-below-stick-meta":"","footnotes":""},"categories":[],"tags":[],"class_list":["post-93656","page","type-page","status-publish","hentry"],"_links":{"self":[{"href":"https:\/\/everestlanguageschool.com\/fr\/wp-json\/wp\/v2\/pages\/93656","targetHints":{"allow":["GET"]}}],"collection":[{"href":"https:\/\/everestlanguageschool.com\/fr\/wp-json\/wp\/v2\/pages"}],"about":[{"href":"https:\/\/everestlanguageschool.com\/fr\/wp-json\/wp\/v2\/types\/page"}],"author":[{"embeddable":true,"href":"https:\/\/everestlanguageschool.com\/fr\/wp-json\/wp\/v2\/users\/1"}],"replies":[{"embeddable":true,"href":"https:\/\/everestlanguageschool.com\/fr\/wp-json\/wp\/v2\/comments?post=93656"}],"version-history":[{"count":1,"href":"https:\/\/everestlanguageschool.com\/fr\/wp-json\/wp\/v2\/pages\/93656\/revisions"}],"predecessor-version":[{"id":93658,"href":"https:\/\/everestlanguageschool.com\/fr\/wp-json\/wp\/v2\/pages\/93656\/revisions\/93658"}],"wp:attachment":[{"href":"https:\/\/everestlanguageschool.com\/fr\/wp-json\/wp\/v2\/media?parent=93656"}],"wp:term":[{"taxonomy":"category","embeddable":true,"href":"https:\/\/everestlanguageschool.com\/fr\/wp-json\/wp\/v2\/categories?post=93656"},{"taxonomy":"post_tag","embeddable":true,"href":"https:\/\/everestlanguageschool.com\/fr\/wp-json\/wp\/v2\/tags?post=93656"}],"curies":[{"name":"wp","href":"https:\/\/api.w.org\/{rel}","templated":true}]}}