{"id":91244,"date":"2017-04-03T09:35:29","date_gmt":"2017-04-03T09:35:29","guid":{"rendered":"https:\/\/everestlanguageschool.com\/test-ielts-dublino\/"},"modified":"2017-04-03T09:35:29","modified_gmt":"2017-04-03T09:35:29","slug":"test-ielts-dublino","status":"publish","type":"page","link":"https:\/\/everestlanguageschool.com\/it\/test-ielts-dublino\/","title":{"rendered":"Test IELTS Dublino"},"content":{"rendered":"<p><img fetchpriority=\"high\" decoding=\"async\" class=\"alignnone size-full wp-image-87418\" src=\"https:\/\/everestlanguageschool.com\/wp-content\/uploads\/2023\/06\/Cream-And-Brown-Simple-How-To-Study-For-An-Exam-YouTube-Thumbnail-.png\" alt=\"Prenota il tuo esame IELTS a Dublino\" width=\"1280\" height=\"720\" srcset=\"https:\/\/everestlanguageschool.com\/wp-content\/uploads\/2023\/06\/Cream-And-Brown-Simple-How-To-Study-For-An-Exam-YouTube-Thumbnail-.png 1280w, https:\/\/everestlanguageschool.com\/wp-content\/uploads\/2023\/06\/Cream-And-Brown-Simple-How-To-Study-For-An-Exam-YouTube-Thumbnail--300x169.png 300w, https:\/\/everestlanguageschool.com\/wp-content\/uploads\/2023\/06\/Cream-And-Brown-Simple-How-To-Study-For-An-Exam-YouTube-Thumbnail--1024x576.png 1024w, https:\/\/everestlanguageschool.com\/wp-content\/uploads\/2023\/06\/Cream-And-Brown-Simple-How-To-Study-For-An-Exam-YouTube-Thumbnail--768x432.png 768w\" sizes=\"(max-width: 1280px) 100vw, 1280px\" \/><\/p>\n<h1 style=\"text-align: left;\">Prenota il tuo test IELTS in 4 semplici passi<\/h1>\n<h2 style=\"text-align: left;\">Prenota il tuo test IELTS a Dublino<\/h2>\n<h3>Passo 1: seguire un <a href=\"https:\/\/everestlanguageschool.com\/ielts-dublin\/\">corso di preparazione all&#8217;IELTS<\/a>.<\/h3>\n<p>Anche i madrelingua inglesi trovano l&#8217;esame difficile: seguire un corso di preparazione IELTS \u00e8 essenziale per ottenere un buon punteggio all&#8217;esame. A Everest abbiamo <a href=\"https:\/\/everestlanguageschool.com\/ielts-dublin\/\">corsi di preparazione IELTS<\/a> al mattino, al pomeriggio e alla sera. <\/p>\n<h3>Fase 2: Trova una data per il test.<\/h3>\n<p>Trova una<a href=\"https:\/\/takeielts.britishcouncil.org\/ireland?gclid=CjwKCAjwyqWkBhBMEiwAp2yUFtgKcnwcE0MWRWDOmAJme0fLZu58yh-Iomp1Nvy8eA-G4szhHKKjwxoCU3wQAvD_BwE\"> data d&#8217;esame IELTS<\/a> disponibile a Dublino. Compila il modulo di registrazione online per l&#8217;esame. (Nota: \u00e8 necessaria una scansione di un passaporto valido o di un documento d&#8217;identit\u00e0 nazionale di un paese dell&#8217;Unione Europea. Ti servir\u00e0 per la registrazione e il giorno dell&#8217;esame).  <\/p>\n<h3>Passo 3: Pagare il test IELTS<\/h3>\n<p>In genere puoi pagare l&#8217;esame online o di persona presso il centro d&#8217;esame al momento della prenotazione. Se stai studiando a Everest con un visto di studio, la tassa per l&#8217;IELTS sar\u00e0 probabilmente inclusa nella prenotazione del corso. Per questo motivo, rivolgiti a noi alla reception e potremo organizzare il pagamento a tuo nome.  <\/p>\n<h3>Passo 4: Ottenere i dettagli del test IELTS<\/h3>\n<p>Successivamente riceverai un&#8217;e-mail di conferma. L&#8217;elaborazione della domanda pu\u00f2 richiedere fino a una settimana. Circa una settimana prima della data del test, verr\u00e0 inviata una seconda e-mail con gli orari del test e altre informazioni. Il tutto verr\u00e0 inviato via e-mail.   <\/p>\n","protected":false},"excerpt":{"rendered":"<p>Prenota il tuo test IELTS in 4 semplici passi Prenota il tuo test IELTS a Dublino Passo 1: seguire un corso di preparazione all&#8217;IELTS. Anche i madrelingua inglesi trovano l&#8217;esame difficile: seguire un corso di preparazione IELTS \u00e8 essenziale per ottenere un buon punteggio all&#8217;esame. A Everest abbiamo corsi di preparazione IELTS al mattino, al &hellip;<\/p>\n<p class=\"read-more\"> <a class=\"\" href=\"https:\/\/everestlanguageschool.com\/it\/test-ielts-dublino\/\"> <span class=\"screen-reader-text\">Test IELTS Dublino<\/span> Leggi altro &raquo;<\/a><\/p>\n","protected":false},"author":1,"featured_media":0,"parent":0,"menu_order":0,"comment_status":"closed","ping_status":"closed","template":"","meta":{"inline_featured_image":false,"site-sidebar-layout":"default","site-content-layout":"default","ast-global-header-display":"","ast-main-header-display":"","ast-hfb-above-header-display":"","ast-hfb-below-header-display":"","ast-hfb-mobile-header-display":"","site-post-title":"disabled","ast-breadcrumbs-content":"","ast-featured-img":"","footer-sml-layout":"","theme-transparent-header-meta":"","adv-header-id-meta":"","stick-header-meta":"","header-above-stick-meta":"","header-main-stick-meta":"","header-below-stick-meta":"","footnotes":""},"categories":[],"tags":[],"class_list":["post-91244","page","type-page","status-publish","hentry"],"_links":{"self":[{"href":"https:\/\/everestlanguageschool.com\/it\/wp-json\/wp\/v2\/pages\/91244","targetHints":{"allow":["GET"]}}],"collection":[{"href":"https:\/\/everestlanguageschool.com\/it\/wp-json\/wp\/v2\/pages"}],"about":[{"href":"https:\/\/everestlanguageschool.com\/it\/wp-json\/wp\/v2\/types\/page"}],"author":[{"embeddable":true,"href":"https:\/\/everestlanguageschool.com\/it\/wp-json\/wp\/v2\/users\/1"}],"replies":[{"embeddable":true,"href":"https:\/\/everestlanguageschool.com\/it\/wp-json\/wp\/v2\/comments?post=91244"}],"version-history":[{"count":0,"href":"https:\/\/everestlanguageschool.com\/it\/wp-json\/wp\/v2\/pages\/91244\/revisions"}],"wp:attachment":[{"href":"https:\/\/everestlanguageschool.com\/it\/wp-json\/wp\/v2\/media?parent=91244"}],"wp:term":[{"taxonomy":"category","embeddable":true,"href":"https:\/\/everestlanguageschool.com\/it\/wp-json\/wp\/v2\/categories?post=91244"},{"taxonomy":"post_tag","embeddable":true,"href":"https:\/\/everestlanguageschool.com\/it\/wp-json\/wp\/v2\/tags?post=91244"}],"curies":[{"name":"wp","href":"https:\/\/api.w.org\/{rel}","templated":true}]}}