{"id":92569,"date":"2016-08-18T17:36:08","date_gmt":"2016-08-18T17:36:08","guid":{"rendered":"https:\/\/everestlanguageschool.com\/visto-di-studio-in-irlanda-domande-frequenti\/"},"modified":"2025-09-17T12:14:16","modified_gmt":"2025-09-17T12:14:16","slug":"visto-di-studio-in-irlanda-domande-frequenti","status":"publish","type":"page","link":"https:\/\/everestlanguageschool.com\/it\/visto-di-studio-in-irlanda-domande-frequenti\/","title":{"rendered":"Visto di studio in Irlanda &#8211; Domande frequenti"},"content":{"rendered":"\t\t<div data-elementor-type=\"wp-page\" data-elementor-id=\"92569\" class=\"elementor elementor-92569 elementor-10110\" data-elementor-post-type=\"page\">\n\t\t\t\t\t\t<section class=\"elementor-section elementor-top-section elementor-element elementor-element-1c7d44a4 elementor-section-boxed elementor-section-height-default elementor-section-height-default\" data-id=\"1c7d44a4\" data-element_type=\"section\" data-e-type=\"section\">\n\t\t\t\t\t\t<div class=\"elementor-container elementor-column-gap-default\">\n\t\t\t\t\t<div class=\"elementor-column elementor-col-100 elementor-top-column elementor-element elementor-element-525cdf75\" data-id=\"525cdf75\" data-element_type=\"column\" data-e-type=\"column\">\n\t\t\t<div class=\"elementor-widget-wrap elementor-element-populated\">\n\t\t\t\t\t\t<div class=\"elementor-element elementor-element-f18aa1a elementor-widget elementor-widget-heading\" data-id=\"f18aa1a\" data-element_type=\"widget\" data-e-type=\"widget\" data-widget_type=\"heading.default\">\n\t\t\t\t<div class=\"elementor-widget-container\">\n\t\t\t\t\t<h2 class=\"elementor-heading-title elementor-size-default\">Domande frequenti sul visto per studio - Domande frequenti sul visto Stamp 2<\/h2>\t\t\t\t<\/div>\n\t\t\t\t<\/div>\n\t\t\t\t<div class=\"elementor-element elementor-element-f89037b elementor-widget elementor-widget-text-editor\" data-id=\"f89037b\" data-element_type=\"widget\" data-e-type=\"widget\" data-widget_type=\"text-editor.default\">\n\t\t\t\t<div class=\"elementor-widget-container\">\n\t\t\t\t\t\t\t\t\t\n<div class=\"schema-faq wp-block-yoast-faq-block\"><div class=\"schema-faq-section\" id=\"faq-question-1630581491104\"><strong class=\"schema-faq-question\">Che cos&#8217;\u00e8 il visto irlandese con timbro 2?<\/strong> <p class=\"schema-faq-answer\">Il visto di studio ti permette di <strong>studiare un corso di lingua per 6 mesi in Irlanda e di rimanere nel paese per un totale di 8 mesi<\/strong>. Si tratta di un&#8217;ottima opportunit\u00e0 per migliorare il tuo inglese ma anche per conoscere l&#8217;Irlanda e la sua straordinaria cultura.<br>Puoi studiare l&#8217;inglese con noi a Everest per 25 settimane (corso accademico) e poi utilizzare il resto del tuo tempo per scoprire l&#8217;Irlanda!<br>A causa delle nuove norme sull&#8217;immigrazione, <g id=\"gid_1\">dovrai anche sostenere un esame ufficiale<\/g> alla fine del tuo corso. A Everest ti consigliamo di prenotare l&#8217;esame IELTS perch\u00e9 \u00e8 un certificato riconosciuto a livello internazionale e attualmente \u00e8 quello richiesto dalla maggior parte delle universit\u00e0. Ci assicureremo che tu ottenga il punteggio migliore!   <br>Durante il tuo soggiorno in Irlanda potrai anche andare in vacanza e lavorare nel paese. Il Dipartimento di Immigrazione irlandese ha regole molto chiare in merito, quindi assicurati di aver compreso le regole sul lavoro in Irlanda e sulla richiesta di ferie durante il tuo corso. Puoi trovare maggiori informazioni nei link che abbiamo inserito qui sotto  <\/p> <\/div> <div class=\"schema-faq-section\" id=\"faq-question-1630581626602\"><strong class=\"schema-faq-question\">DA DOVE INIZIO? COME POSSO OTTENERE UN VISTO DI STUDIO? <\/strong> <p class=\"schema-faq-answer\">Per richiedere il visto per studio in Irlanda si applicano regole diverse a seconda dei paesi. Non esitare a contattarci per ricevere maggiori informazioni su questo processo. Siamo consapevoli che pu\u00f2 essere un processo difficile e siamo qui per aiutarti lungo tutto il percorso.<br>Link utili da consultare durante la preparazione della tua prossima avventura in Irlanda:  <br><strong><a href=\"http:\/\/www.icosirl.ie\/eng\/student_information.html\">Consiglio irlandese per gli studenti internazionali<\/a><\/strong> &#8211; Il Consiglio ha molte informazioni e consigli per gli studenti internazionali e sar\u00e0 lieto di aiutarti a risolvere qualsiasi dubbio.<br><br><strong>Servizio irlandese di naturalizzazione e immigrazione<\/strong> &#8211; Tutte le regole sui diversi tipi di visto e i requisiti che si applicano a tutti.<\/p> <\/div> <div class=\"schema-faq-section\" id=\"faq-question-1630581703596\"><strong class=\"schema-faq-question\"><strong><em>Posso lavorare mentre studio in Irlanda?<\/em><\/strong><br><\/strong> <p class=\"schema-faq-answer\">Gli studenti che frequentano un corso a tempo pieno e sono in possesso di una tessera GNIB hanno il diritto di svolgere un&#8217;attivit\u00e0 lavorativa occasionale a condizione che il corso di studi sia <a href=\"https:\/\/www.internationalstudents.ie\/\">incluso nell&#8217;elenco governativo dei corsi idonei al rilascio del visto<\/a>. Per lavoro occasionale si intende un lavoro part-time fino a 20 ore a settimana, ad eccezione di due periodi standardizzati in cui \u00e8 consentito lavorare a tempo pieno (cio\u00e8 fino a 40 ore a settimana). Si tratta dei periodi dal 15 dicembre al 15 gennaio e dal 1\u00b0 maggio al 31 agosto, corrispondenti alle tradizionali vacanze universitarie estive e invernali. Queste date sono fisse per tutti gli studenti non appartenenti al SEE, indipendentemente dal calendario didattico del loro corso. I college non possono pi\u00f9 emettere lettere di ferie che documentino la disponibilit\u00e0 di uno studente a lavorare a tempo pieno al di fuori di queste date.<br>Il diritto di lavorare decade automaticamente allo scadere del permesso di immigrazione di uno studente, ad eccezione di una proroga fino a 12 mesi che pu\u00f2 essere concessa ai laureati di terzo livello.    <br><\/p> <\/div> <div class=\"schema-faq-section\" id=\"faq-question-1630581759516\"><strong class=\"schema-faq-question\"><strong><em>Ho bisogno di un&#8217;assicurazione medica?<\/em><\/strong><br><\/strong> <p class=\"schema-faq-answer\">Il servizio di immigrazione irlandese richiede che tutti gli studenti non appartenenti al SEE abbiano almeno una polizza di base che copra le spese mediche di emergenza, ad esempio in caso di incidente che richieda il ricovero in ospedale. La prova dell&#8217;assicurazione \u00e8 richiesta al momento della registrazione presso le autorit\u00e0 di immigrazione. Per gli studenti a breve termine, in alcune circostanze pu\u00f2 essere sufficiente un&#8217;assicurazione di viaggio.  <br><\/p> <\/div> <div class=\"schema-faq-section\" id=\"faq-question-1630581780462\"><strong class=\"schema-faq-question\"><strong><em>Che tipo di programma, orari e strutture posso aspettarmi per un corso di 25 settimane?<\/em><\/strong><br><\/strong> <p class=\"schema-faq-answer\">Tutti i corsi di lingua inglese della durata di 25 settimane offerti a studenti non appartenenti al SEE devono essere impartiti dalle 9:00 alle 17:00 per almeno 4 giorni alla settimana, dal luned\u00ec al venerd\u00ec. Le lezioni devono avere una durata minima di 15 ore, escluse le pause, ossia almeno 15 x 60 minuti di lezione.<br>All&#8217;inizio del corso, gli studenti non appartenenti al SEE devono ricevere un calendario con gli orari di lezione, i giorni e i periodi di vacanza. Tutte le 25 settimane di lezione devono essere completate entro un periodo di 7 mesi. Lo studente deve presentare l&#8217;orario al momento della registrazione della tessera GNIB. La scuola non pu\u00f2 cambiare l&#8217;orario di uno studente e uno studente non pu\u00f2 cambiare classe o orario di lezione.<br>Le scuole devono fornire una biblioteca\/centro risorse per gli studenti adeguata al numero massimo di studenti.    <\/p> <\/div> <div class=\"schema-faq-section\" id=\"faq-question-1630581814288\"><strong class=\"schema-faq-question\"><strong><em>Posso organizzare delle vacanze durante il corso?<\/em><\/strong><\/strong> <p class=\"schema-faq-answer\">Le norme sull&#8217;immigrazione stabiliscono che non sono consentite vacanze o interruzioni che non rientrino nell&#8217;orario di studio dello studente, ad eccezione di malattie documentate o lutti familiari. Non possono essere concessi periodi di vacanza prima dell&#8217;inizio delle lezioni. Esistono periodi definiti in cui gli studenti non appartenenti al SEE possono <g id=\"gid_0\">lavorare<\/g> a tempo pieno in inverno e in estate. Le scuole non sono tenute ad allineare le vacanze con queste date.   <\/p> <\/div> <div class=\"schema-faq-section\" id=\"faq-question-1630581845244\"><strong class=\"schema-faq-question\"><strong><em>Devo sostenere un esame nell&#8217;ambito del mio corso?<\/em><\/strong><br><\/strong> <p class=\"schema-faq-answer\">In base alla normativa entrata in vigore il 20 gennaio 2016, tutti i corsi per cittadini non appartenenti al SEE in possesso di un visto per studenti devono concludersi con un esame che soddisfi i requisiti di immigrazione. Gli studenti non appartenenti al SEE dovranno impegnarsi a sostenere l&#8217;esame all&#8217;inizio del corso. Tutti gli studenti iscritti devono essere registrati presso l&#8217;ente erogatore al momento dell&#8217;inizio del corso.<br>Le regole elencano diversi fornitori di esami accettabili, tra cui TIE, ETAPP, Cambridge, IELTS, Pearson, Integrated Skills in English. Un elenco specifico degli esami e dei punteggi minimi \u00e8 riportato alle pagine 6-7 del nuovo regolamento.   <br><\/p> <\/div> <div class=\"schema-faq-section\" id=\"faq-question-1630581876426\"><strong class=\"schema-faq-question\"><strong><em>Quali sono le regole di frequenza per gli studenti di lingua inglese?<\/em><\/strong><br><\/strong> <p class=\"schema-faq-answer\">Il servizio di immigrazione (INIS) si aspetta che gli studenti siano in grado di dimostrare una frequenza minima dell&#8217;85% se chiedono il rinnovo del permesso di immigrazione. Solo il servizio immigrazione pu\u00f2 decidere se uno studente potr\u00e0 rinnovare il permesso con un numero di presenze inferiore. <br><\/p> <\/div> <\/div>\n\t\t\t\t\t\t\t\t<\/div>\n\t\t\t\t<\/div>\n\t\t\t\t\t<\/div>\n\t\t<\/div>\n\t\t\t\t\t<\/div>\n\t\t<\/section>\n\t\t\t\t<section class=\"elementor-section elementor-top-section elementor-element elementor-element-8def289 elementor-section-height-min-height elementor-reverse-mobile elementor-reverse-tablet elementor-section-boxed elementor-section-height-default elementor-section-items-middle\" data-id=\"8def289\" data-element_type=\"section\" data-e-type=\"section\" data-settings=\"{&quot;background_background&quot;:&quot;classic&quot;}\">\n\t\t\t\t\t\t\t<div class=\"elementor-background-overlay\"><\/div>\n\t\t\t\t\t\t\t<div class=\"elementor-container elementor-column-gap-default\">\n\t\t\t\t\t<div class=\"elementor-column elementor-col-100 elementor-top-column elementor-element elementor-element-5b54da1\" data-id=\"5b54da1\" data-element_type=\"column\" data-e-type=\"column\">\n\t\t\t<div class=\"elementor-widget-wrap elementor-element-populated\">\n\t\t\t\t\t\t<div class=\"elementor-element elementor-element-084d53b elementor-widget elementor-widget-heading\" data-id=\"084d53b\" data-element_type=\"widget\" data-e-type=\"widget\" data-widget_type=\"heading.default\">\n\t\t\t\t<div class=\"elementor-widget-container\">\n\t\t\t\t\t<h2 class=\"elementor-heading-title elementor-size-default\">Per qualsiasi altra domanda, contattaci<\/h2>\t\t\t\t<\/div>\n\t\t\t\t<\/div>\n\t\t\t\t<div class=\"elementor-element elementor-element-2efe70f elementor-widget elementor-widget-shortcode\" data-id=\"2efe70f\" data-element_type=\"widget\" data-e-type=\"widget\" data-widget_type=\"shortcode.default\">\n\t\t\t\t<div class=\"elementor-widget-container\">\n\t\t\t\t\t\t\t<div class=\"elementor-shortcode\">\n<div class=\"wpcf7 no-js\" id=\"wpcf7-f94006-o1\" lang=\"it-IT\" dir=\"ltr\" data-wpcf7-id=\"94006\">\n<div class=\"screen-reader-response\"><p role=\"status\" aria-live=\"polite\" aria-atomic=\"true\"><\/p> <ul><\/ul><\/div>\n<form action=\"\/it\/wp-json\/wp\/v2\/pages\/92569#wpcf7-f94006-o1\" method=\"post\" class=\"wpcf7-form init\" aria-label=\"Modulo di contatto\" novalidate=\"novalidate\" data-status=\"init\">\n<div style=\"display: none;\">\n<input type=\"hidden\" name=\"_wpcf7\" value=\"94006\" \/>\n<input type=\"hidden\" name=\"_wpcf7_version\" value=\"6.0.4\" \/>\n<input type=\"hidden\" name=\"_wpcf7_locale\" value=\"it_IT\" \/>\n<input type=\"hidden\" name=\"_wpcf7_unit_tag\" value=\"wpcf7-f94006-o1\" \/>\n<input type=\"hidden\" name=\"_wpcf7_container_post\" value=\"0\" \/>\n<input type=\"hidden\" name=\"_wpcf7_posted_data_hash\" value=\"\" \/>\n<input type=\"hidden\" name=\"_wpcf7_recaptcha_response\" value=\"\" \/>\n<\/div>\n<p>Il tuo nome (obbligatorio)<br \/>\n<span class=\"wpcf7-form-control-wrap\" data-name=\"your-name\"><input size=\"40\" maxlength=\"400\" class=\"wpcf7-form-control wpcf7-text wpcf7-validates-as-required\" aria-required=\"true\" aria-invalid=\"false\" value=\"\" type=\"text\" name=\"your-name\" \/><\/span>\n<\/p>\n<p>Il tuo indirizzo e-mail (obbligatorio)<br \/>\n<span class=\"wpcf7-form-control-wrap\" data-name=\"your-email\"><input size=\"40\" maxlength=\"400\" class=\"wpcf7-form-control wpcf7-email wpcf7-validates-as-required wpcf7-text wpcf7-validates-as-email\" aria-required=\"true\" aria-invalid=\"false\" value=\"\" type=\"email\" name=\"your-email\" \/><\/span>\n<\/p>\n<p>Il tuo messaggio<br \/>\n<span class=\"wpcf7-form-control-wrap\" data-name=\"your-message\"><textarea cols=\"40\" rows=\"10\" maxlength=\"2000\" class=\"wpcf7-form-control wpcf7-textarea\" aria-invalid=\"false\" name=\"your-message\"><\/textarea><\/span>\n<\/p>\n<p><input type=\"hidden\" name=\"_wpcf7_captcha_challenge_captcha-372\" value=\"180824225\" \/><img decoding=\"async\" class=\"wpcf7-form-control wpcf7-captchac wpcf7-captcha-captcha-372 lazyload\" width=\"72\" height=\"24\" alt=\"captcha\" data-src=\"https:\/\/everestlanguageschool.com\/wp-content\/uploads\/wpcf7_captcha\/180824225.png\" src=\"data:image\/gif;base64,R0lGODlhAQABAAAAACH5BAEKAAEALAAAAAABAAEAAAICTAEAOw==\" style=\"--smush-placeholder-width: 72px; --smush-placeholder-aspect-ratio: 72\/24;\" \/><span class=\"wpcf7-form-control-wrap\" data-name=\"captcha-372\"><input size=\"40\" class=\"wpcf7-form-control wpcf7-captchar\" autocomplete=\"off\" aria-invalid=\"false\" value=\"\" type=\"text\" name=\"captcha-372\" \/><\/span>\n<\/p>\n<p><a href=\"\/\/docs.google.com\/document\/u\/1\/d\/e\/2PACX-1vQEw6fdI_2soxDW8l-rO2nlrUEXzTrTIO0Y-gKpEyQwpk4F1t8eBzeOac8nd2vCEIw1kwImwlbsSogJ\/pub\">Informativa sulla privacy:<\/a><span class=\"wpcf7-form-control-wrap\" data-name=\"checkbox-868\"><span class=\"wpcf7-form-control wpcf7-checkbox wpcf7-validates-as-required\"><span class=\"wpcf7-list-item first last\"><span class=\"wpcf7-list-item-label\">Ho compreso l&#039;informativa sulla privacy di Everest e desidero ricevere materiale promozionale dalla scuola.<\/span><input type=\"checkbox\" name=\"checkbox-868[]\" value=\"Ho compreso l&#039;informativa sulla privacy di Everest e desidero ricevere materiale promozionale dalla scuola.\" \/><\/span><\/span><\/span>\n<\/p>\n<input class=\"wpcf7-form-control wpcf7-hidden\" value=\"\" type=\"hidden\" name=\"page_source\" \/>\n<input class=\"wpcf7-form-control wpcf7-hidden\" value=\"\" type=\"hidden\" name=\"traffic_source\" \/>\n<p><input class=\"wpcf7-form-control wpcf7-submit has-spinner\" type=\"submit\" value=\"Invia\" \/>\n<\/p><div class=\"wpcf7-response-output\" aria-hidden=\"true\"><\/div>\n<\/form>\n<\/div>\n<\/div>\n\t\t\t\t\t\t<\/div>\n\t\t\t\t<\/div>\n\t\t\t\t\t<\/div>\n\t\t<\/div>\n\t\t\t\t\t<\/div>\n\t\t<\/section>\n\t\t\t\t<\/div>\n\t\t","protected":false},"excerpt":{"rendered":"<p>Domande frequenti sul visto per studio &#8211; Domande frequenti sul visto Stamp 2 Che cos&#8217;\u00e8 il visto irlandese con timbro 2? Il visto di studio ti permette di studiare un corso di lingua per 6 mesi in Irlanda e di rimanere nel paese per un totale di 8 mesi. Si tratta di un&#8217;ottima opportunit\u00e0 per &hellip;<\/p>\n<p class=\"read-more\"> <a class=\"\" href=\"https:\/\/everestlanguageschool.com\/it\/visto-di-studio-in-irlanda-domande-frequenti\/\"> <span class=\"screen-reader-text\">Visto di studio in Irlanda &#8211; Domande frequenti<\/span> Leggi altro &raquo;<\/a><\/p>\n","protected":false},"author":1,"featured_media":0,"parent":0,"menu_order":0,"comment_status":"closed","ping_status":"closed","template":"","meta":{"inline_featured_image":false,"site-sidebar-layout":"default","site-content-layout":"default","ast-global-header-display":"","ast-main-header-display":"","ast-hfb-above-header-display":"","ast-hfb-below-header-display":"","ast-hfb-mobile-header-display":"","site-post-title":"","ast-breadcrumbs-content":"","ast-featured-img":"","footer-sml-layout":"","theme-transparent-header-meta":"default","adv-header-id-meta":"","stick-header-meta":"","header-above-stick-meta":"","header-main-stick-meta":"","header-below-stick-meta":"","footnotes":""},"categories":[],"tags":[],"class_list":["post-92569","page","type-page","status-publish","hentry"],"_links":{"self":[{"href":"https:\/\/everestlanguageschool.com\/it\/wp-json\/wp\/v2\/pages\/92569","targetHints":{"allow":["GET"]}}],"collection":[{"href":"https:\/\/everestlanguageschool.com\/it\/wp-json\/wp\/v2\/pages"}],"about":[{"href":"https:\/\/everestlanguageschool.com\/it\/wp-json\/wp\/v2\/types\/page"}],"author":[{"embeddable":true,"href":"https:\/\/everestlanguageschool.com\/it\/wp-json\/wp\/v2\/users\/1"}],"replies":[{"embeddable":true,"href":"https:\/\/everestlanguageschool.com\/it\/wp-json\/wp\/v2\/comments?post=92569"}],"version-history":[{"count":7,"href":"https:\/\/everestlanguageschool.com\/it\/wp-json\/wp\/v2\/pages\/92569\/revisions"}],"predecessor-version":[{"id":92586,"href":"https:\/\/everestlanguageschool.com\/it\/wp-json\/wp\/v2\/pages\/92569\/revisions\/92586"}],"wp:attachment":[{"href":"https:\/\/everestlanguageschool.com\/it\/wp-json\/wp\/v2\/media?parent=92569"}],"wp:term":[{"taxonomy":"category","embeddable":true,"href":"https:\/\/everestlanguageschool.com\/it\/wp-json\/wp\/v2\/categories?post=92569"},{"taxonomy":"post_tag","embeddable":true,"href":"https:\/\/everestlanguageschool.com\/it\/wp-json\/wp\/v2\/tags?post=92569"}],"curies":[{"name":"wp","href":"https:\/\/api.w.org\/{rel}","templated":true}]}}