{"id":10472,"date":"2015-03-16T12:46:01","date_gmt":"2015-03-16T12:46:01","guid":{"rendered":"https:\/\/everestlanguageschool.com\/pt-br\/english-course-dublin\/"},"modified":"2018-12-19T14:27:31","modified_gmt":"2018-12-19T14:27:31","slug":"english-course-dublin","status":"publish","type":"page","link":"https:\/\/everestlanguageschool.com\/pt-br\/english-course-dublin\/","title":{"rendered":"CURSOS DE INGL\u00caS"},"content":{"rendered":"<p>[vc_row][vc_column][vc_empty_space height=&#8221;25px&#8221;][\/vc_column][\/vc_row][vc_row][vc_column][vc_column_text]<\/p>\n<h1 style=\"color: #7cb1e5; text-align: center;\"><strong>SEU CURSO DE INGL\u00caS EM DUBLIN<\/strong><\/h1>\n<p>&nbsp;<\/p>\n<p style=\"text-align: center;\">Em todos os nossos cursos de ingl\u00eas, usamos uma metodologia comunicativa. Nossos professores t\u00eam anos de experi\u00eancia preparando os alunos para os exames (CAE, FCE e IELTS) e ensino de Ingl\u00eas. Nossos cursos de Ingl\u00eas s\u00e3o divididos em duas correntes, uma focada na prepara\u00e7\u00e3o para exames internacionais e a outra em General English. N\u00f3s queremos que voc\u00ea encontre o melhor curso de Ingl\u00eas. Entre em contato conosco para obter mais informa\u00e7\u00f5es sobre os nossos cursos de Ingl\u00eas em Dublin. Estamos aqui para ajudar e responder a qualquer d\u00favida.<\/p>\n<p>[\/vc_column_text][vc_separator][\/vc_column][\/vc_row][vc_row][vc_column width=&#8221;1\/4&#8243;][vc_single_image image=&#8221;17903&#8243; img_size=&#8221;medium&#8221; alignment=&#8221;center&#8221; style=&#8221;vc_box_rounded&#8221;][vc_column_text]<strong>GENERAL ENGLISH 20 HORAS<\/strong><\/p>\n<ol>\n<li>Segunda a sexta-feira (09:00-13:10)<\/li>\n<li>Habilidades fundamentais: gram\u00e1tica, compreens\u00e3o oral, leitura, escrita e vocabul\u00e1rio<\/li>\n<li>Aprenda Ingl\u00eas para situa\u00e7\u00f5es do cotidiano e das necessidades e oportunidades concretas para o mundo atual.<\/li>\n<li>Aulas din\u00e2micas com metodologia interativa<\/li>\n<li>Liberdade de se expressar, ser ouvido e compreendido<\/li>\n<\/ol>\n<p>[\/vc_column_text][vc_button2 title=&#8221;Eu quero este curso!&#8221; color=&#8221;sky&#8221; link=&#8221;url:http%3A%2F%2Feverestlanguageschool.com%2Fbook-now%2F||&#8221;][\/vc_column][vc_column width=&#8221;1\/4&#8243;][vc_single_image image=&#8221;17898&#8243; img_size=&#8221;medium&#8221; alignment=&#8221;center&#8221; style=&#8221;vc_box_rounded&#8221;][vc_column_text]<strong>AFTERNOON GENERAL ENGLISH 15 Hours<\/strong><\/p>\n<ol>\n<li>Monday to Friday (1.50pm to 5pm)<\/li>\n<li>Improve all skills: grammar, listening, reading, writing and vocabulary<\/li>\n<li>Learn useful English for real life situations<\/li>\n<li>Dynamic and interactive classes<\/li>\n<\/ol>\n<p>[\/vc_column_text][vc_button2 title=&#8221;Eu quero este curso!&#8221; color=&#8221;sky&#8221; link=&#8221;url:http%3A%2F%2Feverestlanguageschool.com%2Fbook-now%2F||&#8221;][\/vc_column][vc_column width=&#8221;1\/4&#8243;][vc_single_image image=&#8221;17902&#8243; img_size=&#8221;medium&#8221; alignment=&#8221;center&#8221; style=&#8221;vc_box_rounded&#8221;][vc_column_text]<strong>GENERAL ENGLISH 26 HORAS<br \/>\n<\/strong><\/p>\n<ol>\n<li>Segunda-feira a sexta-feira (9:00 &#8211; 13:10) + segunda e quarta-feira (13:50 &#8211; 17:00)<\/li>\n<li>Habilidades fundamentais: gram\u00e1tica, compreens\u00e3o oral, leitura, escrita e vocabul\u00e1rio<\/li>\n<li>Aprenda Ingl\u00eas para situa\u00e7\u00f5es do cotidiano.<\/li>\n<li>Aulas din\u00e2micas com metodologia interativa<\/li>\n<li>Ideal para melhorar em um curto per\u00edodo de tempo<\/li>\n<\/ol>\n<p>[\/vc_column_text][vc_button2 title=&#8221;Eu quero este curso!&#8221; color=&#8221;sky&#8221; link=&#8221;url:http%3A%2F%2Feverestlanguageschool.com%2Fbook-now%2F||&#8221;][\/vc_column][vc_column width=&#8221;1\/4&#8243;][vc_single_image image=&#8221;17901&#8243; img_size=&#8221;medium&#8221; alignment=&#8221;center&#8221; style=&#8221;vc_box_rounded&#8221;][vc_column_text]<strong>INTENSIVO PREPARA\u00c7\u00c3O PARA O EXAME 26 HORAS<\/strong><\/p>\n<ol>\n<li style=\"list-style-type: none;\">\n<ol>\n<li>General English- segunda-feira a sexta-feira (9:00 &#8211; 13:10) + Prepara\u00e7\u00e3o para o exame &#8211; 2 dias (13:50 &#8211; 17:00)<\/li>\n<\/ol>\n<\/li>\n<\/ol>\n<p>IELTS, CAE, FCE ou prepara\u00e7\u00e3o PET<\/p>\n<ul>\n<li>Get ready for your exam with the extra 6 hours intense exam preparation session<\/li>\n<\/ul>\n<p>[\/vc_column_text][vc_button2 title=&#8221;Eu quero este curso!&#8221; color=&#8221;sky&#8221; link=&#8221;url:http%3A%2F%2Feverestlanguageschool.com%2Fbook-now%2F||&#8221;][\/vc_column][\/vc_row][vc_row][vc_column][vc_empty_space height=&#8221;35px&#8221;][\/vc_column][\/vc_row][vc_row][vc_column width=&#8221;1\/4&#8243;][vc_single_image image=&#8221;17904&#8243; img_size=&#8221;medium&#8221; alignment=&#8221;center&#8221; style=&#8221;vc_box_rounded&#8221;][vc_column_text]<b>AFTERNOON CAMBRIDGE<\/b><b>\u00a06 Hours<\/b><\/p>\n<ol>\n<li>Monday &amp; Wednesday (1.50pm to 5pm)<\/li>\n<li>Learn useful skills and strategies needed for the Cambridge writing, reading, listening and speaking<\/li>\n<\/ol>\n<p>[\/vc_column_text][vc_button2 title=&#8221;I want this course!&#8221; color=&#8221;sky&#8221; link=&#8221;url:http%3A%2F%2Feverestlanguageschool.com%2Fbook-now%2F||&#8221;][\/vc_column][vc_column width=&#8221;1\/4&#8243;][vc_single_image image=&#8221;17905&#8243; img_size=&#8221;medium&#8221; alignment=&#8221;center&#8221; style=&#8221;vc_box_rounded&#8221;][vc_column_text]<strong>PART TIME 8 hours<\/strong><\/p>\n<ol>\n<li>Tuesday\/Thursday (9am to 1:10pm)<\/li>\n<li>Join the General English or Exam Preparation classes<\/li>\n<\/ol>\n<p>[\/vc_column_text][vc_button2 title=&#8221;I want this course!&#8221; color=&#8221;sky&#8221; link=&#8221;url:http%3A%2F%2Feverestlanguageschool.com%2Fbook-now%2F||&#8221;][\/vc_column][vc_column width=&#8221;1\/4&#8243;][vc_single_image image=&#8221;17900&#8243; img_size=&#8221;medium&#8221; alignment=&#8221;center&#8221; style=&#8221;vc_box_rounded&#8221;][vc_column_text]<strong>EVENING GENERAL ENGLISH 4 Hours<\/strong><\/p>\n<ol>\n<li>Tuesdays &amp; Thursdays (6.30pm to 8.30pm)<\/li>\n<li>Improve all skills: grammar, listening, reading, writing and vocabulary<\/li>\n<li>Learn useful English for real life situations<\/li>\n<li>Dynamic and interactive classes<\/li>\n<\/ol>\n<p>[\/vc_column_text][vc_button2 title=&#8221;I want this course!&#8221; color=&#8221;sky&#8221; link=&#8221;url:http%3A%2F%2Feverestlanguageschool.com%2Fbook-now%2F||&#8221;][\/vc_column][vc_column width=&#8221;1\/4&#8243;][vc_single_image image=&#8221;17899&#8243; img_size=&#8221;medium&#8221; alignment=&#8221;center&#8221; style=&#8221;vc_box_rounded&#8221;][vc_column_text]<strong>EVENING IELTS 6 hours<\/strong><\/p>\n<ol>\n<li>Tuesday to Thursday (6.30pm to 8.30pm)<\/li>\n<li>Learn\u00a0about the techniques you will need for the IELTS writing, reading, listening and speaking<\/li>\n<\/ol>\n<p>[\/vc_column_text][vc_button2 title=&#8221;I want this course!&#8221; color=&#8221;sky&#8221; link=&#8221;url:http%3A%2F%2Feverestlanguageschool.com%2Fbook-now%2F||&#8221;][\/vc_column][\/vc_row][vc_row][vc_column][vc_empty_space height=&#8221;42px&#8221;][vc_empty_space height=&#8221;20px&#8221;][\/vc_column][\/vc_row][vc_row css=&#8221;.vc_custom_1426508985708{background-color: #f4f4f4 !important;}&#8221;][vc_column width=&#8221;2\/3&#8243;][vc_empty_space][vc_video link=&#8221;https:\/\/www.youtube.com\/watch?v=GqENI7QtvCY&#8221;][\/vc_column][vc_column width=&#8221;1\/3&#8243;][vc_empty_space][vc_empty_space]\n<div class=\"wpcf7 no-js\" id=\"wpcf7-f94092-o1\" lang=\"pt-BR\" dir=\"ltr\" data-wpcf7-id=\"94092\">\n<div class=\"screen-reader-response\"><p role=\"status\" aria-live=\"polite\" aria-atomic=\"true\"><\/p> <ul><\/ul><\/div>\n<form action=\"\/pt-br\/wp-json\/wp\/v2\/pages\/10472#wpcf7-f94092-o1\" method=\"post\" class=\"wpcf7-form init\" aria-label=\"Formul\u00e1rios de contato\" novalidate=\"novalidate\" data-status=\"init\">\n<div style=\"display: none;\">\n<input type=\"hidden\" name=\"_wpcf7\" value=\"94092\" \/>\n<input type=\"hidden\" name=\"_wpcf7_version\" value=\"6.0.4\" \/>\n<input type=\"hidden\" name=\"_wpcf7_locale\" value=\"pt_BR\" \/>\n<input type=\"hidden\" name=\"_wpcf7_unit_tag\" value=\"wpcf7-f94092-o1\" \/>\n<input type=\"hidden\" name=\"_wpcf7_container_post\" value=\"0\" \/>\n<input type=\"hidden\" name=\"_wpcf7_posted_data_hash\" value=\"\" \/>\n<input type=\"hidden\" name=\"_wpcf7_recaptcha_response\" value=\"\" \/>\n<\/div>\n<h4>Saiba mais sobre os cursos de ingl\u00eas em Dublin\n<\/h4>\n<p>Seu nome (obrigat\u00f3rio)<br \/>\n<span class=\"wpcf7-form-control-wrap\" data-name=\"your-name\"><input size=\"40\" maxlength=\"400\" class=\"wpcf7-form-control wpcf7-text wpcf7-validates-as-required\" aria-required=\"true\" aria-invalid=\"false\" value=\"\" type=\"text\" name=\"your-name\" \/><\/span>\n<\/p>\n<p>Seu e-mail (obrigat\u00f3rio)<br \/>\n<span class=\"wpcf7-form-control-wrap\" data-name=\"your-email\"><input size=\"40\" maxlength=\"400\" class=\"wpcf7-form-control wpcf7-email wpcf7-validates-as-required wpcf7-text wpcf7-validates-as-email\" aria-required=\"true\" aria-invalid=\"false\" value=\"\" type=\"email\" name=\"your-email\" \/><\/span>\n<\/p>\n<p><a href=\"https:\/\/docs.google.com\/document\/u\/1\/d\/e\/2PACX-1vQEw6fdI_2soxDW8l-rO2nlrUEXzTrTIO0Y-gKpEyQwpk4F1t8eBzeOac8nd2vCEIw1kwImwlbsSogJ\/pub\">Pol\u00edtica de privacidade:<\/a><span class=\"wpcf7-form-control-wrap\" data-name=\"checkbox-868\"><span class=\"wpcf7-form-control wpcf7-checkbox wpcf7-validates-as-required\"><span class=\"wpcf7-list-item first last\"><span class=\"wpcf7-list-item-label\">Entendi a Pol\u00edtica de Privacidade do Everest e desejo receber material promocional da escola<\/span><input type=\"checkbox\" name=\"checkbox-868[]\" value=\"Entendi a Pol\u00edtica de Privacidade do Everest e desejo receber material promocional da escola\" \/><\/span><\/span><\/span>\n<\/p>\n<input class=\"wpcf7-form-control wpcf7-hidden\" value=\"\" type=\"hidden\" name=\"page_source\" \/>\n<input class=\"wpcf7-form-control wpcf7-hidden\" value=\"\" type=\"hidden\" name=\"traffic_source\" \/>\n<p><input class=\"wpcf7-form-control wpcf7-submit has-spinner\" type=\"submit\" value=\"Obter mais informa\u00e7\u00f5es\" \/>\n<\/p><div class=\"wpcf7-response-output\" aria-hidden=\"true\"><\/div>\n<\/form>\n<\/div>\n[\/vc_column][\/vc_row][vc_row css=&#8221;.vc_custom_1426508985708{background-color: #f4f4f4 !important;}&#8221;][vc_column width=&#8221;1\/2&#8243;][vc_empty_space][\/vc_column][vc_column width=&#8221;1\/2&#8243;][vc_empty_space][\/vc_column][\/vc_row][vc_column][vc_column_text]<br \/>\n[\/vc_column_text][\/vc_column]<\/p>\n","protected":false},"excerpt":{"rendered":"<p>[vc_row][vc_column][vc_empty_space height=&#8221;25px&#8221;][\/vc_column][\/vc_row][vc_row][vc_column][vc_column_text] SEU CURSO DE INGL\u00caS EM DUBLIN &nbsp; Em todos os nossos cursos de ingl\u00eas, usamos uma metodologia comunicativa. Nossos professores t\u00eam anos de experi\u00eancia preparando os alunos para os exames (CAE, FCE e IELTS) e ensino de Ingl\u00eas. Nossos cursos de Ingl\u00eas s\u00e3o divididos em duas correntes, uma focada na prepara\u00e7\u00e3o para exames &hellip;<\/p>\n<p class=\"read-more\"> <a class=\"\" href=\"https:\/\/everestlanguageschool.com\/pt-br\/english-course-dublin\/\"> <span class=\"screen-reader-text\">CURSOS DE INGL\u00caS<\/span> Leia mais &raquo;<\/a><\/p>\n","protected":false},"author":1,"featured_media":0,"parent":0,"menu_order":0,"comment_status":"open","ping_status":"open","template":"page-fullwidth.php","meta":{"inline_featured_image":false,"site-sidebar-layout":"default","site-content-layout":"default","ast-global-header-display":"","ast-main-header-display":"","ast-hfb-above-header-display":"","ast-hfb-below-header-display":"","ast-hfb-mobile-header-display":"","site-post-title":"","ast-breadcrumbs-content":"","ast-featured-img":"","footer-sml-layout":"","theme-transparent-header-meta":"","adv-header-id-meta":"","stick-header-meta":"","header-above-stick-meta":"","header-main-stick-meta":"","header-below-stick-meta":"","footnotes":""},"categories":[],"tags":[],"class_list":["post-10472","page","type-page","status-publish","hentry"],"_links":{"self":[{"href":"https:\/\/everestlanguageschool.com\/pt-br\/wp-json\/wp\/v2\/pages\/10472","targetHints":{"allow":["GET"]}}],"collection":[{"href":"https:\/\/everestlanguageschool.com\/pt-br\/wp-json\/wp\/v2\/pages"}],"about":[{"href":"https:\/\/everestlanguageschool.com\/pt-br\/wp-json\/wp\/v2\/types\/page"}],"author":[{"embeddable":true,"href":"https:\/\/everestlanguageschool.com\/pt-br\/wp-json\/wp\/v2\/users\/1"}],"replies":[{"embeddable":true,"href":"https:\/\/everestlanguageschool.com\/pt-br\/wp-json\/wp\/v2\/comments?post=10472"}],"version-history":[{"count":7,"href":"https:\/\/everestlanguageschool.com\/pt-br\/wp-json\/wp\/v2\/pages\/10472\/revisions"}],"predecessor-version":[{"id":23345,"href":"https:\/\/everestlanguageschool.com\/pt-br\/wp-json\/wp\/v2\/pages\/10472\/revisions\/23345"}],"wp:attachment":[{"href":"https:\/\/everestlanguageschool.com\/pt-br\/wp-json\/wp\/v2\/media?parent=10472"}],"wp:term":[{"taxonomy":"category","embeddable":true,"href":"https:\/\/everestlanguageschool.com\/pt-br\/wp-json\/wp\/v2\/categories?post=10472"},{"taxonomy":"post_tag","embeddable":true,"href":"https:\/\/everestlanguageschool.com\/pt-br\/wp-json\/wp\/v2\/tags?post=10472"}],"curies":[{"name":"wp","href":"https:\/\/api.w.org\/{rel}","templated":true}]}}