{"id":91212,"date":"2016-08-18T17:36:08","date_gmt":"2016-08-18T17:36:08","guid":{"rendered":"https:\/\/everestlanguageschool.com\/visto-de-estudo-na-irlanda-perguntas-frequentes\/"},"modified":"2025-03-24T16:47:00","modified_gmt":"2025-03-24T16:47:00","slug":"visto-de-estudo-na-irlanda-perguntas-frequentes","status":"publish","type":"page","link":"https:\/\/everestlanguageschool.com\/pt-br\/visto-de-estudo-na-irlanda-perguntas-frequentes\/","title":{"rendered":"Visto de estudo na Irlanda &#8211; Perguntas frequentes"},"content":{"rendered":"\t\t<div data-elementor-type=\"wp-page\" data-elementor-id=\"91212\" class=\"elementor elementor-91212 elementor-10110\" data-elementor-post-type=\"page\">\n\t\t\t\t\t\t<section class=\"elementor-section elementor-top-section elementor-element elementor-element-1c7d44a4 elementor-section-boxed elementor-section-height-default elementor-section-height-default\" data-id=\"1c7d44a4\" data-element_type=\"section\" data-e-type=\"section\">\n\t\t\t\t\t\t<div class=\"elementor-container elementor-column-gap-default\">\n\t\t\t\t\t<div class=\"elementor-column elementor-col-100 elementor-top-column elementor-element elementor-element-525cdf75\" data-id=\"525cdf75\" data-element_type=\"column\" data-e-type=\"column\">\n\t\t\t<div class=\"elementor-widget-wrap elementor-element-populated\">\n\t\t\t\t\t\t<div class=\"elementor-element elementor-element-f18aa1a elementor-widget elementor-widget-heading\" data-id=\"f18aa1a\" data-element_type=\"widget\" data-e-type=\"widget\" data-widget_type=\"heading.default\">\n\t\t\t\t<div class=\"elementor-widget-container\">\n\t\t\t\t\t<h2 class=\"elementor-heading-title elementor-size-default\">Study Visa FAQ - Perguntas frequentes sobre o seu visto Stamp 2<\/h2>\t\t\t\t<\/div>\n\t\t\t\t<\/div>\n\t\t\t\t<div class=\"elementor-element elementor-element-f89037b elementor-widget elementor-widget-text-editor\" data-id=\"f89037b\" data-element_type=\"widget\" data-e-type=\"widget\" data-widget_type=\"text-editor.default\">\n\t\t\t\t<div class=\"elementor-widget-container\">\n\t\t\t\t\t\t\t\t\t\n<div class=\"schema-faq wp-block-yoast-faq-block\"><div class=\"schema-faq-section\" id=\"faq-question-1630581491104\"><strong class=\"schema-faq-question\">O que \u00e9 o visto de trabalho-estudo irland\u00eas de carimbo 2?<\/strong> <p class=\"schema-faq-answer\">O Visto de Estudo permite que voc\u00ea <strong>estude um curso de idioma por 6 meses na Irlanda e permane\u00e7a no pa\u00eds por um total de 8 meses<\/strong>. Essa \u00e9 uma \u00f3tima oportunidade para aprimorar seu ingl\u00eas e tamb\u00e9m para conhecer a Irlanda e a incr\u00edvel cultura irlandesa.<br>Voc\u00ea pode estudar ingl\u00eas conosco no Everest por 25 semanas (curso acad\u00eamico) e depois usar o resto do seu tempo para descobrir a Irlanda!<br>Devido \u00e0s novas normas de imigra\u00e7\u00e3o, <strong>voc\u00ea tamb\u00e9m precisar\u00e1 fazer um exame oficial<\/strong> no final do curso. No Everest, recomendamos que voc\u00ea marque o exame IELTS, pois \u00e9 um certificado reconhecido internacionalmente e, atualmente, \u00e9 o mais solicitado pela maioria das universidades. N\u00f3s garantiremos que voc\u00ea obtenha a melhor nota!   <br>Durante seu tempo na Irlanda, voc\u00ea tamb\u00e9m poder\u00e1 sair de f\u00e9rias e trabalhar no pa\u00eds. O Departamento de Imigra\u00e7\u00e3o da Irlanda tem regras muito claras sobre isso, portanto, certifique-se de que voc\u00ea entendeu as regras sobre trabalho na Irlanda e solicita\u00e7\u00e3o de f\u00e9rias durante o seu curso. Voc\u00ea pode ler mais sobre isso nos links que inclu\u00edmos abaixo  <\/p> <\/div> <div class=\"schema-faq-section\" id=\"faq-question-1630581626602\"><strong class=\"schema-faq-question\">POR ONDE COME\u00c7O? COMO FA\u00c7O PARA OBTER UM VISTO DE ESTUDO? <\/strong> <p class=\"schema-faq-answer\">Diferentes regras se aplicam a diferentes pa\u00edses para que voc\u00ea possa solicitar o visto de estudo na Irlanda. N\u00e3o hesite em entrar em contato conosco para receber mais informa\u00e7\u00f5es sobre esse processo. Entendemos que pode ser um processo dif\u00edcil e estamos aqui para ajud\u00e1-lo ao longo do caminho.<br>Links \u00fateis para voc\u00ea verificar enquanto prepara sua pr\u00f3xima aventura na Irlanda:  <br><strong><a href=\"http:\/\/www.icosirl.ie\/eng\/student_information.html\">Conselho Irland\u00eas para Estudantes Internacionais<\/a><\/strong> &#8211; Eles t\u00eam muitas informa\u00e7\u00f5es e orienta\u00e7\u00f5es para estudantes internacionais e ficar\u00e3o felizes em ajudar com qualquer d\u00favida que voc\u00ea possa ter.<br><br><strong>Irish Naturalisation and Immigration Service (Servi\u00e7o de Naturaliza\u00e7\u00e3o e Imigra\u00e7\u00e3o da Irlanda<\/strong> ) &#8211; Todas as regras sobre os diferentes tipos de visto e os requisitos que se aplicam a todos eles.<\/p> <\/div> <div class=\"schema-faq-section\" id=\"faq-question-1630581703596\"><strong class=\"schema-faq-question\"><strong><em>Posso trabalhar enquanto estiver estudando na Irlanda?<\/em><\/strong><br><\/strong> <p class=\"schema-faq-answer\">Os alunos que frequentam um curso de per\u00edodo integral e possuem um cart\u00e3o GNIB t\u00eam o direito de aceitar um emprego ocasional, desde que o curso esteja <a href=\"https:\/\/www.internationalstudents.ie\/\">inclu\u00eddo na lista de cursos eleg\u00edveis para visto do governo<\/a>. O emprego casual \u00e9 definido como at\u00e9 20 horas de trabalho de meio per\u00edodo por semana, exceto por dois per\u00edodos padronizados em que \u00e9 permitido trabalhar em tempo integral (ou seja, at\u00e9 40 horas por semana). Os per\u00edodos s\u00e3o de 15 de dezembro a 15 de janeiro e de 1\u00ba de maio a 31 de agosto, correspondendo \u00e0s tradicionais f\u00e9rias universit\u00e1rias de ver\u00e3o e inverno. Essas datas s\u00e3o fixas para todos os alunos n\u00e3o pertencentes ao EEE, independentemente do calend\u00e1rio de ensino da faculdade para seu curso. As faculdades n\u00e3o podem mais emitir cartas de f\u00e9rias documentando um aluno como dispon\u00edvel para trabalhar em tempo integral fora dessas datas.<br>O direito de trabalhar expira automaticamente quando a permiss\u00e3o de imigra\u00e7\u00e3o do aluno expira, exceto por uma extens\u00e3o de at\u00e9 12 meses que pode estar dispon\u00edvel para graduados de terceiro n\u00edvel.    <br><\/p> <\/div> <div class=\"schema-faq-section\" id=\"faq-question-1630581759516\"><strong class=\"schema-faq-question\"><strong><em>Preciso de um seguro m\u00e9dico?<\/em><\/strong><br><\/strong> <p class=\"schema-faq-answer\">O servi\u00e7o de imigra\u00e7\u00e3o irland\u00eas exige que todos os alunos n\u00e3o pertencentes ao EEE tenham pelo menos uma ap\u00f3lice b\u00e1sica que cubra despesas m\u00e9dicas de emerg\u00eancia, por exemplo, cobertura em caso de acidente que exija hospitaliza\u00e7\u00e3o. A comprova\u00e7\u00e3o do seguro \u00e9 exigida no momento do registro junto \u00e0s autoridades de imigra\u00e7\u00e3o. Para estudantes de curto prazo, o seguro de viagem pode ser suficiente em algumas circunst\u00e2ncias  <br><\/p> <\/div> <div class=\"schema-faq-section\" id=\"faq-question-1630581780462\"><strong class=\"schema-faq-question\"><strong><em>Que tipo de programa\u00e7\u00e3o de aulas, hor\u00e1rios e instala\u00e7\u00f5es posso esperar para um curso de 25 semanas?<\/em><\/strong><br><\/strong> <p class=\"schema-faq-answer\">Todos os cursos de ingl\u00eas de 25 semanas oferecidos a alunos n\u00e3o pertencentes ao EEE devem ser ministrados entre 9h e 17h em pelo menos 4 dias por semana, de segunda a sexta-feira. As aulas devem ter dura\u00e7\u00e3o m\u00ednima de 15 horas, excluindo os intervalos, ou seja, deve haver pelo menos 15 x 60 minutos de tempo de ensino.<br>Os alunos n\u00e3o pertencentes ao EEE devem receber um cronograma com os hor\u00e1rios de ensino, dias e per\u00edodos de f\u00e9rias no in\u00edcio do curso. Todas as 25 semanas de aulas devem ser conclu\u00eddas em um per\u00edodo de 7 meses. O aluno deve apresentar seu hor\u00e1rio ao se registrar para obter um cart\u00e3o GNIB. A escola n\u00e3o pode alterar o hor\u00e1rio do aluno e o aluno n\u00e3o pode mudar de classe ou de hor\u00e1rio de aula.<br>As escolas devem fornecer uma biblioteca\/centro de recursos para o aluno, adequada ao n\u00famero m\u00e1ximo de alunos.    <\/p> <\/div> <div class=\"schema-faq-section\" id=\"faq-question-1630581814288\"><strong class=\"schema-faq-question\"><strong><em>Posso organizar f\u00e9rias durante o curso?<\/em><\/strong><\/strong> <p class=\"schema-faq-answer\">As regras de imigra\u00e7\u00e3o dizem que n\u00e3o ser\u00e3o permitidos feriados ou intervalos que n\u00e3o fa\u00e7am parte do cronograma do aluno, exceto em caso de doen\u00e7a documentada ou luto familiar. Nenhum per\u00edodo de f\u00e9rias pode ser concedido antes do in\u00edcio das aulas. H\u00e1 per\u00edodos definidos em que os alunos n\u00e3o pertencentes ao EEE podem <a href=\"http:\/\/www.icosirl.ie\/eng\/student_information\/working_in_ireland.html\">trabalhar<\/a> em tempo integral no inverno e no ver\u00e3o. As escolas n\u00e3o s\u00e3o obrigadas a alinhar as f\u00e9rias com essas datas.   <\/p> <\/div> <div class=\"schema-faq-section\" id=\"faq-question-1630581845244\"><strong class=\"schema-faq-question\"><strong><em>Voc\u00ea precisa fazer um exame como parte do curso?<\/em><\/strong><br><\/strong> <p class=\"schema-faq-answer\">De acordo com os regulamentos que entraram em vigor a partir de 20 de janeiro de 2016, todos os cursos para cidad\u00e3os n\u00e3o pertencentes ao EEE com visto de estudante devem ser conclu\u00eddos com um exame que atenda aos requisitos de imigra\u00e7\u00e3o. Os alunos n\u00e3o pertencentes ao EEE precisar\u00e3o se comprometer com o exame quando iniciarem o curso. Todos os alunos matriculados devem estar registrados no \u00f3rg\u00e3o de premia\u00e7\u00e3o quando iniciarem o curso.<br>As regras listam v\u00e1rios provedores de exames diferentes que s\u00e3o aceit\u00e1veis, incluindo TIE, ETAPP, Cambridge, IELTS, Pearson, Integrated Skills in English. Voc\u00ea encontrar\u00e1 uma lista espec\u00edfica de exames e pontua\u00e7\u00f5es m\u00ednimas nas p\u00e1ginas 6 a 7 dos novos regulamentos.   <br><\/p> <\/div> <div class=\"schema-faq-section\" id=\"faq-question-1630581876426\"><strong class=\"schema-faq-question\"><strong><em>Quais s\u00e3o as regras de frequ\u00eancia para alunos de ingl\u00eas?<\/em><\/strong><br><\/strong> <p class=\"schema-faq-answer\">O servi\u00e7o de imigra\u00e7\u00e3o (INIS) espera que os alunos apresentem um m\u00ednimo de 85% de frequ\u00eancia se estiverem solicitando a renova\u00e7\u00e3o da permiss\u00e3o de imigra\u00e7\u00e3o. Somente o servi\u00e7o de imigra\u00e7\u00e3o pode decidir se um aluno ter\u00e1 permiss\u00e3o para renovar com um n\u00famero de frequ\u00eancia menor. <br><\/p> <\/div> <\/div>\n\t\t\t\t\t\t\t\t<\/div>\n\t\t\t\t<\/div>\n\t\t\t\t\t<\/div>\n\t\t<\/div>\n\t\t\t\t\t<\/div>\n\t\t<\/section>\n\t\t\t\t<section class=\"elementor-section elementor-top-section elementor-element elementor-element-8def289 elementor-section-height-min-height elementor-reverse-mobile elementor-reverse-tablet elementor-section-boxed elementor-section-height-default elementor-section-items-middle\" data-id=\"8def289\" data-element_type=\"section\" data-e-type=\"section\" data-settings=\"{&quot;background_background&quot;:&quot;classic&quot;}\">\n\t\t\t\t\t\t\t<div class=\"elementor-background-overlay\"><\/div>\n\t\t\t\t\t\t\t<div class=\"elementor-container elementor-column-gap-default\">\n\t\t\t\t\t<div class=\"elementor-column elementor-col-100 elementor-top-column elementor-element elementor-element-5b54da1\" data-id=\"5b54da1\" data-element_type=\"column\" data-e-type=\"column\">\n\t\t\t<div class=\"elementor-widget-wrap elementor-element-populated\">\n\t\t\t\t\t\t<div class=\"elementor-element elementor-element-084d53b elementor-widget elementor-widget-heading\" data-id=\"084d53b\" data-element_type=\"widget\" data-e-type=\"widget\" data-widget_type=\"heading.default\">\n\t\t\t\t<div class=\"elementor-widget-container\">\n\t\t\t\t\t<h2 class=\"elementor-heading-title elementor-size-default\">Se voc\u00ea tiver outras d\u00favidas, entre em contato<\/h2>\t\t\t\t<\/div>\n\t\t\t\t<\/div>\n\t\t\t\t<div class=\"elementor-element elementor-element-2efe70f elementor-widget elementor-widget-shortcode\" data-id=\"2efe70f\" data-element_type=\"widget\" data-e-type=\"widget\" data-widget_type=\"shortcode.default\">\n\t\t\t\t<div class=\"elementor-widget-container\">\n\t\t\t\t\t\t\t<div class=\"elementor-shortcode\">\n<div class=\"wpcf7 no-js\" id=\"wpcf7-f94004-o1\" lang=\"pt-BR\" dir=\"ltr\" data-wpcf7-id=\"94004\">\n<div class=\"screen-reader-response\"><p role=\"status\" aria-live=\"polite\" aria-atomic=\"true\"><\/p> <ul><\/ul><\/div>\n<form action=\"\/pt-br\/wp-json\/wp\/v2\/pages\/91212#wpcf7-f94004-o1\" method=\"post\" class=\"wpcf7-form init\" aria-label=\"Formul\u00e1rios de contato\" novalidate=\"novalidate\" data-status=\"init\">\n<div style=\"display: none;\">\n<input type=\"hidden\" name=\"_wpcf7\" value=\"94004\" \/>\n<input type=\"hidden\" name=\"_wpcf7_version\" value=\"6.0.4\" \/>\n<input type=\"hidden\" name=\"_wpcf7_locale\" value=\"pt_BR\" \/>\n<input type=\"hidden\" name=\"_wpcf7_unit_tag\" value=\"wpcf7-f94004-o1\" \/>\n<input type=\"hidden\" name=\"_wpcf7_container_post\" value=\"0\" \/>\n<input type=\"hidden\" name=\"_wpcf7_posted_data_hash\" value=\"\" \/>\n<input type=\"hidden\" name=\"_wpcf7_recaptcha_response\" value=\"\" \/>\n<\/div>\n<p>Seu nome (obrigat\u00f3rio)<br \/>\n<span class=\"wpcf7-form-control-wrap\" data-name=\"your-name\"><input size=\"40\" maxlength=\"400\" class=\"wpcf7-form-control wpcf7-text wpcf7-validates-as-required\" aria-required=\"true\" aria-invalid=\"false\" value=\"\" type=\"text\" name=\"your-name\" \/><\/span>\n<\/p>\n<p>Seu e-mail (obrigat\u00f3rio)<br \/>\n<span class=\"wpcf7-form-control-wrap\" data-name=\"your-email\"><input size=\"40\" maxlength=\"400\" class=\"wpcf7-form-control wpcf7-email wpcf7-validates-as-required wpcf7-text wpcf7-validates-as-email\" aria-required=\"true\" aria-invalid=\"false\" value=\"\" type=\"email\" name=\"your-email\" \/><\/span>\n<\/p>\n<p>Sua mensagem<br \/>\n<span class=\"wpcf7-form-control-wrap\" data-name=\"your-message\"><textarea cols=\"40\" rows=\"10\" maxlength=\"2000\" class=\"wpcf7-form-control wpcf7-textarea\" aria-invalid=\"false\" name=\"your-message\"><\/textarea><\/span>\n<\/p>\n<p><input type=\"hidden\" name=\"_wpcf7_captcha_challenge_captcha-372\" value=\"859233699\" \/><img decoding=\"async\" class=\"wpcf7-form-control wpcf7-captchac wpcf7-captcha-captcha-372 lazyload\" width=\"72\" height=\"24\" alt=\"captcha\" data-src=\"https:\/\/everestlanguageschool.com\/wp-content\/uploads\/wpcf7_captcha\/859233699.png\" src=\"data:image\/gif;base64,R0lGODlhAQABAAAAACH5BAEKAAEALAAAAAABAAEAAAICTAEAOw==\" style=\"--smush-placeholder-width: 72px; --smush-placeholder-aspect-ratio: 72\/24;\" \/><span class=\"wpcf7-form-control-wrap\" data-name=\"captcha-372\"><input size=\"40\" class=\"wpcf7-form-control wpcf7-captchar\" autocomplete=\"off\" aria-invalid=\"false\" value=\"\" type=\"text\" name=\"captcha-372\" \/><\/span>\n<\/p>\n<p><a href=\"\/\/docs.google.com\/document\/u\/1\/d\/e\/2PACX-1vQEw6fdI_2soxDW8l-rO2nlrUEXzTrTIO0Y-gKpEyQwpk4F1t8eBzeOac8nd2vCEIw1kwImwlbsSogJ\/pub\">Pol\u00edtica de privacidade:<\/a><span class=\"wpcf7-form-control-wrap\" data-name=\"checkbox-868\"><span class=\"wpcf7-form-control wpcf7-checkbox wpcf7-validates-as-required\"><span class=\"wpcf7-list-item first last\"><span class=\"wpcf7-list-item-label\">Entendi a Pol\u00edtica de Privacidade do Everest e desejo receber material promocional da escola<\/span><input type=\"checkbox\" name=\"checkbox-868[]\" value=\"Entendi a Pol\u00edtica de Privacidade do Everest e desejo receber material promocional da escola\" \/><\/span><\/span><\/span>\n<\/p>\n<input class=\"wpcf7-form-control wpcf7-hidden\" value=\"\" type=\"hidden\" name=\"page_source\" \/>\n<input class=\"wpcf7-form-control wpcf7-hidden\" value=\"\" type=\"hidden\" name=\"traffic_source\" \/>\n<p><input class=\"wpcf7-form-control wpcf7-submit has-spinner\" type=\"submit\" value=\"Enviar\" \/>\n<\/p><div class=\"wpcf7-response-output\" aria-hidden=\"true\"><\/div>\n<\/form>\n<\/div>\n<\/div>\n\t\t\t\t\t\t<\/div>\n\t\t\t\t<\/div>\n\t\t\t\t\t<\/div>\n\t\t<\/div>\n\t\t\t\t\t<\/div>\n\t\t<\/section>\n\t\t\t\t<\/div>\n\t\t","protected":false},"excerpt":{"rendered":"<p>Study Visa FAQ &#8211; Perguntas frequentes sobre o seu visto Stamp 2 O que \u00e9 o visto de trabalho-estudo irland\u00eas de carimbo 2? O Visto de Estudo permite que voc\u00ea estude um curso de idioma por 6 meses na Irlanda e permane\u00e7a no pa\u00eds por um total de 8 meses. Essa \u00e9 uma \u00f3tima oportunidade &hellip;<\/p>\n<p class=\"read-more\"> <a class=\"\" href=\"https:\/\/everestlanguageschool.com\/pt-br\/visto-de-estudo-na-irlanda-perguntas-frequentes\/\"> <span class=\"screen-reader-text\">Visto de estudo na Irlanda &#8211; Perguntas frequentes<\/span> Leia mais &raquo;<\/a><\/p>\n","protected":false},"author":1,"featured_media":0,"parent":0,"menu_order":0,"comment_status":"closed","ping_status":"closed","template":"","meta":{"inline_featured_image":false,"site-sidebar-layout":"default","site-content-layout":"default","ast-global-header-display":"","ast-main-header-display":"","ast-hfb-above-header-display":"","ast-hfb-below-header-display":"","ast-hfb-mobile-header-display":"","site-post-title":"","ast-breadcrumbs-content":"","ast-featured-img":"","footer-sml-layout":"","theme-transparent-header-meta":"default","adv-header-id-meta":"","stick-header-meta":"","header-above-stick-meta":"","header-main-stick-meta":"","header-below-stick-meta":"","footnotes":""},"categories":[],"tags":[],"class_list":["post-91212","page","type-page","status-publish","hentry"],"_links":{"self":[{"href":"https:\/\/everestlanguageschool.com\/pt-br\/wp-json\/wp\/v2\/pages\/91212","targetHints":{"allow":["GET"]}}],"collection":[{"href":"https:\/\/everestlanguageschool.com\/pt-br\/wp-json\/wp\/v2\/pages"}],"about":[{"href":"https:\/\/everestlanguageschool.com\/pt-br\/wp-json\/wp\/v2\/types\/page"}],"author":[{"embeddable":true,"href":"https:\/\/everestlanguageschool.com\/pt-br\/wp-json\/wp\/v2\/users\/1"}],"replies":[{"embeddable":true,"href":"https:\/\/everestlanguageschool.com\/pt-br\/wp-json\/wp\/v2\/comments?post=91212"}],"version-history":[{"count":7,"href":"https:\/\/everestlanguageschool.com\/pt-br\/wp-json\/wp\/v2\/pages\/91212\/revisions"}],"predecessor-version":[{"id":91233,"href":"https:\/\/everestlanguageschool.com\/pt-br\/wp-json\/wp\/v2\/pages\/91212\/revisions\/91233"}],"wp:attachment":[{"href":"https:\/\/everestlanguageschool.com\/pt-br\/wp-json\/wp\/v2\/media?parent=91212"}],"wp:term":[{"taxonomy":"category","embeddable":true,"href":"https:\/\/everestlanguageschool.com\/pt-br\/wp-json\/wp\/v2\/categories?post=91212"},{"taxonomy":"post_tag","embeddable":true,"href":"https:\/\/everestlanguageschool.com\/pt-br\/wp-json\/wp\/v2\/tags?post=91212"}],"curies":[{"name":"wp","href":"https:\/\/api.w.org\/{rel}","templated":true}]}}