{"id":91241,"date":"2017-04-03T09:35:29","date_gmt":"2017-04-03T09:35:29","guid":{"rendered":"https:\/\/everestlanguageschool.com\/teste-ielts-em-dublin\/"},"modified":"2017-04-03T09:35:29","modified_gmt":"2017-04-03T09:35:29","slug":"teste-ielts-em-dublin","status":"publish","type":"page","link":"https:\/\/everestlanguageschool.com\/pt-br\/teste-ielts-em-dublin\/","title":{"rendered":"Teste IELTS em Dublin"},"content":{"rendered":"<p><img fetchpriority=\"high\" decoding=\"async\" class=\"alignnone size-full wp-image-87418\" src=\"https:\/\/everestlanguageschool.com\/wp-content\/uploads\/2023\/06\/Cream-And-Brown-Simple-How-To-Study-For-An-Exam-YouTube-Thumbnail-.png\" alt=\"Marque seu exame IELTS em Dublin\" width=\"1280\" height=\"720\" srcset=\"https:\/\/everestlanguageschool.com\/wp-content\/uploads\/2023\/06\/Cream-And-Brown-Simple-How-To-Study-For-An-Exam-YouTube-Thumbnail-.png 1280w, https:\/\/everestlanguageschool.com\/wp-content\/uploads\/2023\/06\/Cream-And-Brown-Simple-How-To-Study-For-An-Exam-YouTube-Thumbnail--300x169.png 300w, https:\/\/everestlanguageschool.com\/wp-content\/uploads\/2023\/06\/Cream-And-Brown-Simple-How-To-Study-For-An-Exam-YouTube-Thumbnail--1024x576.png 1024w, https:\/\/everestlanguageschool.com\/wp-content\/uploads\/2023\/06\/Cream-And-Brown-Simple-How-To-Study-For-An-Exam-YouTube-Thumbnail--768x432.png 768w\" sizes=\"(max-width: 1280px) 100vw, 1280px\" \/><\/p>\n<h1 style=\"text-align: left;\">Marque seu teste IELTS em 4 etapas simples<\/h1>\n<h2 style=\"text-align: left;\">Reserve seu teste IELTS em Dublin<\/h2>\n<h3>Etapa 1: Fa\u00e7a um <a href=\"https:\/\/everestlanguageschool.com\/ielts-dublin\/\">curso preparat\u00f3rio para o IELTS<\/a>.<\/h3>\n<p>Mesmo os falantes nativos de ingl\u00eas acham o exame dif\u00edcil, e fazer um curso preparat\u00f3rio para o IELTS \u00e9 essencial para que voc\u00ea obtenha uma boa pontua\u00e7\u00e3o no exame. No Everest, temos <a href=\"https:\/\/everestlanguageschool.com\/ielts-dublin\/\">cursos de prepara\u00e7\u00e3o para o IELTS<\/a> de manh\u00e3, \u00e0 tarde e \u00e0 noite. <\/p>\n<h3>Etapa 2: Encontre uma data para o teste.<\/h3>\n<p>Encontre uma<a href=\"https:\/\/takeielts.britishcouncil.org\/ireland?gclid=CjwKCAjwyqWkBhBMEiwAp2yUFtgKcnwcE0MWRWDOmAJme0fLZu58yh-Iomp1Nvy8eA-G4szhHKKjwxoCU3wQAvD_BwE\"> data dispon\u00edvel para o teste IELTS<\/a> em Dublin. Preencha o formul\u00e1rio de inscri\u00e7\u00e3o on-line para o exame. (Observa\u00e7\u00e3o: Voc\u00ea precisar\u00e1 de uma digitaliza\u00e7\u00e3o de um passaporte v\u00e1lido ou de um documento de identidade nacional de um pa\u00eds da Uni\u00e3o Europeia. Voc\u00ea precisar\u00e1 disso para a inscri\u00e7\u00e3o e no dia do exame).  <\/p>\n<h3>Etapa 3: Pague pelo seu teste IELTS<\/h3>\n<p>Normalmente, voc\u00ea pode pagar pelo exame on-line ou pessoalmente no centro de testes quando fizer a reserva. Se voc\u00ea estiver estudando no Everest com um visto de estudo, a taxa do IELTS provavelmente estar\u00e1 inclu\u00edda na reserva do curso. Portanto, fale conosco na recep\u00e7\u00e3o para que possamos providenciar o pagamento em seu nome.  <\/p>\n<h3>Etapa 4: Obtenha os detalhes do teste IELTS<\/h3>\n<p>Depois disso, voc\u00ea receber\u00e1 um e-mail de confirma\u00e7\u00e3o. Isso pode levar at\u00e9 uma semana para processar sua inscri\u00e7\u00e3o. Aproximadamente uma semana antes da data do teste, voc\u00ea receber\u00e1 um segundo e-mail com os hor\u00e1rios do teste e outras informa\u00e7\u00f5es. Tudo isso ser\u00e1 enviado por e-mail.   <\/p>\n","protected":false},"excerpt":{"rendered":"<p>Marque seu teste IELTS em 4 etapas simples Reserve seu teste IELTS em Dublin Etapa 1: Fa\u00e7a um curso preparat\u00f3rio para o IELTS. Mesmo os falantes nativos de ingl\u00eas acham o exame dif\u00edcil, e fazer um curso preparat\u00f3rio para o IELTS \u00e9 essencial para que voc\u00ea obtenha uma boa pontua\u00e7\u00e3o no exame. No Everest, temos &hellip;<\/p>\n<p class=\"read-more\"> <a class=\"\" href=\"https:\/\/everestlanguageschool.com\/pt-br\/teste-ielts-em-dublin\/\"> <span class=\"screen-reader-text\">Teste IELTS em Dublin<\/span> Leia mais &raquo;<\/a><\/p>\n","protected":false},"author":1,"featured_media":0,"parent":0,"menu_order":0,"comment_status":"closed","ping_status":"closed","template":"","meta":{"inline_featured_image":false,"site-sidebar-layout":"default","site-content-layout":"default","ast-global-header-display":"","ast-main-header-display":"","ast-hfb-above-header-display":"","ast-hfb-below-header-display":"","ast-hfb-mobile-header-display":"","site-post-title":"disabled","ast-breadcrumbs-content":"","ast-featured-img":"","footer-sml-layout":"","theme-transparent-header-meta":"","adv-header-id-meta":"","stick-header-meta":"","header-above-stick-meta":"","header-main-stick-meta":"","header-below-stick-meta":"","footnotes":""},"categories":[],"tags":[],"class_list":["post-91241","page","type-page","status-publish","hentry"],"_links":{"self":[{"href":"https:\/\/everestlanguageschool.com\/pt-br\/wp-json\/wp\/v2\/pages\/91241","targetHints":{"allow":["GET"]}}],"collection":[{"href":"https:\/\/everestlanguageschool.com\/pt-br\/wp-json\/wp\/v2\/pages"}],"about":[{"href":"https:\/\/everestlanguageschool.com\/pt-br\/wp-json\/wp\/v2\/types\/page"}],"author":[{"embeddable":true,"href":"https:\/\/everestlanguageschool.com\/pt-br\/wp-json\/wp\/v2\/users\/1"}],"replies":[{"embeddable":true,"href":"https:\/\/everestlanguageschool.com\/pt-br\/wp-json\/wp\/v2\/comments?post=91241"}],"version-history":[{"count":0,"href":"https:\/\/everestlanguageschool.com\/pt-br\/wp-json\/wp\/v2\/pages\/91241\/revisions"}],"wp:attachment":[{"href":"https:\/\/everestlanguageschool.com\/pt-br\/wp-json\/wp\/v2\/media?parent=91241"}],"wp:term":[{"taxonomy":"category","embeddable":true,"href":"https:\/\/everestlanguageschool.com\/pt-br\/wp-json\/wp\/v2\/categories?post=91241"},{"taxonomy":"post_tag","embeddable":true,"href":"https:\/\/everestlanguageschool.com\/pt-br\/wp-json\/wp\/v2\/tags?post=91241"}],"curies":[{"name":"wp","href":"https:\/\/api.w.org\/{rel}","templated":true}]}}