{"id":91355,"date":"2015-06-06T11:48:14","date_gmt":"2015-06-06T11:48:14","guid":{"rendered":"https:\/\/everestlanguageschool.com\/ensinar-ingles-em-dublin\/"},"modified":"2015-06-06T11:48:14","modified_gmt":"2015-06-06T11:48:14","slug":"ensinar-ingles-em-dublin","status":"publish","type":"page","link":"https:\/\/everestlanguageschool.com\/pt-br\/ensinar-ingles-em-dublin\/","title":{"rendered":"Ensinar ingl\u00eas em Dublin"},"content":{"rendered":"<h1>Ensinar ingl\u00eas em Dublin<\/h1>\n<p><img decoding=\"async\" class=\"alignnone size-full wp-image-80888 lazyload\" data-src=\"https:\/\/everestlanguageschool.com\/wp-content\/uploads\/2019\/07\/Teacher-explaining-grammar-Conor-2.png\" alt=\"\" width=\"100%\" data-srcset=\"https:\/\/everestlanguageschool.com\/wp-content\/uploads\/2019\/07\/Teacher-explaining-grammar-Conor-2.png 1000w, https:\/\/everestlanguageschool.com\/wp-content\/uploads\/2019\/07\/Teacher-explaining-grammar-Conor-2-300x169.png 300w, https:\/\/everestlanguageschool.com\/wp-content\/uploads\/2019\/07\/Teacher-explaining-grammar-Conor-2-768x432.png 768w\" data-sizes=\"(max-width: 1000px) 100vw, 1000px\" src=\"data:image\/gif;base64,R0lGODlhAQABAAAAACH5BAEKAAEALAAAAAABAAEAAAICTAEAOw==\" style=\"--smush-placeholder-width: 1000px; --smush-placeholder-aspect-ratio: 1000\/563;\" \/><\/p>\n<p>Estamos sempre \u00e0 procura de \u00f3timos professores no Everest. Se voc\u00ea gostaria de trabalhar conosco, envie-nos um e-mail (para info@everestlanguageschool.com). <\/p>\n<p>Emprego de professor de ingl\u00eas<\/p>\n<p>***N\u00e3o se inscreva se voc\u00ea n\u00e3o tiver um <a href=\"http:\/\/www.cambridgeenglish.org\/teaching-english\/teaching-qualifications\/celta\/\">CELTA<\/a> ou CELT ou qualifica\u00e7\u00e3o similar reconhecida <a href=\"https:\/\/www.qqi.ie\/Articles\/Pages\/English-Language-Education.aspx\">pela ACELS<\/a> e um diploma de terceiro grau***<\/p>\n<p>No momento, estamos procurando um professor entusiasmado para trabalhar com pequenos grupos em nossa nova escola. A Everest Language School \u00e9 (provavelmente) a \u00fanica escola de propriedade de professores de Dublin. Por esse motivo, s\u00f3 estamos interessados em ouvir professores que tenham um amor genu\u00edno e interesse em ensinar. No momento, estamos recrutando para vagas nos per\u00edodos da tarde, noite e manh\u00e3.   <\/p>\n<p>Habilidades necess\u00e1rias:<\/p>\n<ul>\n<li>Conhecimento e experi\u00eancia em dar aulas de IELTS, FCE e CAE<\/li>\n<li>Capacidade de criar aulas envolventes<\/li>\n<li>M\u00ednimo de 2 anos de experi\u00eancia de ensino<\/li>\n<li>Capacidade de gerenciar uma classe com habilidades e estilos de aprendizagem variados<\/li>\n<\/ul>\n<p>Experi\u00eancia necess\u00e1ria:<\/p>\n<ul>\n<li>Ensino de EFL na Irlanda: 2 anos<\/li>\n<\/ul>\n","protected":false},"excerpt":{"rendered":"<p>Ensinar ingl\u00eas em Dublin Estamos sempre \u00e0 procura de \u00f3timos professores no Everest. Se voc\u00ea gostaria de trabalhar conosco, envie-nos um e-mail (para info@everestlanguageschool.com). Emprego de professor de ingl\u00eas ***N\u00e3o se inscreva se voc\u00ea n\u00e3o tiver um CELTA ou CELT ou qualifica\u00e7\u00e3o similar reconhecida pela ACELS e um diploma de terceiro grau*** No momento, estamos &hellip;<\/p>\n<p class=\"read-more\"> <a class=\"\" href=\"https:\/\/everestlanguageschool.com\/pt-br\/ensinar-ingles-em-dublin\/\"> <span class=\"screen-reader-text\">Ensinar ingl\u00eas em Dublin<\/span> Leia mais &raquo;<\/a><\/p>\n","protected":false},"author":1,"featured_media":0,"parent":0,"menu_order":0,"comment_status":"open","ping_status":"open","template":"","meta":{"inline_featured_image":false,"site-sidebar-layout":"default","site-content-layout":"default","ast-global-header-display":"","ast-main-header-display":"","ast-hfb-above-header-display":"","ast-hfb-below-header-display":"","ast-hfb-mobile-header-display":"","site-post-title":"","ast-breadcrumbs-content":"","ast-featured-img":"","footer-sml-layout":"","theme-transparent-header-meta":"","adv-header-id-meta":"","stick-header-meta":"","header-above-stick-meta":"","header-main-stick-meta":"","header-below-stick-meta":"","footnotes":""},"categories":[],"tags":[],"class_list":["post-91355","page","type-page","status-publish","hentry"],"_links":{"self":[{"href":"https:\/\/everestlanguageschool.com\/pt-br\/wp-json\/wp\/v2\/pages\/91355","targetHints":{"allow":["GET"]}}],"collection":[{"href":"https:\/\/everestlanguageschool.com\/pt-br\/wp-json\/wp\/v2\/pages"}],"about":[{"href":"https:\/\/everestlanguageschool.com\/pt-br\/wp-json\/wp\/v2\/types\/page"}],"author":[{"embeddable":true,"href":"https:\/\/everestlanguageschool.com\/pt-br\/wp-json\/wp\/v2\/users\/1"}],"replies":[{"embeddable":true,"href":"https:\/\/everestlanguageschool.com\/pt-br\/wp-json\/wp\/v2\/comments?post=91355"}],"version-history":[{"count":0,"href":"https:\/\/everestlanguageschool.com\/pt-br\/wp-json\/wp\/v2\/pages\/91355\/revisions"}],"wp:attachment":[{"href":"https:\/\/everestlanguageschool.com\/pt-br\/wp-json\/wp\/v2\/media?parent=91355"}],"wp:term":[{"taxonomy":"category","embeddable":true,"href":"https:\/\/everestlanguageschool.com\/pt-br\/wp-json\/wp\/v2\/categories?post=91355"},{"taxonomy":"post_tag","embeddable":true,"href":"https:\/\/everestlanguageschool.com\/pt-br\/wp-json\/wp\/v2\/tags?post=91355"}],"curies":[{"name":"wp","href":"https:\/\/api.w.org\/{rel}","templated":true}]}}