{"id":92403,"date":"2017-09-21T14:49:04","date_gmt":"2017-09-21T14:49:04","guid":{"rendered":"https:\/\/everestlanguageschool.com\/curso-de-ingles-em-dublin-curso-a-tarde\/"},"modified":"2017-09-21T14:49:04","modified_gmt":"2017-09-21T14:49:04","slug":"curso-de-ingles-em-dublin-curso-a-tarde","status":"publish","type":"page","link":"https:\/\/everestlanguageschool.com\/pt-br\/curso-de-ingles-em-dublin-curso-a-tarde\/","title":{"rendered":"Curso de ingl\u00eas em Dublin &#8211; Curso \u00e0 tarde"},"content":{"rendered":"<p>[vc_row parallax=&#8221;yes&#8221; use_container=&#8221;false&#8221; css=&#8221;.vc_custom_1452159674214{margin-bottom: 40px !important;background-image: url(https:\/\/everestlanguageschool.com\/wp-content\/uploads\/2015\/12\/book_class71.jpg?id=8532) !important;background-position: center;background-repeat: no-repeat !important;background-size: cover !important;}&#8221; el_class=&#8221;lpcontainer&#8221;][vc_column el_class=&#8221;course_intro_img&#8221;][vc_column_text]<\/p>\n<div class=\"lp_intro\">\n<h2>Seu curso de ingl\u00eas em Dublin<\/h2>\n<p>Entre em contato conosco hoje mesmo<\/p>\n<\/div>\n<p>[\/vc_column_text][\/vc_column][\/vc_row][vc_row css=&#8221;.vc_custom_1452026017501{background-color: #e0f1ff !important;background-position: center;background-repeat: no-repeat !important;background-size: cover !important;}&#8221;][vc_column width=&#8221;1\/2&#8243; css=&#8221;.vc_custom_1451928346825{padding-top: 5px !important;padding-right: 5px !important;padding-bottom: 5px !important;padding-left: 5px !important;background-position: center !important;background-repeat: no-repeat !important;background-size: cover !important;}&#8221;][vc_video link=&#8221;https:\/\/youtu.be\/S1MGc4FgAIw&#8221;][vc_single_image image=&#8221;8474&#8243; img_size=&#8221;full&#8221; alignment=&#8221;center&#8221; onclick=&#8221;custom_link&#8221; link=&#8221;https:\/\/www.facebook.com\/EverestLanguageSchool\/reviews&#8221;][\/vc_column][vc_column width=&#8221;1\/2&#8243;][vc_column_text]<\/p>\n<h3 style=\"text-align: center;\">Cursos de ingl\u00eas em Dublin:<\/h3>\n<h3 style=\"text-align: center;\">Obtenha informa\u00e7\u00f5es e pre\u00e7os<\/h3>\n<p>[\/vc_column_text][vc_raw_html]<\/p>\n<p>JTNDYSUyMG5hbWUlM0QlMjJFbmdsaXNoX2NvdXJzZSUyMiUzRSUzQyUyRmElM0U=<\/p>\n<p>[\/vc_raw_html][vc_empty_space]<p class=\"wpcf7-contact-form-not-found\"><strong>Erro:<\/strong> Formul\u00e1rio de contato n\u00e3o encontrado.<\/p>[\/vc_column][\/vc_row][vc_row css=&#8221;.vc_custom_1452026773447{background-color: #f4f4f4 !important;}&#8221;][vc_column][vc_empty_space][vc_column_text]<\/p>\n<h2 style=\"text-align: center;\">Mais informa\u00e7\u00f5es sobre nossos cursos de ingl\u00eas<\/h2>\n<p>[\/vc_column_text][vc_empty_space][vc_tabs el_class=&#8221;lp&#8221;][vc_tab icon=&#8221;fa-smile-o&#8221; title=&#8221;Ofertas&#8221; tab_id=&#8221;1451422226510-2-7&#8243;][vc_single_image image=&#8221;15697&#8243; img_size=&#8221;full&#8221; alignment=&#8221;center&#8221;][vc_column_text]<\/p>\n<h2 style=\"text-align: center;\">PROMO\u00c7\u00c3O ESPECIAL<\/h2>\n<p style=\"text-align: center;\">Reserve seu curso de ingl\u00eas em Dublin para 2017 AGORA e receba um desconto de 10%. Tamb\u00e9m estamos dando uma viagem gratuita para outra cidade na Irlanda se voc\u00ea reservar um curso de per\u00edodo integral por 3 ou mais semanas. <\/p>\n<p style=\"text-align: center;\">Pre\u00e7o para 3 semanas:<\/p>\n<p style=\"text-align: center;\"><del datetime=\"2015-05-18T14:11:28+00:00\">\u20ac315 <\/del>\u20ac285<\/p>\n<p>[\/vc_column_text][vc_btn title=&#8221;OBTER MAIS INFORMA\u00c7\u00d5ES&#8221; style=&#8221;3d&#8221; color=&#8221;sky&#8221; size=&#8221;lg&#8221; align=&#8221;center&#8221; button_block=&#8221;true&#8221; link=&#8221;url:%23English_course||&#8221;][vc_empty_space][vc_column_text]<\/p>\n<h2 style=\"text-align: center;\">PROMO\u00c7\u00c3O ESPECIAL<\/h2>\n<p style=\"text-align: center;\">Reserve seu curso de ingl\u00eas em Dublin para 2017 AGORA e receba um desconto de 10%. Tamb\u00e9m estamos dando uma viagem gratuita para outra cidade na Irlanda se voc\u00ea reservar um curso de per\u00edodo integral por 3 ou mais semanas. <\/p>\n<p style=\"text-align: center;\">Pre\u00e7o para 4 semanas:<\/p>\n<p style=\"text-align: center;\">Pre\u00e7o para 4 semanas e passeio gratuito:<\/p>\n<p style=\"text-align: center;\"><del datetime=\"2015-05-18T13:58:36+00:00\">\u20ac400<\/del> \u20ac360<\/p>\n<p>[\/vc_column_text][vc_btn title=&#8221;OBTER MAIS INFORMA\u00c7\u00d5ES&#8221; style=&#8221;3d&#8221; color=&#8221;sky&#8221; size=&#8221;lg&#8221; align=&#8221;center&#8221; button_block=&#8221;true&#8221; link=&#8221;url:%23English_course||&#8221; el_class=&#8221;button2&#8243;][\/vc_tab][vc_tab icon=&#8221;fa-graduation-cap&#8221; title=&#8221;Cursos&#8221; tab_id=&#8221;065a6d44-8cf7-2&#8243;][vc_column_text]<\/p>\n<h2 style=\"text-align: center;\">Descri\u00e7\u00e3o do curso<\/h2>\n<p style=\"text-align: center;\">Nosso curso de ingl\u00eas geral \u00e0 tarde oferece o ingl\u00eas de que voc\u00ea precisa para trabalhar, estudar e viajar em ingl\u00eas. Todas as nossas aulas s\u00e3o altamente interativas e baseadas na comunica\u00e7\u00e3o. <\/p>\n<h3 style=\"text-align: center;\">Curso de 15 horas \u00e0 tarde<\/h3>\n<p style=\"text-align: center;\"><strong>13:45 &#8211; 17:00 horas:<\/strong><\/p>\n<p style=\"text-align: center;\">Entrada de gram\u00e1tica (tempos verbais, condicionais, artigos, verbos modais, etc.)<\/p>\n<p style=\"text-align: center;\">Entrada de vocabul\u00e1rio (vocabul\u00e1rio para trabalho, estudo, vida, viagem, etc.)<\/p>\n<p style=\"text-align: center;\">Habilidades de leitura (leitura r\u00e1pida, escaneamento, etc.)<\/p>\n<p style=\"text-align: center;\">Conversa\u00e7\u00e3o e flu\u00eancia (falar com corre\u00e7\u00e3o e feedback do professor)<\/p>\n<p style=\"text-align: center;\">Pron\u00fancia (melhore sua pron\u00fancia e flu\u00eancia em ingl\u00eas)<\/p>\n<p style=\"text-align: center;\">Reda\u00e7\u00e3o (aprender estilos de reda\u00e7\u00e3o para exames e uso geral)<\/p>\n<p>[\/vc_column_text][\/vc_tab][vc_tab icon=&#8221;fa-eur&#8221; title=&#8221;Pre\u00e7os&#8221; tab_id=&#8221;2eca775b-37f9-2&#8243;][vc_raw_html]JTVCZWFzeS1wcmljaW5nLXRhYmxlJTIwaWQlM0QlMjIxNjcxMCUyMiU1RA==[\/vc_raw_html][\/vc_tab][vc_tab icon=&#8221;fa-envelope-o&#8221; title=&#8221;Entre em contato conosco&#8221; tab_id=&#8221;1451422227961-3-8&#8243;][vc_column_text]<\/p>\n<h2 style=\"text-align: center;\">Entre em contato conosco hoje mesmo<\/h2>\n<p>[\/vc_column_text]<p class=\"wpcf7-contact-form-not-found\"><strong>Erro:<\/strong> Formul\u00e1rio de contato n\u00e3o encontrado.<\/p>[\/vc_tab][\/vc_tabs][vc_separator][\/vc_column][\/vc_row]<\/p>\n","protected":false},"excerpt":{"rendered":"<p>[vc_row parallax=&#8221;yes&#8221; use_container=&#8221;false&#8221; css=&#8221;.vc_custom_1452159674214{margin-bottom: 40px !important;background-image: url(https:\/\/everestlanguageschool.com\/wp-content\/uploads\/2015\/12\/book_class71.jpg?id=8532) !important;background-position: center;background-repeat: no-repeat !important;background-size: cover !important;}&#8221; el_class=&#8221;lpcontainer&#8221;][vc_column el_class=&#8221;course_intro_img&#8221;][vc_column_text] Seu curso de ingl\u00eas em Dublin Entre em contato conosco hoje mesmo [\/vc_column_text][\/vc_column][\/vc_row][vc_row css=&#8221;.vc_custom_1452026017501{background-color: #e0f1ff !important;background-position: center;background-repeat: no-repeat !important;background-size: cover !important;}&#8221;][vc_column width=&#8221;1\/2&#8243; css=&#8221;.vc_custom_1451928346825{padding-top: 5px !important;padding-right: 5px !important;padding-bottom: 5px !important;padding-left: 5px !important;background-position: center !important;background-repeat: no-repeat !important;background-size: cover !important;}&#8221;][vc_video link=&#8221;https:\/\/youtu.be\/S1MGc4FgAIw&#8221;][vc_single_image image=&#8221;8474&#8243; img_size=&#8221;full&#8221; &hellip;<\/p>\n<p class=\"read-more\"> <a class=\"\" href=\"https:\/\/everestlanguageschool.com\/pt-br\/curso-de-ingles-em-dublin-curso-a-tarde\/\"> <span class=\"screen-reader-text\">Curso de ingl\u00eas em Dublin &#8211; Curso \u00e0 tarde<\/span> Leia mais &raquo;<\/a><\/p>\n","protected":false},"author":1,"featured_media":92404,"parent":0,"menu_order":0,"comment_status":"closed","ping_status":"closed","template":"page-fullwidth.php","meta":{"inline_featured_image":false,"site-sidebar-layout":"default","site-content-layout":"default","ast-global-header-display":"","ast-main-header-display":"","ast-hfb-above-header-display":"","ast-hfb-below-header-display":"","ast-hfb-mobile-header-display":"","site-post-title":"","ast-breadcrumbs-content":"","ast-featured-img":"","footer-sml-layout":"","theme-transparent-header-meta":"","adv-header-id-meta":"","stick-header-meta":"","header-above-stick-meta":"","header-main-stick-meta":"","header-below-stick-meta":"","footnotes":""},"categories":[],"tags":[],"class_list":["post-92403","page","type-page","status-publish","has-post-thumbnail","hentry"],"_links":{"self":[{"href":"https:\/\/everestlanguageschool.com\/pt-br\/wp-json\/wp\/v2\/pages\/92403","targetHints":{"allow":["GET"]}}],"collection":[{"href":"https:\/\/everestlanguageschool.com\/pt-br\/wp-json\/wp\/v2\/pages"}],"about":[{"href":"https:\/\/everestlanguageschool.com\/pt-br\/wp-json\/wp\/v2\/types\/page"}],"author":[{"embeddable":true,"href":"https:\/\/everestlanguageschool.com\/pt-br\/wp-json\/wp\/v2\/users\/1"}],"replies":[{"embeddable":true,"href":"https:\/\/everestlanguageschool.com\/pt-br\/wp-json\/wp\/v2\/comments?post=92403"}],"version-history":[{"count":0,"href":"https:\/\/everestlanguageschool.com\/pt-br\/wp-json\/wp\/v2\/pages\/92403\/revisions"}],"wp:featuredmedia":[{"embeddable":true,"href":"https:\/\/everestlanguageschool.com\/pt-br\/wp-json\/wp\/v2\/media\/92404"}],"wp:attachment":[{"href":"https:\/\/everestlanguageschool.com\/pt-br\/wp-json\/wp\/v2\/media?parent=92403"}],"wp:term":[{"taxonomy":"category","embeddable":true,"href":"https:\/\/everestlanguageschool.com\/pt-br\/wp-json\/wp\/v2\/categories?post=92403"},{"taxonomy":"post_tag","embeddable":true,"href":"https:\/\/everestlanguageschool.com\/pt-br\/wp-json\/wp\/v2\/tags?post=92403"}],"curies":[{"name":"wp","href":"https:\/\/api.w.org\/{rel}","templated":true}]}}