{"id":93588,"date":"2024-06-05T14:28:29","date_gmt":"2024-06-05T14:28:29","guid":{"rendered":"https:\/\/everestlanguageschool.com\/reserva-de-mini-estadia\/"},"modified":"2025-09-17T14:42:01","modified_gmt":"2025-09-17T14:42:01","slug":"reserva-de-mini-estadia","status":"publish","type":"page","link":"https:\/\/everestlanguageschool.com\/pt-br\/reserva-de-mini-estadia\/","title":{"rendered":"Reserva de mini-estadia"},"content":{"rendered":"\t\t<div data-elementor-type=\"wp-page\" data-elementor-id=\"93588\" class=\"elementor elementor-93588 elementor-88510\" data-elementor-post-type=\"page\">\n\t\t\t\t\t\t<section class=\"elementor-section elementor-top-section elementor-element elementor-element-5dbf2c1 elementor-section-height-min-height elementor-section-content-middle elementor-section-boxed elementor-section-height-default elementor-section-items-middle\" data-id=\"5dbf2c1\" data-element_type=\"section\" data-e-type=\"section\" data-settings=\"{&quot;background_background&quot;:&quot;classic&quot;,&quot;background_motion_fx_motion_fx_scrolling&quot;:&quot;yes&quot;,&quot;background_motion_fx_translateY_effect&quot;:&quot;yes&quot;,&quot;background_motion_fx_translateY_speed&quot;:{&quot;unit&quot;:&quot;px&quot;,&quot;size&quot;:2,&quot;sizes&quot;:[]},&quot;motion_fx_motion_fx_scrolling&quot;:&quot;yes&quot;,&quot;background_motion_fx_translateY_affectedRange&quot;:{&quot;unit&quot;:&quot;%&quot;,&quot;size&quot;:&quot;&quot;,&quot;sizes&quot;:{&quot;start&quot;:0,&quot;end&quot;:100}},&quot;background_motion_fx_devices&quot;:[&quot;desktop&quot;,&quot;tablet&quot;,&quot;mobile&quot;],&quot;motion_fx_devices&quot;:[&quot;desktop&quot;,&quot;tablet&quot;,&quot;mobile&quot;]}\">\n\t\t\t\t\t\t\t<div class=\"elementor-background-overlay\"><\/div>\n\t\t\t\t\t\t\t<div class=\"elementor-container elementor-column-gap-default\">\n\t\t\t\t\t<div class=\"elementor-column elementor-col-100 elementor-top-column elementor-element elementor-element-50c7dd2\" data-id=\"50c7dd2\" data-element_type=\"column\" data-e-type=\"column\" data-settings=\"{&quot;background_background&quot;:&quot;classic&quot;}\">\n\t\t\t<div class=\"elementor-widget-wrap elementor-element-populated\">\n\t\t\t\t\t\t<section class=\"elementor-section elementor-inner-section elementor-element elementor-element-8fd1c70 elementor-section-full_width elementor-section-height-default elementor-section-height-default\" data-id=\"8fd1c70\" data-element_type=\"section\" data-e-type=\"section\">\n\t\t\t\t\t\t<div class=\"elementor-container elementor-column-gap-default\">\n\t\t\t\t\t<div class=\"elementor-column elementor-col-66 elementor-inner-column elementor-element elementor-element-48ab992\" data-id=\"48ab992\" data-element_type=\"column\" data-e-type=\"column\">\n\t\t\t<div class=\"elementor-widget-wrap elementor-element-populated\">\n\t\t\t\t\t\t<div class=\"elementor-element elementor-element-2a6333d elementor-widget elementor-widget-heading\" data-id=\"2a6333d\" data-element_type=\"widget\" data-e-type=\"widget\" data-widget_type=\"heading.default\">\n\t\t\t\t<div class=\"elementor-widget-container\">\n\t\t\t\t\t<h2 class=\"elementor-heading-title elementor-size-large\">\u00c9 hora de reservar seu mini grupo de estadia<\/h2>\t\t\t\t<\/div>\n\t\t\t\t<\/div>\n\t\t\t\t<div class=\"elementor-element elementor-element-9efdb9f elementor-widget elementor-widget-text-editor\" data-id=\"9efdb9f\" data-element_type=\"widget\" data-e-type=\"widget\" data-widget_type=\"text-editor.default\">\n\t\t\t\t<div class=\"elementor-widget-container\">\n\t\t\t\t\t\t\t\t\t<p style=\"text-align: center;\">Entraremos em contato com voc\u00ea em breve com uma cota\u00e7\u00e3o de pre\u00e7os e um formul\u00e1rio de reserva mais detalhado<\/p>\t\t\t\t\t\t\t\t<\/div>\n\t\t\t\t<\/div>\n\t\t\t\t\t<\/div>\n\t\t<\/div>\n\t\t\t\t<div class=\"elementor-column elementor-col-33 elementor-inner-column elementor-element elementor-element-f6ce625\" data-id=\"f6ce625\" data-element_type=\"column\" data-e-type=\"column\">\n\t\t\t<div class=\"elementor-widget-wrap elementor-element-populated\">\n\t\t\t\t\t\t<div class=\"elementor-element elementor-element-cb2c8af elementor-widget elementor-widget-image\" data-id=\"cb2c8af\" data-element_type=\"widget\" data-e-type=\"widget\" data-widget_type=\"image.default\">\n\t\t\t\t<div class=\"elementor-widget-container\">\n\t\t\t\t\t\t\t\t\t\t\t\t\t\t\t<img fetchpriority=\"high\" decoding=\"async\" width=\"671\" height=\"373\" src=\"https:\/\/everestlanguageschool.com\/wp-content\/uploads\/2020\/04\/Classes_from__5_per_hour__4_-removebg-preview.png\" class=\"attachment-full size-full wp-image-75210\" alt=\"\" srcset=\"https:\/\/everestlanguageschool.com\/wp-content\/uploads\/2020\/04\/Classes_from__5_per_hour__4_-removebg-preview.png 671w, https:\/\/everestlanguageschool.com\/wp-content\/uploads\/2020\/04\/Classes_from__5_per_hour__4_-removebg-preview-300x167.png 300w\" sizes=\"(max-width: 671px) 100vw, 671px\" \/>\t\t\t\t\t\t\t\t\t\t\t\t\t\t\t<\/div>\n\t\t\t\t<\/div>\n\t\t\t\t\t<\/div>\n\t\t<\/div>\n\t\t\t\t\t<\/div>\n\t\t<\/section>\n\t\t\t\t\t<\/div>\n\t\t<\/div>\n\t\t\t\t\t<\/div>\n\t\t<\/section>\n\t\t\t\t<section class=\"elementor-section elementor-top-section elementor-element elementor-element-57efcd1 elementor-section-boxed elementor-section-height-default elementor-section-height-default\" data-id=\"57efcd1\" data-element_type=\"section\" data-e-type=\"section\" data-settings=\"{&quot;background_background&quot;:&quot;classic&quot;}\">\n\t\t\t\t\t\t<div class=\"elementor-container elementor-column-gap-default\">\n\t\t\t\t\t<div class=\"elementor-column elementor-col-100 elementor-top-column elementor-element elementor-element-8a9c71b\" data-id=\"8a9c71b\" data-element_type=\"column\" data-e-type=\"column\">\n\t\t\t<div class=\"elementor-widget-wrap elementor-element-populated\">\n\t\t\t\t\t\t<div class=\"elementor-element elementor-element-16ee5d9 elementor-widget elementor-widget-shortcode\" data-id=\"16ee5d9\" data-element_type=\"widget\" data-e-type=\"widget\" data-widget_type=\"shortcode.default\">\n\t\t\t\t<div class=\"elementor-widget-container\">\n\t\t\t\t\t\t\t<div class=\"elementor-shortcode\">\n<div class=\"wpcf7 no-js\" id=\"wpcf7-f94250-o1\" lang=\"pt-BR\" dir=\"ltr\" data-wpcf7-id=\"94250\">\n<div class=\"screen-reader-response\"><p role=\"status\" aria-live=\"polite\" aria-atomic=\"true\"><\/p> <ul><\/ul><\/div>\n<form action=\"\/pt-br\/wp-json\/wp\/v2\/pages\/93588#wpcf7-f94250-o1\" method=\"post\" class=\"wpcf7-form init\" aria-label=\"Formul\u00e1rios de contato\" novalidate=\"novalidate\" data-status=\"init\">\n<div style=\"display: none;\">\n<input type=\"hidden\" name=\"_wpcf7\" value=\"94250\" \/>\n<input type=\"hidden\" name=\"_wpcf7_version\" value=\"6.0.4\" \/>\n<input type=\"hidden\" name=\"_wpcf7_locale\" value=\"pt_BR\" \/>\n<input type=\"hidden\" name=\"_wpcf7_unit_tag\" value=\"wpcf7-f94250-o1\" \/>\n<input type=\"hidden\" name=\"_wpcf7_container_post\" value=\"0\" \/>\n<input type=\"hidden\" name=\"_wpcf7_posted_data_hash\" value=\"\" \/>\n<input type=\"hidden\" name=\"_wpcf7_recaptcha_response\" value=\"\" \/>\n<\/div>\n<div class=\"form-content\">\n\t<h3>Seu curso\n\t<\/h3>\n\t<p>Data de in\u00edcio (obrigat\u00f3rio)<br \/>\n<span class=\"wpcf7-form-control-wrap\" data-name=\"date-597\"><input class=\"wpcf7-form-control wpcf7-date wpcf7-validates-as-required wpcf7-validates-as-date\" min=\"2026-04-22\" aria-required=\"true\" aria-invalid=\"false\" placeholder=\"Data\" value=\"\" type=\"date\" name=\"date-597\" \/><\/span>\n\t<\/p>\n\t<p>Data de t\u00e9rmino (obrigat\u00f3rio)<br \/>\n<span class=\"wpcf7-form-control-wrap\" data-name=\"date-883\"><input class=\"wpcf7-form-control wpcf7-date wpcf7-validates-as-required wpcf7-validates-as-date\" aria-required=\"true\" aria-invalid=\"false\" value=\"\" type=\"date\" name=\"date-883\" \/><\/span>\n\t<\/p>\n\t<p class=\"w-full\">Qual curso (obrigat\u00f3rio)<br \/>\n<span class=\"wpcf7-form-control-wrap\" data-name=\"menu-504\"><select class=\"wpcf7-form-control wpcf7-select wpcf7-validates-as-required\" aria-required=\"true\" aria-invalid=\"false\" name=\"menu-504\"><option value=\"\">&#8212;Escolha uma op\u00e7\u00e3o&#8212;<\/option><option value=\"Ingl\u00eas Geral Manh\u00e3 (20 horas)\">Ingl\u00eas Geral Manh\u00e3 (20 horas)<\/option><option value=\"Ingl\u00eas Geral Manh\u00e3 (15 horas)\">Ingl\u00eas Geral Manh\u00e3 (15 horas)<\/option><option value=\"Ingl\u00eas Geral Tarde (15 horas)\">Ingl\u00eas Geral Tarde (15 horas)<\/option><option value=\"Ingl\u00eas Geral Intensivo (26 horas)\">Ingl\u00eas Geral Intensivo (26 horas)<\/option><option value=\"Outro\">Outro<\/option><\/select><\/span>\n\t<\/p>\n\t<h3>Sua acomoda\u00e7\u00e3o\n\t<\/h3>\n\t<p class=\"w-2\">Voc\u00ea precisa de acomoda\u00e7\u00e3o?<br \/>\n<span class=\"wpcf7-form-control-wrap\" data-name=\"menu-688\"><select class=\"wpcf7-form-control wpcf7-select\" aria-invalid=\"false\" name=\"menu-688\"><option value=\"N\u00e3o\">N\u00e3o<\/option><option value=\"Sim\">Sim<\/option><\/select><\/span>\n\t<\/p>\n\t<p class=\"w-8\">Acomoda\u00e7\u00e3o<span class=\"wpcf7-form-control-wrap\" data-name=\"accommodation\"><select class=\"wpcf7-form-control wpcf7-select\" aria-invalid=\"false\" name=\"accommodation\"><option value=\"Nenhum\">Nenhum<\/option><option value=\"Fam\u00edlia anfitri\u00e3 (duplo\/triplo)\">Fam\u00edlia anfitri\u00e3 (duplo\/triplo)<\/option><option value=\"Fam\u00edlia anfitri\u00e3 (quarto individual)\">Fam\u00edlia anfitri\u00e3 (quarto individual)<\/option><\/select><\/span>\n\t<\/p>\n\t<p>Data de in\u00edcio da acomoda\u00e7\u00e3o<br \/>\n<span class=\"wpcf7-form-control-wrap\" data-name=\"accomStart\"><input class=\"wpcf7-form-control wpcf7-date wpcf7-validates-as-date\" min=\"2021-04-20\" aria-invalid=\"false\" placeholder=\"dd\/mm\/aaaa\" value=\"\" type=\"date\" name=\"accomStart\" \/><\/span>\n\t<\/p>\n\t<p>Data de t\u00e9rmino da acomoda\u00e7\u00e3o<br \/>\n<span class=\"wpcf7-form-control-wrap\" data-name=\"accomend\"><input class=\"wpcf7-form-control wpcf7-date wpcf7-validates-as-date\" min=\"2021-04-20\" aria-invalid=\"false\" placeholder=\"dd\/mm\/yyyy\" value=\"\" type=\"date\" name=\"accomend\" \/><\/span>\n\t<\/p>\n\t<h3>Detalhes do grupo\n\t<\/h3>\n\t<p>Nome do grupo (obrigat\u00f3rio)<br \/>\n<span class=\"wpcf7-form-control-wrap\" data-name=\"your-name\"><input size=\"40\" maxlength=\"400\" class=\"wpcf7-form-control wpcf7-text wpcf7-validates-as-required\" aria-required=\"true\" aria-invalid=\"false\" value=\"\" type=\"text\" name=\"your-name\" \/><\/span>\n\t<\/p>\n\t<p>Nome da pessoa de contato (obrigat\u00f3rio)<br \/>\n<span class=\"wpcf7-form-control-wrap\" data-name=\"your-name-2\"><input size=\"40\" maxlength=\"400\" class=\"wpcf7-form-control wpcf7-text wpcf7-validates-as-required\" aria-required=\"true\" aria-invalid=\"false\" value=\"\" type=\"text\" name=\"your-name-2\" \/><\/span>\n\t<\/p>\n\t<p>Nacionalidade (obrigat\u00f3rio)<span class=\"wpcf7-form-control-wrap\" data-name=\"text-669\"><input size=\"40\" maxlength=\"400\" class=\"wpcf7-form-control wpcf7-text wpcf7-validates-as-required\" aria-required=\"true\" aria-invalid=\"false\" value=\"\" type=\"text\" name=\"text-669\" \/><\/span>\n\t<\/p>\n\t<p>Faixa et\u00e1ria (obrigat\u00f3rio)<br \/>\nDe <span class=\"wpcf7-form-control-wrap\" data-name=\"menu-781\"><select class=\"wpcf7-form-control wpcf7-select\" aria-invalid=\"false\" name=\"menu-781\"><option value=\"12\">12<\/option><option value=\"13\">13<\/option><option value=\"14\">14<\/option><option value=\"15\">15<\/option><option value=\"16\">16<\/option><option value=\"17\">17<\/option><option value=\"18\">18<\/option><\/select><\/span><br \/>\nPara <span class=\"wpcf7-form-control-wrap\" data-name=\"menu-782\"><select class=\"wpcf7-form-control wpcf7-select\" aria-invalid=\"false\" name=\"menu-782\"><option value=\"13\">13<\/option><option value=\"14\">14<\/option><option value=\"15\">15<\/option><option value=\"16\">16<\/option><option value=\"17\">17<\/option><option value=\"18\">18<\/option><option value=\"18+\">18+<\/option><\/select><\/span>\n\t<\/p>\n\t<p>N\u00famero de alunos (obrigat\u00f3rio)<br \/>\nDe <span class=\"wpcf7-form-control-wrap\" data-name=\"menu-783\"><select class=\"wpcf7-form-control wpcf7-select\" aria-invalid=\"false\" name=\"menu-783\"><option value=\"1\">1<\/option><option value=\"2\">2<\/option><option value=\"3\">3<\/option><option value=\"4\">4<\/option><option value=\"5\">5<\/option><option value=\"6\">6<\/option><option value=\"7\">7<\/option><option value=\"8\">8<\/option><option value=\"9\">9<\/option><option value=\"10\">10<\/option><option value=\"11\">11<\/option><option value=\"12\">12<\/option><option value=\"13\">13<\/option><option value=\"14\">14<\/option><option value=\"15\">15<\/option><option value=\"16\">16<\/option><option value=\"17\">17<\/option><option value=\"18\">18<\/option><option value=\"19\">19<\/option><option value=\"20\">20<\/option><option value=\"21\">21<\/option><option value=\"22\">22<\/option><option value=\"23\">23<\/option><option value=\"24\">24<\/option><option value=\"25\">25<\/option><option value=\"26\">26<\/option><option value=\"27\">27<\/option><option value=\"28\">28<\/option><option value=\"29\">29<\/option><option value=\"30\">30<\/option><option value=\"31\">31<\/option><option value=\"32\">32<\/option><option value=\"33\">33<\/option><option value=\"34\">34<\/option><option value=\"35\">35<\/option><option value=\"36\">36<\/option><option value=\"37\">37<\/option><option value=\"38\">38<\/option><option value=\"39\">39<\/option><option value=\"40\">40<\/option><option value=\"41\">41<\/option><option value=\"42\">42<\/option><option value=\"43\">43<\/option><option value=\"44\">44<\/option><option value=\"45\">45<\/option><option value=\"46\">46<\/option><option value=\"47\">47<\/option><option value=\"48\">48<\/option><option value=\"49\">49<\/option><option value=\"50\">50<\/option><option value=\"51\">51<\/option><option value=\"52\">52<\/option><option value=\"53\">53<\/option><option value=\"54\">54<\/option><option value=\"55\">55<\/option><option value=\"56\">56<\/option><option value=\"57\">57<\/option><option value=\"58\">58<\/option><option value=\"59\">59<\/option><option value=\"60\">60<\/option><option value=\"61\">61<\/option><option value=\"62\">62<\/option><option value=\"63\">63<\/option><option value=\"64\">64<\/option><option value=\"65\">65<\/option><option value=\"66\">66<\/option><option value=\"67\">67<\/option><option value=\"68\">68<\/option><option value=\"69\">69<\/option><option value=\"70\">70<\/option><option value=\"71\">71<\/option><option value=\"72\">72<\/option><option value=\"73\">73<\/option><option value=\"74\">74<\/option><option value=\"75\">75<\/option><option value=\"76\">76<\/option><option value=\"77\">77<\/option><option value=\"78\">78<\/option><option value=\"79\">79<\/option><option value=\"80\">80<\/option><option value=\"81\">81<\/option><option value=\"82\">82<\/option><option value=\"83\">83<\/option><option value=\"84\">84<\/option><option value=\"85\">85<\/option><option value=\"86\">86<\/option><option value=\"87\">87<\/option><option value=\"88\">88<\/option><option value=\"89\">89<\/option><option value=\"90\">90<\/option><option value=\"91\">91<\/option><option value=\"92\">92<\/option><option value=\"93\">93<\/option><option value=\"94\">94<\/option><option value=\"95\">95<\/option><option value=\"96\">96<\/option><option value=\"97\">97<\/option><option value=\"98\">98<\/option><option value=\"99\">99<\/option><option value=\"100\">100<\/option><\/select><\/span>\n\t<\/p>\n\t<p>N\u00famero de l\u00edderes<br \/>\n<span class=\"wpcf7-form-control-wrap\" data-name=\"menu-343\"><select class=\"wpcf7-form-control wpcf7-select\" aria-invalid=\"false\" name=\"menu-343\"><option value=\"1\">1<\/option><option value=\"2\">2<\/option><option value=\"3\">3<\/option><option value=\"4\">4<\/option><option value=\"5\">5<\/option><option value=\"6\">6<\/option><option value=\"7\">7<\/option><option value=\"8\">8<\/option><option value=\"9\">9<\/option><option value=\"10\">10<\/option><\/select><\/span>\n\t<\/p>\n\t<p>Traslado do aeroporto (obrigat\u00f3rio)<br \/>\n<span class=\"wpcf7-form-control-wrap\" data-name=\"radio-777\"><span class=\"wpcf7-form-control wpcf7-radio\"><span class=\"wpcf7-list-item first\"><label><input type=\"radio\" name=\"radio-777\" value=\"Sim\" checked=\"checked\" \/><span class=\"wpcf7-list-item-label\">Sim<\/span><\/label><\/span><span class=\"wpcf7-list-item last\"><label><input type=\"radio\" name=\"radio-777\" value=\"N\u00e3o\" \/><span class=\"wpcf7-list-item-label\">N\u00e3o<\/span><\/label><\/span><\/span><\/span>\n\t<\/p>\n\t<p>Atividades sociais (obrigat\u00f3rio)<br \/>\n<span class=\"wpcf7-form-control-wrap\" data-name=\"radio-778\"><span class=\"wpcf7-form-control wpcf7-radio\"><span class=\"wpcf7-list-item first\"><label><input type=\"radio\" name=\"radio-778\" value=\"Sim\" checked=\"checked\" \/><span class=\"wpcf7-list-item-label\">Sim<\/span><\/label><\/span><span class=\"wpcf7-list-item last\"><label><input type=\"radio\" name=\"radio-778\" value=\"N\u00e3o\" \/><span class=\"wpcf7-list-item-label\">N\u00e3o<\/span><\/label><\/span><\/span><\/span>\n\t<\/p>\n\t<p>Seu e-mail (obrigat\u00f3rio)<br \/>\n<span class=\"wpcf7-form-control-wrap\" data-name=\"your-email\"><input size=\"40\" maxlength=\"400\" class=\"wpcf7-form-control wpcf7-email wpcf7-validates-as-required wpcf7-text wpcf7-validates-as-email\" aria-required=\"true\" aria-invalid=\"false\" value=\"\" type=\"email\" name=\"your-email\" \/><\/span>\n\t<\/p>\n\t<p>N\u00famero de telefone<span class=\"wpcf7-form-control-wrap\" data-name=\"tel-150\"><input size=\"40\" maxlength=\"400\" class=\"wpcf7-form-control wpcf7-tel wpcf7-text wpcf7-validates-as-tel\" aria-invalid=\"false\" value=\"\" type=\"tel\" name=\"tel-150\" \/><\/span>\n\t<\/p>\n\t<p class=\"w-full\">Endere\u00e7o para fatura (obrigat\u00f3rio)<span class=\"wpcf7-form-control-wrap\" data-name=\"textarea-995\"><textarea cols=\"40\" rows=\"10\" maxlength=\"2000\" class=\"wpcf7-form-control wpcf7-textarea\" aria-invalid=\"false\" name=\"textarea-995\">Rua, vila, cidade, pa\u00eds<\/textarea><\/span>\n\t<\/p>\n\t<p>N\u00famero de telefone para contato de emerg\u00eancia (obrigat\u00f3rio)<span class=\"wpcf7-form-control-wrap\" data-name=\"tel-151\"><input size=\"40\" maxlength=\"400\" class=\"wpcf7-form-control wpcf7-tel wpcf7-text wpcf7-validates-as-tel\" aria-invalid=\"false\" value=\"\" type=\"tel\" name=\"tel-151\" \/><\/span>\n\t<\/p>\n\t<p>Nome do contato de emerg\u00eancia (obrigat\u00f3rio)<br \/>\n<span class=\"wpcf7-form-control-wrap\" data-name=\"address\"><input size=\"40\" maxlength=\"400\" class=\"wpcf7-form-control wpcf7-text\" aria-invalid=\"false\" value=\"\" type=\"text\" name=\"address\" \/><\/span>\n\t<\/p>\n\t<p class=\"w-full\">Voc\u00ea tem alguma pergunta?[wpmlcf7-14-textarea wpml_attr_0='textarea-996' ]\n\t<\/p>\n\t<p class=] w-full\">\n\t<\/p>\n\t<h3>Termos<br \/>\ne<br \/>\nCondi\u00e7\u00f5es\n\t<\/h3>\n\t<p class=\"\" w-full=\"\">Voc\u00ea\n\t<\/p>\n\t<p>concorda<br \/>\ncom<br \/>\nos<br \/>\n<a href=\"%22https:\/\/www.everestlanguageschool.com\/terms-conditions\/\" target=\"\"_blank\"\">termos<br \/>\ne<br \/>\ncondi\u00e7\u00f5es<\/a>[caixa de sele\u00e7\u00e3o*<br \/>\ncaixa de sele\u00e7\u00e3o-455<br \/>\nexclusivo<br \/>\nSim<br \/>\nN\u00e3o<br \/>\n[\/wpmlcf7-14-textarea]\n\t<\/p>\n\t<p class=\"w-full\"><span class=\"wpcf7-form-control-wrap\" data-name=\"checkbox-868\"><span class=\"wpcf7-form-control wpcf7-checkbox wpcf7-validates-as-required\"><span class=\"wpcf7-list-item first last\"><input type=\"checkbox\" name=\"checkbox-868[]\" value=\"Entendi a Pol\u00edtica de Privacidade do Everest e desejo receber material promocional da escola\" \/><span class=\"wpcf7-list-item-label\">Entendi a Pol\u00edtica de Privacidade do Everest e desejo receber material promocional da escola<\/span><\/span><\/span><\/span><a href=\"\/\/docs.google.com\/document\/u\/1\/d\/e\/2PACX-1vQEw6fdI_2soxDW8l-rO2nlrUEXzTrTIO0Y-gKpEyQwpk4F1t8eBzeOac8nd2vCEIw1kwImwlbsSogJ\/pub\" target=\"_blank\">Pol\u00edtica de privacidade:<\/a>\n\t<\/p>\n<input class=\"wpcf7-form-control wpcf7-hidden\" value=\"\" type=\"hidden\" name=\"page_source\" \/>\n<input class=\"wpcf7-form-control wpcf7-hidden\" value=\"\" type=\"hidden\" name=\"traffic_source\" \/>\n\t<p><input class=\"wpcf7-form-control wpcf7-submit has-spinner\" type=\"submit\" value=\"Enviar\" \/>\n\t<\/p>\n<\/div><div class=\"wpcf7-response-output\" aria-hidden=\"true\"><\/div>\n<\/form>\n<\/div>\n<\/div>\n\t\t\t\t\t\t<\/div>\n\t\t\t\t<\/div>\n\t\t\t\t\t<\/div>\n\t\t<\/div>\n\t\t\t\t\t<\/div>\n\t\t<\/section>\n\t\t\t\t<\/div>\n\t\t","protected":false},"excerpt":{"rendered":"<p>\u00c9 hora de reservar seu mini grupo de estadia Entraremos em contato com voc\u00ea em breve com uma cota\u00e7\u00e3o de pre\u00e7os e um formul\u00e1rio de reserva mais detalhado<\/p>\n","protected":false},"author":1,"featured_media":0,"parent":0,"menu_order":0,"comment_status":"closed","ping_status":"open","template":"elementor_header_footer","meta":{"inline_featured_image":false,"site-sidebar-layout":"default","site-content-layout":"default","ast-global-header-display":"","ast-main-header-display":"","ast-hfb-above-header-display":"","ast-hfb-below-header-display":"","ast-hfb-mobile-header-display":"","site-post-title":"","ast-breadcrumbs-content":"","ast-featured-img":"","footer-sml-layout":"","theme-transparent-header-meta":"default","adv-header-id-meta":"","stick-header-meta":"","header-above-stick-meta":"","header-main-stick-meta":"","header-below-stick-meta":"","footnotes":""},"categories":[],"tags":[],"class_list":["post-93588","page","type-page","status-publish","hentry"],"_links":{"self":[{"href":"https:\/\/everestlanguageschool.com\/pt-br\/wp-json\/wp\/v2\/pages\/93588","targetHints":{"allow":["GET"]}}],"collection":[{"href":"https:\/\/everestlanguageschool.com\/pt-br\/wp-json\/wp\/v2\/pages"}],"about":[{"href":"https:\/\/everestlanguageschool.com\/pt-br\/wp-json\/wp\/v2\/types\/page"}],"author":[{"embeddable":true,"href":"https:\/\/everestlanguageschool.com\/pt-br\/wp-json\/wp\/v2\/users\/1"}],"replies":[{"embeddable":true,"href":"https:\/\/everestlanguageschool.com\/pt-br\/wp-json\/wp\/v2\/comments?post=93588"}],"version-history":[{"count":1,"href":"https:\/\/everestlanguageschool.com\/pt-br\/wp-json\/wp\/v2\/pages\/93588\/revisions"}],"predecessor-version":[{"id":93589,"href":"https:\/\/everestlanguageschool.com\/pt-br\/wp-json\/wp\/v2\/pages\/93588\/revisions\/93589"}],"wp:attachment":[{"href":"https:\/\/everestlanguageschool.com\/pt-br\/wp-json\/wp\/v2\/media?parent=93588"}],"wp:term":[{"taxonomy":"category","embeddable":true,"href":"https:\/\/everestlanguageschool.com\/pt-br\/wp-json\/wp\/v2\/categories?post=93588"},{"taxonomy":"post_tag","embeddable":true,"href":"https:\/\/everestlanguageschool.com\/pt-br\/wp-json\/wp\/v2\/tags?post=93588"}],"curies":[{"name":"wp","href":"https:\/\/api.w.org\/{rel}","templated":true}]}}